{"id":13105,"date":"2022-11-18T08:28:24","date_gmt":"2022-11-18T08:28:24","guid":{"rendered":"https:\/\/sunsauna.fi\/tuote\/varmebehandlad-magnoliapanel-15x145-mm-sts-spetsig\/"},"modified":"2022-11-18T08:28:24","modified_gmt":"2022-11-18T08:28:24","slug":"varmebehandlad-magnoliapanel-15x145-mm-sts-spetsig","status":"publish","type":"product","link":"https:\/\/sunsauna.fi\/sv\/tuote\/varmebehandlad-magnoliapanel-15x145-mm-sts-spetsig\/","title":{"rendered":"V\u00e4rmebehandlad magnoliapanel 15&#215;145 mm, STS-spetsig"},"content":{"rendered":"<h3>Housing Fair-erbjudande: nu 9,90 euro\/meter (f.d. 12,50 euro\/meter). Erbjudandet g\u00e4ller t.o.m. 31.8.2025 eller s\u00e5 l\u00e4nge produkten finns i lager. <\/h3>\n<p>En fantastisk bred och vacker brun v\u00e4rmebehandlad panel med en modern, tidl\u00f6s skarp sts-spets. Det starka \u00e5dringsm\u00f6nstret ger panelen ett levande utseende. <\/p>\n<p>Inget harts som l\u00f6vtr\u00e4. Panelen \u00e4r dold. <\/p>\n<p>Paketstorlek 6 stycken, levereras helt f\u00f6rpackade.<\/p>\n<p>Den anv\u00e4ndbara bredden p\u00e5 panelen \u00e4r 127 mm.<\/p>\n<p><strong>Om du beh\u00f6ver hj\u00e4lp med att ber\u00e4kna din panelkontroll, v\u00e4nligen kontakta v\u00e5r f\u00f6rs\u00e4ljningsavdelning, 040 3470 220, 040 3470 230 eller info@sunsauna.fi<\/strong><\/p>\n","protected":false},"excerpt":{"rendered":"<p>En fantastisk bred och vacker brun v\u00e4rmebehandlad panel med en modern, tidl\u00f6s skarp sts-spets. Det starka \u00e5dringsm\u00f6nstret ger panelen ett levande utseende. <\/p>\n","protected":false},"featured_media":13106,"comment_status":"closed","ping_status":"closed","template":"","meta":{"_acf_changed":false,"_page_background_color":""},"product_brand":[],"product_cat":[190],"product_tag":[195,193,196,194,199],"class_list":{"0":"post-13105","1":"product","2":"type-product","3":"status-publish","4":"has-post-thumbnail","6":"product_cat-bastupaneler","7":"product_tag-bastupanel","8":"product_tag-bred-panel","9":"product_tag-invandig-panel","10":"product_tag-panelen","11":"product_tag-varmebehandlad-magnolia-15x145-m","12":"product_shipping_class-rullakko","14":"first","15":"instock","16":"taxable","17":"shipping-taxable","18":"purchasable","19":"product-type-variable"},"acf":[],"_links":{"self":[{"href":"https:\/\/sunsauna.fi\/sv\/wp-json\/wp\/v2\/product\/13105","targetHints":{"allow":["GET"]}}],"collection":[{"href":"https:\/\/sunsauna.fi\/sv\/wp-json\/wp\/v2\/product"}],"about":[{"href":"https:\/\/sunsauna.fi\/sv\/wp-json\/wp\/v2\/types\/product"}],"replies":[{"embeddable":true,"href":"https:\/\/sunsauna.fi\/sv\/wp-json\/wp\/v2\/comments?post=13105"}],"wp:featuredmedia":[{"embeddable":true,"href":"https:\/\/sunsauna.fi\/sv\/wp-json\/wp\/v2\/media\/13106"}],"wp:attachment":[{"href":"https:\/\/sunsauna.fi\/sv\/wp-json\/wp\/v2\/media?parent=13105"}],"wp:term":[{"taxonomy":"product_brand","embeddable":true,"href":"https:\/\/sunsauna.fi\/sv\/wp-json\/wp\/v2\/product_brand?post=13105"},{"taxonomy":"product_cat","embeddable":true,"href":"https:\/\/sunsauna.fi\/sv\/wp-json\/wp\/v2\/product_cat?post=13105"},{"taxonomy":"product_tag","embeddable":true,"href":"https:\/\/sunsauna.fi\/sv\/wp-json\/wp\/v2\/product_tag?post=13105"}],"curies":[{"name":"wp","href":"https:\/\/api.w.org\/{rel}","templated":true}]}}