{"id":13088,"date":"2018-04-26T12:20:19","date_gmt":"2018-04-26T12:20:19","guid":{"rendered":"https:\/\/sunsauna.fi\/tuote\/tjarbekladnadspanel-15x90-mm-stp-spetsig\/"},"modified":"2018-04-26T12:20:19","modified_gmt":"2018-04-26T12:20:19","slug":"tjarbekladnadspanel-15x90-mm-stp-spetsig","status":"publish","type":"product","link":"https:\/\/sunsauna.fi\/sv\/tuote\/tjarbekladnadspanel-15x90-mm-stp-spetsig\/","title":{"rendered":"Tj\u00e4rbekl\u00e4dnadspanel 15&#215;90 mm, STP-spetsig"},"content":{"rendered":"<p>En fantastisk tj\u00e4rplankspanel av A-kvalitet, med en traditionell rundad stp-punkt.<\/p>\n<p>Ett m\u00e5ttligt orsaksm\u00f6nster. Inget harts som l\u00f6vtr\u00e4. <\/p>\n<p>Panelen kan d\u00f6ljas.<\/p>\n<p>F\u00f6rpackningsstorlek 6 st, s\u00e4ljs f\u00e4rdigf\u00f6rpackade. M\u00e5tt 1800, 2100, 2400, 2700 eller 3000 mm. <\/p>\n<p>Den anv\u00e4ndbara bredden p\u00e5 panelen \u00e4r 78 mm.<\/p>\n<p><strong>Om du beh\u00f6ver hj\u00e4lp med att ber\u00e4kna din panelkontroll, v\u00e4nligen kontakta v\u00e5r f\u00f6rs\u00e4ljningsavdelning, 040 3470 220, 040 3470 230 eller info@sunsauna.fi<\/strong><\/p>\n","protected":false},"excerpt":{"rendered":"<p>En fantastisk tj\u00e4rplankspanel av A-kvalitet, med en traditionell rundad stp-punkt.<\/p>\n","protected":false},"featured_media":11609,"comment_status":"closed","ping_status":"closed","template":"","meta":{"_acf_changed":false,"_page_background_color":""},"product_brand":[],"product_cat":[190],"product_tag":[197],"class_list":{"0":"post-13088","1":"product","2":"type-product","3":"status-publish","4":"has-post-thumbnail","6":"product_cat-bastupaneler","7":"product_tag-svart-clapboardpanel-15x90-stp","8":"product_shipping_class-rullakko","10":"first","11":"instock","12":"taxable","13":"shipping-taxable","14":"purchasable","15":"product-type-variable","16":"has-default-attributes"},"acf":[],"_links":{"self":[{"href":"https:\/\/sunsauna.fi\/sv\/wp-json\/wp\/v2\/product\/13088","targetHints":{"allow":["GET"]}}],"collection":[{"href":"https:\/\/sunsauna.fi\/sv\/wp-json\/wp\/v2\/product"}],"about":[{"href":"https:\/\/sunsauna.fi\/sv\/wp-json\/wp\/v2\/types\/product"}],"replies":[{"embeddable":true,"href":"https:\/\/sunsauna.fi\/sv\/wp-json\/wp\/v2\/comments?post=13088"}],"wp:featuredmedia":[{"embeddable":true,"href":"https:\/\/sunsauna.fi\/sv\/wp-json\/wp\/v2\/media\/11609"}],"wp:attachment":[{"href":"https:\/\/sunsauna.fi\/sv\/wp-json\/wp\/v2\/media?parent=13088"}],"wp:term":[{"taxonomy":"product_brand","embeddable":true,"href":"https:\/\/sunsauna.fi\/sv\/wp-json\/wp\/v2\/product_brand?post=13088"},{"taxonomy":"product_cat","embeddable":true,"href":"https:\/\/sunsauna.fi\/sv\/wp-json\/wp\/v2\/product_cat?post=13088"},{"taxonomy":"product_tag","embeddable":true,"href":"https:\/\/sunsauna.fi\/sv\/wp-json\/wp\/v2\/product_tag?post=13088"}],"curies":[{"name":"wp","href":"https:\/\/api.w.org\/{rel}","templated":true}]}}