{"id":13068,"date":"2018-05-17T09:24:16","date_gmt":"2018-05-17T09:24:16","guid":{"rendered":"https:\/\/sunsauna.fi\/tuote\/bastulampa-takfiberlampa-14\/"},"modified":"2018-05-17T09:24:16","modified_gmt":"2018-05-17T09:24:16","slug":"bastulampa-takfiberlampa-14","status":"publish","type":"product","link":"https:\/\/sunsauna.fi\/sv\/tuote\/bastulampa-takfiberlampa-14\/","title":{"rendered":"Bastulampa, takfiberlampa 1+4"},"content":{"rendered":"<p>Med fiberlampan i taket skapar du en varm atmosf\u00e4r i din bastu och en st\u00e4mningsfull belysning som reflekteras fr\u00e5n tr\u00e4ytan!<\/p>\n<p>Fiberarmaturen 1+4 \u00e4r l\u00e4mplig f\u00f6r belysning av ett litet basturum p\u00e5 1-4 kvadratmeter. Armaturen inneh\u00e5ller fyra (4) takfiber och en (1) toppfiber med en fiberlins. <\/p>\n<p>Ljusk\u00e4llan \u00e4r marknadens b\u00e4sta Creen led-lampa, som koncentrerar ljuset effektivt i fibern. Ljuset styrs via fibern till \u00f6nskat m\u00e5l. F\u00f6rdelarna med fiberlampan \u00e4r l\u00e5ng livsl\u00e4ngd och n\u00e4stan fri placering i den \u00f6ppna spisen.  <\/p>\n<p>F\u00f6r att installera takmonteringssatsen m\u00e5ste takpanelerna tas bort.<\/p>\n<p>Takpaketet \u00e4r dimbart fr\u00e5n matningssp\u00e4nningen.<\/p>\n<p>Den kompletta installationssatsen inneh\u00e5ller projektor, fiberbunt, l\u00e5sringar och fiberlins.<\/p>\n<p>Seriens fibrer \u00e4r glasfibrer som t\u00e5l 180 \u00b0C och kan monteras p\u00e5 bastutaket.<\/p>\n<p>VPAC-1527-serien \u00e4r IP65-klassad och kan \u00e4ven placeras under tak. L\u00e4mpliga dimbara kontroller \u00e4r t.ex. <a href=\"https:\/\/www.sahkonumerot.fi\/2619344\/\" target=\"_blank\" rel=\"noopener\">2619344<\/a>, <a href=\"https:\/\/www.sahkonumerot.fi\/2622161\/\" target=\"_blank\" rel=\"noopener\">2622161<\/a>, <a href=\"https:\/\/www.sahkonumerot.fi\/2619345\/\" target=\"_blank\" rel=\"noopener\">2619345<\/a>, <a href=\"http:\/\/www.sahkonumerot.fi\/2622225\/\" target=\"_blank\" rel=\"noopener\">2622225<\/a>, <a href=\"http:\/\/www.sahkonumerot.fi\/2622204\/\" target=\"_self\">2622204<\/a>. <\/p>\n<ul>\n<li>230 V, 16 W, n\u00e4tsp\u00e4nningsf\u00f6rs\u00f6rjning<\/li>\n<li>50 000 h<\/li>\n<li>2700 K<\/li>\n<li>Ra 90<\/li>\n<li>Projektorns m\u00e5tt: l 145 x b 150 x h 83, vikt 2,0 kg.<\/li>\n<li>Fiberstorlek \u00f8 2 mm och en tjockare fiber \u00f8 4 mm; l\u00e4ngder<\/li>\n<li>1 x 2,5 m<\/li>\n<li>2 x 3,0 m<\/li>\n<li>1 x 3,5 m<\/li>\n<li>1 x 3,5 m (glasfiber)<\/li>\n<\/ul>\n<div>\n<p>&nbsp;<\/p>\n<\/div>\n","protected":false},"excerpt":{"rendered":"<p>Fiberarmaturen 1+4 \u00e4r l\u00e4mplig f\u00f6r belysning av ett litet basturum p\u00e5 1-4 kvadratmeter. Armaturen inneh\u00e5ller fyra (4) takfiber och en (1) toppfiber med en fiberlins. <\/p>\n","protected":false},"featured_media":1509,"comment_status":"closed","ping_status":"closed","template":"","meta":{"_acf_changed":false,"_page_background_color":""},"product_brand":[],"product_cat":[162],"product_tag":[],"class_list":{"0":"post-13068","1":"product","2":"type-product","3":"status-publish","4":"has-post-thumbnail","6":"product_cat-bastulampor","7":"product_shipping_class-paketti","9":"first","10":"instock","11":"taxable","12":"shipping-taxable","13":"purchasable","14":"product-type-simple"},"acf":[],"_links":{"self":[{"href":"https:\/\/sunsauna.fi\/sv\/wp-json\/wp\/v2\/product\/13068","targetHints":{"allow":["GET"]}}],"collection":[{"href":"https:\/\/sunsauna.fi\/sv\/wp-json\/wp\/v2\/product"}],"about":[{"href":"https:\/\/sunsauna.fi\/sv\/wp-json\/wp\/v2\/types\/product"}],"replies":[{"embeddable":true,"href":"https:\/\/sunsauna.fi\/sv\/wp-json\/wp\/v2\/comments?post=13068"}],"wp:featuredmedia":[{"embeddable":true,"href":"https:\/\/sunsauna.fi\/sv\/wp-json\/wp\/v2\/media\/1509"}],"wp:attachment":[{"href":"https:\/\/sunsauna.fi\/sv\/wp-json\/wp\/v2\/media?parent=13068"}],"wp:term":[{"taxonomy":"product_brand","embeddable":true,"href":"https:\/\/sunsauna.fi\/sv\/wp-json\/wp\/v2\/product_brand?post=13068"},{"taxonomy":"product_cat","embeddable":true,"href":"https:\/\/sunsauna.fi\/sv\/wp-json\/wp\/v2\/product_cat?post=13068"},{"taxonomy":"product_tag","embeddable":true,"href":"https:\/\/sunsauna.fi\/sv\/wp-json\/wp\/v2\/product_tag?post=13068"}],"curies":[{"name":"wp","href":"https:\/\/api.w.org\/{rel}","templated":true}]}}