{"id":13054,"date":"2019-01-18T08:11:04","date_gmt":"2019-01-18T08:11:04","guid":{"rendered":"https:\/\/sunsauna.fi\/tuote\/svart-locklistpanel-15x120-mm-sts-spetsig\/"},"modified":"2019-01-18T08:11:04","modified_gmt":"2019-01-18T08:11:04","slug":"svart-locklistpanel-15x120-mm-sts-spetsig","status":"publish","type":"product","link":"https:\/\/sunsauna.fi\/sv\/tuote\/svart-locklistpanel-15x120-mm-sts-spetsig\/","title":{"rendered":"Svart locklistpanel 15&#215;120 mm, STS-spetsig"},"content":{"rendered":"<p>En fantastisk tj\u00e4rbl\u00e5st panel av A-kvalitet, med modern skarp mikropolerad STS-spets.<\/p>\n<p>Ett m\u00e5ttligt orsaksm\u00f6nster. Inget harts som l\u00f6vtr\u00e4.  Den varma nyansen g\u00f6r den idealisk som panel i bastur och tv\u00e4ttrum. V\u00e4rmebehandlat tr\u00e4 har mycket l\u00e5g fuktabsorption och skevhet. Panelen kan d\u00f6ljas.  <\/p>\n<p>F\u00f6rpackningsstorlek 5 eller 6 stycken, s\u00e4ljs f\u00e4rdigf\u00f6rpackade. M\u00e5tt 1500, 1800, 2100, 2400 och 3000 mm.   <strong>Fr\u00e5ga efter tillg\u00e4nglighet!<\/strong><\/p>\n<p>Den anv\u00e4ndbara bredden p\u00e5 panelen \u00e4r 110 mm.<\/p>\n<p><strong>Om du beh\u00f6ver hj\u00e4lp med att ber\u00e4kna din panelkontroll, v\u00e4nligen kontakta v\u00e5r f\u00f6rs\u00e4ljningsavdelning, 040 3470 220, 040 3470 230 eller info@sunsauna.fi<\/strong><\/p>\n","protected":false},"excerpt":{"rendered":"<p>En fantastisk tj\u00e4rbl\u00e5st panel av A-kvalitet, med modern skarp mikropolerad STS-spets.<\/p>\n","protected":false},"featured_media":13057,"comment_status":"closed","ping_status":"closed","template":"","meta":{"_acf_changed":false,"_page_background_color":""},"product_brand":[],"product_cat":[190],"product_tag":[],"class_list":{"0":"post-13054","1":"product","2":"type-product","3":"status-publish","4":"has-post-thumbnail","6":"product_cat-bastupaneler","7":"product_shipping_class-rullakko","9":"first","10":"outofstock","11":"taxable","12":"shipping-taxable","13":"product-type-variable"},"acf":[],"_links":{"self":[{"href":"https:\/\/sunsauna.fi\/sv\/wp-json\/wp\/v2\/product\/13054","targetHints":{"allow":["GET"]}}],"collection":[{"href":"https:\/\/sunsauna.fi\/sv\/wp-json\/wp\/v2\/product"}],"about":[{"href":"https:\/\/sunsauna.fi\/sv\/wp-json\/wp\/v2\/types\/product"}],"replies":[{"embeddable":true,"href":"https:\/\/sunsauna.fi\/sv\/wp-json\/wp\/v2\/comments?post=13054"}],"wp:featuredmedia":[{"embeddable":true,"href":"https:\/\/sunsauna.fi\/sv\/wp-json\/wp\/v2\/media\/13057"}],"wp:attachment":[{"href":"https:\/\/sunsauna.fi\/sv\/wp-json\/wp\/v2\/media?parent=13054"}],"wp:term":[{"taxonomy":"product_brand","embeddable":true,"href":"https:\/\/sunsauna.fi\/sv\/wp-json\/wp\/v2\/product_brand?post=13054"},{"taxonomy":"product_cat","embeddable":true,"href":"https:\/\/sunsauna.fi\/sv\/wp-json\/wp\/v2\/product_cat?post=13054"},{"taxonomy":"product_tag","embeddable":true,"href":"https:\/\/sunsauna.fi\/sv\/wp-json\/wp\/v2\/product_tag?post=13054"}],"curies":[{"name":"wp","href":"https:\/\/api.w.org\/{rel}","templated":true}]}}