{"id":13018,"date":"2022-11-18T07:26:04","date_gmt":"2022-11-18T07:26:04","guid":{"rendered":"https:\/\/sunsauna.fi\/tuote\/aspenpanel-15x120-mm-sts-spetsad\/"},"modified":"2022-11-18T07:26:04","modified_gmt":"2022-11-18T07:26:04","slug":"aspenpanel-15x120-mm-sts-spetsad","status":"publish","type":"product","link":"https:\/\/sunsauna.fi\/sv\/tuote\/aspenpanel-15x120-mm-sts-spetsad\/","title":{"rendered":"Aspenpanel 15&#215;120 mm, STS-spetsad"},"content":{"rendered":"<p>En fantastisk asppanel av A-kvalitet, med modern skarp mikroskuren STS-spets.<\/p>\n<p>Ett m\u00e5ttligt orsaksm\u00f6nster. Inget harts som l\u00f6vtr\u00e4.  Den varma nyansen g\u00f6r den idealisk som panel i bastur och tv\u00e4ttrum. V\u00e4rmebehandlat tr\u00e4 har mycket l\u00e5g fuktabsorption och skevhet. Panelen kan d\u00f6ljas.  <\/p>\n<p>F\u00f6rpackningsstorlek 6 st, s\u00e4ljs f\u00e4rdigf\u00f6rpackade. M\u00e5tt 1500, 1800, 2100, 2400, 2700 och 3000 mm.   <strong>Fr\u00e5ga efter tillg\u00e4nglighet!<\/strong><\/p>\n<p>Den anv\u00e4ndbara bredden p\u00e5 panelen \u00e4r 110 mm.<\/p>\n<p><strong>Om du beh\u00f6ver hj\u00e4lp med att ber\u00e4kna din panelkontroll, v\u00e4nligen kontakta v\u00e5r f\u00f6rs\u00e4ljningsavdelning, 040 3470 220, 040 3470 230 eller info@sunsauna.fi<\/strong><\/p>\n","protected":false},"excerpt":{"rendered":"<p>En fantastisk asppanel av A-kvalitet, med modern skarp mikroskuren STS-spets.<\/p>\n","protected":false},"featured_media":13024,"comment_status":"closed","ping_status":"closed","template":"","meta":{"_acf_changed":false,"_page_background_color":""},"product_brand":[],"product_cat":[190],"product_tag":[],"class_list":{"0":"post-13018","1":"product","2":"type-product","3":"status-publish","4":"has-post-thumbnail","6":"product_cat-bastupaneler","7":"product_shipping_class-rullakko","9":"first","10":"instock","11":"taxable","12":"shipping-taxable","13":"purchasable","14":"product-type-variable"},"acf":[],"_links":{"self":[{"href":"https:\/\/sunsauna.fi\/sv\/wp-json\/wp\/v2\/product\/13018","targetHints":{"allow":["GET"]}}],"collection":[{"href":"https:\/\/sunsauna.fi\/sv\/wp-json\/wp\/v2\/product"}],"about":[{"href":"https:\/\/sunsauna.fi\/sv\/wp-json\/wp\/v2\/types\/product"}],"replies":[{"embeddable":true,"href":"https:\/\/sunsauna.fi\/sv\/wp-json\/wp\/v2\/comments?post=13018"}],"wp:featuredmedia":[{"embeddable":true,"href":"https:\/\/sunsauna.fi\/sv\/wp-json\/wp\/v2\/media\/13024"}],"wp:attachment":[{"href":"https:\/\/sunsauna.fi\/sv\/wp-json\/wp\/v2\/media?parent=13018"}],"wp:term":[{"taxonomy":"product_brand","embeddable":true,"href":"https:\/\/sunsauna.fi\/sv\/wp-json\/wp\/v2\/product_brand?post=13018"},{"taxonomy":"product_cat","embeddable":true,"href":"https:\/\/sunsauna.fi\/sv\/wp-json\/wp\/v2\/product_cat?post=13018"},{"taxonomy":"product_tag","embeddable":true,"href":"https:\/\/sunsauna.fi\/sv\/wp-json\/wp\/v2\/product_tag?post=13018"}],"curies":[{"name":"wp","href":"https:\/\/api.w.org\/{rel}","templated":true}]}}