{"id":12981,"date":"2023-03-29T10:20:23","date_gmt":"2023-03-29T10:20:23","guid":{"rendered":"https:\/\/sunsauna.fi\/tuote\/bank-for-tvattrum-och-omkladningsrum-med-rst-ben\/"},"modified":"2023-03-29T10:20:23","modified_gmt":"2023-03-29T10:20:23","slug":"bank-for-tvattrum-och-omkladningsrum-med-rst-ben","status":"publish","type":"product","link":"https:\/\/sunsauna.fi\/sv\/tuote\/bank-for-tvattrum-och-omkladningsrum-med-rst-ben\/","title":{"rendered":"B\u00e4nk f\u00f6r tv\u00e4ttrum och omkl\u00e4dningsrum med RST-ben"},"content":{"rendered":"<div class=\"product-descriptions-short\">\n<p>B\u00e4nkar f\u00f6r tv\u00e4ttrum och omkl\u00e4dningsrum i Sun Sauna med RST-ben.<\/p>\n<ul>\n<li>Material 120\/140 mm ask eller v\u00e4rmebehandlad asp.<\/li>\n<li>RST-ben, med justerbara f\u00f6tter, st\u00e5lg\u00e4nga, gummif\u00f6tter, justering +-20 mm. H\u00f6jd 430 mm <\/li>\n<li>B\u00e4nkben i klar eller tonad svart f\u00e4rg<\/li>\n<\/ul>\n<h3>\u00c4ven skr\u00e4ddarsydd. M\u00e5tt och material: <\/h3>\n<ul>\n<li>Bredden best\u00e4mmer du sj\u00e4lv mellan 500-1800. B\u00e4nkar \u00f6ver 1800 mm med sex ben. Till exempel, f\u00f6r 2000 b\u00f6r du anv\u00e4nda tv\u00e5 1000 mm b\u00e4nkar.  <\/li>\n<\/ul>\n<p>&nbsp;<\/p>\n<\/div>\n","protected":false},"excerpt":{"rendered":"<p>Slitstark b\u00e4nk f\u00f6r tv\u00e4ttrum och omkl\u00e4dningsrum med RST-ben som tillverkas efter m\u00e5tt.<\/p>\n","protected":false},"featured_media":12982,"comment_status":"closed","ping_status":"closed","template":"","meta":{"_acf_changed":false,"_page_background_color":""},"product_brand":[],"product_cat":[172,171,174],"product_tag":[],"class_list":{"0":"post-12981","1":"product","2":"type-product","3":"status-publish","4":"has-post-thumbnail","6":"product_cat-hem-badrumsinredning","7":"product_cat-mobler-och-racken","8":"product_cat-produkter-for-bostadsrattsforeningar","9":"product_shipping_class-rullakko","11":"first","12":"instock","13":"taxable","14":"shipping-taxable","15":"purchasable","16":"product-type-variable"},"acf":[],"_links":{"self":[{"href":"https:\/\/sunsauna.fi\/sv\/wp-json\/wp\/v2\/product\/12981","targetHints":{"allow":["GET"]}}],"collection":[{"href":"https:\/\/sunsauna.fi\/sv\/wp-json\/wp\/v2\/product"}],"about":[{"href":"https:\/\/sunsauna.fi\/sv\/wp-json\/wp\/v2\/types\/product"}],"replies":[{"embeddable":true,"href":"https:\/\/sunsauna.fi\/sv\/wp-json\/wp\/v2\/comments?post=12981"}],"wp:featuredmedia":[{"embeddable":true,"href":"https:\/\/sunsauna.fi\/sv\/wp-json\/wp\/v2\/media\/12982"}],"wp:attachment":[{"href":"https:\/\/sunsauna.fi\/sv\/wp-json\/wp\/v2\/media?parent=12981"}],"wp:term":[{"taxonomy":"product_brand","embeddable":true,"href":"https:\/\/sunsauna.fi\/sv\/wp-json\/wp\/v2\/product_brand?post=12981"},{"taxonomy":"product_cat","embeddable":true,"href":"https:\/\/sunsauna.fi\/sv\/wp-json\/wp\/v2\/product_cat?post=12981"},{"taxonomy":"product_tag","embeddable":true,"href":"https:\/\/sunsauna.fi\/sv\/wp-json\/wp\/v2\/product_tag?post=12981"}],"curies":[{"name":"wp","href":"https:\/\/api.w.org\/{rel}","templated":true}]}}