{"id":12961,"date":"2024-04-29T12:09:30","date_gmt":"2024-04-29T12:09:30","guid":{"rendered":"https:\/\/sunsauna.fi\/tuote\/forhojning-550x565-mm-2-askel-tjarad-al\/"},"modified":"2024-04-29T12:09:30","modified_gmt":"2024-04-29T12:09:30","slug":"forhojning-550x565-mm-2-askel-tjarad-al","status":"publish","type":"product","link":"https:\/\/sunsauna.fi\/sv\/tuote\/forhojning-550x565-mm-2-askel-tjarad-al\/","title":{"rendered":"F\u00f6rh\u00f6jning 550X565 mm 2-Askel. tj\u00e4rad al"},"content":{"rendered":"<p>Sun Saunas bastupallar \u00e4r robusta och omsorgsfullt tillverkade. Tack vare de justerbara f\u00f6tterna st\u00e5r den moderna pallen stadigt, oavsett golvets lutning. Den h\u00e4r robusta bastupallen \u00e4r omsorgsfullt bearbetad.  <\/p>\n<ul>\n<li>M\u00e5tt: djup 550 mm \/ bredd 565 mm<\/li>\n<li>H\u00f6jd 520 mm  <\/li>\n<li>Material tj\u00e4rad al 90 mm<\/li>\n<li>Justerbara f\u00f6tter, st\u00e5lg\u00e4nga, gummif\u00f6tter, justering +-20mm.<\/li>\n<\/ul>\n","protected":false},"excerpt":{"rendered":"<p>2-stegs bastuuppstigning.<\/p>\n","protected":false},"featured_media":12964,"comment_status":"closed","ping_status":"closed","template":"","meta":{"_acf_changed":false,"_page_background_color":""},"product_brand":[],"product_cat":[171],"product_tag":[],"class_list":{"0":"post-12961","1":"product","2":"type-product","3":"status-publish","4":"has-post-thumbnail","6":"product_cat-mobler-och-racken","7":"product_shipping_class-paketti","9":"first","10":"outofstock","11":"sale","12":"taxable","13":"shipping-taxable","14":"purchasable","15":"product-type-simple"},"acf":[],"_links":{"self":[{"href":"https:\/\/sunsauna.fi\/sv\/wp-json\/wp\/v2\/product\/12961","targetHints":{"allow":["GET"]}}],"collection":[{"href":"https:\/\/sunsauna.fi\/sv\/wp-json\/wp\/v2\/product"}],"about":[{"href":"https:\/\/sunsauna.fi\/sv\/wp-json\/wp\/v2\/types\/product"}],"replies":[{"embeddable":true,"href":"https:\/\/sunsauna.fi\/sv\/wp-json\/wp\/v2\/comments?post=12961"}],"wp:featuredmedia":[{"embeddable":true,"href":"https:\/\/sunsauna.fi\/sv\/wp-json\/wp\/v2\/media\/12964"}],"wp:attachment":[{"href":"https:\/\/sunsauna.fi\/sv\/wp-json\/wp\/v2\/media?parent=12961"}],"wp:term":[{"taxonomy":"product_brand","embeddable":true,"href":"https:\/\/sunsauna.fi\/sv\/wp-json\/wp\/v2\/product_brand?post=12961"},{"taxonomy":"product_cat","embeddable":true,"href":"https:\/\/sunsauna.fi\/sv\/wp-json\/wp\/v2\/product_cat?post=12961"},{"taxonomy":"product_tag","embeddable":true,"href":"https:\/\/sunsauna.fi\/sv\/wp-json\/wp\/v2\/product_tag?post=12961"}],"curies":[{"name":"wp","href":"https:\/\/api.w.org\/{rel}","templated":true}]}}