
{"id":12957,"date":"2023-07-14T07:50:12","date_gmt":"2023-07-14T07:50:12","guid":{"rendered":"https:\/\/sunsauna.fi\/tuote\/glasvagg-tillverkad-efter-matt\/"},"modified":"2025-11-20T14:58:50","modified_gmt":"2025-11-20T14:58:50","slug":"glasvagg-tillverkad-efter-matt","status":"publish","type":"product","link":"https:\/\/sunsauna.fi\/sv\/tuote\/glasvagg-tillverkad-efter-matt\/","title":{"rendered":"Glasv\u00e4gg tillverkad efter m\u00e5tt"},"content":{"rendered":"<p><strong>Glasv\u00e4ggen mellan bastun och tv\u00e4ttrummet g\u00f6r bastun och tv\u00e4ttrummet till ett enhetligt och \u00f6ppet utrymme.<\/strong><\/p>\n<p>Sun Saunas eleganta glasv\u00e4gg har inga m\u00f6rka tr\u00e4ramar: glaset f\u00e4sts i glas\u00f6ppningarna med aluminiumlister och g\u00e5ngj\u00e4rnen och d\u00f6rrdraget \u00e4r f\u00f6rkromade. Glaslisten i aluminium, som \u00e4r f\u00f6rformad och maskinbearbetad till r\u00e4tt m\u00e5tt, underl\u00e4ttar monteringen av glasv\u00e4ggen. De rundade kanterna p\u00e5 listerna och \u00e4ndstycket som t\u00e4cker listernas \u00e4ndar ger en f\u00e4rdig finish. Alla v\u00e5ra glasv\u00e4ggar \u00e4r m\u00e5ttbest\u00e4llda. G\u00e5ngj\u00e4rnens centrering \u00e4r justerbar s\u00e5 att d\u00f6rren alltid st\u00e4ngs i r\u00e4tt l\u00e4ge.    <\/p>\n<p><strong>Riktlinjer f\u00f6r storlek<\/strong><\/p>\n<p>Vid best\u00e4llning, v\u00e4nligen ange exakta m\u00e5tt, dvs. \u00f6ppningarnas bredd och h\u00f6jd. Tryck p\u00e5 knapparna (+) eller (-) f\u00f6r att l\u00e4gga till eller ta bort glas. Du kan redigera m\u00e5tten genom att klicka p\u00e5 texten f\u00f6r \u00f6nskat m\u00e5tt eller genom att klicka p\u00e5 glasets kant.  <\/p>\n<p>Aktiviteten omfattar<\/p>\n<ul>\n<li>Glas\u00f6gon<\/li>\n<li>G\u00e5ngj\u00e4rn<\/li>\n<li>Helat<\/li>\n<li>Lista \u00f6ver<\/li>\n<li>T\u00e4tningar<\/li>\n<\/ul>\n<p>Leveranstid f\u00f6r glas\u00f6gon \u00e4r 2-3 veckorProduktkort<\/p>\n","protected":false},"excerpt":{"rendered":"<p>Glasv\u00e4gg och glasd\u00f6rr med m\u00e5ttbest\u00e4llda tillbeh\u00f6r.<\/p>\n<p>Det inkluderar<br \/>\n-Glas<br \/>\n-H\u00e4ngsel<br \/>\n-H\u00e4ngsel<br \/>\n-Listor<br \/>\n-Strips<\/p>\n","protected":false},"featured_media":12958,"comment_status":"closed","ping_status":"closed","template":"","meta":{"_acf_changed":false,"_page_background_color":""},"product_brand":[],"product_cat":[184],"product_tag":[],"class_list":{"0":"post-12957","1":"product","2":"type-product","3":"status-publish","4":"has-post-thumbnail","6":"product_cat-glasprodukter","7":"product_shipping_class-lavarahti","9":"first","10":"instock","11":"taxable","12":"shipping-taxable","13":"purchasable","14":"product-type-glasswall"},"acf":[],"_links":{"self":[{"href":"https:\/\/sunsauna.fi\/sv\/wp-json\/wp\/v2\/product\/12957","targetHints":{"allow":["GET"]}}],"collection":[{"href":"https:\/\/sunsauna.fi\/sv\/wp-json\/wp\/v2\/product"}],"about":[{"href":"https:\/\/sunsauna.fi\/sv\/wp-json\/wp\/v2\/types\/product"}],"replies":[{"embeddable":true,"href":"https:\/\/sunsauna.fi\/sv\/wp-json\/wp\/v2\/comments?post=12957"}],"wp:featuredmedia":[{"embeddable":true,"href":"https:\/\/sunsauna.fi\/sv\/wp-json\/wp\/v2\/media\/12958"}],"wp:attachment":[{"href":"https:\/\/sunsauna.fi\/sv\/wp-json\/wp\/v2\/media?parent=12957"}],"wp:term":[{"taxonomy":"product_brand","embeddable":true,"href":"https:\/\/sunsauna.fi\/sv\/wp-json\/wp\/v2\/product_brand?post=12957"},{"taxonomy":"product_cat","embeddable":true,"href":"https:\/\/sunsauna.fi\/sv\/wp-json\/wp\/v2\/product_cat?post=12957"},{"taxonomy":"product_tag","embeddable":true,"href":"https:\/\/sunsauna.fi\/sv\/wp-json\/wp\/v2\/product_tag?post=12957"}],"curies":[{"name":"wp","href":"https:\/\/api.w.org\/{rel}","templated":true}]}}