{"id":12938,"date":"2024-01-23T14:08:32","date_gmt":"2024-01-23T14:08:32","guid":{"rendered":"https:\/\/sunsauna.fi\/tuote\/bastupall-relax-modell\/"},"modified":"2024-01-23T14:08:32","modified_gmt":"2024-01-23T14:08:32","slug":"bastupall-relax-modell","status":"publish","type":"product","link":"https:\/\/sunsauna.fi\/sv\/tuote\/bastupall-relax-modell\/","title":{"rendered":"Bastupall Relax modell"},"content":{"rendered":"<p>Sun Saunas bastupallar \u00e4r robusta och omsorgsfullt tillverkade. Tack vare de justerbara f\u00f6tterna st\u00e5r den moderna pallen stadigt, oavsett golvets lutning. Den h\u00e4r robusta bastupallen \u00e4r omsorgsfullt bearbetad.  <\/p>\n<ul>\n<li>M\u00e5tt: djup 500 mm \/ bredd 800 mm<\/li>\n<li>H\u00f6jd 430 mm<\/li>\n<li>Material 120\/140 mm tj\u00e4rad l\u00f6nn eller v\u00e4rmebehandlad asp<\/li>\n<li>Justerbara f\u00f6tter, st\u00e5lg\u00e4nga, gummif\u00f6tter, justering +-20mm.<\/li>\n<\/ul>\n","protected":false},"excerpt":{"rendered":"<p>Bastupall i Relax-design.<\/p>\n","protected":false},"featured_media":12940,"comment_status":"closed","ping_status":"closed","template":"","meta":{"_acf_changed":false,"_page_background_color":""},"product_brand":[],"product_cat":[172,171],"product_tag":[],"class_list":{"0":"post-12938","1":"product","2":"type-product","3":"status-publish","4":"has-post-thumbnail","6":"product_cat-hem-badrumsinredning","7":"product_cat-mobler-och-racken","8":"product_shipping_class-paketti","10":"first","11":"instock","12":"taxable","13":"shipping-taxable","14":"purchasable","15":"product-type-variable"},"acf":[],"_links":{"self":[{"href":"https:\/\/sunsauna.fi\/sv\/wp-json\/wp\/v2\/product\/12938","targetHints":{"allow":["GET"]}}],"collection":[{"href":"https:\/\/sunsauna.fi\/sv\/wp-json\/wp\/v2\/product"}],"about":[{"href":"https:\/\/sunsauna.fi\/sv\/wp-json\/wp\/v2\/types\/product"}],"replies":[{"embeddable":true,"href":"https:\/\/sunsauna.fi\/sv\/wp-json\/wp\/v2\/comments?post=12938"}],"wp:featuredmedia":[{"embeddable":true,"href":"https:\/\/sunsauna.fi\/sv\/wp-json\/wp\/v2\/media\/12940"}],"wp:attachment":[{"href":"https:\/\/sunsauna.fi\/sv\/wp-json\/wp\/v2\/media?parent=12938"}],"wp:term":[{"taxonomy":"product_brand","embeddable":true,"href":"https:\/\/sunsauna.fi\/sv\/wp-json\/wp\/v2\/product_brand?post=12938"},{"taxonomy":"product_cat","embeddable":true,"href":"https:\/\/sunsauna.fi\/sv\/wp-json\/wp\/v2\/product_cat?post=12938"},{"taxonomy":"product_tag","embeddable":true,"href":"https:\/\/sunsauna.fi\/sv\/wp-json\/wp\/v2\/product_tag?post=12938"}],"curies":[{"name":"wp","href":"https:\/\/api.w.org\/{rel}","templated":true}]}}