{"id":12935,"date":"2024-07-10T11:16:11","date_gmt":"2024-07-10T11:16:11","guid":{"rendered":"https:\/\/sunsauna.fi\/tuote\/oljesticka-grundlaggande\/"},"modified":"2025-10-23T13:08:56","modified_gmt":"2025-10-23T13:08:56","slug":"oljesticka-grundlaggande","status":"publish","type":"product","link":"https:\/\/sunsauna.fi\/sv\/tuote\/oljesticka-grundlaggande\/","title":{"rendered":"Oljesticka grundl\u00e4ggande"},"content":{"rendered":"<p>Material: v\u00e4rmebehandlat tr\u00e4<br \/>\nFinskt hantverk.<\/p>\n","protected":false},"excerpt":{"rendered":"<p>Material: v\u00e4rmebehandlat tr\u00e4<br \/>\nFinskt hantverk.<\/p>\n","protected":false},"featured_media":12936,"comment_status":"closed","ping_status":"closed","template":"","meta":{"_acf_changed":false,"_page_background_color":""},"product_brand":[],"product_cat":[171],"product_tag":[],"class_list":{"0":"post-12935","1":"product","2":"type-product","3":"status-publish","4":"has-post-thumbnail","6":"product_cat-mobler-och-racken","7":"product_shipping_class-paketti","9":"first","10":"instock","11":"taxable","12":"shipping-taxable","13":"purchasable","14":"product-type-simple"},"acf":[],"_links":{"self":[{"href":"https:\/\/sunsauna.fi\/sv\/wp-json\/wp\/v2\/product\/12935","targetHints":{"allow":["GET"]}}],"collection":[{"href":"https:\/\/sunsauna.fi\/sv\/wp-json\/wp\/v2\/product"}],"about":[{"href":"https:\/\/sunsauna.fi\/sv\/wp-json\/wp\/v2\/types\/product"}],"replies":[{"embeddable":true,"href":"https:\/\/sunsauna.fi\/sv\/wp-json\/wp\/v2\/comments?post=12935"}],"wp:featuredmedia":[{"embeddable":true,"href":"https:\/\/sunsauna.fi\/sv\/wp-json\/wp\/v2\/media\/12936"}],"wp:attachment":[{"href":"https:\/\/sunsauna.fi\/sv\/wp-json\/wp\/v2\/media?parent=12935"}],"wp:term":[{"taxonomy":"product_brand","embeddable":true,"href":"https:\/\/sunsauna.fi\/sv\/wp-json\/wp\/v2\/product_brand?post=12935"},{"taxonomy":"product_cat","embeddable":true,"href":"https:\/\/sunsauna.fi\/sv\/wp-json\/wp\/v2\/product_cat?post=12935"},{"taxonomy":"product_tag","embeddable":true,"href":"https:\/\/sunsauna.fi\/sv\/wp-json\/wp\/v2\/product_tag?post=12935"}],"curies":[{"name":"wp","href":"https:\/\/api.w.org\/{rel}","templated":true}]}}