{"id":12929,"date":"2025-01-08T12:31:47","date_gmt":"2025-01-08T12:31:47","guid":{"rendered":"https:\/\/sunsauna.fi\/tuote\/vardpaket-for-glasvaggar\/"},"modified":"2025-01-08T12:31:47","modified_gmt":"2025-01-08T12:31:47","slug":"vardpaket-for-glasvaggar","status":"publish","type":"product","link":"https:\/\/sunsauna.fi\/sv\/tuote\/vardpaket-for-glasvaggar\/","title":{"rendered":"V\u00e5rdpaket f\u00f6r glasv\u00e4ggar"},"content":{"rendered":"<p>V\u00e5rdkitet f\u00f6r glasv\u00e4ggar och d\u00f6rrar inneh\u00e5ller en burk med lerprodukt och en svamp samt instruktioner f\u00f6r glasv\u00e5rd. Idealisk \u00e4ven f\u00f6r reng\u00f6ring av kakel- och st\u00e5lytor <\/p>\n","protected":false},"excerpt":{"rendered":"<p>V\u00e5rdkitet f\u00f6r glasv\u00e4ggar och d\u00f6rrar inneh\u00e5ller en burk med lerprodukt och en svamp samt instruktioner f\u00f6r glasv\u00e5rd. Idealisk \u00e4ven f\u00f6r reng\u00f6ring av kakel- och st\u00e5lytor <\/p>\n","protected":false},"featured_media":1639,"comment_status":"closed","ping_status":"closed","template":"","meta":{"_acf_changed":false,"_page_background_color":""},"product_brand":[],"product_cat":[202],"product_tag":[],"class_list":{"0":"post-12929","1":"product","2":"type-product","3":"status-publish","4":"has-post-thumbnail","6":"product_cat-produkter-for-bastuvard","7":"product_shipping_class-paketti","9":"first","10":"instock","11":"taxable","12":"shipping-taxable","13":"purchasable","14":"product-type-simple"},"acf":[],"_links":{"self":[{"href":"https:\/\/sunsauna.fi\/sv\/wp-json\/wp\/v2\/product\/12929","targetHints":{"allow":["GET"]}}],"collection":[{"href":"https:\/\/sunsauna.fi\/sv\/wp-json\/wp\/v2\/product"}],"about":[{"href":"https:\/\/sunsauna.fi\/sv\/wp-json\/wp\/v2\/types\/product"}],"replies":[{"embeddable":true,"href":"https:\/\/sunsauna.fi\/sv\/wp-json\/wp\/v2\/comments?post=12929"}],"wp:featuredmedia":[{"embeddable":true,"href":"https:\/\/sunsauna.fi\/sv\/wp-json\/wp\/v2\/media\/1639"}],"wp:attachment":[{"href":"https:\/\/sunsauna.fi\/sv\/wp-json\/wp\/v2\/media?parent=12929"}],"wp:term":[{"taxonomy":"product_brand","embeddable":true,"href":"https:\/\/sunsauna.fi\/sv\/wp-json\/wp\/v2\/product_brand?post=12929"},{"taxonomy":"product_cat","embeddable":true,"href":"https:\/\/sunsauna.fi\/sv\/wp-json\/wp\/v2\/product_cat?post=12929"},{"taxonomy":"product_tag","embeddable":true,"href":"https:\/\/sunsauna.fi\/sv\/wp-json\/wp\/v2\/product_tag?post=12929"}],"curies":[{"name":"wp","href":"https:\/\/api.w.org\/{rel}","templated":true}]}}