{"id":12920,"date":"2025-04-10T09:20:08","date_gmt":"2025-04-10T09:20:08","guid":{"rendered":"https:\/\/sunsauna.fi\/tuote\/glasdorren-visas-upp-i-butiken\/"},"modified":"2025-04-10T09:20:08","modified_gmt":"2025-04-10T09:20:08","slug":"glasdorren-visas-upp-i-butiken","status":"publish","type":"product","link":"https:\/\/sunsauna.fi\/sv\/tuote\/glasdorren-visas-upp-i-butiken\/","title":{"rendered":"Glasd\u00f6rren visas upp i butiken"},"content":{"rendered":"<p>Raml\u00f6s glasd\u00f6rr<br \/>\nSkenor: svarta, med koncentriska g\u00e5ngj\u00e4rn<br \/>\nVesin: Svart\/bok, l\u00e4ngd 400 mm<br \/>\nGlas: Klar 8 mm h\u00e4rdat<\/p>\n","protected":false},"excerpt":{"rendered":"<p>Raml\u00f6s glasd\u00f6rr Skenor: svarta, med koncentriska g\u00e5ngj\u00e4rn Vesin: Svart\/bok, l\u00e4ngd 400 mm Glas: Klar&#8230;<\/p>\n","protected":false},"featured_media":12922,"comment_status":"closed","ping_status":"closed","template":"","meta":{"_acf_changed":false,"_page_background_color":""},"product_brand":[],"product_cat":[200],"product_tag":[],"class_list":{"0":"post-12920","1":"product","2":"type-product","3":"status-publish","4":"has-post-thumbnail","6":"product_cat-sun-sauna-outlet","7":"product_shipping_class-rullakko","9":"first","10":"instock","11":"sale","12":"taxable","13":"shipping-taxable","14":"purchasable","15":"product-type-simple"},"acf":[],"_links":{"self":[{"href":"https:\/\/sunsauna.fi\/sv\/wp-json\/wp\/v2\/product\/12920","targetHints":{"allow":["GET"]}}],"collection":[{"href":"https:\/\/sunsauna.fi\/sv\/wp-json\/wp\/v2\/product"}],"about":[{"href":"https:\/\/sunsauna.fi\/sv\/wp-json\/wp\/v2\/types\/product"}],"replies":[{"embeddable":true,"href":"https:\/\/sunsauna.fi\/sv\/wp-json\/wp\/v2\/comments?post=12920"}],"wp:featuredmedia":[{"embeddable":true,"href":"https:\/\/sunsauna.fi\/sv\/wp-json\/wp\/v2\/media\/12922"}],"wp:attachment":[{"href":"https:\/\/sunsauna.fi\/sv\/wp-json\/wp\/v2\/media?parent=12920"}],"wp:term":[{"taxonomy":"product_brand","embeddable":true,"href":"https:\/\/sunsauna.fi\/sv\/wp-json\/wp\/v2\/product_brand?post=12920"},{"taxonomy":"product_cat","embeddable":true,"href":"https:\/\/sunsauna.fi\/sv\/wp-json\/wp\/v2\/product_cat?post=12920"},{"taxonomy":"product_tag","embeddable":true,"href":"https:\/\/sunsauna.fi\/sv\/wp-json\/wp\/v2\/product_tag?post=12920"}],"curies":[{"name":"wp","href":"https:\/\/api.w.org\/{rel}","templated":true}]}}