{"id":12911,"date":"2024-08-23T12:42:17","date_gmt":"2024-08-23T12:42:17","guid":{"rendered":"https:\/\/sunsauna.fi\/tuote\/konverteringssats-halogen-ecohalogen-ecoled\/"},"modified":"2024-08-23T12:42:17","modified_gmt":"2024-08-23T12:42:17","slug":"konverteringssats-halogen-ecohalogen-ecoled","status":"publish","type":"product","link":"https:\/\/sunsauna.fi\/sv\/tuote\/konverteringssats-halogen-ecohalogen-ecoled\/","title":{"rendered":"Konverteringssats halogen Eco(halogen)-EcoLed"},"content":{"rendered":"<p>Konverteringssats f\u00f6r halogengl\u00f6dlampa med fiberoptik. Med den h\u00e4r konverteringssatsen kan du byta ut en gammal taklampa med halogengl\u00f6dlampa mot en LED-ljusk\u00e4lla utan att beh\u00f6va byta ut fiberoptiken. <\/p>\n","protected":false},"excerpt":{"rendered":"<p>Konverteringssats f\u00f6r halogengl\u00f6dlampa med fiberoptik. Med den h\u00e4r konverteringssatsen kan du byta ut en&#8230;<\/p>\n","protected":false},"featured_media":12912,"comment_status":"closed","ping_status":"closed","template":"","meta":{"_acf_changed":false,"_page_background_color":""},"product_brand":[],"product_cat":[162],"product_tag":[],"class_list":{"0":"post-12911","1":"product","2":"type-product","3":"status-publish","4":"has-post-thumbnail","6":"product_cat-bastulampor","7":"product_shipping_class-paketti","9":"first","10":"instock","11":"taxable","12":"shipping-taxable","13":"purchasable","14":"product-type-simple"},"acf":[],"_links":{"self":[{"href":"https:\/\/sunsauna.fi\/sv\/wp-json\/wp\/v2\/product\/12911","targetHints":{"allow":["GET"]}}],"collection":[{"href":"https:\/\/sunsauna.fi\/sv\/wp-json\/wp\/v2\/product"}],"about":[{"href":"https:\/\/sunsauna.fi\/sv\/wp-json\/wp\/v2\/types\/product"}],"replies":[{"embeddable":true,"href":"https:\/\/sunsauna.fi\/sv\/wp-json\/wp\/v2\/comments?post=12911"}],"wp:featuredmedia":[{"embeddable":true,"href":"https:\/\/sunsauna.fi\/sv\/wp-json\/wp\/v2\/media\/12912"}],"wp:attachment":[{"href":"https:\/\/sunsauna.fi\/sv\/wp-json\/wp\/v2\/media?parent=12911"}],"wp:term":[{"taxonomy":"product_brand","embeddable":true,"href":"https:\/\/sunsauna.fi\/sv\/wp-json\/wp\/v2\/product_brand?post=12911"},{"taxonomy":"product_cat","embeddable":true,"href":"https:\/\/sunsauna.fi\/sv\/wp-json\/wp\/v2\/product_cat?post=12911"},{"taxonomy":"product_tag","embeddable":true,"href":"https:\/\/sunsauna.fi\/sv\/wp-json\/wp\/v2\/product_tag?post=12911"}],"curies":[{"name":"wp","href":"https:\/\/api.w.org\/{rel}","templated":true}]}}