{"id":12681,"date":"2018-02-05T13:33:32","date_gmt":"2018-02-05T13:33:32","guid":{"rendered":"https:\/\/sunsauna.fi\/tuote\/bordslampa-10-fibrer\/"},"modified":"2018-02-05T13:33:32","modified_gmt":"2018-02-05T13:33:32","slug":"bordslampa-10-fibrer","status":"publish","type":"product","link":"https:\/\/sunsauna.fi\/sv\/tuote\/bordslampa-10-fibrer\/","title":{"rendered":"Bordslampa 10 fibrer"},"content":{"rendered":"<p>10-fiber ECO fiberoptisk taklampa, l\u00e4mplig f\u00f6r tak som \u00e4r mindre \u00e4n 1600 mm l\u00e5nga.ECO fiberoptisk taklampa fr\u00e5n Sun Sauna best\u00e5r av en transformator, en projektor och en fiberoptisk kabel. Ljusk\u00e4llan \u00e4r marknadens b\u00e4sta Geen LED-lampa, som koncentrerar ljuset effektivt i fibern. Genom fibern leds ljuset till det \u00f6nskade objektet. F\u00f6rdelarna med fiberljuset \u00e4r l\u00e5ng livsl\u00e4ngd och n\u00e4stan fri placering i den \u00f6ppna spisen.   <\/p>\n<p>Bastuarmaturen kan ocks\u00e5 installeras i prefabricerade bastur eftersom den inte kr\u00e4ver byte av paneler.<\/p>\n<p>Armaturen har en fast dimmer, som g\u00f6r att du kan justera ljusintensiteten efter eget tycke och smak.<\/p>\n<p>Den tysta projektorn och transformatorn \u00e4r placerade i ett v\u00e4rme- och st\u00e4nks\u00e4kert h\u00f6lje, och armaturen \u00e4r godk\u00e4nd f\u00f6r installation under bastutaket. Fibrerna \u00e4r 3 mm i diameter och kan kapas till r\u00e4tt l\u00e4ngd med en mattkniv i samband med installationen. <\/p>\n<p>Sun Sauna taklampa i glasfiber levereras med illustrerade monteringsanvisningar.<\/p>\n<p><strong>L\u00e4ngden p\u00e5 fibrerna i armaturen:<\/strong><\/p>\n<ul>\n<li>1700 mm, 2 stycken<\/li>\n<li>2000 mm, 4 stycken<\/li>\n<li>2300 mm, 2 stycken<\/li>\n<li>2600 mm, 2 stycken<\/li>\n<\/ul>\n","protected":false},"excerpt":{"rendered":"<p>10-fiber ECO fiberoptisk taklampa, l\u00e4mplig f\u00f6r tak som \u00e4r mindre \u00e4n 1600 mm l\u00e5nga.ECO&#8230;<\/p>\n","protected":false},"featured_media":12683,"comment_status":"closed","ping_status":"closed","template":"","meta":{"_acf_changed":false,"_page_background_color":""},"product_brand":[],"product_cat":[162],"product_tag":[],"class_list":{"0":"post-12681","1":"product","2":"type-product","3":"status-publish","4":"has-post-thumbnail","6":"product_cat-bastulampor","7":"product_shipping_class-paketti","9":"first","10":"instock","11":"taxable","12":"shipping-taxable","13":"purchasable","14":"product-type-simple"},"acf":[],"_links":{"self":[{"href":"https:\/\/sunsauna.fi\/sv\/wp-json\/wp\/v2\/product\/12681","targetHints":{"allow":["GET"]}}],"collection":[{"href":"https:\/\/sunsauna.fi\/sv\/wp-json\/wp\/v2\/product"}],"about":[{"href":"https:\/\/sunsauna.fi\/sv\/wp-json\/wp\/v2\/types\/product"}],"replies":[{"embeddable":true,"href":"https:\/\/sunsauna.fi\/sv\/wp-json\/wp\/v2\/comments?post=12681"}],"wp:featuredmedia":[{"embeddable":true,"href":"https:\/\/sunsauna.fi\/sv\/wp-json\/wp\/v2\/media\/12683"}],"wp:attachment":[{"href":"https:\/\/sunsauna.fi\/sv\/wp-json\/wp\/v2\/media?parent=12681"}],"wp:term":[{"taxonomy":"product_brand","embeddable":true,"href":"https:\/\/sunsauna.fi\/sv\/wp-json\/wp\/v2\/product_brand?post=12681"},{"taxonomy":"product_cat","embeddable":true,"href":"https:\/\/sunsauna.fi\/sv\/wp-json\/wp\/v2\/product_cat?post=12681"},{"taxonomy":"product_tag","embeddable":true,"href":"https:\/\/sunsauna.fi\/sv\/wp-json\/wp\/v2\/product_tag?post=12681"}],"curies":[{"name":"wp","href":"https:\/\/api.w.org\/{rel}","templated":true}]}}