{"id":12670,"date":"2018-02-06T13:24:59","date_gmt":"2018-02-06T13:24:59","guid":{"rendered":"https:\/\/sunsauna.fi\/tuote\/ramlos-glasdorr-brons\/"},"modified":"2018-02-06T13:24:59","modified_gmt":"2018-02-06T13:24:59","slug":"ramlos-glasdorr-brons","status":"publish","type":"product","link":"https:\/\/sunsauna.fi\/sv\/tuote\/ramlos-glasdorr-brons\/","title":{"rendered":"Raml\u00f6s glasd\u00f6rr, brons"},"content":{"rendered":"<p>Raml\u00f6s glasd\u00f6rr, brons<\/p>\n<p>Produkten tillverkas p\u00e5 best\u00e4llning. Vid best\u00e4llning, v\u00e4nligen ange d\u00f6rr\u00f6ppningens bredd och d\u00f6rrens h\u00f6jd. <\/p>\n","protected":false},"excerpt":{"rendered":"<p>Raml\u00f6s glasd\u00f6rr, brons Produkten tillverkas p\u00e5 best\u00e4llning. Vid best\u00e4llning, v\u00e4nligen ange d\u00f6rr\u00f6ppningens bredd och&#8230;<\/p>\n","protected":false},"featured_media":1334,"comment_status":"closed","ping_status":"closed","template":"","meta":{"_acf_changed":false,"_page_background_color":""},"product_brand":[],"product_cat":[184],"product_tag":[],"class_list":{"0":"post-12670","1":"product","2":"type-product","3":"status-publish","4":"has-post-thumbnail","6":"product_cat-glasprodukter","8":"first","9":"instock","10":"taxable","11":"shipping-taxable","12":"purchasable","13":"product-type-variable","14":"has-default-attributes"},"acf":[],"_links":{"self":[{"href":"https:\/\/sunsauna.fi\/sv\/wp-json\/wp\/v2\/product\/12670","targetHints":{"allow":["GET"]}}],"collection":[{"href":"https:\/\/sunsauna.fi\/sv\/wp-json\/wp\/v2\/product"}],"about":[{"href":"https:\/\/sunsauna.fi\/sv\/wp-json\/wp\/v2\/types\/product"}],"replies":[{"embeddable":true,"href":"https:\/\/sunsauna.fi\/sv\/wp-json\/wp\/v2\/comments?post=12670"}],"wp:featuredmedia":[{"embeddable":true,"href":"https:\/\/sunsauna.fi\/sv\/wp-json\/wp\/v2\/media\/1334"}],"wp:attachment":[{"href":"https:\/\/sunsauna.fi\/sv\/wp-json\/wp\/v2\/media?parent=12670"}],"wp:term":[{"taxonomy":"product_brand","embeddable":true,"href":"https:\/\/sunsauna.fi\/sv\/wp-json\/wp\/v2\/product_brand?post=12670"},{"taxonomy":"product_cat","embeddable":true,"href":"https:\/\/sunsauna.fi\/sv\/wp-json\/wp\/v2\/product_cat?post=12670"},{"taxonomy":"product_tag","embeddable":true,"href":"https:\/\/sunsauna.fi\/sv\/wp-json\/wp\/v2\/product_tag?post=12670"}],"curies":[{"name":"wp","href":"https:\/\/api.w.org\/{rel}","templated":true}]}}