{"id":12642,"date":"2018-02-23T05:24:38","date_gmt":"2018-02-23T05:24:38","guid":{"rendered":"https:\/\/sunsauna.fi\/tuote\/varmeracke-classic-l-modell\/"},"modified":"2018-02-23T05:24:38","modified_gmt":"2018-02-23T05:24:38","slug":"varmeracke-classic-l-modell","status":"publish","type":"product","link":"https:\/\/sunsauna.fi\/sv\/tuote\/varmeracke-classic-l-modell\/","title":{"rendered":"V\u00e4rmer\u00e4cke Classic, L-modell"},"content":{"rendered":"<p>L-formad bastuv\u00e4rmare r\u00e4cke.<\/p>\n<ul>\n<li>Skyddsr\u00e4cke f\u00f6r h\u00f6rnmonterad kamin. Material: tj\u00e4rad al eller v\u00e4rmebehandlad asp. <\/li>\n<li>Dimensionering: Det L-formade v\u00e4rmer\u00e4cket levereras med m\u00e5tten 900 x 900 mm, r\u00e4cket kapas till l\u00e4mplig l\u00e4ngd p\u00e5 plats.<\/li>\n<li>Ledst\u00e5ngens h\u00f6jd \u00e4r 730 mm eller 1000 mm.<\/li>\n<\/ul>\n<p>&nbsp;<\/p>\n","protected":false},"excerpt":{"rendered":"<p>L-formad bastuv\u00e4rmare r\u00e4cke. Skyddsr\u00e4cke f\u00f6r h\u00f6rnmonterad kamin. Material: tj\u00e4rad al eller v\u00e4rmebehandlad asp. Dimensionering:&#8230;<\/p>\n","protected":false},"featured_media":12646,"comment_status":"closed","ping_status":"closed","template":"","meta":{"_acf_changed":false,"_page_background_color":""},"product_brand":[],"product_cat":[171,177],"product_tag":[],"class_list":{"0":"post-12642","1":"product","2":"type-product","3":"status-publish","4":"has-post-thumbnail","6":"product_cat-mobler-och-racken","7":"product_cat-sakerhetsprodukter","8":"product_shipping_class-paketti","10":"first","11":"instock","12":"taxable","13":"shipping-taxable","14":"purchasable","15":"product-type-variable"},"acf":[],"_links":{"self":[{"href":"https:\/\/sunsauna.fi\/sv\/wp-json\/wp\/v2\/product\/12642","targetHints":{"allow":["GET"]}}],"collection":[{"href":"https:\/\/sunsauna.fi\/sv\/wp-json\/wp\/v2\/product"}],"about":[{"href":"https:\/\/sunsauna.fi\/sv\/wp-json\/wp\/v2\/types\/product"}],"replies":[{"embeddable":true,"href":"https:\/\/sunsauna.fi\/sv\/wp-json\/wp\/v2\/comments?post=12642"}],"wp:featuredmedia":[{"embeddable":true,"href":"https:\/\/sunsauna.fi\/sv\/wp-json\/wp\/v2\/media\/12646"}],"wp:attachment":[{"href":"https:\/\/sunsauna.fi\/sv\/wp-json\/wp\/v2\/media?parent=12642"}],"wp:term":[{"taxonomy":"product_brand","embeddable":true,"href":"https:\/\/sunsauna.fi\/sv\/wp-json\/wp\/v2\/product_brand?post=12642"},{"taxonomy":"product_cat","embeddable":true,"href":"https:\/\/sunsauna.fi\/sv\/wp-json\/wp\/v2\/product_cat?post=12642"},{"taxonomy":"product_tag","embeddable":true,"href":"https:\/\/sunsauna.fi\/sv\/wp-json\/wp\/v2\/product_tag?post=12642"}],"curies":[{"name":"wp","href":"https:\/\/api.w.org\/{rel}","templated":true}]}}