{"id":12596,"date":"2018-02-23T06:32:49","date_gmt":"2018-02-23T06:32:49","guid":{"rendered":"https:\/\/sunsauna.fi\/tuote\/fotboja-relax-l-typ\/"},"modified":"2018-02-23T06:32:49","modified_gmt":"2018-02-23T06:32:49","slug":"fotboja-relax-l-typ","status":"publish","type":"product","link":"https:\/\/sunsauna.fi\/sv\/tuote\/fotboja-relax-l-typ\/","title":{"rendered":"Fotboja Relax, L-typ"},"content":{"rendered":"<p>Bastufotr\u00e4cke Relax, L-modell&nbsp;<\/p>\n<ul>\n<li>Skyddsr\u00e4cke f\u00f6r h\u00f6rnmonterad kamin Material: tj\u00e4rad al eller v\u00e4rmebehandlad asp.<\/li>\n<li>Dimensionering: Det L-formade v\u00e4rmer\u00e4cket levereras med m\u00e5tten 900 x 900 mm, r\u00e4cket kapas till l\u00e4mplig l\u00e4ngd p\u00e5 plats.<\/li>\n<li>M\u00e5tt: foth\u00f6jd 1000 mm. Tv\u00e4rg\u00e5ende br\u00e4da f\u00f6r f\u00f6tter p\u00e5 1000 mm h\u00f6jd, skydd f\u00f6r v\u00e4rmare p\u00e5 730 mm h\u00f6jd. Kan \u00e4ven levereras med en sidodel p\u00e5 1000 mm h\u00f6jd.  <\/li>\n<\/ul>\n<p>&nbsp;<\/p>\n","protected":false},"excerpt":{"rendered":"<p>Bastufotr\u00e4cke Relax, L-modell&nbsp; Skyddsr\u00e4cke f\u00f6r h\u00f6rnmonterad kamin Material: tj\u00e4rad al eller v\u00e4rmebehandlad asp. Dimensionering:&#8230;<\/p>\n","protected":false},"featured_media":1366,"comment_status":"closed","ping_status":"closed","template":"","meta":{"_acf_changed":false,"_page_background_color":""},"product_brand":[],"product_cat":[171,177],"product_tag":[],"class_list":{"0":"post-12596","1":"product","2":"type-product","3":"status-publish","4":"has-post-thumbnail","6":"product_cat-mobler-och-racken","7":"product_cat-sakerhetsprodukter","8":"product_shipping_class-paketti","10":"first","11":"instock","12":"taxable","13":"shipping-taxable","14":"purchasable","15":"product-type-variable"},"acf":[],"_links":{"self":[{"href":"https:\/\/sunsauna.fi\/sv\/wp-json\/wp\/v2\/product\/12596","targetHints":{"allow":["GET"]}}],"collection":[{"href":"https:\/\/sunsauna.fi\/sv\/wp-json\/wp\/v2\/product"}],"about":[{"href":"https:\/\/sunsauna.fi\/sv\/wp-json\/wp\/v2\/types\/product"}],"replies":[{"embeddable":true,"href":"https:\/\/sunsauna.fi\/sv\/wp-json\/wp\/v2\/comments?post=12596"}],"wp:featuredmedia":[{"embeddable":true,"href":"https:\/\/sunsauna.fi\/sv\/wp-json\/wp\/v2\/media\/1366"}],"wp:attachment":[{"href":"https:\/\/sunsauna.fi\/sv\/wp-json\/wp\/v2\/media?parent=12596"}],"wp:term":[{"taxonomy":"product_brand","embeddable":true,"href":"https:\/\/sunsauna.fi\/sv\/wp-json\/wp\/v2\/product_brand?post=12596"},{"taxonomy":"product_cat","embeddable":true,"href":"https:\/\/sunsauna.fi\/sv\/wp-json\/wp\/v2\/product_cat?post=12596"},{"taxonomy":"product_tag","embeddable":true,"href":"https:\/\/sunsauna.fi\/sv\/wp-json\/wp\/v2\/product_tag?post=12596"}],"curies":[{"name":"wp","href":"https:\/\/api.w.org\/{rel}","templated":true}]}}