{"id":12588,"date":"2018-02-23T06:11:56","date_gmt":"2018-02-23T06:11:56","guid":{"rendered":"https:\/\/sunsauna.fi\/tuote\/fotbojor-classic-modell-i\/"},"modified":"2018-02-23T06:11:56","modified_gmt":"2018-02-23T06:11:56","slug":"fotbojor-classic-modell-i","status":"publish","type":"product","link":"https:\/\/sunsauna.fi\/sv\/tuote\/fotbojor-classic-modell-i\/","title":{"rendered":"Fotbojor Classic, modell i"},"content":{"rendered":"<p>&nbsp;<\/p>\n<ul>\n<li>Om det beh\u00f6vs kan fotremmen f\u00e4stas p\u00e5 fotplattan p\u00e5 framfoten.<\/li>\n<li>Material: tj\u00e4rad al eller v\u00e4rmebehandlad asp.<\/li>\n<li>Ledst\u00e5ngen levereras med ett monteringsm\u00e5tt p\u00e5 900 mm<\/li>\n<\/ul>\n<p>&nbsp;<\/p>\n","protected":false},"excerpt":{"rendered":"<p>Ledst\u00e5ng f\u00f6r bastu i klassisk stil<\/p>\n","protected":false},"featured_media":12593,"comment_status":"closed","ping_status":"closed","template":"","meta":{"_acf_changed":false,"_page_background_color":""},"product_brand":[],"product_cat":[171,177],"product_tag":[],"class_list":{"0":"post-12588","1":"product","2":"type-product","3":"status-publish","4":"has-post-thumbnail","6":"product_cat-mobler-och-racken","7":"product_cat-sakerhetsprodukter","8":"product_shipping_class-paketti","10":"first","11":"instock","12":"taxable","13":"shipping-taxable","14":"purchasable","15":"product-type-variable"},"acf":[],"_links":{"self":[{"href":"https:\/\/sunsauna.fi\/sv\/wp-json\/wp\/v2\/product\/12588","targetHints":{"allow":["GET"]}}],"collection":[{"href":"https:\/\/sunsauna.fi\/sv\/wp-json\/wp\/v2\/product"}],"about":[{"href":"https:\/\/sunsauna.fi\/sv\/wp-json\/wp\/v2\/types\/product"}],"replies":[{"embeddable":true,"href":"https:\/\/sunsauna.fi\/sv\/wp-json\/wp\/v2\/comments?post=12588"}],"wp:featuredmedia":[{"embeddable":true,"href":"https:\/\/sunsauna.fi\/sv\/wp-json\/wp\/v2\/media\/12593"}],"wp:attachment":[{"href":"https:\/\/sunsauna.fi\/sv\/wp-json\/wp\/v2\/media?parent=12588"}],"wp:term":[{"taxonomy":"product_brand","embeddable":true,"href":"https:\/\/sunsauna.fi\/sv\/wp-json\/wp\/v2\/product_brand?post=12588"},{"taxonomy":"product_cat","embeddable":true,"href":"https:\/\/sunsauna.fi\/sv\/wp-json\/wp\/v2\/product_cat?post=12588"},{"taxonomy":"product_tag","embeddable":true,"href":"https:\/\/sunsauna.fi\/sv\/wp-json\/wp\/v2\/product_tag?post=12588"}],"curies":[{"name":"wp","href":"https:\/\/api.w.org\/{rel}","templated":true}]}}