{"id":12571,"date":"2018-02-23T06:20:01","date_gmt":"2018-02-23T06:20:01","guid":{"rendered":"https:\/\/sunsauna.fi\/tuote\/varmeracke-relax-u-formad\/"},"modified":"2018-02-23T06:20:01","modified_gmt":"2018-02-23T06:20:01","slug":"varmeracke-relax-u-formad","status":"publish","type":"product","link":"https:\/\/sunsauna.fi\/sv\/tuote\/varmeracke-relax-u-formad\/","title":{"rendered":"V\u00e4rmer\u00e4cke Relax, U-formad"},"content":{"rendered":"<div class=\"product-descriptions-short\">\n<ul>\n<li>Skyddsr\u00e4cke f\u00f6r kamin som monteras direkt p\u00e5 v\u00e4ggen. Material: tj\u00e4rad al eller v\u00e4rmebehandlad asp. <\/li>\n<li>Dimensionering: de inv\u00e4ndiga m\u00e5tten \u00e4r speciellt framtagna f\u00f6r att passa v\u00e4rmaren.<\/li>\n<li>Ledst\u00e5ngens h\u00f6jd \u00e4r 1000 mm framifr\u00e5n och 730 mm fr\u00e5n sidorna. Finns \u00e4ven med 1000 mm fr\u00e5n sidan. Observera kaminens s\u00e4kerhetsavst\u00e5nd!  <\/li>\n<\/ul>\n<p>Vi kommer att ringa dig om r\u00e4ckets m\u00e5tt efter best\u00e4llningen.<\/p>\n<\/div>\n","protected":false},"excerpt":{"rendered":"<p>R\u00e4cke f\u00f6r direkt uppv\u00e4rmning.<\/p>\n","protected":false},"featured_media":1362,"comment_status":"closed","ping_status":"closed","template":"","meta":{"_acf_changed":false,"_page_background_color":""},"product_brand":[],"product_cat":[171,177],"product_tag":[],"class_list":{"0":"post-12571","1":"product","2":"type-product","3":"status-publish","4":"has-post-thumbnail","6":"product_cat-mobler-och-racken","7":"product_cat-sakerhetsprodukter","8":"product_shipping_class-paketti","10":"first","11":"instock","12":"taxable","13":"shipping-taxable","14":"purchasable","15":"product-type-variable"},"acf":[],"_links":{"self":[{"href":"https:\/\/sunsauna.fi\/sv\/wp-json\/wp\/v2\/product\/12571","targetHints":{"allow":["GET"]}}],"collection":[{"href":"https:\/\/sunsauna.fi\/sv\/wp-json\/wp\/v2\/product"}],"about":[{"href":"https:\/\/sunsauna.fi\/sv\/wp-json\/wp\/v2\/types\/product"}],"replies":[{"embeddable":true,"href":"https:\/\/sunsauna.fi\/sv\/wp-json\/wp\/v2\/comments?post=12571"}],"wp:featuredmedia":[{"embeddable":true,"href":"https:\/\/sunsauna.fi\/sv\/wp-json\/wp\/v2\/media\/1362"}],"wp:attachment":[{"href":"https:\/\/sunsauna.fi\/sv\/wp-json\/wp\/v2\/media?parent=12571"}],"wp:term":[{"taxonomy":"product_brand","embeddable":true,"href":"https:\/\/sunsauna.fi\/sv\/wp-json\/wp\/v2\/product_brand?post=12571"},{"taxonomy":"product_cat","embeddable":true,"href":"https:\/\/sunsauna.fi\/sv\/wp-json\/wp\/v2\/product_cat?post=12571"},{"taxonomy":"product_tag","embeddable":true,"href":"https:\/\/sunsauna.fi\/sv\/wp-json\/wp\/v2\/product_tag?post=12571"}],"curies":[{"name":"wp","href":"https:\/\/api.w.org\/{rel}","templated":true}]}}