{"id":12504,"date":"2018-02-23T07:58:13","date_gmt":"2018-02-23T07:58:13","guid":{"rendered":"https:\/\/sunsauna.fi\/tuote\/bank-for-tvattrum-och-omkladningsrum\/"},"modified":"2018-02-23T07:58:13","modified_gmt":"2018-02-23T07:58:13","slug":"bank-for-tvattrum-och-omkladningsrum","status":"publish","type":"product","link":"https:\/\/sunsauna.fi\/sv\/tuote\/bank-for-tvattrum-och-omkladningsrum\/","title":{"rendered":"B\u00e4nk f\u00f6r tv\u00e4ttrum och omkl\u00e4dningsrum"},"content":{"rendered":"<div class=\"product-descriptions-short\">\n<p>Sun Sauna&#8217;s omkl\u00e4dningsb\u00e4nkar \u00e4r robusta och noggrant bearbetade.<\/p>\n<ul>\n<li>M\u00e5tt: djup 425 mm - 613 mm<\/li>\n<li>Material 120\/140 mm tj\u00e4rad l\u00f6nn eller v\u00e4rmebehandlad asp<\/li>\n<li>Justerbara f\u00f6tter, st\u00e5lg\u00e4nga, gummif\u00f6tter, justering +-20mm.<\/li>\n<li>H\u00f6jd 430 mm<\/li>\n<\/ul>\n<\/div>\n","protected":false},"excerpt":{"rendered":"<p>Sun Sauna&#8217;s omkl\u00e4dningsb\u00e4nkar \u00e4r robusta och noggrant bearbetade. M\u00e5tt: djup 425 mm - 613&#8230;<\/p>\n","protected":false},"featured_media":12505,"comment_status":"closed","ping_status":"closed","template":"","meta":{"_acf_changed":false,"_page_background_color":""},"product_brand":[],"product_cat":[172,171,174],"product_tag":[],"class_list":{"0":"post-12504","1":"product","2":"type-product","3":"status-publish","4":"has-post-thumbnail","6":"product_cat-hem-badrumsinredning","7":"product_cat-mobler-och-racken","8":"product_cat-produkter-for-bostadsrattsforeningar","9":"product_shipping_class-rullakko","11":"first","12":"instock","13":"taxable","14":"shipping-taxable","15":"purchasable","16":"product-type-variable"},"acf":[],"_links":{"self":[{"href":"https:\/\/sunsauna.fi\/sv\/wp-json\/wp\/v2\/product\/12504","targetHints":{"allow":["GET"]}}],"collection":[{"href":"https:\/\/sunsauna.fi\/sv\/wp-json\/wp\/v2\/product"}],"about":[{"href":"https:\/\/sunsauna.fi\/sv\/wp-json\/wp\/v2\/types\/product"}],"replies":[{"embeddable":true,"href":"https:\/\/sunsauna.fi\/sv\/wp-json\/wp\/v2\/comments?post=12504"}],"wp:featuredmedia":[{"embeddable":true,"href":"https:\/\/sunsauna.fi\/sv\/wp-json\/wp\/v2\/media\/12505"}],"wp:attachment":[{"href":"https:\/\/sunsauna.fi\/sv\/wp-json\/wp\/v2\/media?parent=12504"}],"wp:term":[{"taxonomy":"product_brand","embeddable":true,"href":"https:\/\/sunsauna.fi\/sv\/wp-json\/wp\/v2\/product_brand?post=12504"},{"taxonomy":"product_cat","embeddable":true,"href":"https:\/\/sunsauna.fi\/sv\/wp-json\/wp\/v2\/product_cat?post=12504"},{"taxonomy":"product_tag","embeddable":true,"href":"https:\/\/sunsauna.fi\/sv\/wp-json\/wp\/v2\/product_tag?post=12504"}],"curies":[{"name":"wp","href":"https:\/\/api.w.org\/{rel}","templated":true}]}}