{"id":12478,"date":"2018-02-23T07:51:40","date_gmt":"2018-02-23T07:51:40","guid":{"rendered":"https:\/\/sunsauna.fi\/tuote\/ledstang-i-timmer-l-formad\/"},"modified":"2018-02-23T07:51:40","modified_gmt":"2018-02-23T07:51:40","slug":"ledstang-i-timmer-l-formad","status":"publish","type":"product","link":"https:\/\/sunsauna.fi\/sv\/tuote\/ledstang-i-timmer-l-formad\/","title":{"rendered":"Ledst\u00e5ng i timmer, L-formad"},"content":{"rendered":"<p>&nbsp;<\/p>\n<ul>\n<li>Sockeln kan monteras p\u00e5 raka tak n\u00e4r kaminen \u00e4r placerad i ett h\u00f6rn. Material gran <\/li>\n<li>M\u00e5tt: foth\u00f6jd 1000 mm. Tv\u00e4rg\u00e5ende br\u00e4da f\u00f6r f\u00f6tter p\u00e5 en h\u00f6jd av 1000 mm, skydd f\u00f6r v\u00e4rmare p\u00e5 en h\u00f6jd av 730 mm. <\/li>\n<li>R\u00e4cket levereras med m\u00e5tten 900 x 900 mm.<\/li>\n<\/ul>\n<p>&nbsp;<\/p>\n<p><strong>Obs: Ledst\u00e5ngen kontrolleras n\u00e4r man g\u00e5r till bastun. <\/strong><\/p>\n","protected":false},"excerpt":{"rendered":"<p>Fotr\u00e4cke i timmerstil f\u00f6r bastu<\/p>\n","protected":false},"featured_media":1397,"comment_status":"closed","ping_status":"closed","template":"","meta":{"_acf_changed":false,"_page_background_color":""},"product_brand":[],"product_cat":[171,177],"product_tag":[],"class_list":{"0":"post-12478","1":"product","2":"type-product","3":"status-publish","4":"has-post-thumbnail","6":"product_cat-mobler-och-racken","7":"product_cat-sakerhetsprodukter","8":"product_shipping_class-paketti","10":"first","11":"instock","12":"taxable","13":"shipping-taxable","14":"purchasable","15":"product-type-variable"},"acf":[],"_links":{"self":[{"href":"https:\/\/sunsauna.fi\/sv\/wp-json\/wp\/v2\/product\/12478","targetHints":{"allow":["GET"]}}],"collection":[{"href":"https:\/\/sunsauna.fi\/sv\/wp-json\/wp\/v2\/product"}],"about":[{"href":"https:\/\/sunsauna.fi\/sv\/wp-json\/wp\/v2\/types\/product"}],"replies":[{"embeddable":true,"href":"https:\/\/sunsauna.fi\/sv\/wp-json\/wp\/v2\/comments?post=12478"}],"wp:featuredmedia":[{"embeddable":true,"href":"https:\/\/sunsauna.fi\/sv\/wp-json\/wp\/v2\/media\/1397"}],"wp:attachment":[{"href":"https:\/\/sunsauna.fi\/sv\/wp-json\/wp\/v2\/media?parent=12478"}],"wp:term":[{"taxonomy":"product_brand","embeddable":true,"href":"https:\/\/sunsauna.fi\/sv\/wp-json\/wp\/v2\/product_brand?post=12478"},{"taxonomy":"product_cat","embeddable":true,"href":"https:\/\/sunsauna.fi\/sv\/wp-json\/wp\/v2\/product_cat?post=12478"},{"taxonomy":"product_tag","embeddable":true,"href":"https:\/\/sunsauna.fi\/sv\/wp-json\/wp\/v2\/product_tag?post=12478"}],"curies":[{"name":"wp","href":"https:\/\/api.w.org\/{rel}","templated":true}]}}