{"id":12467,"date":"2018-02-23T08:09:31","date_gmt":"2018-02-23T08:09:31","guid":{"rendered":"https:\/\/sunsauna.fi\/tuote\/bord-for-omkladningsrum\/"},"modified":"2018-02-23T08:09:31","modified_gmt":"2018-02-23T08:09:31","slug":"bord-for-omkladningsrum","status":"publish","type":"product","link":"https:\/\/sunsauna.fi\/sv\/tuote\/bord-for-omkladningsrum\/","title":{"rendered":"Bord f\u00f6r omkl\u00e4dningsrum"},"content":{"rendered":"<ul>\n<li>Material: tj\u00e4rad al eller v\u00e4rmebehandlad asp<\/li>\n<li>M\u00e5tt 600&#215;600 eller 600&#215;900 mm<\/li>\n<li>H\u00f6jd 700 mm<\/li>\n<li>Justerbara f\u00f6tter, st\u00e5lg\u00e4nga, gummif\u00f6tter, justering +- 20 mm.<\/li>\n<\/ul>\n<h2>Du kan ocks\u00e5 f\u00e5 bordet med dina egna m\u00e5tt<\/h2>\n<p>Skicka en offertf\u00f6rfr\u00e5gan till <a href=\"mailto:info@sunsauna.fi\">info@sunsauna.fi<\/a> eller ring 0403 470 220.<\/p>\n<ul>\n<li>Bredden kan fritt definieras mellan 400-1200 mm.<\/li>\n<li>St\u00e4ll in h\u00f6jden mellan 430-900 mm.<\/li>\n<li>Material: tj\u00e4rad al, termisk ek, termisk al, ljus asp, v\u00e4rmebehandlad magnolia.<\/li>\n<li>Finns \u00e4ven med RST-f\u00f6tter, i metall och svart.<\/li>\n<\/ul>\n<p>&nbsp;<\/p>\n","protected":false},"excerpt":{"rendered":"<p>Bord f\u00f6r omkl\u00e4dningsrum.<br \/>\nM\u00e5tt 600&#215;600 eller 600&#215;900 mm<\/p>\n","protected":false},"featured_media":1430,"comment_status":"closed","ping_status":"closed","template":"","meta":{"_acf_changed":false,"_page_background_color":""},"product_brand":[],"product_cat":[172,171,174],"product_tag":[175,176],"class_list":{"0":"post-12467","1":"product","2":"type-product","3":"status-publish","4":"has-post-thumbnail","6":"product_cat-hem-badrumsinredning","7":"product_cat-mobler-och-racken","8":"product_cat-produkter-for-bostadsrattsforeningar","9":"product_tag-bord-for-omkladningsrum","10":"product_tag-bord-i-omkladningsrummet-hos-ett-byggbolag","11":"product_shipping_class-rullakko","13":"first","14":"instock","15":"taxable","16":"shipping-taxable","17":"purchasable","18":"product-type-variable"},"acf":[],"_links":{"self":[{"href":"https:\/\/sunsauna.fi\/sv\/wp-json\/wp\/v2\/product\/12467","targetHints":{"allow":["GET"]}}],"collection":[{"href":"https:\/\/sunsauna.fi\/sv\/wp-json\/wp\/v2\/product"}],"about":[{"href":"https:\/\/sunsauna.fi\/sv\/wp-json\/wp\/v2\/types\/product"}],"replies":[{"embeddable":true,"href":"https:\/\/sunsauna.fi\/sv\/wp-json\/wp\/v2\/comments?post=12467"}],"wp:featuredmedia":[{"embeddable":true,"href":"https:\/\/sunsauna.fi\/sv\/wp-json\/wp\/v2\/media\/1430"}],"wp:attachment":[{"href":"https:\/\/sunsauna.fi\/sv\/wp-json\/wp\/v2\/media?parent=12467"}],"wp:term":[{"taxonomy":"product_brand","embeddable":true,"href":"https:\/\/sunsauna.fi\/sv\/wp-json\/wp\/v2\/product_brand?post=12467"},{"taxonomy":"product_cat","embeddable":true,"href":"https:\/\/sunsauna.fi\/sv\/wp-json\/wp\/v2\/product_cat?post=12467"},{"taxonomy":"product_tag","embeddable":true,"href":"https:\/\/sunsauna.fi\/sv\/wp-json\/wp\/v2\/product_tag?post=12467"}],"curies":[{"name":"wp","href":"https:\/\/api.w.org\/{rel}","templated":true}]}}