{"id":12450,"date":"2018-02-23T10:35:04","date_gmt":"2018-02-23T10:35:04","guid":{"rendered":"https:\/\/sunsauna.fi\/tuote\/bordslampa-44-fiber-bastulampa-for-motsatt-sittplats-pa-bordet\/"},"modified":"2018-02-23T10:35:04","modified_gmt":"2018-02-23T10:35:04","slug":"bordslampa-44-fiber-bastulampa-for-motsatt-sittplats-pa-bordet","status":"publish","type":"product","link":"https:\/\/sunsauna.fi\/sv\/tuote\/bordslampa-44-fiber-bastulampa-for-motsatt-sittplats-pa-bordet\/","title":{"rendered":"Bordslampa 44 -fiber, bastulampa f\u00f6r motsatt sittplats p\u00e5 bordet"},"content":{"rendered":"<div class=\"product-descriptions-short\">\n<p>Armatur l\u00e4mplig f\u00f6r motst\u00e5ende tak Br\u00e4dl\u00e4ngd ca 2300 + 2300 mm. Varje sida har sin egen 22-fiberprojektor och transformator.  <\/p>\n<p>Med en lampa i glasfiber kan du skapa en varm atmosf\u00e4r i din bastu.<\/p>\n<p>Den fiberoptiska armaturen Sun Sauna best\u00e5r av en transformator, en projektor och en fiberoptisk kabel. Ljusk\u00e4llan \u00e4r marknadens b\u00e4sta Creen LED-lampa som koncentrerar ljuset p\u00e5 ett effektivt s\u00e4tt i fibern. Genom fibern leds ljuset till det \u00f6nskade objektet. F\u00f6rdelarna med fiberljuset \u00e4r l\u00e5ng livsl\u00e4ngd och n\u00e4stan fri placering i den \u00f6ppna spisen.   <\/p>\n<p>Bastuarmaturen kan ocks\u00e5 installeras i prefabricerade bastur eftersom den inte kr\u00e4ver byte av paneler.<\/p>\n<p>Armaturen har en fast dimmer, som g\u00f6r att du kan justera ljusintensiteten efter eget tycke och smak.<\/p>\n<p>Den tysta projektorn och transformatorn \u00e4r placerade i ett v\u00e4rme- och st\u00e4nks\u00e4kert h\u00f6lje, och armaturen \u00e4r godk\u00e4nd f\u00f6r installation under bastutaket. Fibrerna \u00e4r 3 mm i diameter och kan kapas till r\u00e4tt l\u00e4ngd med en mattkniv i samband med installationen. <\/p>\n<p>Sun Sauna taklampa i glasfiber levereras med illustrerade monteringsanvisningar.<\/p>\n<p><strong>Fiberl\u00e4ngd i armaturen: (tv\u00e5 identiska fiberbuntar)<\/strong><\/p>\n<ul>\n<li>1400 mm, 4 stycken<\/li>\n<li>1700 mm, 4 stycken<\/li>\n<li>2000 mm, 4 stycken<\/li>\n<li>2300 mm, 4 stycken<\/li>\n<li>2600 mm, 2 stycken<\/li>\n<li>2900 mm, 2 stycken<\/li>\n<li>3200 mm, 2 stycken<\/li>\n<\/ul>\n<\/div>\n","protected":false},"excerpt":{"rendered":"<p>Armatur l\u00e4mplig f\u00f6r motst\u00e5ende tak Br\u00e4dl\u00e4ngd ca 2300 + 2300 mm. Varje sida har sin egen 22-fiberprojektor och transformator.  <\/p>\n","protected":false},"featured_media":1449,"comment_status":"closed","ping_status":"closed","template":"","meta":{"_acf_changed":false,"_page_background_color":""},"product_brand":[],"product_cat":[162],"product_tag":[165],"class_list":{"0":"post-12450","1":"product","2":"type-product","3":"status-publish","4":"has-post-thumbnail","6":"product_cat-bastulampor","7":"product_tag-bastulampa","8":"product_shipping_class-paketti","10":"first","11":"instock","12":"taxable","13":"shipping-taxable","14":"purchasable","15":"product-type-simple"},"acf":[],"_links":{"self":[{"href":"https:\/\/sunsauna.fi\/sv\/wp-json\/wp\/v2\/product\/12450","targetHints":{"allow":["GET"]}}],"collection":[{"href":"https:\/\/sunsauna.fi\/sv\/wp-json\/wp\/v2\/product"}],"about":[{"href":"https:\/\/sunsauna.fi\/sv\/wp-json\/wp\/v2\/types\/product"}],"replies":[{"embeddable":true,"href":"https:\/\/sunsauna.fi\/sv\/wp-json\/wp\/v2\/comments?post=12450"}],"wp:featuredmedia":[{"embeddable":true,"href":"https:\/\/sunsauna.fi\/sv\/wp-json\/wp\/v2\/media\/1449"}],"wp:attachment":[{"href":"https:\/\/sunsauna.fi\/sv\/wp-json\/wp\/v2\/media?parent=12450"}],"wp:term":[{"taxonomy":"product_brand","embeddable":true,"href":"https:\/\/sunsauna.fi\/sv\/wp-json\/wp\/v2\/product_brand?post=12450"},{"taxonomy":"product_cat","embeddable":true,"href":"https:\/\/sunsauna.fi\/sv\/wp-json\/wp\/v2\/product_cat?post=12450"},{"taxonomy":"product_tag","embeddable":true,"href":"https:\/\/sunsauna.fi\/sv\/wp-json\/wp\/v2\/product_tag?post=12450"}],"curies":[{"name":"wp","href":"https:\/\/api.w.org\/{rel}","templated":true}]}}