{"id":12444,"date":"2018-02-23T10:38:17","date_gmt":"2018-02-23T10:38:17","guid":{"rendered":"https:\/\/sunsauna.fi\/tuote\/bastulampa-glasfiber-101-fiber\/"},"modified":"2018-02-23T10:38:17","modified_gmt":"2018-02-23T10:38:17","slug":"bastulampa-glasfiber-101-fiber","status":"publish","type":"product","link":"https:\/\/sunsauna.fi\/sv\/tuote\/bastulampa-glasfiber-101-fiber\/","title":{"rendered":"Bastulampa, glasfiber 10+1 -fiber"},"content":{"rendered":"<div class=\"product-descriptions-short\">\n<p>10+1 fiberarmatur f\u00f6r tak med en l\u00e4ngd p\u00e5 1400-1800 mm. Inneh\u00e5ller 10 st. takfiber och 1 st. 5 m takfiber med glasfiberlins. <\/p>\n<p>Med en lampa i tr\u00e4fiberskiva kan du skapa en varm atmosf\u00e4r i bastun med mjukt ljus som reflekteras fr\u00e5n tr\u00e4ytorna.<\/p>\n<p>Den fiberoptiska armaturen Sun Sauna best\u00e5r av en transformator, en projektor och en fiberoptisk kabel. Ljusk\u00e4llan \u00e4r marknadens b\u00e4sta Creen LED-lampa som koncentrerar ljuset p\u00e5 ett effektivt s\u00e4tt i fibern. Genom fibern leds ljuset till det \u00f6nskade objektet. F\u00f6rdelarna med fiberljuset \u00e4r l\u00e5ng livsl\u00e4ngd och n\u00e4stan fri placering i den \u00f6ppna spisen.   <\/p>\n<p>Taklampan i glasfiber \u00e4r ocks\u00e5 l\u00e4mplig f\u00f6r installation i prefabricerade bastur eftersom den inte kr\u00e4ver byte av paneler.+1 Installationen av taklampan i glasfiber kr\u00e4ver att takpanelerna tas bort. <\/p>\n<p>Den fiberoptiska armaturen har en mekanisk dimmer som g\u00f6r att du kan justera ljusfl\u00f6det efter eget tycke och smak. Takfibern kan inte dimras. <\/p>\n<p>Den tysta projektorn och transformatorn \u00e4r placerade i ett v\u00e4rme- och st\u00e4nks\u00e4kert h\u00f6lje, och armaturen \u00e4r godk\u00e4nd f\u00f6r installation under bastutaket. Fibrerna \u00e4r 3 mm i diameter och kan kapas till r\u00e4tt l\u00e4ngd med en mattkniv i samband med installationen. <\/p>\n<p>Sun Sauna taklampa i glasfiber levereras med illustrerade monteringsanvisningar.<\/p>\n<p><strong>L\u00e4ngden p\u00e5 fibrerna i armaturen:<\/strong><\/p>\n<ul>\n<li>1700 mm, 2 stycken<\/li>\n<li>2000 mm, 4 stycken<\/li>\n<li>2300 mm, 2 stycken<\/li>\n<li>2600 mm, 2 stycken<\/li>\n<li>+1pc takfiber med uppv\u00e4rmd lins, l\u00e4ngd 5000 mm<\/li>\n<\/ul>\n<\/div>\n","protected":false},"excerpt":{"rendered":"<p>10+1 fiberarmatur f\u00f6r tak med en l\u00e4ngd p\u00e5 1400-1800 mm. Inneh\u00e5ller 10 st. takfiber och 1 st. 5 m takfiber med glasfiberlins. <\/p>\n","protected":false},"featured_media":1451,"comment_status":"closed","ping_status":"closed","template":"","meta":{"_acf_changed":false,"_page_background_color":""},"product_brand":[],"product_cat":[162],"product_tag":[],"class_list":{"0":"post-12444","1":"product","2":"type-product","3":"status-publish","4":"has-post-thumbnail","6":"product_cat-bastulampor","7":"product_shipping_class-paketti","9":"first","10":"instock","11":"taxable","12":"shipping-taxable","13":"purchasable","14":"product-type-simple"},"acf":[],"_links":{"self":[{"href":"https:\/\/sunsauna.fi\/sv\/wp-json\/wp\/v2\/product\/12444","targetHints":{"allow":["GET"]}}],"collection":[{"href":"https:\/\/sunsauna.fi\/sv\/wp-json\/wp\/v2\/product"}],"about":[{"href":"https:\/\/sunsauna.fi\/sv\/wp-json\/wp\/v2\/types\/product"}],"replies":[{"embeddable":true,"href":"https:\/\/sunsauna.fi\/sv\/wp-json\/wp\/v2\/comments?post=12444"}],"wp:featuredmedia":[{"embeddable":true,"href":"https:\/\/sunsauna.fi\/sv\/wp-json\/wp\/v2\/media\/1451"}],"wp:attachment":[{"href":"https:\/\/sunsauna.fi\/sv\/wp-json\/wp\/v2\/media?parent=12444"}],"wp:term":[{"taxonomy":"product_brand","embeddable":true,"href":"https:\/\/sunsauna.fi\/sv\/wp-json\/wp\/v2\/product_brand?post=12444"},{"taxonomy":"product_cat","embeddable":true,"href":"https:\/\/sunsauna.fi\/sv\/wp-json\/wp\/v2\/product_cat?post=12444"},{"taxonomy":"product_tag","embeddable":true,"href":"https:\/\/sunsauna.fi\/sv\/wp-json\/wp\/v2\/product_tag?post=12444"}],"curies":[{"name":"wp","href":"https:\/\/api.w.org\/{rel}","templated":true}]}}