{"id":12439,"date":"2018-02-23T10:46:01","date_gmt":"2018-02-23T10:46:01","guid":{"rendered":"https:\/\/sunsauna.fi\/tuote\/bastulampa-glasfiberarmatur-321-fiber\/"},"modified":"2018-02-23T10:46:01","modified_gmt":"2018-02-23T10:46:01","slug":"bastulampa-glasfiberarmatur-321-fiber","status":"publish","type":"product","link":"https:\/\/sunsauna.fi\/sv\/tuote\/bastulampa-glasfiberarmatur-321-fiber\/","title":{"rendered":"Bastulampa, glasfiberarmatur, 32+1-fiber"},"content":{"rendered":"<div class=\"product-descriptions-short\">\n<p>ECO-armaturen med 32+1 fiber \u00e4r l\u00e4mplig f\u00f6r stora tak. Inneh\u00e5ller 16+16 takfibrer och 1 st 5m takfiber med glasfiberlins. Skivl\u00e4ngd ca 5500 mm, rekommenderat avst\u00e5nd mellan fibrerna 250-300 mm.   <\/p>\n<p>Sun Saunas ECO-fiberoptiska armatur best\u00e5r av en transformator, en projektor och ett fiberoptiskt paket. Ljusk\u00e4llan \u00e4r marknadens b\u00e4sta Creen LED-lampa, som koncentrerar ljuset effektivt i fibern. Genom fibern leds ljuset till det \u00f6nskade objektet. F\u00f6rdelarna med fiberljuset \u00e4r l\u00e5ng livsl\u00e4ngd och n\u00e4stan fri placering i den \u00f6ppna spisen.   <\/p>\n<p>Taklampan i glasfiber \u00e4r ocks\u00e5 l\u00e4mplig f\u00f6r installation i prefabricerade bastur eftersom den inte kr\u00e4ver byte av paneler.+1 Installationen av taklampan i glasfiber kr\u00e4ver att takpanelerna tas bort. <\/p>\n<p>Den fiberoptiska armaturen har en mekanisk dimmer som g\u00f6r att du kan justera ljusfl\u00f6det efter eget tycke och smak. Takfibern kan inte dimras. <\/p>\n<p>Den tysta projektorn och transformatorn \u00e4r placerade i ett v\u00e4rme- och st\u00e4nks\u00e4kert h\u00f6lje, och armaturen \u00e4r godk\u00e4nd f\u00f6r installation under bastutaket. Fibrerna \u00e4r 3 mm i diameter och kan kapas till r\u00e4tt l\u00e4ngd med en mattkniv i samband med installationen. <\/p>\n<p>Sun Sauna taklampa i glasfiber levereras med illustrerade monteringsanvisningar.<\/p>\n<p><strong>Fiberl\u00e4ngd i armaturen: (tv\u00e5 identiska fiberbuntar)<\/strong><\/p>\n<ul>\n<li>1400 mm, 4 stycken<\/li>\n<li>1700 mm, 4 stycken<\/li>\n<li>2000 mm, 4 stycken<\/li>\n<li>2300 mm, 2 stycken<\/li>\n<li>2600 mm, 2 stycken<\/li>\n<li>+ 1 fiberbit med glasfiberlins, l\u00e4ngd 5000 mm (en av dessa medf\u00f6ljer)<\/li>\n<\/ul>\n<\/div>\n","protected":false},"excerpt":{"rendered":"<p>32+1 fiber ECO-armatur l\u00e4mplig f\u00f6r stora tak. Inneh\u00e5ller 16+16 takfibrer och 1 st 5m takfiber med glasfiberlins. Skivl\u00e4ngd ca 5500 mm, rekommenderat avst\u00e5nd mellan fibrerna 250-300 mm.   <\/p>\n","protected":false},"featured_media":1457,"comment_status":"closed","ping_status":"closed","template":"","meta":{"_acf_changed":false,"_page_background_color":""},"product_brand":[],"product_cat":[162],"product_tag":[],"class_list":{"0":"post-12439","1":"product","2":"type-product","3":"status-publish","4":"has-post-thumbnail","6":"product_cat-bastulampor","7":"product_shipping_class-paketti","9":"first","10":"instock","11":"taxable","12":"shipping-taxable","13":"purchasable","14":"product-type-simple"},"acf":[],"_links":{"self":[{"href":"https:\/\/sunsauna.fi\/sv\/wp-json\/wp\/v2\/product\/12439","targetHints":{"allow":["GET"]}}],"collection":[{"href":"https:\/\/sunsauna.fi\/sv\/wp-json\/wp\/v2\/product"}],"about":[{"href":"https:\/\/sunsauna.fi\/sv\/wp-json\/wp\/v2\/types\/product"}],"replies":[{"embeddable":true,"href":"https:\/\/sunsauna.fi\/sv\/wp-json\/wp\/v2\/comments?post=12439"}],"wp:featuredmedia":[{"embeddable":true,"href":"https:\/\/sunsauna.fi\/sv\/wp-json\/wp\/v2\/media\/1457"}],"wp:attachment":[{"href":"https:\/\/sunsauna.fi\/sv\/wp-json\/wp\/v2\/media?parent=12439"}],"wp:term":[{"taxonomy":"product_brand","embeddable":true,"href":"https:\/\/sunsauna.fi\/sv\/wp-json\/wp\/v2\/product_brand?post=12439"},{"taxonomy":"product_cat","embeddable":true,"href":"https:\/\/sunsauna.fi\/sv\/wp-json\/wp\/v2\/product_cat?post=12439"},{"taxonomy":"product_tag","embeddable":true,"href":"https:\/\/sunsauna.fi\/sv\/wp-json\/wp\/v2\/product_tag?post=12439"}],"curies":[{"name":"wp","href":"https:\/\/api.w.org\/{rel}","templated":true}]}}