{"id":12433,"date":"2018-02-23T10:47:29","date_gmt":"2018-02-23T10:47:29","guid":{"rendered":"https:\/\/sunsauna.fi\/tuote\/bastulampa-glasfiberarmatur-441-fiber\/"},"modified":"2018-02-23T10:47:29","modified_gmt":"2018-02-23T10:47:29","slug":"bastulampa-glasfiberarmatur-441-fiber","status":"publish","type":"product","link":"https:\/\/sunsauna.fi\/sv\/tuote\/bastulampa-glasfiberarmatur-441-fiber\/","title":{"rendered":"Bastulampa, glasfiberarmatur, 44+1-fiber"},"content":{"rendered":"<div class=\"product-descriptions-short\">\n<p>Med en lampa i tr\u00e4fiberskiva kan du skapa en varm atmosf\u00e4r i din bastu och en st\u00e4mningsfull belysning som reflekteras fr\u00e5n tr\u00e4ytan!<\/p>\n<p>ECO-armaturen med 44 fibrer \u00e4r l\u00e4mplig f\u00f6r stora tak. Armaturen inneh\u00e5ller tv\u00e5 22-fiberpaket och 1 fiberbit (l\u00e4ngd 5 m) ovanp\u00e5 kaminen med en kaminlins. <\/p>\n<p>Den fiberoptiska armaturen ECO best\u00e5r av en transformator, en projektor och ett fiberoptiskt buntband. Ljusk\u00e4llan \u00e4r den b\u00e4sta Creen LED-lampan p\u00e5 marknaden, som koncentrerar ljuset effektivt i fibern. Genom fibern leds ljuset till det \u00f6nskade objektet. F\u00f6rdelarna med fiberljuset \u00e4r l\u00e5ng livsl\u00e4ngd och n\u00e4stan fri placering i den \u00f6ppna spisen.   <\/p>\n<p>Taklampan i glasfiber \u00e4r ocks\u00e5 l\u00e4mplig f\u00f6r installation i prefabricerade bastur eftersom den inte kr\u00e4ver byte av paneler.+1 Installationen av taklampan i glasfiber kr\u00e4ver att takpanelerna tas bort. <\/p>\n<p>Den fiberoptiska armaturen har en mekanisk dimmer som g\u00f6r att du kan justera ljusfl\u00f6det efter eget tycke och smak. Takfibern kan inte dimras. <\/p>\n<p>Den tysta projektorn och transformatorn \u00e4r placerade i ett v\u00e4rme- och st\u00e4nks\u00e4kert h\u00f6lje, och armaturen \u00e4r godk\u00e4nd f\u00f6r installation under bastutaket. Fibrerna \u00e4r 3 mm i diameter och kan kapas till r\u00e4tt l\u00e4ngd med en mattkniv i samband med installationen. <\/p>\n<p>Sun Sauna taklampa i glasfiber levereras med illustrerade monteringsanvisningar.<\/p>\n<p><strong>Fiberl\u00e4ngd i armaturen: (tv\u00e5 identiska fiberbuntar)<\/strong><\/p>\n<ul>\n<li>1400 mm, 4 stycken<\/li>\n<li>1700 mm, 4 stycken<\/li>\n<li>2000 mm, 4 stycken<\/li>\n<li>2300 mm, 4 stycken<\/li>\n<li>2600 mm, 2 stycken<\/li>\n<li>2900 mm, 2 stycken<\/li>\n<li>3200 mm, 2 stycken<\/li>\n<li>+ 1 bit glasfibertak, l\u00e4ngd 5000 mm<\/li>\n<\/ul>\n<\/div>\n","protected":false},"excerpt":{"rendered":"<p>ECO-armaturen med 44 fibrer \u00e4r l\u00e4mplig f\u00f6r stora tak. Armaturen inneh\u00e5ller tv\u00e5 22-fiberpaket och 1 fiberbit (l\u00e4ngd 5 m) ovanp\u00e5 kaminen med en kaminlins. <\/p>\n","protected":false},"featured_media":1227,"comment_status":"closed","ping_status":"closed","template":"","meta":{"_acf_changed":false,"_page_background_color":""},"product_brand":[],"product_cat":[162],"product_tag":[166,165],"class_list":{"0":"post-12433","1":"product","2":"type-product","3":"status-publish","4":"has-post-thumbnail","6":"product_cat-bastulampor","7":"product_tag-armatur-av-glasfiber","8":"product_tag-bastulampa","9":"product_shipping_class-paketti","11":"first","12":"instock","13":"taxable","14":"shipping-taxable","15":"purchasable","16":"product-type-simple"},"acf":[],"_links":{"self":[{"href":"https:\/\/sunsauna.fi\/sv\/wp-json\/wp\/v2\/product\/12433","targetHints":{"allow":["GET"]}}],"collection":[{"href":"https:\/\/sunsauna.fi\/sv\/wp-json\/wp\/v2\/product"}],"about":[{"href":"https:\/\/sunsauna.fi\/sv\/wp-json\/wp\/v2\/types\/product"}],"replies":[{"embeddable":true,"href":"https:\/\/sunsauna.fi\/sv\/wp-json\/wp\/v2\/comments?post=12433"}],"wp:featuredmedia":[{"embeddable":true,"href":"https:\/\/sunsauna.fi\/sv\/wp-json\/wp\/v2\/media\/1227"}],"wp:attachment":[{"href":"https:\/\/sunsauna.fi\/sv\/wp-json\/wp\/v2\/media?parent=12433"}],"wp:term":[{"taxonomy":"product_brand","embeddable":true,"href":"https:\/\/sunsauna.fi\/sv\/wp-json\/wp\/v2\/product_brand?post=12433"},{"taxonomy":"product_cat","embeddable":true,"href":"https:\/\/sunsauna.fi\/sv\/wp-json\/wp\/v2\/product_cat?post=12433"},{"taxonomy":"product_tag","embeddable":true,"href":"https:\/\/sunsauna.fi\/sv\/wp-json\/wp\/v2\/product_tag?post=12433"}],"curies":[{"name":"wp","href":"https:\/\/api.w.org\/{rel}","templated":true}]}}