{"id":12047,"date":"2025-08-05T16:29:35","date_gmt":"2025-08-05T16:29:35","guid":{"rendered":"https:\/\/sunsauna.fi\/renovering-av-bastu\/renovering-av-bastu-jyvaskyla\/"},"modified":"2025-08-27T09:02:19","modified_gmt":"2025-08-27T09:02:19","slug":"renovering-av-bastu-jyvaskyla","status":"publish","type":"page","link":"https:\/\/sunsauna.fi\/sv\/renovering-av-bastu\/renovering-av-bastu-jyvaskyla\/","title":{"rendered":"Renovering av bastu Jyv\u00e4skyl\u00e4"},"content":{"rendered":"<section class=\"block block-hero\">\r\n            <div class=\"hero-media\">\r\n            <img decoding=\"async\" src=\"https:\/\/sunsauna.fi\/wp-content\/uploads\/2025\/08\/hero-1039x593.jpg\" alt=\"\" width=\"1496\" height=\"854\" srcset=\"https:\/\/sunsauna.fi\/wp-content\/uploads\/2025\/08\/hero-300x171.jpg 300w, https:\/\/sunsauna.fi\/wp-content\/uploads\/2025\/08\/hero-600x343.jpg 600w, https:\/\/sunsauna.fi\/wp-content\/uploads\/2025\/08\/hero-412x235.jpg 412w, https:\/\/sunsauna.fi\/wp-content\/uploads\/2025\/08\/hero-768x438.jpg 768w, https:\/\/sunsauna.fi\/wp-content\/uploads\/2025\/08\/hero-1024x585.jpg 1024w, https:\/\/sunsauna.fi\/wp-content\/uploads\/2025\/08\/hero-1039x593.jpg 1039w, https:\/\/sunsauna.fi\/wp-content\/uploads\/2025\/08\/hero-714x408.jpg 714w, https:\/\/sunsauna.fi\/wp-content\/uploads\/2025\/08\/hero-590x337.jpg 590w, https:\/\/sunsauna.fi\/wp-content\/uploads\/2025\/08\/hero.jpg 1496w\" data-no-lazy=\"1\" fetchpriority=\"high\">        <\/div>\r\n    \r\n    <div class=\"hero-content\">\r\n        <div class=\"container\">\r\n            <div class=\"content-container reveal\">\r\n                \n<div class=\"wp-block-wds-hero\">\n<h1 class=\"wp-block-heading\">Renovering av bastu Jyv\u00e4skyl\u00e4<\/h1>\n\n\n\n<p>Basturenoveringar i Jyv\u00e4skyl\u00e4-omr\u00e5det med professionalism, snabbt och till ett \u00f6verkomligt pris!<\/p>\n\n\n\n<div class=\"wp-block-buttons is-layout-flex wp-block-buttons-is-layout-flex\">\n<div class=\"wp-block-button\"><a class=\"wp-block-button__link wp-element-button\" href=\"#yhteydenotto\">Kontakta oss<\/a><\/div>\n<\/div>\n<\/div>\n            <\/div>\r\n        <\/div>\r\n    <\/div>\r\n<\/section><section class=\"block block-basic\">\r\n    <div class=\"container\">\r\n        <div class=\"content-container reveal\">\r\n            \n<div class=\"wp-block-wds-basic\">\n<h2 class=\"wp-block-heading\">Har du letat efter en basturenoverare i Jyv\u00e4skyl\u00e4? Hur mycket kostar det att renovera en bastu? <\/h2>\n\n\n\n<p>Nu \u00e4r det enkelt att renovera din bastu med hj\u00e4rtat p\u00e5 r\u00e4tta st\u00e4llet!<\/p>\n\n\n\n<p>Vi p\u00e5 Sun Sauna \u00e4r lokala bastuproffs i Jyv\u00e4skyl\u00e4 och bygger din bastu med gedigen professionalism och \u00f6ver 25 \u00e5rs erfarenhet. Du kan antingen best\u00e4lla ett f\u00e4rdigt bastubyggnadspaket med det inneh\u00e5ll du vill ha och installera det sj\u00e4lv, eller l\u00e5ta g\u00f6ra hela renoveringen p\u00e5 nyckelf\u00e4rdig basis. V\u00e5ra basturenoverare \u00e4r erfarna snickare, s\u00e5 du har de b\u00e4sta yrkesm\u00e4nnen i branschen till ditt f\u00f6rfogande.  <\/p>\n\n\n\n<p>Vi utformar varje bastu tillsammans med kunden utifr\u00e5n dennes behov och \u00f6nskem\u00e5l och utifr\u00e5n det utrymme som finns tillg\u00e4ngligt. H\u00f6gkvalitativa material i kombination med professionell design och noggrant utf\u00f6rande garanterar ett h\u00f6gkvalitativt slutresultat som du kommer att njuta av i m\u00e5nga \u00e5r fram\u00f6ver. <\/p>\n\n\n\n<p><strong>I bastufabriken (Kuormaajantie 40, Jyv\u00e4skyl\u00e4, Sepp\u00e4l\u00e4nkangas) finns en bastuutst\u00e4llning d\u00e4r man kan se bastuns design och material.<\/strong> <\/p>\n\n\n\n<p><strong>Om du vill kan du ocks\u00e5 bjuda in v\u00e5ra bastuexperter till ditt hem, d\u00e4r de kontrollerar m\u00e5tten p\u00e5 din bastu och ger dig en offert p\u00e5 en basturenovering.<\/strong><\/p>\n\n\n\n<p>Bastufabriken har ocks\u00e5 ett samlingslager, d\u00e4r du kan h\u00e4mta ett brett utbud av bastubyggnadsmaterial direkt.<\/p>\n\n\n\n<p>Det \u00e4r enkelt att budgetera f\u00f6r din basturenovering med v\u00e5rt designverktyg, v\u00e4lj \u00f6nskad bastukollektion och ange bastuns m\u00e5tt samt placeringen av kaminen och d\u00f6rren. Programmet kommer att ge dig alternativ f\u00f6r en l\u00e4mplig bastudesign f\u00f6r ditt utrymme. Genom att skicka oss din design f\u00e5r du en offert f\u00f6r din bastu via e-post eller ett bastuavtal till fast pris.  <\/p>\n\n\n\n<p>P\u00e5 v\u00e5r renoveringswebbplats finns ocks\u00e5 bra anvisningar f\u00f6r bastumont\u00f6r eller g\u00f6r det sj\u00e4lv-renovering av bastu.<br\/>Du kommer att bli f\u00f6rv\u00e5nad \u00f6ver hur enkelt det \u00e4r att renovera bastun, oavsett om du g\u00f6r det sj\u00e4lv eller l\u00e5ter en fackman g\u00f6ra det.<\/p>\n\n\n\n<p><strong>V\u00e4lkommen att bes\u00f6ka v\u00e5ra produkter!<\/strong><\/p>\n\n\n\n<div class=\"wp-block-buttons is-layout-flex wp-block-buttons-is-layout-flex\">\n<div class=\"wp-block-button\"><a class=\"wp-block-button__link wp-element-button\" href=\"https:\/\/sunsauna.fi\/sv\/renovering-av-bastu\/\">L\u00e4s mer om renovering av bastu<\/a><\/div>\n<\/div>\n<\/div>\n        <\/div>\r\n    <\/div>\r\n<\/section>\n<p><\/p>\n","protected":false},"excerpt":{"rendered":"","protected":false},"author":2,"featured_media":11635,"parent":11608,"menu_order":0,"comment_status":"closed","ping_status":"closed","template":"","meta":{"_acf_changed":false,"_page_background_color":"","footnotes":""},"class_list":["post-12047","page","type-page","status-publish","has-post-thumbnail","hentry"],"acf":[],"featured_image_src":"https:\/\/sunsauna.fi\/wp-content\/uploads\/2025\/08\/hero.jpg","_links":{"self":[{"href":"https:\/\/sunsauna.fi\/sv\/wp-json\/wp\/v2\/pages\/12047","targetHints":{"allow":["GET"]}}],"collection":[{"href":"https:\/\/sunsauna.fi\/sv\/wp-json\/wp\/v2\/pages"}],"about":[{"href":"https:\/\/sunsauna.fi\/sv\/wp-json\/wp\/v2\/types\/page"}],"author":[{"embeddable":true,"href":"https:\/\/sunsauna.fi\/sv\/wp-json\/wp\/v2\/users\/2"}],"replies":[{"embeddable":true,"href":"https:\/\/sunsauna.fi\/sv\/wp-json\/wp\/v2\/comments?post=12047"}],"version-history":[{"count":1,"href":"https:\/\/sunsauna.fi\/sv\/wp-json\/wp\/v2\/pages\/12047\/revisions"}],"predecessor-version":[{"id":12049,"href":"https:\/\/sunsauna.fi\/sv\/wp-json\/wp\/v2\/pages\/12047\/revisions\/12049"}],"up":[{"embeddable":true,"href":"https:\/\/sunsauna.fi\/sv\/wp-json\/wp\/v2\/pages\/11608"}],"wp:featuredmedia":[{"embeddable":true,"href":"https:\/\/sunsauna.fi\/sv\/wp-json\/wp\/v2\/media\/11635"}],"wp:attachment":[{"href":"https:\/\/sunsauna.fi\/sv\/wp-json\/wp\/v2\/media?parent=12047"}],"curies":[{"name":"wp","href":"https:\/\/api.w.org\/{rel}","templated":true}]}}