{"id":12036,"date":"2025-08-05T16:36:59","date_gmt":"2025-08-05T16:36:59","guid":{"rendered":"https:\/\/sunsauna.fi\/renovering-av-bastu\/renovering-av-bastu-inkoo\/"},"modified":"2025-08-27T09:02:13","modified_gmt":"2025-08-27T09:02:13","slug":"renovering-av-bastu-inkoo","status":"publish","type":"page","link":"https:\/\/sunsauna.fi\/sv\/renovering-av-bastu\/renovering-av-bastu-inkoo\/","title":{"rendered":"Renovering av bastu Inkoo"},"content":{"rendered":"<section class=\"block block-hero\">\r\n            <div class=\"hero-media\">\r\n            <img decoding=\"async\" src=\"https:\/\/sunsauna.fi\/wp-content\/uploads\/2025\/08\/hero-1039x593.jpg\" alt=\"\" width=\"1496\" height=\"854\" srcset=\"https:\/\/sunsauna.fi\/wp-content\/uploads\/2025\/08\/hero-300x171.jpg 300w, https:\/\/sunsauna.fi\/wp-content\/uploads\/2025\/08\/hero-600x343.jpg 600w, https:\/\/sunsauna.fi\/wp-content\/uploads\/2025\/08\/hero-412x235.jpg 412w, https:\/\/sunsauna.fi\/wp-content\/uploads\/2025\/08\/hero-768x438.jpg 768w, https:\/\/sunsauna.fi\/wp-content\/uploads\/2025\/08\/hero-1024x585.jpg 1024w, https:\/\/sunsauna.fi\/wp-content\/uploads\/2025\/08\/hero-1039x593.jpg 1039w, https:\/\/sunsauna.fi\/wp-content\/uploads\/2025\/08\/hero-714x408.jpg 714w, https:\/\/sunsauna.fi\/wp-content\/uploads\/2025\/08\/hero-590x337.jpg 590w, https:\/\/sunsauna.fi\/wp-content\/uploads\/2025\/08\/hero.jpg 1496w\" data-no-lazy=\"1\" fetchpriority=\"high\">        <\/div>\r\n    \r\n    <div class=\"hero-content\">\r\n        <div class=\"container\">\r\n            <div class=\"content-container reveal\">\r\n                \n<div class=\"wp-block-wds-hero\">\n<h1 class=\"wp-block-heading\">Renovering av bastu Inkoo<\/h1>\n\n\n\n<p>Basturenoveringar i Ing\u00e5omr\u00e5det med professionalism och konkurrenskraftiga priser!<\/p>\n\n\n\n<div class=\"wp-block-buttons is-layout-flex wp-block-buttons-is-layout-flex\">\n<div class=\"wp-block-button\"><a class=\"wp-block-button__link wp-element-button\" href=\"#yhteydenotto\">Kontakta oss<\/a><\/div>\n<\/div>\n<\/div>\n            <\/div>\r\n        <\/div>\r\n    <\/div>\r\n<\/section><section class=\"block block-basic\">\r\n    <div class=\"container\">\r\n        <div class=\"content-container reveal\">\r\n            \n<div class=\"wp-block-wds-basic\">\n<h2 class=\"wp-block-heading\">Har du letat efter en basturenoverare i Inkoose? Hur mycket kostar det att renovera en bastu? <\/h2>\n\n\n\n<p><strong>Fr\u00e5n hj\u00e4rtat \u00e4r det enkelt att renovera din bastu!<\/strong><\/p>\n\n\n\n<p>Sun Sauna \u00e4r ett bastuproffs med \u00f6ver 25 \u00e5rs erfarenhet. Vi utf\u00f6r basturenoveringar antingen genom att leverera ett materialpaket som kunden eller dennes snickare monterar eller genom att utf\u00f6ra hela renoveringen p\u00e5 totalentreprenad. Vi har ett urval av h\u00f6gkvalitativa bastumaterial som kan levereras till byggplatsen med kort leveranstid. Ett skr\u00e4ddarsytt bastupaket levereras fr\u00e5n v\u00e5r fabrik i Ing\u00e5 till din basturenovering p\u00e5 ett par dagar.   <\/p>\n\n\n\n<p>Basturenoveringen utf\u00f6rs av v\u00e5ra installat\u00f6rer, s\u00e5 slutresultatet \u00e4r garanterat Sun Sauna-kvalitet och \u00f6verkomligt pris. Sun Sauna \u00e4r ett p\u00e5litligt basturenoveringsf\u00f6retag, vi h\u00f6r till Tilaajavastuu.fi-registret och v\u00e5r kreditv\u00e4rdighet \u00e4r den h\u00f6gsta Platinum Special Certificate of Finland&#8217;s Strongest. <\/p>\n\n\n\n<p>Vi utformar varje bastu tillsammans med kunden utifr\u00e5n dennes behov och \u00f6nskem\u00e5l och utifr\u00e5n det utrymme som finns tillg\u00e4ngligt. H\u00f6gkvalitativa material i kombination med professionell design och noggrant utf\u00f6rande garanterar ett h\u00f6gkvalitativt slutresultat som du kommer att njuta av i m\u00e5nga \u00e5r fram\u00f6ver. <\/p>\n\n\n\n<h3 class=\"wp-block-heading\">I v\u00e5r bastuutst\u00e4llning i Varisto (Kalustetie 1) i Vanda finns sex modellbastur med olika panel- och kakelmaterial samt kakelutformningar.<\/h3>\n\n\n\n<p><strong>V\u00e4lkommen att se hur bastumaterialen ser ut och kom \u00f6verens om inneh\u00e5llet i din basturenovering med hj\u00e4lp av v\u00e5ra bastuexperter!<\/strong><\/p>\n\n\n\n<p>Att budgetera f\u00f6r en basturenovering \u00e4r ocks\u00e5 enkelt online med v\u00e5rt designverktyg, v\u00e4lj bara \u00f6nskad bastukollektion och ange bastuns m\u00e5tt och placeringen av ugnen och d\u00f6rren. Programmet kommer att ge dig alternativ f\u00f6r r\u00e4tt bastudesign f\u00f6r ditt utrymme. Genom att skicka din design till oss f\u00e5r du en kostnadsfri, specificerad offert f\u00f6r din bastu och dess renovering via e-post.  <\/p>\n\n\n\n<p>P\u00e5 v\u00e5r renoveringshemsida finns ocks\u00e5 goda r\u00e5d om hur du g\u00f6r sj\u00e4lv.<br\/>Du kommer att bli f\u00f6rv\u00e5nad \u00f6ver hur enkelt det \u00e4r att renovera din bastu, oavsett om du g\u00f6r det sj\u00e4lv eller l\u00e5ter en fackman g\u00f6ra det.<\/p>\n\n\n\n<p><strong>V\u00e4lkommen att bes\u00f6ka v\u00e5ra produkter!<\/strong><\/p>\n\n\n\n<div class=\"wp-block-buttons is-layout-flex wp-block-buttons-is-layout-flex\">\n<div class=\"wp-block-button\"><a class=\"wp-block-button__link wp-element-button\" href=\"https:\/\/sunsauna.fi\/sv\/renovering-av-bastu\/\">L\u00e4s mer om renovering av bastu<\/a><\/div>\n<\/div>\n<\/div>\n        <\/div>\r\n    <\/div>\r\n<\/section>\n<p><\/p>\n","protected":false},"excerpt":{"rendered":"","protected":false},"author":2,"featured_media":11635,"parent":11608,"menu_order":0,"comment_status":"closed","ping_status":"closed","template":"","meta":{"_acf_changed":false,"_page_background_color":"","footnotes":""},"class_list":["post-12036","page","type-page","status-publish","has-post-thumbnail","hentry"],"acf":[],"featured_image_src":"https:\/\/sunsauna.fi\/wp-content\/uploads\/2025\/08\/hero.jpg","_links":{"self":[{"href":"https:\/\/sunsauna.fi\/sv\/wp-json\/wp\/v2\/pages\/12036","targetHints":{"allow":["GET"]}}],"collection":[{"href":"https:\/\/sunsauna.fi\/sv\/wp-json\/wp\/v2\/pages"}],"about":[{"href":"https:\/\/sunsauna.fi\/sv\/wp-json\/wp\/v2\/types\/page"}],"author":[{"embeddable":true,"href":"https:\/\/sunsauna.fi\/sv\/wp-json\/wp\/v2\/users\/2"}],"replies":[{"embeddable":true,"href":"https:\/\/sunsauna.fi\/sv\/wp-json\/wp\/v2\/comments?post=12036"}],"version-history":[{"count":1,"href":"https:\/\/sunsauna.fi\/sv\/wp-json\/wp\/v2\/pages\/12036\/revisions"}],"predecessor-version":[{"id":12038,"href":"https:\/\/sunsauna.fi\/sv\/wp-json\/wp\/v2\/pages\/12036\/revisions\/12038"}],"up":[{"embeddable":true,"href":"https:\/\/sunsauna.fi\/sv\/wp-json\/wp\/v2\/pages\/11608"}],"wp:featuredmedia":[{"embeddable":true,"href":"https:\/\/sunsauna.fi\/sv\/wp-json\/wp\/v2\/media\/11635"}],"wp:attachment":[{"href":"https:\/\/sunsauna.fi\/sv\/wp-json\/wp\/v2\/media?parent=12036"}],"curies":[{"name":"wp","href":"https:\/\/api.w.org\/{rel}","templated":true}]}}