{"id":12015,"date":"2025-08-05T16:47:13","date_gmt":"2025-08-05T16:47:13","guid":{"rendered":"https:\/\/sunsauna.fi\/renovering-av-bastu\/renovering-av-bastu-esbo\/"},"modified":"2025-08-27T09:02:07","modified_gmt":"2025-08-27T09:02:07","slug":"renovering-av-bastu-esbo","status":"publish","type":"page","link":"https:\/\/sunsauna.fi\/sv\/renovering-av-bastu\/renovering-av-bastu-esbo\/","title":{"rendered":"Renovering av bastu Esbo"},"content":{"rendered":"<section class=\"block block-hero\">\r\n            <div class=\"hero-media\">\r\n            <img decoding=\"async\" src=\"https:\/\/sunsauna.fi\/wp-content\/uploads\/2025\/08\/hero-1039x593.jpg\" alt=\"\" width=\"1496\" height=\"854\" srcset=\"https:\/\/sunsauna.fi\/wp-content\/uploads\/2025\/08\/hero-300x171.jpg 300w, https:\/\/sunsauna.fi\/wp-content\/uploads\/2025\/08\/hero-600x343.jpg 600w, https:\/\/sunsauna.fi\/wp-content\/uploads\/2025\/08\/hero-412x235.jpg 412w, https:\/\/sunsauna.fi\/wp-content\/uploads\/2025\/08\/hero-768x438.jpg 768w, https:\/\/sunsauna.fi\/wp-content\/uploads\/2025\/08\/hero-1024x585.jpg 1024w, https:\/\/sunsauna.fi\/wp-content\/uploads\/2025\/08\/hero-1039x593.jpg 1039w, https:\/\/sunsauna.fi\/wp-content\/uploads\/2025\/08\/hero-714x408.jpg 714w, https:\/\/sunsauna.fi\/wp-content\/uploads\/2025\/08\/hero-590x337.jpg 590w, https:\/\/sunsauna.fi\/wp-content\/uploads\/2025\/08\/hero.jpg 1496w\" data-no-lazy=\"1\" fetchpriority=\"high\">        <\/div>\r\n    \r\n    <div class=\"hero-content\">\r\n        <div class=\"container\">\r\n            <div class=\"content-container reveal\">\r\n                \n<div class=\"wp-block-wds-hero\">\n<h1 class=\"wp-block-heading\">Renovering av bastu Esbo<\/h1>\n\n\n\n<p>Basturenoveringar i Esbo-omr\u00e5det med professionalism och konkurrenskraftiga priser!<\/p>\n\n\n\n<div class=\"wp-block-buttons is-layout-flex wp-block-buttons-is-layout-flex\">\n<div class=\"wp-block-button\"><a class=\"wp-block-button__link wp-element-button\" href=\"#yhteydenotto\">Kontakta oss<\/a><\/div>\n<\/div>\n<\/div>\n            <\/div>\r\n        <\/div>\r\n    <\/div>\r\n<\/section><section class=\"block block-basic\">\r\n    <div class=\"container\">\r\n        <div class=\"content-container reveal\">\r\n            \n<div class=\"wp-block-wds-basic\">\n<h2 class=\"wp-block-heading\">Har du letat efter en basturenoverare i Esbo? Hur mycket kostar det att renovera en bastu? <\/h2>\n\n\n\n<p><strong>Fr\u00e5n hj\u00e4rtat \u00e4r det enkelt att renovera din bastu!<\/strong><\/p>\n\n\n\n<p>Sun Sauna \u00e4r ett bastuproffs med mer \u00e4n 25 \u00e5rs erfarenhet, vi utf\u00f6r basturenoveringar, antingen genom att leverera ett paket med material som kunden eller hans snickare installerar, eller genom att utf\u00f6ra hela basturenoveringen p\u00e5 nyckelf\u00e4rdig basis.<\/p>\n\n\n\n<p>Vi har ett lager av utvalda, h\u00f6gkvalitativa bastubyggnadsmaterial som kan levereras till platsen med kort leveranstid. Bastupaketet levereras fr\u00e5n v\u00e5r fabrik i Esbo inom ett par dagar. Beroende p\u00e5 projektets storlek \u00e4r basturenoveringen klar inom 3-5 arbetsdagar.  <br\/>Basturenoveringen utf\u00f6rs av v\u00e5r lokala installat\u00f6r, s\u00e5 slutresultatet \u00e4r garanterad Sun Sauna-kvalitet och priset \u00e4r \u00f6verkomligt. Det fasta avtalspriset f\u00f6r basturenoveringen avtalas alltid skriftligt p\u00e5 f\u00f6rhand. V\u00e5ra mont\u00f6rer \u00e4r erfarna snickare som uteslutande bygger bastur, s\u00e5 du har de b\u00e4sta proffsen i branschen till ditt f\u00f6rfogande.  <\/p>\n\n\n\n<p>Vi utformar varje bastu tillsammans med kunden utifr\u00e5n dennes behov och \u00f6nskem\u00e5l och utifr\u00e5n det utrymme som finns tillg\u00e4ngligt. H\u00f6gkvalitativa material i kombination med professionell design och noggrant utf\u00f6rande garanterar ett h\u00f6gkvalitativt slutresultat som du kommer att njuta av i m\u00e5nga \u00e5r fram\u00f6ver. <\/p>\n\n\n\n<h3 class=\"wp-block-heading\"><strong>Fr\u00e5n Esbo \u00e4r det ocks\u00e5 l\u00e4tt att bes\u00f6ka v\u00e5r bastuutst\u00e4llning i Varisto (Kaulustetie 1) p\u00e5 Ring III.  <\/strong><\/h3>\n\n\n\n<p><strong>I butiken finns sex bastumodeller med olika panel- och staketmaterial samt staketutformningar.<\/strong> <strong>V\u00e4lkommen att se hur bastumaterialet ser ut och komma \u00f6verens om inneh\u00e5llet i och tidtabellen f\u00f6r basturenoveringen med hj\u00e4lp av v\u00e5r bastuexpert!<\/strong>ne.<\/p>\n\n\n\n<p>P\u00e5 v\u00e5r renoveringssida finns ocks\u00e5 bra anvisningar f\u00f6r bastuinstallat\u00f6ren eller f\u00f6r den som g\u00f6r basturenoveringen sj\u00e4lv.<\/p>\n\n\n\n<p>Du kommer att bli f\u00f6rv\u00e5nad \u00f6ver hur enkelt det \u00e4r att renovera din bastu, oavsett om du g\u00f6r det sj\u00e4lv eller l\u00e5ter en fackman g\u00f6ra det.<\/p>\n\n\n\n<p>Det \u00e4r enkelt att budgetera f\u00f6r en basturenovering med v\u00e5rt designverktyg, v\u00e4lj bara \u00f6nskad bastukollektion och ange bastuns m\u00e5tt och placeringen av kaminen och d\u00f6rren. Programmet ger dig alternativ f\u00f6r en l\u00e4mplig bastudesign f\u00f6r ditt utrymme. N\u00e4r du skickar din design till oss f\u00e5r du en specificerad offert f\u00f6r leverans av material till din bastu eller en komplett basturenovering via e-post.  <\/p>\n\n\n\n<figure class=\"wp-block-image size-full\"><img loading=\"lazy\" decoding=\"async\" width=\"544\" height=\"255\" src=\"https:\/\/sunsauna.fi\/wp-content\/uploads\/2025\/08\/Relax_lauteet_hansgrohe_suihku_poreamme_luonnonkiviseina_kiukaan_takana-e1523446189742-544x255-1.jpg\" alt=\"\" class=\"wp-image-598\"\/><\/figure>\n\n\n\n<p>P\u00e5 v\u00e5r renoveringshemsida finns ocks\u00e5 goda r\u00e5d om hur du g\u00f6r sj\u00e4lv.<br\/>Du kommer att bli f\u00f6rv\u00e5nad \u00f6ver hur enkelt det \u00e4r att renovera din bastu, oavsett om du g\u00f6r det sj\u00e4lv eller l\u00e5ter en fackman g\u00f6ra det.<\/p>\n\n\n\n<div class=\"wp-block-buttons is-layout-flex wp-block-buttons-is-layout-flex\">\n<div class=\"wp-block-button\"><a class=\"wp-block-button__link wp-element-button\" href=\"https:\/\/sunsauna.fi\/sv\/renovering-av-bastu\/\">L\u00e4s mer om renovering av bastu<\/a><\/div>\n<\/div>\n<\/div>\n        <\/div>\r\n    <\/div>\r\n<\/section>\n<p><\/p>\n","protected":false},"excerpt":{"rendered":"","protected":false},"author":2,"featured_media":11635,"parent":11608,"menu_order":0,"comment_status":"closed","ping_status":"closed","template":"","meta":{"_acf_changed":false,"_page_background_color":"","footnotes":""},"class_list":["post-12015","page","type-page","status-publish","has-post-thumbnail","hentry"],"acf":[],"featured_image_src":"https:\/\/sunsauna.fi\/wp-content\/uploads\/2025\/08\/hero.jpg","_links":{"self":[{"href":"https:\/\/sunsauna.fi\/sv\/wp-json\/wp\/v2\/pages\/12015","targetHints":{"allow":["GET"]}}],"collection":[{"href":"https:\/\/sunsauna.fi\/sv\/wp-json\/wp\/v2\/pages"}],"about":[{"href":"https:\/\/sunsauna.fi\/sv\/wp-json\/wp\/v2\/types\/page"}],"author":[{"embeddable":true,"href":"https:\/\/sunsauna.fi\/sv\/wp-json\/wp\/v2\/users\/2"}],"replies":[{"embeddable":true,"href":"https:\/\/sunsauna.fi\/sv\/wp-json\/wp\/v2\/comments?post=12015"}],"version-history":[{"count":1,"href":"https:\/\/sunsauna.fi\/sv\/wp-json\/wp\/v2\/pages\/12015\/revisions"}],"predecessor-version":[{"id":12017,"href":"https:\/\/sunsauna.fi\/sv\/wp-json\/wp\/v2\/pages\/12015\/revisions\/12017"}],"up":[{"embeddable":true,"href":"https:\/\/sunsauna.fi\/sv\/wp-json\/wp\/v2\/pages\/11608"}],"wp:featuredmedia":[{"embeddable":true,"href":"https:\/\/sunsauna.fi\/sv\/wp-json\/wp\/v2\/media\/11635"}],"wp:attachment":[{"href":"https:\/\/sunsauna.fi\/sv\/wp-json\/wp\/v2\/media?parent=12015"}],"curies":[{"name":"wp","href":"https:\/\/api.w.org\/{rel}","templated":true}]}}