{"id":12007,"date":"2025-08-05T16:48:50","date_gmt":"2025-08-05T16:48:50","guid":{"rendered":"https:\/\/sunsauna.fi\/renovering-av-bastu\/renovering-av-bastu-aanekoski\/"},"modified":"2025-08-27T09:02:07","modified_gmt":"2025-08-27T09:02:07","slug":"renovering-av-bastu-aanekoski","status":"publish","type":"page","link":"https:\/\/sunsauna.fi\/sv\/renovering-av-bastu\/renovering-av-bastu-aanekoski\/","title":{"rendered":"Renovering av bastu \u00c4\u00e4nekoski"},"content":{"rendered":"<section class=\"block block-hero\">\r\n            <div class=\"hero-media\">\r\n            <img decoding=\"async\" src=\"https:\/\/sunsauna.fi\/wp-content\/uploads\/2025\/08\/hero-1039x593.jpg\" alt=\"\" width=\"1496\" height=\"854\" srcset=\"https:\/\/sunsauna.fi\/wp-content\/uploads\/2025\/08\/hero-300x171.jpg 300w, https:\/\/sunsauna.fi\/wp-content\/uploads\/2025\/08\/hero-600x343.jpg 600w, https:\/\/sunsauna.fi\/wp-content\/uploads\/2025\/08\/hero-412x235.jpg 412w, https:\/\/sunsauna.fi\/wp-content\/uploads\/2025\/08\/hero-768x438.jpg 768w, https:\/\/sunsauna.fi\/wp-content\/uploads\/2025\/08\/hero-1024x585.jpg 1024w, https:\/\/sunsauna.fi\/wp-content\/uploads\/2025\/08\/hero-1039x593.jpg 1039w, https:\/\/sunsauna.fi\/wp-content\/uploads\/2025\/08\/hero-714x408.jpg 714w, https:\/\/sunsauna.fi\/wp-content\/uploads\/2025\/08\/hero-590x337.jpg 590w, https:\/\/sunsauna.fi\/wp-content\/uploads\/2025\/08\/hero.jpg 1496w\" data-no-lazy=\"1\" fetchpriority=\"high\">        <\/div>\r\n    \r\n    <div class=\"hero-content\">\r\n        <div class=\"container\">\r\n            <div class=\"content-container reveal\">\r\n                \n<div class=\"wp-block-wds-hero\">\n<h1 class=\"wp-block-heading\">Renovering av bastu \u00c4\u00e4nekoski<\/h1>\n\n\n\n<p>Basturenoveringar i \u00c4\u00e4nekoski-omr\u00e5det med professionalism och konkurrenskraftiga priser!<\/p>\n\n\n\n<div class=\"wp-block-buttons is-layout-flex wp-block-buttons-is-layout-flex\">\n<div class=\"wp-block-button\"><a class=\"wp-block-button__link wp-element-button\" href=\"#yhteydenotto\">Kontakta oss<\/a><\/div>\n<\/div>\n<\/div>\n            <\/div>\r\n        <\/div>\r\n    <\/div>\r\n<\/section><section class=\"block block-basic\">\r\n    <div class=\"container\">\r\n        <div class=\"content-container reveal\">\r\n            \n<div class=\"wp-block-wds-basic\">\n<h2 class=\"wp-block-heading\">Har du letat efter en basturenoverare i \u00c4\u00e4nekoski? Hur mycket kostar det att renovera en bastu? <\/h2>\n\n\n\n<p><strong>Fr\u00e5n hj\u00e4rtat \u00e4r det enkelt att renovera din bastu!<\/strong><\/p>\n\n\n\n<p>Nu \u00e4r det enkelt att renovera din bastu med hj\u00e4rtat p\u00e5 r\u00e4tta st\u00e4llet!<\/p>\n\n\n\n<p>Vi p\u00e5 Sun Sauna \u00e4r bastuproffs som bygger din bastu med gediget hantverkskunnande och \u00f6ver 25 \u00e5rs erfarenhet. Du kan antingen best\u00e4lla ett basturenoveringspaket med valfritt inneh\u00e5ll och montera det sj\u00e4lv, eller s\u00e5 kan du f\u00e5 hela renoveringen nyckelf\u00e4rdig. V\u00e5ra mont\u00f6rer \u00e4r erfarna snickare som uteslutande bygger bastur, s\u00e5 du har de b\u00e4sta yrkesm\u00e4nnen i branschen till ditt f\u00f6rfogande.  <\/p>\n\n\n\n<p>Vi utformar varje bastu tillsammans med kunden utifr\u00e5n dennes behov och \u00f6nskem\u00e5l och utifr\u00e5n det utrymme som finns tillg\u00e4ngligt. H\u00f6gkvalitativa material i kombination med professionell design och noggrant utf\u00f6rande garanterar ett h\u00f6gkvalitativt slutresultat som du kommer att njuta av i m\u00e5nga \u00e5r fram\u00f6ver. <\/p>\n\n\n\n<h3 class=\"wp-block-heading\"><strong>I bastufabriken (Kuormaajantie 40, Jyv\u00e4skyl\u00e4, Sepp\u00e4l\u00e4nkangas) finns en bastuutst\u00e4llning d\u00e4r man kan se bastuns design och material.<\/strong> <\/h3>\n\n\n\n<p><strong>Om du vill kan du ocks\u00e5 bjuda in v\u00e5ra bastuexperter till ditt hem, d\u00e4r de kontrollerar m\u00e5tten p\u00e5 din bastu och ger dig en offert p\u00e5 basturenoveringen.<\/strong><\/p>\n\n\n\n<p>Du kan h\u00e4mta ett brett sortiment av bastubyggnadstillbeh\u00f6r fr\u00e5n fabrikens h\u00e4mtningslager.<br\/>Att budgetera f\u00f6r en basturenovering \u00e4r enkelt med v\u00e5rt designprogram, v\u00e4lj bara \u00f6nskad basturumskollektion och ange bastuns m\u00e5tt och placeringen av spisen och d\u00f6rren. Programmet kommer att ge dig alternativ f\u00f6r r\u00e4tt bastudesign f\u00f6r ditt utrymme. Genom att skicka din design till oss f\u00e5r du en offert f\u00f6r din bastu via e-post.  <\/p>\n\n\n\n<p>P\u00e5 v\u00e5r renoveringssida finns ocks\u00e5 bra anvisningar f\u00f6r bastuinstallat\u00f6ren eller f\u00f6r den som g\u00f6r basturenoveringen sj\u00e4lv.<\/p>\n\n\n\n<p><br\/>Du kommer att bli f\u00f6rv\u00e5nad \u00f6ver hur enkelt det \u00e4r att renovera din bastu, oavsett om du g\u00f6r det sj\u00e4lv eller l\u00e5ter en fackman g\u00f6ra det.<\/p>\n\n\n\n<div class=\"wp-block-buttons is-layout-flex wp-block-buttons-is-layout-flex\">\n<div class=\"wp-block-button\"><a class=\"wp-block-button__link wp-element-button\" href=\"https:\/\/sunsauna.fi\/sv\/renovering-av-bastu\/\">L\u00e4s mer om renovering av bastu<\/a><\/div>\n<\/div>\n<\/div>\n        <\/div>\r\n    <\/div>\r\n<\/section>\n<p><\/p>\n","protected":false},"excerpt":{"rendered":"","protected":false},"author":2,"featured_media":11635,"parent":11608,"menu_order":0,"comment_status":"closed","ping_status":"closed","template":"","meta":{"_acf_changed":false,"_page_background_color":"","footnotes":""},"class_list":["post-12007","page","type-page","status-publish","has-post-thumbnail","hentry"],"acf":[],"featured_image_src":"https:\/\/sunsauna.fi\/wp-content\/uploads\/2025\/08\/hero.jpg","_links":{"self":[{"href":"https:\/\/sunsauna.fi\/sv\/wp-json\/wp\/v2\/pages\/12007","targetHints":{"allow":["GET"]}}],"collection":[{"href":"https:\/\/sunsauna.fi\/sv\/wp-json\/wp\/v2\/pages"}],"about":[{"href":"https:\/\/sunsauna.fi\/sv\/wp-json\/wp\/v2\/types\/page"}],"author":[{"embeddable":true,"href":"https:\/\/sunsauna.fi\/sv\/wp-json\/wp\/v2\/users\/2"}],"replies":[{"embeddable":true,"href":"https:\/\/sunsauna.fi\/sv\/wp-json\/wp\/v2\/comments?post=12007"}],"version-history":[{"count":1,"href":"https:\/\/sunsauna.fi\/sv\/wp-json\/wp\/v2\/pages\/12007\/revisions"}],"predecessor-version":[{"id":12009,"href":"https:\/\/sunsauna.fi\/sv\/wp-json\/wp\/v2\/pages\/12007\/revisions\/12009"}],"up":[{"embeddable":true,"href":"https:\/\/sunsauna.fi\/sv\/wp-json\/wp\/v2\/pages\/11608"}],"wp:featuredmedia":[{"embeddable":true,"href":"https:\/\/sunsauna.fi\/sv\/wp-json\/wp\/v2\/media\/11635"}],"wp:attachment":[{"href":"https:\/\/sunsauna.fi\/sv\/wp-json\/wp\/v2\/media?parent=12007"}],"curies":[{"name":"wp","href":"https:\/\/api.w.org\/{rel}","templated":true}]}}