{"id":11995,"date":"2025-08-15T14:32:54","date_gmt":"2025-08-15T14:32:54","guid":{"rendered":"https:\/\/sunsauna.fi\/bastur-i-gemenskapen\/produkter-for-bastu-i-samhallet\/swing-clean-med-kakelborrsystem\/"},"modified":"2025-08-27T09:02:00","modified_gmt":"2025-08-27T09:02:00","slug":"swing-clean-med-kakelborrsystem","status":"publish","type":"page","link":"https:\/\/sunsauna.fi\/sv\/bastur-i-gemenskapen\/produkter-for-bastu-i-samhallet\/swing-clean-med-kakelborrsystem\/","title":{"rendered":"Swing Clean med kakelborrsystem"},"content":{"rendered":"<section class=\"block block-herosub\">\r\n            <div class=\"hero-media\">\r\n            <img decoding=\"async\" src=\"https:\/\/sunsauna.fi\/wp-content\/uploads\/2018\/03\/Laatta_laude_uimahalli-891x593.jpg\" alt=\"\" width=\"1623\" height=\"1080\" srcset=\"https:\/\/sunsauna.fi\/wp-content\/uploads\/2018\/03\/Laatta_laude_uimahalli-300x200.jpg 300w, https:\/\/sunsauna.fi\/wp-content\/uploads\/2018\/03\/Laatta_laude_uimahalli-600x399.jpg 600w, https:\/\/sunsauna.fi\/wp-content\/uploads\/2018\/03\/Laatta_laude_uimahalli-1024x681.jpg 1024w, https:\/\/sunsauna.fi\/wp-content\/uploads\/2018\/03\/Laatta_laude_uimahalli-768x511.jpg 768w, https:\/\/sunsauna.fi\/wp-content\/uploads\/2018\/03\/Laatta_laude_uimahalli-1536x1022.jpg 1536w, https:\/\/sunsauna.fi\/wp-content\/uploads\/2018\/03\/Laatta_laude_uimahalli-891x593.jpg 891w, https:\/\/sunsauna.fi\/wp-content\/uploads\/2018\/03\/Laatta_laude_uimahalli-714x475.jpg 714w, https:\/\/sunsauna.fi\/wp-content\/uploads\/2018\/03\/Laatta_laude_uimahalli-590x393.jpg 590w, https:\/\/sunsauna.fi\/wp-content\/uploads\/2018\/03\/Laatta_laude_uimahalli-367x245.jpg 367w, https:\/\/sunsauna.fi\/wp-content\/uploads\/2018\/03\/Laatta_laude_uimahalli.jpg 1623w\" data-no-lazy=\"1\" fetchpriority=\"high\">        <\/div>\r\n    \r\n    <div class=\"hero-content\">\r\n        <div class=\"container\">\r\n            <div class=\"content-container\">\r\n                \n<div class=\"wp-block-wds-herosub\">\n<h1 class=\"wp-block-heading has-text-align-center\">Swing Clean borrsystem f\u00f6r kakel och klinker<\/h1>\n<\/div>\n            <\/div>\r\n            <div class=\"breadcrumbs-container\"><ol itemscope itemtype=\"https:\/\/schema.org\/BreadcrumbList\"><li itemprop=\"itemListElement\" itemscope itemtype=\"https:\/\/schema.org\/ListItem\"><a itemprop=\"item\" href=\"https:\/\/sunsauna.fi\/sv\/\"><span itemprop=\"name\">Sun Sauna<\/span><\/a><meta itemprop=\"position\" content=\"0\" \/><\/li><\/ol><\/div>        <\/div>\r\n        <span class=\"scroll-down\"><\/span>\r\n    <\/div>\r\n<\/section><section class=\"block block-ingress\">\r\n    <div class=\"container\">\r\n        <div class=\"content-container reveal\">\r\n            \n<div class=\"wp-block-wds-ingress\">\n<p>Kakelborrsystem som ska f\u00e4stas p\u00e5 kakelhuvudet. Simbass\u00e4nger och spa har kaklade plattor. L\u00f6sningen f\u00f6r dessa \u00e4r Swing Clean Laude-systemet. Laude-elementen monteras p\u00e5 konsoler som limmas fast p\u00e5 plattan. Plattans yta reng\u00f6rs med syra och inf\u00e4stningarna limmas fast p\u00e5 plattan utan att man beh\u00f6ver punktera t\u00e4tskiktet. Tv\u00e4tt och torkning kan g\u00f6ras p\u00e5 plats genom att elementen lyfts vertikalt. Elementen lossas fr\u00e5n f\u00e4stet i uppr\u00e4tt l\u00e4ge, vilket g\u00f6r att reng\u00f6ringen kan utf\u00f6ras p\u00e5 ett ergonomiskt s\u00e4tt i tv\u00e4ttrummet p\u00e5 tv\u00e4ttst\u00e4llet.      <\/p>\n\n\n\n<div class=\"wp-block-buttons is-content-justification-center is-layout-flex wp-container-core-buttons-is-layout-16018d1d wp-block-buttons-is-layout-flex\"><\/div>\n<\/div>\n        <\/div>\r\n    <\/div>\r\n<\/section><section class=\"block block-features items-per-row-3\">\r\n    <div class=\"container\">\r\n        <div class=\"features-grid reveal\">\r\n            \n<div class=\"wp-block-wds-features\">\n<div class=\"wp-block-group features-grid is-layout-flex wp-block-group-is-layout-flex\"><div class=\"block block-feature-item\">\r\n    <div class=\"feature-number\">\r\n        <span>1<\/span>\r\n    <\/div>\r\n    <div class=\"feature-content\">\r\n        \n<div class=\"wp-block-wds-feature-item\">\n<h3 class=\"wp-block-heading\">Tillg\u00e4nglighet<\/h3>\n\n\n\n<p>Inhemsk trall \u00e4r byggd f\u00f6r att t\u00e5la daglig anv\u00e4ndning.<\/p>\n<\/div>\n    <\/div>\r\n<\/div>\n\n<div class=\"block block-feature-item\">\r\n    <div class=\"feature-number\">\r\n        <span>2<\/span>\r\n    <\/div>\r\n    <div class=\"feature-content\">\r\n        \n<div class=\"wp-block-wds-feature-item\">\n<h3 class=\"wp-block-heading\">Reng\u00f6ring och underh\u00e5ll<\/h3>\n\n\n\n<p>Den str\u00f6mlinjeformade designen och det slitstarka d\u00e4cket g\u00f6r det enkelt att reng\u00f6ra och underh\u00e5lla.<\/p>\n<\/div>\n    <\/div>\r\n<\/div>\n\n<div class=\"block block-feature-item\">\r\n    <div class=\"feature-number\">\r\n        <span>3<\/span>\r\n    <\/div>\r\n    <div class=\"feature-content\">\r\n        \n<div class=\"wp-block-wds-feature-item\">\n<h3 class=\"wp-block-heading\">Anv\u00e4ndbar<\/h3>\n\n\n\n<p>En QR-kod \u00e4r f\u00e4st p\u00e5 tavlan, som \u00f6ppnar serviceinstruktionerna f\u00f6r varje objekt. Det g\u00f6r det ocks\u00e5 m\u00f6jligt att best\u00e4lla nya laude-element. <\/p>\n<\/div>\n    <\/div>\r\n<\/div><\/div>\n<\/div>\n        <\/div>\r\n    <\/div>\r\n<\/section><section class=\"block block-gallery\">\r\n    <div class=\"container\">\r\n        <div class=\"gallery-content reveal\">\r\n            \r\n            <div class=\"gallery gallery-regular\" id=\"gallery-69e77e11db7cf\">\r\n                \r\n                <!-- Main gallery display -->\r\n                <a href=\"https:\/\/sunsauna.fi\/wp-content\/uploads\/2018\/03\/Swing_Clean_laude_laatan_paalle.jpg\" class=\"lightbox gallery-fullsize\">\r\n                    <img loading=\"lazy\" decoding=\"async\"\r\n                        src=\"https:\/\/sunsauna.fi\/wp-content\/uploads\/2018\/03\/Swing_Clean_laude_laatan_paalle.jpg\"\r\n                        alt=\"\"\r\n                                                srcset=\"https:\/\/sunsauna.fi\/wp-content\/uploads\/2018\/03\/Swing_Clean_laude_laatan_paalle-300x200.jpg 300w, https:\/\/sunsauna.fi\/wp-content\/uploads\/2018\/03\/Swing_Clean_laude_laatan_paalle-600x399.jpg 600w, https:\/\/sunsauna.fi\/wp-content\/uploads\/2018\/03\/Swing_Clean_laude_laatan_paalle-1024x681.jpg 1024w, https:\/\/sunsauna.fi\/wp-content\/uploads\/2018\/03\/Swing_Clean_laude_laatan_paalle-768x511.jpg 768w, https:\/\/sunsauna.fi\/wp-content\/uploads\/2018\/03\/Swing_Clean_laude_laatan_paalle-1536x1022.jpg 1536w, https:\/\/sunsauna.fi\/wp-content\/uploads\/2018\/03\/Swing_Clean_laude_laatan_paalle-891x593.jpg 891w, https:\/\/sunsauna.fi\/wp-content\/uploads\/2018\/03\/Swing_Clean_laude_laatan_paalle-714x475.jpg 714w, https:\/\/sunsauna.fi\/wp-content\/uploads\/2018\/03\/Swing_Clean_laude_laatan_paalle-590x393.jpg 590w, https:\/\/sunsauna.fi\/wp-content\/uploads\/2018\/03\/Swing_Clean_laude_laatan_paalle-367x245.jpg 367w, https:\/\/sunsauna.fi\/wp-content\/uploads\/2018\/03\/Swing_Clean_laude_laatan_paalle.jpg 1623w\"\r\n                                                width=\"1623\"\r\n                        height=\"1080\">\r\n                <\/a>\r\n\r\n                <!-- Thumbnail slider -->\r\n                <div class=\"glide gallery-slider\" data-uid=\"gallery-69e77e11db7cf\">\r\n                    <div class=\"glide__track\" data-glide-el=\"track\">\r\n                        <div class=\"glide__slides\">\r\n                                                            <div class=\"glide__slide\">\r\n                                    <a href=\"https:\/\/sunsauna.fi\/wp-content\/uploads\/2018\/03\/Swing_Clean_laude_laatan_paalle.jpg\" class=\"lightbox gallery-thumbnail\">\r\n                                        <img loading=\"lazy\" decoding=\"async\"\r\n                                            src=\"https:\/\/sunsauna.fi\/wp-content\/uploads\/2018\/03\/Swing_Clean_laude_laatan_paalle.jpg\"\r\n                                            alt=\"\"\r\n                                                                                        srcset=\"https:\/\/sunsauna.fi\/wp-content\/uploads\/2018\/03\/Swing_Clean_laude_laatan_paalle-300x200.jpg 300w, https:\/\/sunsauna.fi\/wp-content\/uploads\/2018\/03\/Swing_Clean_laude_laatan_paalle-600x399.jpg 600w, https:\/\/sunsauna.fi\/wp-content\/uploads\/2018\/03\/Swing_Clean_laude_laatan_paalle-1024x681.jpg 1024w, https:\/\/sunsauna.fi\/wp-content\/uploads\/2018\/03\/Swing_Clean_laude_laatan_paalle-768x511.jpg 768w, https:\/\/sunsauna.fi\/wp-content\/uploads\/2018\/03\/Swing_Clean_laude_laatan_paalle-1536x1022.jpg 1536w, https:\/\/sunsauna.fi\/wp-content\/uploads\/2018\/03\/Swing_Clean_laude_laatan_paalle-891x593.jpg 891w, https:\/\/sunsauna.fi\/wp-content\/uploads\/2018\/03\/Swing_Clean_laude_laatan_paalle-714x475.jpg 714w, https:\/\/sunsauna.fi\/wp-content\/uploads\/2018\/03\/Swing_Clean_laude_laatan_paalle-590x393.jpg 590w, https:\/\/sunsauna.fi\/wp-content\/uploads\/2018\/03\/Swing_Clean_laude_laatan_paalle-367x245.jpg 367w, https:\/\/sunsauna.fi\/wp-content\/uploads\/2018\/03\/Swing_Clean_laude_laatan_paalle.jpg 1623w\"\r\n                                                                                        width=\"1623\"\r\n                                            height=\"1080\">\r\n                                    <\/a>\r\n                                <\/div>\r\n                                                            <div class=\"glide__slide\">\r\n                                    <a href=\"https:\/\/sunsauna.fi\/wp-content\/uploads\/2018\/02\/sunsauna-Swing_3.jpg\" class=\"lightbox gallery-thumbnail\">\r\n                                        <img loading=\"lazy\" decoding=\"async\"\r\n                                            src=\"https:\/\/sunsauna.fi\/wp-content\/uploads\/2018\/02\/sunsauna-Swing_3.jpg\"\r\n                                            alt=\"\"\r\n                                                                                        srcset=\"https:\/\/sunsauna.fi\/wp-content\/uploads\/2018\/02\/sunsauna-Swing_3-300x300.jpg 300w, https:\/\/sunsauna.fi\/wp-content\/uploads\/2018\/02\/sunsauna-Swing_3-100x100.jpg 100w, https:\/\/sunsauna.fi\/wp-content\/uploads\/2018\/02\/sunsauna-Swing_3-150x150.jpg 150w, https:\/\/sunsauna.fi\/wp-content\/uploads\/2018\/02\/sunsauna-Swing_3.jpg 340w\"\r\n                                                                                        width=\"340\"\r\n                                            height=\"340\">\r\n                                    <\/a>\r\n                                <\/div>\r\n                                                            <div class=\"glide__slide\">\r\n                                    <a href=\"https:\/\/sunsauna.fi\/wp-content\/uploads\/2018\/03\/Uimahalli_saunan_valaistus.jpg\" class=\"lightbox gallery-thumbnail\">\r\n                                        <img loading=\"lazy\" decoding=\"async\"\r\n                                            src=\"https:\/\/sunsauna.fi\/wp-content\/uploads\/2018\/03\/Uimahalli_saunan_valaistus.jpg\"\r\n                                            alt=\"\"\r\n                                                                                        srcset=\"https:\/\/sunsauna.fi\/wp-content\/uploads\/2018\/03\/Uimahalli_saunan_valaistus-300x174.jpg 300w, https:\/\/sunsauna.fi\/wp-content\/uploads\/2018\/03\/Uimahalli_saunan_valaistus-600x348.jpg 600w, https:\/\/sunsauna.fi\/wp-content\/uploads\/2018\/03\/Uimahalli_saunan_valaistus-1024x594.jpg 1024w, https:\/\/sunsauna.fi\/wp-content\/uploads\/2018\/03\/Uimahalli_saunan_valaistus-768x445.jpg 768w, https:\/\/sunsauna.fi\/wp-content\/uploads\/2018\/03\/Uimahalli_saunan_valaistus-1536x891.jpg 1536w, https:\/\/sunsauna.fi\/wp-content\/uploads\/2018\/03\/Uimahalli_saunan_valaistus-1022x593.jpg 1022w, https:\/\/sunsauna.fi\/wp-content\/uploads\/2018\/03\/Uimahalli_saunan_valaistus-714x414.jpg 714w, https:\/\/sunsauna.fi\/wp-content\/uploads\/2018\/03\/Uimahalli_saunan_valaistus-590x342.jpg 590w, https:\/\/sunsauna.fi\/wp-content\/uploads\/2018\/03\/Uimahalli_saunan_valaistus.jpg 1862w\"\r\n                                                                                        width=\"1862\"\r\n                                            height=\"1080\">\r\n                                    <\/a>\r\n                                <\/div>\r\n                                                    <\/div>\r\n                    <\/div>\r\n\r\n                                            <div class=\"glide__controls\">\r\n                            <div class=\"glide__arrows\" data-glide-el=\"controls\">\r\n                                <button class=\"glide__arrow glide__arrow--left\" aria-label=\"Previous\" data-glide-dir=\"&lt;\"><\/button>\r\n                                <button class=\"glide__arrow glide__arrow--right\" aria-label=\"Next\" data-glide-dir=\"&gt;\"><\/button>\r\n                            <\/div>\r\n                        <\/div>\r\n                                    <\/div>\r\n            <\/div>\r\n        <\/div>\r\n    <\/div>\r\n<\/section><section class=\"block block-tabs\">\r\n    <div class=\"container\">\r\n        <div class=\"tabs-wrapper\">\r\n            <!-- Tab Navigation -->\r\n            <div class=\"tabs-navigation\" role=\"tablist\">\r\n                                    <button\r\n                        class=\"tab-button active\"\r\n                        role=\"tab\"\r\n                        aria-selected=\"true\"\r\n                        aria-controls=\"tab-0\"\r\n                        id=\"tab-button-tab-0\"\r\n                        data-tab-index=\"0\">\r\n                        Information om produkten                    <\/button>\r\n                                    <button\r\n                        class=\"tab-button\"\r\n                        role=\"tab\"\r\n                        aria-selected=\"false\"\r\n                        aria-controls=\"tab-1\"\r\n                        id=\"tab-button-tab-1\"\r\n                        data-tab-index=\"1\">\r\n                        Leveransens inneh\u00e5ll                    <\/button>\r\n                            <\/div>\r\n\r\n            <!-- Tab Content -->\r\n            <div class=\"tabs-content\">\r\n                                    <div\r\n                        class=\"tab-panel active\"\r\n                        role=\"tabpanel\"\r\n                        aria-labelledby=\"tab-button-tab-0\"\r\n                        id=\"tab-0\"\r\n                        >\r\n                        \r\n<div class=\"block-tab\" data-tab-title=\"Tab Title\">\r\n    \n<div class=\"wp-block-wds-tab\">\n<h3 class=\"wp-block-heading tab-title\">Information om produkten<\/h3>\n\n\n\n<ul class=\"wp-block-list\">\n<li>F\u00e4stanordningar av syrafast st\u00e5l och nylon, limmade p\u00e5 den kaklade ytan<\/li>\n\n\n\n<li>Kl\u00e4mman l\u00e4mnar lauderrullen fri fr\u00e5n kakelplattans yta och m\u00f6jligg\u00f6r snabb anv\u00e4ndning och torkning efter tv\u00e4tt<\/li>\n\n\n\n<li>Kl\u00e4mman l\u00e5ser fast rallyt i sitt utg\u00e5ngsl\u00e4ge<\/li>\n\n\n\n<li><a href=\"https:\/\/sunsauna.fi\/wp-content\/uploads\/2018\/03\/Sauna_valmis_nastolan_uimahalli.jpg\"><\/a>Reng\u00f6ring av Lauderall i tv\u00e4ttst\u00e4llet<\/li>\n\n\n\n<li>Samma rally- och konsolsystem kan ocks\u00e5 anv\u00e4ndas i andra utrymmen<\/li>\n\n\n\n<li>Swing Clean laude-systemet har ocks\u00e5 \u00f6ppningsbara portar f\u00f6r enkelt underh\u00e5ll av kaminen<\/li>\n<\/ul>\n\n\n\n<div class=\"wp-block-buttons is-layout-flex wp-block-buttons-is-layout-flex\">\n<div class=\"wp-block-button\"><a class=\"wp-block-button__link wp-element-button\" href=\"https:\/\/sunsauna.fi\/yhteisosaunat-blogi\/hoito-ohjeet\/huolto-ja-pesuohjeet-sun-sauna-swing-clean-laudejarjestelma\/\">Sk\u00f6tselr\u00e5d<\/a><\/div>\n<\/div>\n<\/div>\n<\/div>                    <\/div>\r\n                                    <div\r\n                        class=\"tab-panel\"\r\n                        role=\"tabpanel\"\r\n                        aria-labelledby=\"tab-button-tab-1\"\r\n                        id=\"tab-1\"\r\n                        hidden>\r\n                        \r\n<div class=\"block-tab\" data-tab-title=\"Tab Title\">\r\n    \n<div class=\"wp-block-wds-tab\">\n<h3 class=\"wp-block-heading tab-title\">Leveransens inneh\u00e5ll<\/h3>\n\n\n\n<p>I systemet ing\u00e5r konsoler, stegar och v\u00e4rmeskenor enligt erbjudandet.<\/p>\n\n\n\n<p>Installationsarbetets inneh\u00e5ll avtalas alltid skriftligen i den omfattning som kunden kr\u00e4ver.<\/p>\n\n\n\n<div class=\"wp-block-buttons is-layout-flex wp-block-buttons-is-layout-flex\">\n<div class=\"wp-block-button\"><a class=\"wp-block-button__link wp-element-button\" href=\"https:\/\/sunsauna.fi\/yhteisosaunat-blogi\/hoito-ohjeet\/huolto-ja-pesuohjeet-sun-sauna-swing-clean-laudejarjestelma\/\">Sk\u00f6tselr\u00e5d<\/a><\/div>\n<\/div>\n<\/div>\n<\/div>                    <\/div>\r\n                            <\/div>\r\n        <\/div>\r\n    <\/div>\r\n<\/section>\n<p><\/p>\n","protected":false},"excerpt":{"rendered":"","protected":false},"author":2,"featured_media":0,"parent":11548,"menu_order":0,"comment_status":"closed","ping_status":"closed","template":"","meta":{"_acf_changed":false,"_page_background_color":"","footnotes":""},"class_list":["post-11995","page","type-page","status-publish","hentry"],"acf":[],"featured_image_src":null,"_links":{"self":[{"href":"https:\/\/sunsauna.fi\/sv\/wp-json\/wp\/v2\/pages\/11995","targetHints":{"allow":["GET"]}}],"collection":[{"href":"https:\/\/sunsauna.fi\/sv\/wp-json\/wp\/v2\/pages"}],"about":[{"href":"https:\/\/sunsauna.fi\/sv\/wp-json\/wp\/v2\/types\/page"}],"author":[{"embeddable":true,"href":"https:\/\/sunsauna.fi\/sv\/wp-json\/wp\/v2\/users\/2"}],"replies":[{"embeddable":true,"href":"https:\/\/sunsauna.fi\/sv\/wp-json\/wp\/v2\/comments?post=11995"}],"version-history":[{"count":1,"href":"https:\/\/sunsauna.fi\/sv\/wp-json\/wp\/v2\/pages\/11995\/revisions"}],"predecessor-version":[{"id":11998,"href":"https:\/\/sunsauna.fi\/sv\/wp-json\/wp\/v2\/pages\/11995\/revisions\/11998"}],"up":[{"embeddable":true,"href":"https:\/\/sunsauna.fi\/sv\/wp-json\/wp\/v2\/pages\/11548"}],"wp:attachment":[{"href":"https:\/\/sunsauna.fi\/sv\/wp-json\/wp\/v2\/media?parent=11995"}],"curies":[{"name":"wp","href":"https:\/\/api.w.org\/{rel}","templated":true}]}}