{"id":11985,"date":"2025-08-15T14:33:17","date_gmt":"2025-08-15T14:33:17","guid":{"rendered":"https:\/\/sunsauna.fi\/bastur-i-gemenskapen\/produkter-for-bastu-i-samhallet\/swing-line\/"},"modified":"2025-08-27T09:02:00","modified_gmt":"2025-08-27T09:02:00","slug":"swing-line","status":"publish","type":"page","link":"https:\/\/sunsauna.fi\/sv\/bastur-i-gemenskapen\/produkter-for-bastu-i-samhallet\/swing-line\/","title":{"rendered":"Swing Line"},"content":{"rendered":"<section class=\"block block-herosub\">\r\n    \r\n    <div class=\"hero-content\">\r\n        <div class=\"container\">\r\n            <div class=\"content-container\">\r\n                \n<div class=\"wp-block-wds-herosub\">\n<h1 class=\"wp-block-heading has-text-align-center\">Swing Line<\/h1>\n\n\n\n<p class=\"has-text-align-center\"><\/p>\n<\/div>\n            <\/div>\r\n            <div class=\"breadcrumbs-container\"><ol itemscope itemtype=\"https:\/\/schema.org\/BreadcrumbList\"><li itemprop=\"itemListElement\" itemscope itemtype=\"https:\/\/schema.org\/ListItem\"><a itemprop=\"item\" href=\"https:\/\/sunsauna.fi\/sv\/\"><span itemprop=\"name\">Sun Sauna<\/span><\/a><meta itemprop=\"position\" content=\"0\" \/><\/li><\/ol><\/div>        <\/div>\r\n        <span class=\"scroll-down\"><\/span>\r\n    <\/div>\r\n<\/section><section class=\"block block-ingress\">\r\n    <div class=\"container\">\r\n        <div class=\"content-container reveal\">\r\n            \n<div class=\"wp-block-wds-ingress\">\n<p>Swing Line bastusystem - f\u00f6r bastur som kr\u00e4ver stil och funktionalitet. Swing Line \u00e4r ett modernt bastusystem som kombinerar sofistikerad design, genomt\u00e4nkt konstruktion och praktiska egenskaper i toppklass. Den l\u00e4ngsg\u00e5ende br\u00e4driktningen skapar ett lugnt och trendigt utseende, perfekt f\u00f6r b\u00e5de husbastur och hotellbastur. Laude-systemet m\u00f6jligg\u00f6r ett brett utbud av materialalternativ, vilket g\u00f6r att taket kan anpassas perfekt till utrymmet och atmosf\u00e4ren.   <\/p>\n\n\n\n<div class=\"wp-block-buttons is-content-justification-center is-layout-flex wp-container-core-buttons-is-layout-16018d1d wp-block-buttons-is-layout-flex\">\n<div class=\"wp-block-button\"><a class=\"wp-block-button__link wp-element-button\" href=\"#yhteydenotto\">Beg\u00e4r en offert<\/a><\/div>\n<\/div>\n<\/div>\n        <\/div>\r\n    <\/div>\r\n<\/section><section class=\"block block-features items-per-row-3\">\r\n    <div class=\"container\">\r\n        <div class=\"features-grid reveal\">\r\n            \n<div class=\"wp-block-wds-features\">\n<div class=\"wp-block-group features-grid is-layout-flex wp-block-group-is-layout-flex\"><div class=\"block block-feature-item\">\r\n    <div class=\"feature-number\">\r\n        <span>1<\/span>\r\n    <\/div>\r\n    <div class=\"feature-content\">\r\n        \n<div class=\"wp-block-wds-feature-item\">\n<h3 class=\"wp-block-heading\">Tillg\u00e4nglighet<\/h3>\n\n\n\n<p>Inhemsk trall \u00e4r byggd f\u00f6r att t\u00e5la daglig anv\u00e4ndning.<\/p>\n<\/div>\n    <\/div>\r\n<\/div>\n\n<div class=\"block block-feature-item\">\r\n    <div class=\"feature-number\">\r\n        <span>2<\/span>\r\n    <\/div>\r\n    <div class=\"feature-content\">\r\n        \n<div class=\"wp-block-wds-feature-item\">\n<h3 class=\"wp-block-heading\">Reng\u00f6ring och underh\u00e5ll<\/h3>\n\n\n\n<p>Den str\u00f6mlinjeformade designen och det slitstarka d\u00e4cket g\u00f6r det enkelt att reng\u00f6ra och underh\u00e5lla.<\/p>\n<\/div>\n    <\/div>\r\n<\/div>\n\n<div class=\"block block-feature-item\">\r\n    <div class=\"feature-number\">\r\n        <span>3<\/span>\r\n    <\/div>\r\n    <div class=\"feature-content\">\r\n        \n<div class=\"wp-block-wds-feature-item\">\n<h3 class=\"wp-block-heading\">Anv\u00e4ndbar<\/h3>\n\n\n\n<p>En QR-kod \u00e4r f\u00e4st p\u00e5 tavlan, som \u00f6ppnar serviceinstruktionerna f\u00f6r varje objekt. Det g\u00f6r det ocks\u00e5 m\u00f6jligt att best\u00e4lla nya laude-element. <\/p>\n<\/div>\n    <\/div>\r\n<\/div><\/div>\n<\/div>\n        <\/div>\r\n    <\/div>\r\n<\/section><section class=\"block block-gallery\">\r\n    <div class=\"container\">\r\n        <div class=\"gallery-content reveal\">\r\n            \r\n            <div class=\"gallery gallery-regular\" id=\"gallery-69e79345d788c\">\r\n                \r\n                <!-- Main gallery display -->\r\n                <a href=\"https:\/\/sunsauna.fi\/wp-content\/uploads\/2018\/02\/sunsauna-swing_2.jpg\" class=\"lightbox gallery-fullsize\">\r\n                    <img loading=\"lazy\" decoding=\"async\"\r\n                        src=\"https:\/\/sunsauna.fi\/wp-content\/uploads\/2018\/02\/sunsauna-swing_2.jpg\"\r\n                        alt=\"\"\r\n                                                srcset=\"https:\/\/sunsauna.fi\/wp-content\/uploads\/2018\/02\/sunsauna-swing_2-300x300.jpg 300w, https:\/\/sunsauna.fi\/wp-content\/uploads\/2018\/02\/sunsauna-swing_2-100x100.jpg 100w, https:\/\/sunsauna.fi\/wp-content\/uploads\/2018\/02\/sunsauna-swing_2-150x150.jpg 150w, https:\/\/sunsauna.fi\/wp-content\/uploads\/2018\/02\/sunsauna-swing_2.jpg 340w\"\r\n                                                width=\"340\"\r\n                        height=\"340\">\r\n                <\/a>\r\n\r\n                <!-- Thumbnail slider -->\r\n                <div class=\"glide gallery-slider\" data-uid=\"gallery-69e79345d788c\">\r\n                    <div class=\"glide__track\" data-glide-el=\"track\">\r\n                        <div class=\"glide__slides\">\r\n                                                            <div class=\"glide__slide\">\r\n                                    <a href=\"https:\/\/sunsauna.fi\/wp-content\/uploads\/2018\/02\/sunsauna-swing_2.jpg\" class=\"lightbox gallery-thumbnail\">\r\n                                        <img loading=\"lazy\" decoding=\"async\"\r\n                                            src=\"https:\/\/sunsauna.fi\/wp-content\/uploads\/2018\/02\/sunsauna-swing_2.jpg\"\r\n                                            alt=\"\"\r\n                                                                                        srcset=\"https:\/\/sunsauna.fi\/wp-content\/uploads\/2018\/02\/sunsauna-swing_2-300x300.jpg 300w, https:\/\/sunsauna.fi\/wp-content\/uploads\/2018\/02\/sunsauna-swing_2-100x100.jpg 100w, https:\/\/sunsauna.fi\/wp-content\/uploads\/2018\/02\/sunsauna-swing_2-150x150.jpg 150w, https:\/\/sunsauna.fi\/wp-content\/uploads\/2018\/02\/sunsauna-swing_2.jpg 340w\"\r\n                                                                                        width=\"340\"\r\n                                            height=\"340\">\r\n                                    <\/a>\r\n                                <\/div>\r\n                                                            <div class=\"glide__slide\">\r\n                                    <a href=\"https:\/\/sunsauna.fi\/wp-content\/uploads\/2018\/02\/sunsauna-swing_tervaleppa.jpg\" class=\"lightbox gallery-thumbnail\">\r\n                                        <img loading=\"lazy\" decoding=\"async\"\r\n                                            src=\"https:\/\/sunsauna.fi\/wp-content\/uploads\/2018\/02\/sunsauna-swing_tervaleppa.jpg\"\r\n                                            alt=\"\"\r\n                                                                                        srcset=\"https:\/\/sunsauna.fi\/wp-content\/uploads\/2018\/02\/sunsauna-swing_tervaleppa-300x188.jpg 300w, https:\/\/sunsauna.fi\/wp-content\/uploads\/2018\/02\/sunsauna-swing_tervaleppa-600x375.jpg 600w, https:\/\/sunsauna.fi\/wp-content\/uploads\/2018\/02\/sunsauna-swing_tervaleppa-1024x640.jpg 1024w, https:\/\/sunsauna.fi\/wp-content\/uploads\/2018\/02\/sunsauna-swing_tervaleppa-768x480.jpg 768w, https:\/\/sunsauna.fi\/wp-content\/uploads\/2018\/02\/sunsauna-swing_tervaleppa-949x593.jpg 949w, https:\/\/sunsauna.fi\/wp-content\/uploads\/2018\/02\/sunsauna-swing_tervaleppa-714x446.jpg 714w, https:\/\/sunsauna.fi\/wp-content\/uploads\/2018\/02\/sunsauna-swing_tervaleppa-590x369.jpg 590w, https:\/\/sunsauna.fi\/wp-content\/uploads\/2018\/02\/sunsauna-swing_tervaleppa.jpg 1200w\"\r\n                                                                                        width=\"1200\"\r\n                                            height=\"750\">\r\n                                    <\/a>\r\n                                <\/div>\r\n                                                            <div class=\"glide__slide\">\r\n                                    <a href=\"https:\/\/sunsauna.fi\/wp-content\/uploads\/2014\/07\/Kohde28-0157.jpg\" class=\"lightbox gallery-thumbnail\">\r\n                                        <img loading=\"lazy\" decoding=\"async\"\r\n                                            src=\"https:\/\/sunsauna.fi\/wp-content\/uploads\/2014\/07\/Kohde28-0157.jpg\"\r\n                                            alt=\"Swing laude, tervalepp\u00e4\"\r\n                                                                                        srcset=\"https:\/\/sunsauna.fi\/wp-content\/uploads\/2014\/07\/Kohde28-0157-300x200.jpg 300w, https:\/\/sunsauna.fi\/wp-content\/uploads\/2014\/07\/Kohde28-0157-600x399.jpg 600w, https:\/\/sunsauna.fi\/wp-content\/uploads\/2014\/07\/Kohde28-0157-590x393.jpg 590w, https:\/\/sunsauna.fi\/wp-content\/uploads\/2014\/07\/Kohde28-0157-367x245.jpg 367w, https:\/\/sunsauna.fi\/wp-content\/uploads\/2014\/07\/Kohde28-0157.jpg 700w\"\r\n                                                                                        width=\"700\"\r\n                                            height=\"466\">\r\n                                    <\/a>\r\n                                <\/div>\r\n                                                            <div class=\"glide__slide\">\r\n                                    <a href=\"https:\/\/sunsauna.fi\/wp-content\/uploads\/2017\/05\/IMG_7075_s.jpg\" class=\"lightbox gallery-thumbnail\">\r\n                                        <img loading=\"lazy\" decoding=\"async\"\r\n                                            src=\"https:\/\/sunsauna.fi\/wp-content\/uploads\/2017\/05\/IMG_7075_s.jpg\"\r\n                                            alt=\"swing-clean laude l\u00e4mp\u00f6k\u00e4sitelty m\u00e4nty\"\r\n                                                                                        srcset=\"https:\/\/sunsauna.fi\/wp-content\/uploads\/2017\/05\/IMG_7075_s-300x200.jpg 300w, https:\/\/sunsauna.fi\/wp-content\/uploads\/2017\/05\/IMG_7075_s-600x400.jpg 600w, https:\/\/sunsauna.fi\/wp-content\/uploads\/2017\/05\/IMG_7075_s-590x394.jpg 590w, https:\/\/sunsauna.fi\/wp-content\/uploads\/2017\/05\/IMG_7075_s-367x245.jpg 367w, https:\/\/sunsauna.fi\/wp-content\/uploads\/2017\/05\/IMG_7075_s.jpg 700w\"\r\n                                                                                        width=\"700\"\r\n                                            height=\"467\">\r\n                                    <\/a>\r\n                                <\/div>\r\n                                                    <\/div>\r\n                    <\/div>\r\n\r\n                                            <div class=\"glide__controls\">\r\n                            <div class=\"glide__arrows\" data-glide-el=\"controls\">\r\n                                <button class=\"glide__arrow glide__arrow--left\" aria-label=\"Previous\" data-glide-dir=\"&lt;\"><\/button>\r\n                                <button class=\"glide__arrow glide__arrow--right\" aria-label=\"Next\" data-glide-dir=\"&gt;\"><\/button>\r\n                            <\/div>\r\n                        <\/div>\r\n                                    <\/div>\r\n            <\/div>\r\n        <\/div>\r\n    <\/div>\r\n<\/section><section class=\"block block-tabs\">\r\n    <div class=\"container\">\r\n        <div class=\"tabs-wrapper\">\r\n            <!-- Tab Navigation -->\r\n            <div class=\"tabs-navigation\" role=\"tablist\">\r\n                                    <button\r\n                        class=\"tab-button active\"\r\n                        role=\"tab\"\r\n                        aria-selected=\"true\"\r\n                        aria-controls=\"tab-0\"\r\n                        id=\"tab-button-tab-0\"\r\n                        data-tab-index=\"0\">\r\n                        Information om produkten                    <\/button>\r\n                            <\/div>\r\n\r\n            <!-- Tab Content -->\r\n            <div class=\"tabs-content\">\r\n                                    <div\r\n                        class=\"tab-panel active\"\r\n                        role=\"tabpanel\"\r\n                        aria-labelledby=\"tab-button-tab-0\"\r\n                        id=\"tab-0\"\r\n                        >\r\n                        \r\n<div class=\"block-tab\" data-tab-title=\"Tab Title\">\r\n    \n<div class=\"wp-block-wds-tab\">\n<h3 class=\"wp-block-heading tab-title\">Information om produkten<\/h3>\n\n\n\n<h4 class=\"wp-block-heading\">Material f\u00f6r bryggning<\/h4>\n\n\n\n<ul class=\"wp-block-list\">\n<li>Svartal 28\u00d790 mm<\/li>\n\n\n\n<li>V\u00e4rmebehandlad asp 28\u00d790 mm<\/li>\n<\/ul>\n\n\n\n<h4 class=\"wp-block-heading\">Sits och fotst\u00f6d<\/h4>\n\n\n\n<ul class=\"wp-block-list\">\n<li>Sittplattform 500 eller 600 mm<\/li>\n\n\n\n<li>Sockel 400, 500 eller 600 mm.<\/li>\n\n\n\n<li>Materialen \u00e4r tj\u00e4rad al eller v\u00e4rmebehandlad asp.<\/li>\n\n\n\n<li>Sitth\u00f6jden \u00e4r fri, eftersom det inte finns n\u00e5gra f\u00f6tter p\u00e5 skivan. Vi rekommenderar dock att du l\u00e4mnar 1100-1200 mm mellan toppen och taket. <\/li>\n<\/ul>\n\n\n\n<h4 class=\"wp-block-heading\">Ryggst\u00f6d och distans<\/h4>\n\n\n\n<ul class=\"wp-block-list\">\n<li>Materialet \u00e4r detsamma som f\u00f6r kaklet, 15\u00d745 mm<\/li>\n<\/ul>\n\n\n\n<h4 class=\"wp-block-heading\">Ram och monteringstillbeh\u00f6r<\/h4>\n\n\n\n<ul class=\"wp-block-list\">\n<li>Skruvarna \u00e4r elf\u00f6rzinkade eller m\u00e4ssingspl\u00e4terade och mycket motst\u00e5ndskraftiga i fuktiga milj\u00f6er.<\/li>\n<\/ul>\n\n\n\n<ul class=\"wp-block-list\">\n<li>Stommen \u00e4r tillverkad av barrtr\u00e4 (42\u00d766 mm) och fuktresistent plywood.<\/li>\n<\/ul>\n\n\n\n<h4 class=\"wp-block-heading\">Pallar<\/h4>\n\n\n\n<ul class=\"wp-block-list\">\n<li>Om pallens h\u00f6jd \u00e4r mer \u00e4n 1150 mm eller om utrymmet rymmer en bredare pall rekommenderar vi en tv\u00e5bent pall eller en specialanpassad f\u00f6rh\u00f6jning.<\/li>\n\n\n\n<li>Materialet \u00e4r tj\u00e4rad al eller v\u00e4rmebehandlad asp.<\/li>\n\n\n\n<li>Standardpall 500\u00d7800 mm, ing\u00e5r i kartongpaketet om inget annat anges i offerten.<\/li>\n\n\n\n<li>2-benad pall 550\u00d7700 mm och 550\u00d7800 mm (h\u00f6jd 275 + 275 mm)<\/li>\n<\/ul>\n\n\n\n<h3 class=\"wp-block-heading\">Innan du b\u00f6rjar kl\u00e4 in dig b\u00f6r du ta h\u00e4nsyn till<\/h3>\n\n\n\n<h4 class=\"wp-block-heading\">H\u00f6jd p\u00e5 f\u00f6rst\u00e4rkningarna av de \u00f6vre d\u00e4cken<\/h4>\n\n\n\n<ul class=\"wp-block-list\">\n<li>Br\u00e4df\u00f6rst\u00e4rkningarnas centrum monteras 990 mm (br\u00e4dh\u00f6jd 1050 mm) eller 1090 mm (br\u00e4dh\u00f6jd 1150 mm) \u00f6ver golvet.<\/li>\n<\/ul>\n\n\n\n<h4 class=\"wp-block-heading\">Inf\u00e4stning till nedre d\u00e4ck<\/h4>\n\n\n\n<ul class=\"wp-block-list\">\n<li>Konsolens mittpunkt monteras 570 mm (skivh\u00f6jd 1050 mm) eller 670 mm (skivh\u00f6jd 1150 mm) \u00f6ver golvet.<\/li>\n<\/ul>\n\n\n\n<h4 class=\"wp-block-heading\">Ryggst\u00f6dets monteringsh\u00f6jd<\/h4>\n\n\n\n<ul class=\"wp-block-list\">\n<li>Ryggst\u00f6dets underkant monteras p\u00e5 en h\u00f6jd av ca 125 mm ovanf\u00f6r \u00f6verytan. Ryggst\u00f6dets \u00f6vre kant \u00e4r 1430 mm (skivh\u00f6jd 1050 mm) eller 1530 mm (skivh\u00f6jd 1150 mm) \u00f6ver golvet. Ryggst\u00f6den kr\u00e4ver ingen f\u00f6rst\u00e4rkning under skivorna. Kom ih\u00e5g att i konstruktionsskedet kontrollera att ryggst\u00f6det passar under bastuf\u00f6nstren.    <\/li>\n<\/ul>\n\n\n\n<div class=\"wp-block-buttons is-layout-flex wp-block-buttons-is-layout-flex\">\n<div class=\"wp-block-button\"><a class=\"wp-block-button__link wp-element-button\" href=\"https:\/\/sunsauna.fi\/yhteisosaunat-blogi\/hoito-ohjeet\/huolto-ja-pesuohjeet-sun-sauna-swing-clean-laudejarjestelma\/\">Sk\u00f6tselr\u00e5d<\/a><\/div>\n<\/div>\n<\/div>\n<\/div>                    <\/div>\r\n                            <\/div>\r\n        <\/div>\r\n    <\/div>\r\n<\/section>","protected":false},"excerpt":{"rendered":"","protected":false},"author":2,"featured_media":0,"parent":11548,"menu_order":0,"comment_status":"closed","ping_status":"closed","template":"","meta":{"_acf_changed":false,"_page_background_color":"","footnotes":""},"class_list":["post-11985","page","type-page","status-publish","hentry"],"acf":[],"featured_image_src":null,"_links":{"self":[{"href":"https:\/\/sunsauna.fi\/sv\/wp-json\/wp\/v2\/pages\/11985","targetHints":{"allow":["GET"]}}],"collection":[{"href":"https:\/\/sunsauna.fi\/sv\/wp-json\/wp\/v2\/pages"}],"about":[{"href":"https:\/\/sunsauna.fi\/sv\/wp-json\/wp\/v2\/types\/page"}],"author":[{"embeddable":true,"href":"https:\/\/sunsauna.fi\/sv\/wp-json\/wp\/v2\/users\/2"}],"replies":[{"embeddable":true,"href":"https:\/\/sunsauna.fi\/sv\/wp-json\/wp\/v2\/comments?post=11985"}],"version-history":[{"count":1,"href":"https:\/\/sunsauna.fi\/sv\/wp-json\/wp\/v2\/pages\/11985\/revisions"}],"predecessor-version":[{"id":11986,"href":"https:\/\/sunsauna.fi\/sv\/wp-json\/wp\/v2\/pages\/11985\/revisions\/11986"}],"up":[{"embeddable":true,"href":"https:\/\/sunsauna.fi\/sv\/wp-json\/wp\/v2\/pages\/11548"}],"wp:attachment":[{"href":"https:\/\/sunsauna.fi\/sv\/wp-json\/wp\/v2\/media?parent=11985"}],"curies":[{"name":"wp","href":"https:\/\/api.w.org\/{rel}","templated":true}]}}