{"id":11972,"date":"2025-08-15T14:40:37","date_gmt":"2025-08-15T14:40:37","guid":{"rendered":"https:\/\/sunsauna.fi\/bastur-i-gemenskapen\/produkter-for-bastu-i-samhallet\/gunga-med-traram\/"},"modified":"2025-08-27T09:01:54","modified_gmt":"2025-08-27T09:01:54","slug":"gunga-med-traram","status":"publish","type":"page","link":"https:\/\/sunsauna.fi\/sv\/bastur-i-gemenskapen\/produkter-for-bastu-i-samhallet\/gunga-med-traram\/","title":{"rendered":"Gunga med tr\u00e4ram"},"content":{"rendered":"<section class=\"block block-herosub\">\r\n            <div class=\"hero-media\">\r\n            <img decoding=\"async\" src=\"https:\/\/sunsauna.fi\/wp-content\/uploads\/2018\/04\/swing-clean-puurungolla-1.jpg\" alt=\"\" width=\"630\" height=\"477\" srcset=\"https:\/\/sunsauna.fi\/wp-content\/uploads\/2018\/04\/swing-clean-puurungolla-1-300x227.jpg 300w, https:\/\/sunsauna.fi\/wp-content\/uploads\/2018\/04\/swing-clean-puurungolla-1-600x454.jpg 600w, https:\/\/sunsauna.fi\/wp-content\/uploads\/2018\/04\/swing-clean-puurungolla-1-590x447.jpg 590w, https:\/\/sunsauna.fi\/wp-content\/uploads\/2018\/04\/swing-clean-puurungolla-1.jpg 630w\" data-no-lazy=\"1\" fetchpriority=\"high\">        <\/div>\r\n    \r\n    <div class=\"hero-content\">\r\n        <div class=\"container\">\r\n            <div class=\"content-container\">\r\n                \n<div class=\"wp-block-wds-herosub\">\n<h1 class=\"wp-block-heading has-text-align-center\">Gunga med tr\u00e4ram<\/h1>\n<\/div>\n            <\/div>\r\n            <div class=\"breadcrumbs-container\"><ol itemscope itemtype=\"https:\/\/schema.org\/BreadcrumbList\"><li itemprop=\"itemListElement\" itemscope itemtype=\"https:\/\/schema.org\/ListItem\"><a itemprop=\"item\" href=\"https:\/\/sunsauna.fi\/sv\/\"><span itemprop=\"name\">Sun Sauna<\/span><\/a><meta itemprop=\"position\" content=\"0\" \/><\/li><\/ol><\/div>        <\/div>\r\n        <span class=\"scroll-down\"><\/span>\r\n    <\/div>\r\n<\/section><section class=\"block block-ingress\">\r\n    <div class=\"container\">\r\n        <div class=\"content-container reveal\">\r\n            \n<div class=\"wp-block-wds-ingress\">\n<p>I bostadsr\u00e4ttsf\u00f6reningar eller andra bastur med l\u00e4ttare anv\u00e4ndning kan man ocks\u00e5 anv\u00e4nda tr\u00e4rammaterial.<\/p>\n\n\n\n<div class=\"wp-block-buttons is-content-justification-center is-layout-flex wp-container-core-buttons-is-layout-16018d1d wp-block-buttons-is-layout-flex\">\n<div class=\"wp-block-button\"><a class=\"wp-block-button__link wp-element-button\" href=\"#yhteydenotto\">Beg\u00e4r en offert<\/a><\/div>\n<\/div>\n<\/div>\n        <\/div>\r\n    <\/div>\r\n<\/section><section class=\"block block-features items-per-row-3\">\r\n    <div class=\"container\">\r\n        <div class=\"features-grid reveal\">\r\n            \n<div class=\"wp-block-wds-features\">\n<div class=\"wp-block-group features-grid is-layout-flex wp-block-group-is-layout-flex\"><div class=\"block block-feature-item\">\r\n    <div class=\"feature-number\">\r\n        <span>1<\/span>\r\n    <\/div>\r\n    <div class=\"feature-content\">\r\n        \n<div class=\"wp-block-wds-feature-item\">\n<h3 class=\"wp-block-heading\">Tillg\u00e4nglighet<\/h3>\n\n\n\n<p>Inhemsk trall \u00e4r byggd f\u00f6r att t\u00e5la daglig anv\u00e4ndning.<\/p>\n<\/div>\n    <\/div>\r\n<\/div>\n\n<div class=\"block block-feature-item\">\r\n    <div class=\"feature-number\">\r\n        <span>2<\/span>\r\n    <\/div>\r\n    <div class=\"feature-content\">\r\n        \n<div class=\"wp-block-wds-feature-item\">\n<h3 class=\"wp-block-heading\">Reng\u00f6ring och underh\u00e5ll<\/h3>\n\n\n\n<p>Den str\u00f6mlinjeformade designen och det slitstarka d\u00e4cket g\u00f6r det enkelt att reng\u00f6ra och underh\u00e5lla.<\/p>\n<\/div>\n    <\/div>\r\n<\/div>\n\n<div class=\"block block-feature-item\">\r\n    <div class=\"feature-number\">\r\n        <span>3<\/span>\r\n    <\/div>\r\n    <div class=\"feature-content\">\r\n        \n<div class=\"wp-block-wds-feature-item\">\n<h3 class=\"wp-block-heading\">Anv\u00e4ndbar<\/h3>\n\n\n\n<p>En QR-kod \u00e4r f\u00e4st p\u00e5 tavlan, som \u00f6ppnar serviceinstruktionerna f\u00f6r varje objekt. Det g\u00f6r det ocks\u00e5 m\u00f6jligt att best\u00e4lla nya laude-element. <\/p>\n<\/div>\n    <\/div>\r\n<\/div><\/div>\n<\/div>\n        <\/div>\r\n    <\/div>\r\n<\/section><section class=\"block block-basic\">\r\n    <div class=\"container\">\r\n        <div class=\"content-container reveal\">\r\n            \n<div class=\"wp-block-wds-basic\">\n<h2 class=\"wp-block-heading\">F\u00f6r gemensamma bastur \u00e4r en tr\u00e4ram laude l\u00e4mplig f\u00f6r bastur som anv\u00e4nds 2-3 g\u00e5nger i veckan.<\/h2>\n\n\n\n<p>Laude-systemets icke-bindande lauderallar kan lyftas upp och tas bort.<\/p>\n\n\n\n<p>Tack vare sin rallykonstruktion t\u00e5l laude att anv\u00e4ndas utan att det syns, och br\u00e4dornas \u00e4ndar spricker inte ens vid tung anv\u00e4ndning. Br\u00e4dorna \u00e4r f\u00e4sta vid br\u00e4dans \u00e4nde med hj\u00e4lp av en fr\u00e4st axelplugg till \u00e4ndbr\u00e4dan. Konstruktionen f\u00f6rhindrar att vatten sugs in i \u00e4ndbr\u00e4dan och f\u00f6rhindrar d\u00e4rmed sprickbildning. P\u00e5 br\u00e4dans undersida finns inga f\u00e4stlister d\u00e4r smuts och fukt kan samlas.   <\/p>\n\n\n\n<p>Gungan \u00e4r m\u00e5ttbest\u00e4lld f\u00f6r att passa din bastu.<\/p>\n\n\n\n<div class=\"wp-block-buttons is-layout-flex wp-block-buttons-is-layout-flex\">\n<div class=\"wp-block-button\"><a class=\"wp-block-button__link wp-element-button\" href=\"https:\/\/sunsauna.fi\/sv\/bastur-i-gemenskapen\/produkter-for-bastu-i-samhallet\/gunga-med-traram\/\">Beg\u00e4r en offert<\/a><\/div>\n<\/div>\n<\/div>\n        <\/div>\r\n    <\/div>\r\n<\/section><section class=\"block block-gallery\">\r\n    <div class=\"container\">\r\n        <div class=\"gallery-content reveal\">\r\n            \r\n            <div class=\"gallery gallery-regular\" id=\"gallery-69e77df4000a3\">\r\n                \r\n                <!-- Main gallery display -->\r\n                <a href=\"https:\/\/sunsauna.fi\/wp-content\/uploads\/2018\/02\/sun-sauna-puurunko.jpg\" class=\"lightbox gallery-fullsize\">\r\n                    <img loading=\"lazy\" decoding=\"async\"\r\n                        src=\"https:\/\/sunsauna.fi\/wp-content\/uploads\/2018\/02\/sun-sauna-puurunko.jpg\"\r\n                        alt=\"\"\r\n                                                srcset=\"https:\/\/sunsauna.fi\/wp-content\/uploads\/2018\/02\/sun-sauna-puurunko-300x227.jpg 300w, https:\/\/sunsauna.fi\/wp-content\/uploads\/2018\/02\/sun-sauna-puurunko-600x454.jpg 600w, https:\/\/sunsauna.fi\/wp-content\/uploads\/2018\/02\/sun-sauna-puurunko-590x447.jpg 590w, https:\/\/sunsauna.fi\/wp-content\/uploads\/2018\/02\/sun-sauna-puurunko.jpg 630w\"\r\n                                                width=\"630\"\r\n                        height=\"477\">\r\n                <\/a>\r\n\r\n                <!-- Thumbnail slider -->\r\n                <div class=\"glide gallery-slider\" data-uid=\"gallery-69e77df4000a3\">\r\n                    <div class=\"glide__track\" data-glide-el=\"track\">\r\n                        <div class=\"glide__slides\">\r\n                                                            <div class=\"glide__slide\">\r\n                                    <a href=\"https:\/\/sunsauna.fi\/wp-content\/uploads\/2018\/02\/sun-sauna-puurunko.jpg\" class=\"lightbox gallery-thumbnail\">\r\n                                        <img loading=\"lazy\" decoding=\"async\"\r\n                                            src=\"https:\/\/sunsauna.fi\/wp-content\/uploads\/2018\/02\/sun-sauna-puurunko.jpg\"\r\n                                            alt=\"\"\r\n                                                                                        srcset=\"https:\/\/sunsauna.fi\/wp-content\/uploads\/2018\/02\/sun-sauna-puurunko-300x227.jpg 300w, https:\/\/sunsauna.fi\/wp-content\/uploads\/2018\/02\/sun-sauna-puurunko-600x454.jpg 600w, https:\/\/sunsauna.fi\/wp-content\/uploads\/2018\/02\/sun-sauna-puurunko-590x447.jpg 590w, https:\/\/sunsauna.fi\/wp-content\/uploads\/2018\/02\/sun-sauna-puurunko.jpg 630w\"\r\n                                                                                        width=\"630\"\r\n                                            height=\"477\">\r\n                                    <\/a>\r\n                                <\/div>\r\n                                                            <div class=\"glide__slide\">\r\n                                    <a href=\"https:\/\/sunsauna.fi\/wp-content\/uploads\/2014\/01\/puurunko2.jpg\" class=\"lightbox gallery-thumbnail\">\r\n                                        <img loading=\"lazy\" decoding=\"async\"\r\n                                            src=\"https:\/\/sunsauna.fi\/wp-content\/uploads\/2014\/01\/puurunko2.jpg\"\r\n                                            alt=\"puurunko2\"\r\n                                                                                        srcset=\"https:\/\/sunsauna.fi\/wp-content\/uploads\/2014\/01\/puurunko2-300x200.jpg 300w, https:\/\/sunsauna.fi\/wp-content\/uploads\/2014\/01\/puurunko2-600x399.jpg 600w, https:\/\/sunsauna.fi\/wp-content\/uploads\/2014\/01\/puurunko2-768x511.jpg 768w, https:\/\/sunsauna.fi\/wp-content\/uploads\/2014\/01\/puurunko2-892x593.jpg 892w, https:\/\/sunsauna.fi\/wp-content\/uploads\/2014\/01\/puurunko2-714x475.jpg 714w, https:\/\/sunsauna.fi\/wp-content\/uploads\/2014\/01\/puurunko2-590x392.jpg 590w, https:\/\/sunsauna.fi\/wp-content\/uploads\/2014\/01\/puurunko2-367x245.jpg 367w, https:\/\/sunsauna.fi\/wp-content\/uploads\/2014\/01\/puurunko2.jpg 1024w\"\r\n                                                                                        width=\"1024\"\r\n                                            height=\"681\">\r\n                                    <\/a>\r\n                                <\/div>\r\n                                                            <div class=\"glide__slide\">\r\n                                    <a href=\"https:\/\/sunsauna.fi\/wp-content\/uploads\/2018\/03\/Swing_puurunkoinen_saunan_laude.jpg\" class=\"lightbox gallery-thumbnail\">\r\n                                        <img loading=\"lazy\" decoding=\"async\"\r\n                                            src=\"https:\/\/sunsauna.fi\/wp-content\/uploads\/2018\/03\/Swing_puurunkoinen_saunan_laude.jpg\"\r\n                                            alt=\"\"\r\n                                                                                        srcset=\"https:\/\/sunsauna.fi\/wp-content\/uploads\/2018\/03\/Swing_puurunkoinen_saunan_laude-300x199.jpg 300w, https:\/\/sunsauna.fi\/wp-content\/uploads\/2018\/03\/Swing_puurunkoinen_saunan_laude-600x399.jpg 600w, https:\/\/sunsauna.fi\/wp-content\/uploads\/2018\/03\/Swing_puurunkoinen_saunan_laude-412x274.jpg 412w, https:\/\/sunsauna.fi\/wp-content\/uploads\/2018\/03\/Swing_puurunkoinen_saunan_laude-768x511.jpg 768w, https:\/\/sunsauna.fi\/wp-content\/uploads\/2018\/03\/Swing_puurunkoinen_saunan_laude-1024x681.jpg 1024w, https:\/\/sunsauna.fi\/wp-content\/uploads\/2018\/03\/Swing_puurunkoinen_saunan_laude-892x593.jpg 892w, https:\/\/sunsauna.fi\/wp-content\/uploads\/2018\/03\/Swing_puurunkoinen_saunan_laude-714x475.jpg 714w, https:\/\/sunsauna.fi\/wp-content\/uploads\/2018\/03\/Swing_puurunkoinen_saunan_laude-590x392.jpg 590w, https:\/\/sunsauna.fi\/wp-content\/uploads\/2018\/03\/Swing_puurunkoinen_saunan_laude-367x245.jpg 367w, https:\/\/sunsauna.fi\/wp-content\/uploads\/2018\/03\/Swing_puurunkoinen_saunan_laude.jpg 1280w\"\r\n                                                                                        width=\"1280\"\r\n                                            height=\"851\">\r\n                                    <\/a>\r\n                                <\/div>\r\n                                                    <\/div>\r\n                    <\/div>\r\n\r\n                                            <div class=\"glide__controls\">\r\n                            <div class=\"glide__arrows\" data-glide-el=\"controls\">\r\n                                <button class=\"glide__arrow glide__arrow--left\" aria-label=\"Previous\" data-glide-dir=\"&lt;\"><\/button>\r\n                                <button class=\"glide__arrow glide__arrow--right\" aria-label=\"Next\" data-glide-dir=\"&gt;\"><\/button>\r\n                            <\/div>\r\n                        <\/div>\r\n                                    <\/div>\r\n            <\/div>\r\n        <\/div>\r\n    <\/div>\r\n<\/section><section class=\"block block-tabs\">\r\n    <div class=\"container\">\r\n        <div class=\"tabs-wrapper\">\r\n            <!-- Tab Navigation -->\r\n            <div class=\"tabs-navigation\" role=\"tablist\">\r\n                                    <button\r\n                        class=\"tab-button active\"\r\n                        role=\"tab\"\r\n                        aria-selected=\"true\"\r\n                        aria-controls=\"tab-0\"\r\n                        id=\"tab-button-tab-0\"\r\n                        data-tab-index=\"0\">\r\n                        Information om produkten                    <\/button>\r\n                                    <button\r\n                        class=\"tab-button\"\r\n                        role=\"tab\"\r\n                        aria-selected=\"false\"\r\n                        aria-controls=\"tab-1\"\r\n                        id=\"tab-button-tab-1\"\r\n                        data-tab-index=\"1\">\r\n                        Inneh\u00e5ll i Swing tr\u00e4skivepaket                    <\/button>\r\n                            <\/div>\r\n\r\n            <!-- Tab Content -->\r\n            <div class=\"tabs-content\">\r\n                                    <div\r\n                        class=\"tab-panel active\"\r\n                        role=\"tabpanel\"\r\n                        aria-labelledby=\"tab-button-tab-0\"\r\n                        id=\"tab-0\"\r\n                        >\r\n                        \r\n<div class=\"block-tab\" data-tab-title=\"Tab Title\">\r\n    \n<div class=\"wp-block-wds-tab\">\n<h3 class=\"wp-block-heading tab-title\">Information om produkten<\/h3>\n\n\n\n<p><strong>Oh\u00e4mmade s\u00e5ngsamlingar<\/strong><\/p>\n\n\n\n<ul class=\"wp-block-list\">\n<li>Kan lyftas upp och tas bort med sin f\u00e4stmekanism<\/li>\n\n\n\n<li>Antiklumpbildning f\u00f6rl\u00e4nger murbrukets livsl\u00e4ngd och underl\u00e4ttar reng\u00f6ringen<\/li>\n\n\n\n<li>Standarddjup p\u00e5 400, 500 eller 600 mm\n<ul class=\"wp-block-list\">\n<li>sittplattformen \u00e4r monterad 20 mm fr\u00e5n den bakre v\u00e4ggen, varvid sittdjupet \u00e4r 420, 520 eller 620 mm<\/li>\n<\/ul>\n<\/li>\n<\/ul>\n\n\n\n<p><strong>Material fr\u00e5n<\/strong><\/p>\n\n\n\n<ul class=\"wp-block-list\">\n<li>V\u00e4rmebehandlad asp<\/li>\n\n\n\n<li>Smed<\/li>\n\n\n\n<li>V\u00e4rmebehandlade f\u00e5rkl\u00e4der<\/li>\n<\/ul>\n\n\n\n<p><strong>Ryggst\u00f6d och mellanrumsgaller<\/strong><\/p>\n\n\n\n<ul class=\"wp-block-list\">\n<li>Svartal eller v\u00e4rmebehandlad asp<\/li>\n\n\n\n<li>L\u00f6stagbara mellanrumsst\u00e4nger (snabbkoppling)<\/li>\n<\/ul>\n\n\n\n<p><strong>Fingerskarvad ram av barrtr\u00e4 44 x 80 mm<\/strong><\/p>\n\n\n\n<ul class=\"wp-block-list\">\n<li>Helt l\u00f6stagbar f\u00f6r reng\u00f6ring och underh\u00e5ll (vid montering av en glasfiberlampa blir sitsramen fast)<\/li>\n<\/ul>\n\n\n\n<p><strong>Stolar och b\u00e4nkar<\/strong><\/p>\n\n\n\n<ul class=\"wp-block-list\">\n<li>Standardstorlek 500\u00d7767 mm eller 500\u00d7863 mm<\/li>\n\n\n\n<li>Samma material som br\u00e4dans lameller<\/li>\n\n\n\n<li>F\u00f6tter med justerbara tassar, st\u00e5lg\u00e4nga och plasttass. Justering +-20 mm. <\/li>\n\n\n\n<li>Pallar kan \u00e4ven f\u00e5s i specialstorlekar p\u00e5 beg\u00e4ran<\/li>\n<\/ul>\n\n\n\n<p><strong>Br\u00e4dans slut (n\u00e4r laude inte slutar i en v\u00e4gg)<\/strong><\/p>\n\n\n\n<p>Under \u00e4ndstycket finns justeringssp\u00e4rrar, en st\u00e5lg\u00e4nga och en plastsp\u00e4rr. Justering +-20 mm. <\/p>\n\n\n\n<p>Svartbetsad gran (till skillnad fr\u00e5n bilden \u00e4r det kokosn\u00f6tstr\u00e4)<\/p>\n\n\n\n<div class=\"wp-block-buttons is-layout-flex wp-block-buttons-is-layout-flex\">\n<div class=\"wp-block-button\"><a class=\"wp-block-button__link wp-element-button\" href=\"https:\/\/sunsauna.fi\/yhteisosaunat-blogi\/hoito-ohjeet\/huolto-ja-pesuohjeet-sun-sauna-swing-clean-laudejarjestelma\/\">Sk\u00f6tselr\u00e5d<\/a><\/div>\n<\/div>\n<\/div>\n<\/div>                    <\/div>\r\n                                    <div\r\n                        class=\"tab-panel\"\r\n                        role=\"tabpanel\"\r\n                        aria-labelledby=\"tab-button-tab-1\"\r\n                        id=\"tab-1\"\r\n                        hidden>\r\n                        \r\n<div class=\"block-tab\" data-tab-title=\"Tab Title\">\r\n    \n<div class=\"wp-block-wds-tab\">\n<h3 class=\"wp-block-heading tab-title\">Inneh\u00e5ll i Swing tr\u00e4skivepaket<\/h3>\n\n\n\n<p><strong>\u00d6vre och undre rallyn<\/strong><a href=\"https:\/\/sunsauna.fi\/wp-content\/uploads\/2018\/03\/Swing_Clean-terasrunko_saunan_laude_metallirunkoinen_laude_kippi_laude_pystyyn_nostettava_laude.jpg\"><\/a><\/p>\n\n\n\n<p>Laude-elementen i det \u00f6vre och nedre d\u00e4cket \u00e4r 400, 500 och 600 mm djupa. Materialen \u00e4r v\u00e4rmebehandlad asp och v\u00e4rmebehandlad furu. <\/p>\n\n\n\n<p><strong>Mellanliggande ritual<\/strong><\/p>\n\n\n\n<p>Tack vare gallret mellan \u00f6vre och nedre d\u00e4ck kan \u00e4ven barn bada bastu p\u00e5 ett s\u00e4kert s\u00e4tt. Materialet \u00e4r detsamma som f\u00f6r rallen. <\/p>\n\n\n\n<ul class=\"wp-block-list\">\n<li><strong>Ram och monteringstillbeh\u00f6r<\/strong>\n<ul class=\"wp-block-list\">\n<li>Br\u00e4dpaketet inneh\u00e5ller br\u00e4dram, monteringsbeslag och plywoodflikar f\u00f6r montering. Ramen \u00e4r tillverkad av 42\u00d766 mm barrtr\u00e4 och plywood. Skruvarna \u00e4r elf\u00f6rzinkade eller m\u00e4ssingspl\u00e4terade, mycket motst\u00e5ndskraftiga i fuktiga utrymmen.  <\/li>\n<\/ul>\n<\/li>\n<\/ul>\n\n\n\n<p><strong>Kl\u00e4ttring p\u00e5 pallar och plattformar<\/strong><\/p>\n\n\n\n<ul class=\"wp-block-list\">\n<li>Som standard finns 1-h\u00f6ga (400\u00d7765 mm) och 2-h\u00f6ga (550\u00d7765 mm) tr\u00e4ramar tillg\u00e4ngliga. Finns \u00e4ven i specialstorlekar. <\/li>\n<\/ul>\n\n\n\n<div class=\"wp-block-buttons is-layout-flex wp-block-buttons-is-layout-flex\">\n<div class=\"wp-block-button\"><a class=\"wp-block-button__link wp-element-button\" href=\"https:\/\/sunsauna.fi\/yhteisosaunat-blogi\/hoito-ohjeet\/huolto-ja-pesuohjeet-sun-sauna-swing-clean-laudejarjestelma\/\">Sk\u00f6tselr\u00e5d<\/a><\/div>\n<\/div>\n<\/div>\n<\/div>                    <\/div>\r\n                            <\/div>\r\n        <\/div>\r\n    <\/div>\r\n<\/section>","protected":false},"excerpt":{"rendered":"","protected":false},"author":2,"featured_media":0,"parent":11548,"menu_order":0,"comment_status":"closed","ping_status":"closed","template":"","meta":{"_acf_changed":false,"_page_background_color":"","footnotes":""},"class_list":["post-11972","page","type-page","status-publish","hentry"],"acf":[],"featured_image_src":null,"_links":{"self":[{"href":"https:\/\/sunsauna.fi\/sv\/wp-json\/wp\/v2\/pages\/11972","targetHints":{"allow":["GET"]}}],"collection":[{"href":"https:\/\/sunsauna.fi\/sv\/wp-json\/wp\/v2\/pages"}],"about":[{"href":"https:\/\/sunsauna.fi\/sv\/wp-json\/wp\/v2\/types\/page"}],"author":[{"embeddable":true,"href":"https:\/\/sunsauna.fi\/sv\/wp-json\/wp\/v2\/users\/2"}],"replies":[{"embeddable":true,"href":"https:\/\/sunsauna.fi\/sv\/wp-json\/wp\/v2\/comments?post=11972"}],"version-history":[{"count":1,"href":"https:\/\/sunsauna.fi\/sv\/wp-json\/wp\/v2\/pages\/11972\/revisions"}],"predecessor-version":[{"id":11974,"href":"https:\/\/sunsauna.fi\/sv\/wp-json\/wp\/v2\/pages\/11972\/revisions\/11974"}],"up":[{"embeddable":true,"href":"https:\/\/sunsauna.fi\/sv\/wp-json\/wp\/v2\/pages\/11548"}],"wp:attachment":[{"href":"https:\/\/sunsauna.fi\/sv\/wp-json\/wp\/v2\/media?parent=11972"}],"curies":[{"name":"wp","href":"https:\/\/api.w.org\/{rel}","templated":true}]}}