{"id":11971,"date":"2025-08-19T12:52:34","date_gmt":"2025-08-19T12:52:34","guid":{"rendered":"https:\/\/sunsauna.fi\/produkter\/tak-for-bastu\/insamling-av-loggar\/"},"modified":"2025-10-28T15:47:51","modified_gmt":"2025-10-28T15:47:51","slug":"insamling-av-loggar","status":"publish","type":"page","link":"https:\/\/sunsauna.fi\/sv\/produkter\/tak-for-bastu\/insamling-av-loggar\/","title":{"rendered":"Insamling av loggar"},"content":{"rendered":"<section class=\"block block-herosub\">\r\n            <div class=\"hero-media\">\r\n            <img decoding=\"async\" src=\"https:\/\/sunsauna.fi\/wp-content\/uploads\/2025\/08\/IMG-20221103-WA0004-1-445x593.jpg\" alt=\"Log suorat lauteet, kuusi\" width=\"1500\" height=\"2000\" srcset=\"https:\/\/sunsauna.fi\/wp-content\/uploads\/2025\/08\/IMG-20221103-WA0004-1-225x300.jpg 225w, https:\/\/sunsauna.fi\/wp-content\/uploads\/2025\/08\/IMG-20221103-WA0004-1-600x800.jpg 600w, https:\/\/sunsauna.fi\/wp-content\/uploads\/2025\/08\/IMG-20221103-WA0004-1-412x549.jpg 412w, https:\/\/sunsauna.fi\/wp-content\/uploads\/2025\/08\/IMG-20221103-WA0004-1-768x1024.jpg 768w, https:\/\/sunsauna.fi\/wp-content\/uploads\/2025\/08\/IMG-20221103-WA0004-1-1152x1536.jpg 1152w, https:\/\/sunsauna.fi\/wp-content\/uploads\/2025\/08\/IMG-20221103-WA0004-1-1440x1920.jpg 1440w, https:\/\/sunsauna.fi\/wp-content\/uploads\/2025\/08\/IMG-20221103-WA0004-1-445x593.jpg 445w, https:\/\/sunsauna.fi\/wp-content\/uploads\/2025\/08\/IMG-20221103-WA0004-1-398x531.jpg 398w, https:\/\/sunsauna.fi\/wp-content\/uploads\/2025\/08\/IMG-20221103-WA0004-1-443x590.jpg 443w, https:\/\/sunsauna.fi\/wp-content\/uploads\/2025\/08\/IMG-20221103-WA0004-1.jpg 1500w\" data-no-lazy=\"1\" fetchpriority=\"high\">        <\/div>\r\n    \r\n    <div class=\"hero-content\">\r\n        <div class=\"container\">\r\n            <div class=\"content-container\">\r\n                \n<div class=\"wp-block-wds-herosub\">\n<h1 class=\"wp-block-heading has-text-align-center\">Insamling av loggar<\/h1>\n<\/div>\n            <\/div>\r\n            <div class=\"breadcrumbs-container\"><ol itemscope itemtype=\"https:\/\/schema.org\/BreadcrumbList\"><li itemprop=\"itemListElement\" itemscope itemtype=\"https:\/\/schema.org\/ListItem\"><a itemprop=\"item\" href=\"https:\/\/sunsauna.fi\/sv\/\"><span itemprop=\"name\">Sun Sauna<\/span><\/a><meta itemprop=\"position\" content=\"0\" \/><\/li><\/ol><\/div>        <\/div>\r\n        <span class=\"scroll-down\"><\/span>\r\n    <\/div>\r\n<\/section>\n\n<section class=\"block block-gallery has-wds-light-background-color has-background\">\r\n    <div class=\"container\">\r\n        <div class=\"gallery-content reveal\">\r\n            \r\n            <div class=\"gallery gallery-regular\" id=\"gallery-69e7b4dc0fd51\">\r\n                \r\n                <!-- Main gallery display -->\r\n                <a href=\"https:\/\/sunsauna.fi\/wp-content\/uploads\/2025\/08\/IMG-20221103-WA0004-1.jpg\" class=\"lightbox gallery-fullsize\">\r\n                    <img loading=\"lazy\" decoding=\"async\"\r\n                        src=\"https:\/\/sunsauna.fi\/wp-content\/uploads\/2025\/08\/IMG-20221103-WA0004-1.jpg\"\r\n                        alt=\"Log suorat lauteet, kuusi\"\r\n                                                srcset=\"https:\/\/sunsauna.fi\/wp-content\/uploads\/2025\/08\/IMG-20221103-WA0004-1-225x300.jpg 225w, https:\/\/sunsauna.fi\/wp-content\/uploads\/2025\/08\/IMG-20221103-WA0004-1-600x800.jpg 600w, https:\/\/sunsauna.fi\/wp-content\/uploads\/2025\/08\/IMG-20221103-WA0004-1-412x549.jpg 412w, https:\/\/sunsauna.fi\/wp-content\/uploads\/2025\/08\/IMG-20221103-WA0004-1-768x1024.jpg 768w, https:\/\/sunsauna.fi\/wp-content\/uploads\/2025\/08\/IMG-20221103-WA0004-1-1152x1536.jpg 1152w, https:\/\/sunsauna.fi\/wp-content\/uploads\/2025\/08\/IMG-20221103-WA0004-1-1440x1920.jpg 1440w, https:\/\/sunsauna.fi\/wp-content\/uploads\/2025\/08\/IMG-20221103-WA0004-1-445x593.jpg 445w, https:\/\/sunsauna.fi\/wp-content\/uploads\/2025\/08\/IMG-20221103-WA0004-1-398x531.jpg 398w, https:\/\/sunsauna.fi\/wp-content\/uploads\/2025\/08\/IMG-20221103-WA0004-1-443x590.jpg 443w, https:\/\/sunsauna.fi\/wp-content\/uploads\/2025\/08\/IMG-20221103-WA0004-1.jpg 1500w\"\r\n                                                width=\"1500\"\r\n                        height=\"2000\">\r\n                <\/a>\r\n\r\n                <!-- Thumbnail slider -->\r\n                <div class=\"glide gallery-slider\" data-uid=\"gallery-69e7b4dc0fd51\">\r\n                    <div class=\"glide__track\" data-glide-el=\"track\">\r\n                        <div class=\"glide__slides\">\r\n                                                            <div class=\"glide__slide\">\r\n                                    <a href=\"https:\/\/sunsauna.fi\/wp-content\/uploads\/2025\/08\/IMG-20221103-WA0004-1.jpg\" class=\"lightbox gallery-thumbnail\">\r\n                                        <img loading=\"lazy\" decoding=\"async\"\r\n                                            src=\"https:\/\/sunsauna.fi\/wp-content\/uploads\/2025\/08\/IMG-20221103-WA0004-1.jpg\"\r\n                                            alt=\"Log suorat lauteet, kuusi\"\r\n                                                                                        srcset=\"https:\/\/sunsauna.fi\/wp-content\/uploads\/2025\/08\/IMG-20221103-WA0004-1-225x300.jpg 225w, https:\/\/sunsauna.fi\/wp-content\/uploads\/2025\/08\/IMG-20221103-WA0004-1-600x800.jpg 600w, https:\/\/sunsauna.fi\/wp-content\/uploads\/2025\/08\/IMG-20221103-WA0004-1-412x549.jpg 412w, https:\/\/sunsauna.fi\/wp-content\/uploads\/2025\/08\/IMG-20221103-WA0004-1-768x1024.jpg 768w, https:\/\/sunsauna.fi\/wp-content\/uploads\/2025\/08\/IMG-20221103-WA0004-1-1152x1536.jpg 1152w, https:\/\/sunsauna.fi\/wp-content\/uploads\/2025\/08\/IMG-20221103-WA0004-1-1440x1920.jpg 1440w, https:\/\/sunsauna.fi\/wp-content\/uploads\/2025\/08\/IMG-20221103-WA0004-1-445x593.jpg 445w, https:\/\/sunsauna.fi\/wp-content\/uploads\/2025\/08\/IMG-20221103-WA0004-1-398x531.jpg 398w, https:\/\/sunsauna.fi\/wp-content\/uploads\/2025\/08\/IMG-20221103-WA0004-1-443x590.jpg 443w, https:\/\/sunsauna.fi\/wp-content\/uploads\/2025\/08\/IMG-20221103-WA0004-1.jpg 1500w\"\r\n                                                                                        width=\"1500\"\r\n                                            height=\"2000\">\r\n                                    <\/a>\r\n                                <\/div>\r\n                                                            <div class=\"glide__slide\">\r\n                                    <a href=\"https:\/\/sunsauna.fi\/wp-content\/uploads\/2025\/08\/log_l_kaide_sunsauna.jpg\" class=\"lightbox gallery-thumbnail\">\r\n                                        <img loading=\"lazy\" decoding=\"async\"\r\n                                            src=\"https:\/\/sunsauna.fi\/wp-content\/uploads\/2025\/08\/log_l_kaide_sunsauna.jpg\"\r\n                                            alt=\"\"\r\n                                                                                        srcset=\"https:\/\/sunsauna.fi\/wp-content\/uploads\/2025\/08\/log_l_kaide_sunsauna-300x213.jpg 300w, https:\/\/sunsauna.fi\/wp-content\/uploads\/2025\/08\/log_l_kaide_sunsauna-600x426.jpg 600w, https:\/\/sunsauna.fi\/wp-content\/uploads\/2025\/08\/log_l_kaide_sunsauna-412x292.jpg 412w, https:\/\/sunsauna.fi\/wp-content\/uploads\/2025\/08\/log_l_kaide_sunsauna-768x545.jpg 768w, https:\/\/sunsauna.fi\/wp-content\/uploads\/2025\/08\/log_l_kaide_sunsauna-1024x726.jpg 1024w, https:\/\/sunsauna.fi\/wp-content\/uploads\/2025\/08\/log_l_kaide_sunsauna-836x593.jpg 836w, https:\/\/sunsauna.fi\/wp-content\/uploads\/2025\/08\/log_l_kaide_sunsauna-714x506.jpg 714w, https:\/\/sunsauna.fi\/wp-content\/uploads\/2025\/08\/log_l_kaide_sunsauna-590x418.jpg 590w, https:\/\/sunsauna.fi\/wp-content\/uploads\/2025\/08\/log_l_kaide_sunsauna.jpg 1200w\"\r\n                                                                                        width=\"1200\"\r\n                                            height=\"851\">\r\n                                    <\/a>\r\n                                <\/div>\r\n                                                            <div class=\"glide__slide\">\r\n                                    <a href=\"https:\/\/sunsauna.fi\/wp-content\/uploads\/2025\/08\/thumb176-SunSauna-Log-laude-8c6d742b209816e9ebe35912c0f772ec.jpg\" class=\"lightbox gallery-thumbnail\">\r\n                                        <img loading=\"lazy\" decoding=\"async\"\r\n                                            src=\"https:\/\/sunsauna.fi\/wp-content\/uploads\/2025\/08\/thumb176-SunSauna-Log-laude-8c6d742b209816e9ebe35912c0f772ec.jpg\"\r\n                                            alt=\"\"\r\n                                                                                        srcset=\"https:\/\/sunsauna.fi\/wp-content\/uploads\/2025\/08\/thumb176-SunSauna-Log-laude-8c6d742b209816e9ebe35912c0f772ec-300x182.jpg 300w, https:\/\/sunsauna.fi\/wp-content\/uploads\/2025\/08\/thumb176-SunSauna-Log-laude-8c6d742b209816e9ebe35912c0f772ec-600x364.jpg 600w, https:\/\/sunsauna.fi\/wp-content\/uploads\/2025\/08\/thumb176-SunSauna-Log-laude-8c6d742b209816e9ebe35912c0f772ec-412x250.jpg 412w, https:\/\/sunsauna.fi\/wp-content\/uploads\/2025\/08\/thumb176-SunSauna-Log-laude-8c6d742b209816e9ebe35912c0f772ec-590x358.jpg 590w, https:\/\/sunsauna.fi\/wp-content\/uploads\/2025\/08\/thumb176-SunSauna-Log-laude-8c6d742b209816e9ebe35912c0f772ec.jpg 700w\"\r\n                                                                                        width=\"700\"\r\n                                            height=\"425\">\r\n                                    <\/a>\r\n                                <\/div>\r\n                                                            <div class=\"glide__slide\">\r\n                                    <a href=\"https:\/\/sunsauna.fi\/wp-content\/uploads\/2025\/08\/log-laudepaketti.jpg\" class=\"lightbox gallery-thumbnail\">\r\n                                        <img loading=\"lazy\" decoding=\"async\"\r\n                                            src=\"https:\/\/sunsauna.fi\/wp-content\/uploads\/2025\/08\/log-laudepaketti.jpg\"\r\n                                            alt=\"\"\r\n                                                                                        srcset=\"https:\/\/sunsauna.fi\/wp-content\/uploads\/2025\/08\/log-laudepaketti-300x193.jpg 300w, https:\/\/sunsauna.fi\/wp-content\/uploads\/2025\/08\/log-laudepaketti-600x386.jpg 600w, https:\/\/sunsauna.fi\/wp-content\/uploads\/2025\/08\/log-laudepaketti-412x265.jpg 412w, https:\/\/sunsauna.fi\/wp-content\/uploads\/2025\/08\/log-laudepaketti-590x379.jpg 590w, https:\/\/sunsauna.fi\/wp-content\/uploads\/2025\/08\/log-laudepaketti.jpg 700w\"\r\n                                                                                        width=\"700\"\r\n                                            height=\"450\">\r\n                                    <\/a>\r\n                                <\/div>\r\n                                                    <\/div>\r\n                    <\/div>\r\n\r\n                                            <div class=\"glide__controls\">\r\n                            <div class=\"glide__arrows\" data-glide-el=\"controls\">\r\n                                <button class=\"glide__arrow glide__arrow--left\" aria-label=\"Previous\" data-glide-dir=\"&lt;\"><\/button>\r\n                                <button class=\"glide__arrow glide__arrow--right\" aria-label=\"Next\" data-glide-dir=\"&gt;\"><\/button>\r\n                            <\/div>\r\n                        <\/div>\r\n                                    <\/div>\r\n            <\/div>\r\n        <\/div>\r\n    <\/div>\r\n<\/section>\n\n<section class=\"block block-basic has-wds-light-background-color has-background\">\r\n    <div class=\"container\">\r\n        <div class=\"content-container reveal\">\r\n            \n<div class=\"wp-block-wds-basic has-wds-light-background-color has-background\">\n<h2 class=\"wp-block-heading\">En plankugn av brett massivt tr\u00e4, som framkallar atmosf\u00e4ren i en traditionell finsk r\u00f6kbastu \u00e4ven i ett stadshem.  <\/h2>\n\n\n\n<p>  Br\u00e4dorna finns i svarttonad eller naturf\u00e4rgad gran och v\u00e4rmebehandlad tj\u00e4rpapp.<\/p>\n\n\n\n<p>Det fantastiska plankbordet \u00e4r tillverkat av 40\u00d7200 mm brett massivt tr\u00e4 och \u00e4r en helhet med balans mellan proportioner och formspr\u00e5k. Granplank \u00e4r ett traditionellt bordsmaterial som t\u00e5l att anv\u00e4ndas, med mycket f\u00e5 k\u00e5dfickor om det v\u00e4ljs med omsorg. <\/p>\n\n\n\n<p>Logs enkla formspr\u00e5k med plankor passar lika bra i en strandbastu med timmerv\u00e4ggar i en stuga eller sommarstuga som i bastun i det modernaste sten-, timmer- eller tr\u00e4huset.<\/p>\n\n\n\n<p>Liksom alla Sun Sauna-d\u00e4ck kan Log Collection-d\u00e4cken demonteras f\u00f6r underh\u00e5ll och reng\u00f6ring.<\/p>\n\n\n\n<p>F\u00f6r den \u00f6versta skivan i stocken och den nedersta skivan utan v\u00e4rmeplatta finns \u00e4ven en v\u00e4ggmonterad st\u00e5lf\u00e4stl\u00f6sning som g\u00f6r det m\u00f6jligt att ta bort skivorna en efter en. St\u00e5lf\u00e4stet s\u00e4ljs som en separat produkt, och br\u00e4dan \u00e4r som standard utrustad med ett tr\u00e4f\u00e4ste fr\u00e5n vilket br\u00e4dans lameller kan tas bort. <\/p>\n\n\n\n<p>F\u00f6r granvirke anv\u00e4nder vi limmat tr\u00e4 f\u00f6r att minimera skevhet, v\u00e4rmebehandlad tj\u00e4rplank \u00e4r limfri. Vi anv\u00e4nder ett speciallim som \u00e4r mycket motst\u00e5ndskraftigt i fuktiga utrymmen. <\/p>\n\n\n\n<p>Vi anv\u00e4nder Liberon sprite f\u00f6r att tona laude, varefter laude kan skyddas med paraffinolja.<\/p>\n\n\n\n<p>Bilderna visar en fantastisk svart tonad v\u00e4ska. Samma Liberon-spray kan ocks\u00e5 anv\u00e4ndas p\u00e5 v\u00e4ggpanelerna i en bastu. <\/p>\n<\/div>\n        <\/div>\r\n    <\/div>\r\n<\/section>\n\n\n<h3 class=\"wp-block-heading has-text-align-center\">M\u00e5nga produkter finns bekv\u00e4mt tillg\u00e4ngliga i v\u00e5r bastubutik!<\/h3>\n<section class=\"block block-banner\">\r\n    <div class=\"container\">\r\n        <div class=\"banner-content reveal\">\r\n            <img loading=\"lazy\" decoding=\"async\" src=\"https:\/\/sunsauna.fi\/wp-content\/uploads\/2025\/08\/DSC0391-scaled-1-590x392.jpg\" alt=\"\" width=\"2560\" height=\"1703\" srcset=\"https:\/\/sunsauna.fi\/wp-content\/uploads\/2025\/08\/DSC0391-scaled-1-300x200.jpg 300w, https:\/\/sunsauna.fi\/wp-content\/uploads\/2025\/08\/DSC0391-scaled-1-600x399.jpg 600w, https:\/\/sunsauna.fi\/wp-content\/uploads\/2025\/08\/DSC0391-scaled-1-412x274.jpg 412w, https:\/\/sunsauna.fi\/wp-content\/uploads\/2025\/08\/DSC0391-scaled-1-768x511.jpg 768w, https:\/\/sunsauna.fi\/wp-content\/uploads\/2025\/08\/DSC0391-scaled-1-1024x681.jpg 1024w, https:\/\/sunsauna.fi\/wp-content\/uploads\/2025\/08\/DSC0391-scaled-1-1536x1022.jpg 1536w, https:\/\/sunsauna.fi\/wp-content\/uploads\/2025\/08\/DSC0391-scaled-1-2048x1362.jpg 2048w, https:\/\/sunsauna.fi\/wp-content\/uploads\/2025\/08\/DSC0391-scaled-1-1920x1277.jpg 1920w, https:\/\/sunsauna.fi\/wp-content\/uploads\/2025\/08\/DSC0391-scaled-1-891x593.jpg 891w, https:\/\/sunsauna.fi\/wp-content\/uploads\/2025\/08\/DSC0391-scaled-1-714x475.jpg 714w, https:\/\/sunsauna.fi\/wp-content\/uploads\/2025\/08\/DSC0391-scaled-1-590x392.jpg 590w, https:\/\/sunsauna.fi\/wp-content\/uploads\/2025\/08\/DSC0391-scaled-1-367x245.jpg 367w\">            <div class=\"content-container\">\r\n                \n<div class=\"wp-block-wds-banner\">\n<h2 class=\"wp-block-heading\">Kolla in Sun Sauna onlinebutik<\/h2>\n\n\n\n<div class=\"wp-block-buttons is-layout-flex wp-block-buttons-is-layout-flex\">\n<div class=\"wp-block-button\"><a class=\"wp-block-button__link wp-element-button\" href=\"https:\/\/sunsauna.fi\/verkkokauppa\/\">Handla online p\u00e5<\/a><\/div>\n<\/div>\n<\/div>\n            <\/div>\r\n        <\/div>\r\n    <\/div>\r\n<\/section>\n\n<section class=\"block block-tabs\">\r\n    <div class=\"container\">\r\n        <div class=\"tabs-wrapper\">\r\n            <!-- Tab Navigation -->\r\n            <div class=\"tabs-navigation\" role=\"tablist\">\r\n                                    <button\r\n                        class=\"tab-button active\"\r\n                        role=\"tab\"\r\n                        aria-selected=\"true\"\r\n                        aria-controls=\"tab-0\"\r\n                        id=\"tab-button-tab-0\"\r\n                        data-tab-index=\"0\">\r\n                        Information om produkten                    <\/button>\r\n                                    <button\r\n                        class=\"tab-button\"\r\n                        role=\"tab\"\r\n                        aria-selected=\"false\"\r\n                        aria-controls=\"tab-1\"\r\n                        id=\"tab-button-tab-1\"\r\n                        data-tab-index=\"1\">\r\n                        Varf\u00f6r ett f\u00e4rdigt br\u00e4de?                    <\/button>\r\n                            <\/div>\r\n\r\n            <!-- Tab Content -->\r\n            <div class=\"tabs-content\">\r\n                                    <div\r\n                        class=\"tab-panel active\"\r\n                        role=\"tabpanel\"\r\n                        aria-labelledby=\"tab-button-tab-0\"\r\n                        id=\"tab-0\"\r\n                        >\r\n                        \r\n<div class=\"block-tab\" data-tab-title=\"Tab Title\">\r\n    \n<div class=\"wp-block-wds-tab\">\n<h3 class=\"wp-block-heading tab-title\">Information om produkten<\/h3>\n\n\n\n<ul class=\"wp-block-list\">\n<li><strong>Materialalternativ f\u00f6r plankgolv:<\/strong>\n<ul class=\"wp-block-list\">\n<li>Massiv limmad gran naturf\u00e4rg 40\u00d7200 mm\n<ul class=\"wp-block-list\">\n<li>Materialet till plankan \u00e4r inhemsk gran, limmad blir den inte skev och \u00e4r mycket motst\u00e5ndskraftig mot bastuf\u00f6rh\u00e5llanden.<\/li>\n<\/ul>\n<\/li>\n<\/ul>\n<\/li>\n\n\n\n<li><strong>S\u00e4tesskydd och fotskydd<\/strong>:\n<ul class=\"wp-block-list\">\n<li>Djup till ovansidan 600 mm,<\/li>\n\n\n\n<li>Benv\u00e4vnaden forts\u00e4tter upp till toppen under v\u00e4ggen<\/li>\n\n\n\n<li>Sitth\u00f6jd 1050 eller 1150 mm (fritt justerbar, inga f\u00f6tter p\u00e5 br\u00e4dan som standard)<\/li>\n<\/ul>\n<\/li>\n\n\n\n<li><strong>Ryggst\u00f6d:<\/strong>\n<ul class=\"wp-block-list\">\n<li>En tavla 40\u00d7200 mm<\/li>\n\n\n\n<li>Samma material som kakelplattorna<\/li>\n<\/ul>\n<\/li>\n\n\n\n<li><strong>Ramar och monteringstillbeh\u00f6r:<\/strong>\n<ul class=\"wp-block-list\">\n<li>Ram tillverkad av barrtr\u00e4 (42\u00d766 mm) och plywood<\/li>\n\n\n\n<li>F\u00e4stskruvarna \u00e4r elf\u00f6rzinkade eller m\u00e4ssingspl\u00e4terade, motst\u00e5ndskraftiga mot mycket fuktiga f\u00f6rh\u00e5llanden<\/li>\n<\/ul>\n<\/li>\n\n\n\n<li><strong>Pallar<\/strong>\n<ul class=\"wp-block-list\">\n<li>Standard 600\u00d7800 mm (h\u00f6jd 380 mm), en v\u00e5ning<\/li>\n\n\n\n<li>2-h\u00f6g 600\u00d7800 mm (h\u00f6jd 550 mm 275+275)<\/li>\n\n\n\n<li>Specialanpassade stigarledningar enligt kundens \u00f6nskem\u00e5l<\/li>\n\n\n\n<li>F\u00f6tter med justerbara f\u00f6tter, plastf\u00f6tter och st\u00e5lg\u00e4nga med +-20 mm justering<\/li>\n<\/ul>\n<\/li>\n<\/ul>\n\n\n\n<div class=\"wp-block-buttons is-layout-flex wp-block-buttons-is-layout-flex\">\n<div class=\"wp-block-button\"><a class=\"wp-block-button__link wp-element-button\" href=\"https:\/\/sunsauna.fi\/sv\/blogg\/underhalls-och-rengoringsinstruktioner-sun-sauna-swing-clean-laude-system\/\">Sk\u00f6tselr\u00e5d<\/a><\/div>\n\n\n\n<div class=\"wp-block-button\"><a class=\"wp-block-button__link wp-element-button\" href=\"https:\/\/sunsauna.fi\/sv\/spa-i-hemmet\/material-for-bryggning\/\">Material f\u00f6r bryggning<\/a><\/div>\n<\/div>\n<\/div>\n<\/div>                    <\/div>\r\n                                    <div\r\n                        class=\"tab-panel\"\r\n                        role=\"tabpanel\"\r\n                        aria-labelledby=\"tab-button-tab-1\"\r\n                        id=\"tab-1\"\r\n                        hidden>\r\n                        \r\n<div class=\"block-tab\" data-tab-title=\"Tab Title\">\r\n    \n<div class=\"wp-block-wds-tab\">\n<h3 class=\"wp-block-heading tab-title\">Varf\u00f6r ett f\u00e4rdigt br\u00e4de?<\/h3>\n\n\n\n<p><strong>F\u00e4rdigmonterat kretskortspaket<\/strong><\/p>\n\n\n\n<ul class=\"wp-block-list\">\n<li><strong>F\u00e4rdigmonterat kretskortspaket<\/strong>\n<ul class=\"wp-block-list\">\n<li>Wave \u00e4r ett m\u00e5ttbest\u00e4llt bastuaggregat som tillverkas efter de exakta m\u00e5tten p\u00e5 din bastu.<\/li>\n\n\n\n<li>Laude \u00e4r f\u00f6rmonterad p\u00e5 fabriken och installationen \u00e4r snabb och enkel.<\/li>\n<\/ul>\n<\/li>\n\n\n\n<li>En professionell designtj\u00e4nst med de b\u00e4sta bastuexperterna i landet till din tj\u00e4nst.<\/li>\n\n\n\n<li>Alla lauderallar \u00e4r l\u00f6stagbara f\u00f6r reng\u00f6ring och underh\u00e5ll och skenorna p\u00e5 fotbr\u00e4dan \u00e4r l\u00f6stagbara utan verktyg. Spiken har en m\u00e4ssingsbussning f\u00f6r att f\u00f6rhindra att den fastnar <\/li>\n\n\n\n<li>Vid montering av en fiberoptisk lampa fr\u00e4ses ett fibersp\u00e5r i sitsens framkant.<\/li>\n\n\n\n<li>V\u00e5ra egna skickliga snickare som vi \u00e4r stolta \u00f6ver<\/li>\n\n\n\n<li>Kvaliteten p\u00e5 Sun Sauna&#8217;s trall \u00e4r k\u00e4nd i f\u00f6rv\u00e4g<\/li>\n\n\n\n<li>Tillverkare av inhemsk kartong<\/li>\n\n\n\n<li>Alla v\u00e5ra lutor tillverkas i v\u00e5r fabrik i Jyv\u00e4skyl\u00e4, Finland<a href=\"https:\/\/sunsauna.fi\/wp-content\/uploads\/2016\/02\/timo_tyon_laatu.jpg\"><\/a><\/li>\n<\/ul>\n\n\n\n<div class=\"wp-block-buttons is-layout-flex wp-block-buttons-is-layout-flex\">\n<div class=\"wp-block-button\"><a class=\"wp-block-button__link wp-element-button\" href=\"https:\/\/sunsauna.fi\/sv\/spa-i-hemmet\/skotselanvisningar-for-spadack-for-hemmabruk\/\">Sk\u00f6tselr\u00e5d<\/a><\/div>\n\n\n\n<div class=\"wp-block-button\"><a class=\"wp-block-button__link wp-element-button\" href=\"https:\/\/sunsauna.fi\/sv\/spa-i-hemmet\/material-for-bryggning\/\">Material f\u00f6r bryggning<\/a><\/div>\n<\/div>\n<\/div>\n<\/div>                    <\/div>\r\n                            <\/div>\r\n        <\/div>\r\n    <\/div>\r\n<\/section>","protected":false},"excerpt":{"rendered":"","protected":false},"author":2,"featured_media":11932,"parent":11931,"menu_order":0,"comment_status":"closed","ping_status":"closed","template":"","meta":{"_acf_changed":false,"_page_background_color":"wds-light","footnotes":""},"class_list":["post-11971","page","type-page","status-publish","has-post-thumbnail","hentry"],"acf":[],"featured_image_src":"https:\/\/sunsauna.fi\/wp-content\/uploads\/2018\/03\/wave_saunan_laude_mallisto_L-laude_jalkakaide_kiukaan-edessa.jpg","_links":{"self":[{"href":"https:\/\/sunsauna.fi\/sv\/wp-json\/wp\/v2\/pages\/11971","targetHints":{"allow":["GET"]}}],"collection":[{"href":"https:\/\/sunsauna.fi\/sv\/wp-json\/wp\/v2\/pages"}],"about":[{"href":"https:\/\/sunsauna.fi\/sv\/wp-json\/wp\/v2\/types\/page"}],"author":[{"embeddable":true,"href":"https:\/\/sunsauna.fi\/sv\/wp-json\/wp\/v2\/users\/2"}],"replies":[{"embeddable":true,"href":"https:\/\/sunsauna.fi\/sv\/wp-json\/wp\/v2\/comments?post=11971"}],"version-history":[{"count":3,"href":"https:\/\/sunsauna.fi\/sv\/wp-json\/wp\/v2\/pages\/11971\/revisions"}],"predecessor-version":[{"id":14594,"href":"https:\/\/sunsauna.fi\/sv\/wp-json\/wp\/v2\/pages\/11971\/revisions\/14594"}],"up":[{"embeddable":true,"href":"https:\/\/sunsauna.fi\/sv\/wp-json\/wp\/v2\/pages\/11931"}],"wp:featuredmedia":[{"embeddable":true,"href":"https:\/\/sunsauna.fi\/sv\/wp-json\/wp\/v2\/media\/11932"}],"wp:attachment":[{"href":"https:\/\/sunsauna.fi\/sv\/wp-json\/wp\/v2\/media?parent=11971"}],"curies":[{"name":"wp","href":"https:\/\/api.w.org\/{rel}","templated":true}]}}