{"id":11963,"date":"2025-08-15T16:12:39","date_gmt":"2025-08-15T16:12:39","guid":{"rendered":"https:\/\/sunsauna.fi\/bastur-i-gemenskapen\/produkter-for-bastu-i-samhallet\/mobler\/"},"modified":"2025-10-23T10:30:00","modified_gmt":"2025-10-23T10:30:00","slug":"mobler","status":"publish","type":"page","link":"https:\/\/sunsauna.fi\/sv\/bastur-i-gemenskapen\/produkter-for-bastu-i-samhallet\/mobler\/","title":{"rendered":"M\u00f6bler"},"content":{"rendered":"<section class=\"block block-herosub\">\r\n            <div class=\"hero-media\">\r\n            <img decoding=\"async\" src=\"https:\/\/sunsauna.fi\/wp-content\/uploads\/2018\/03\/Pukuhuone_erikois_kalusteet-891x593.jpg\" alt=\"\" width=\"1623\" height=\"1080\" srcset=\"https:\/\/sunsauna.fi\/wp-content\/uploads\/2018\/03\/Pukuhuone_erikois_kalusteet-300x200.jpg 300w, https:\/\/sunsauna.fi\/wp-content\/uploads\/2018\/03\/Pukuhuone_erikois_kalusteet-600x399.jpg 600w, https:\/\/sunsauna.fi\/wp-content\/uploads\/2018\/03\/Pukuhuone_erikois_kalusteet-412x274.jpg 412w, https:\/\/sunsauna.fi\/wp-content\/uploads\/2018\/03\/Pukuhuone_erikois_kalusteet-768x511.jpg 768w, https:\/\/sunsauna.fi\/wp-content\/uploads\/2018\/03\/Pukuhuone_erikois_kalusteet-1024x681.jpg 1024w, https:\/\/sunsauna.fi\/wp-content\/uploads\/2018\/03\/Pukuhuone_erikois_kalusteet-1536x1022.jpg 1536w, https:\/\/sunsauna.fi\/wp-content\/uploads\/2018\/03\/Pukuhuone_erikois_kalusteet-891x593.jpg 891w, https:\/\/sunsauna.fi\/wp-content\/uploads\/2018\/03\/Pukuhuone_erikois_kalusteet-714x475.jpg 714w, https:\/\/sunsauna.fi\/wp-content\/uploads\/2018\/03\/Pukuhuone_erikois_kalusteet-590x393.jpg 590w, https:\/\/sunsauna.fi\/wp-content\/uploads\/2018\/03\/Pukuhuone_erikois_kalusteet-367x245.jpg 367w, https:\/\/sunsauna.fi\/wp-content\/uploads\/2018\/03\/Pukuhuone_erikois_kalusteet.jpg 1623w\" data-no-lazy=\"1\" fetchpriority=\"high\">        <\/div>\r\n    \r\n    <div class=\"hero-content\">\r\n        <div class=\"container\">\r\n            <div class=\"content-container\">\r\n                \n<div class=\"wp-block-wds-herosub\">\n<h1 class=\"wp-block-heading has-text-align-center\">M\u00f6bler<\/h1>\n<\/div>\n            <\/div>\r\n            <div class=\"breadcrumbs-container\"><ol itemscope itemtype=\"https:\/\/schema.org\/BreadcrumbList\"><li itemprop=\"itemListElement\" itemscope itemtype=\"https:\/\/schema.org\/ListItem\"><a itemprop=\"item\" href=\"https:\/\/sunsauna.fi\/sv\/\"><span itemprop=\"name\">Sun Sauna<\/span><\/a><meta itemprop=\"position\" content=\"0\" \/><\/li><\/ol><\/div>        <\/div>\r\n        <span class=\"scroll-down\"><\/span>\r\n    <\/div>\r\n<\/section><section class=\"block block-content-section has-wds-light-background-color has-background\">\r\n    <div class=\"container\">\r\n        <div class=\"content-section-content reveal\">\r\n            \n<div class=\"wp-block-wds-content-section has-wds-light-background-color has-background\">\n<h2 class=\"wp-block-heading has-text-align-center\"><\/h2>\n\n\n<section class=\"block block-text-image image-left style-regular\">\r\n    <div class=\"container\">\r\n        <div class=\"text-image-container\">\r\n            <div class=\"text-content reveal\">\r\n                \n<div class=\"wp-block-wds-text-image\">\n<h2 class=\"wp-block-heading\">B\u00e4nk f\u00f6r omkl\u00e4dningsrum<\/h2>\n\n\n\n<ul class=\"wp-block-list\">\n<li>Djup ca 500 mm (varierar beroende p\u00e5 skivans djup) <\/li>\n\n\n\n<li>Standardbredder 900, 1000, 1100, 1200, 1300, 1400, 1500 och 1600 mm<\/li>\n\n\n\n<li>H\u00f6jd 430 mm<\/li>\n\n\n\n<li>Gummif\u00f6tter, finns \u00e4ven med justerbara f\u00f6tter: gummif\u00f6tter, st\u00e5lg\u00e4nga +-20 mm med justering<\/li>\n\n\n\n<li>Material:V\u00e4rmebehandlad asp<\/li>\n\n\n\n<li>V\u00e4rmebehandlad tj\u00e4rad al<\/li>\n\n\n\n<li>Smed<\/li>\n\n\n\n<li>Materialbredd 120 och 140 mm<\/li>\n\n\n\n<li><strong>B\u00e4nkar tillverkas ocks\u00e5 p\u00e5 best\u00e4llning!<\/strong><\/li>\n<\/ul>\n\n\n\n<div class=\"wp-block-buttons is-layout-flex wp-block-buttons-is-layout-flex\">\n<div class=\"wp-block-button\"><a class=\"wp-block-button__link wp-element-button\" href=\"\">Beg\u00e4r en offert<\/a><\/div>\n<\/div>\n<\/div>\n            <\/div>\r\n\r\n                            <div class=\"image-content reveal\">\r\n                    <img loading=\"lazy\" decoding=\"async\" src=\"https:\/\/sunsauna.fi\/wp-content\/uploads\/2025\/08\/SunSauna-pukuhuoneen-penkki-590x371.jpg\" alt=\"\" width=\"1200\" height=\"754\" srcset=\"https:\/\/sunsauna.fi\/wp-content\/uploads\/2025\/08\/SunSauna-pukuhuoneen-penkki-300x189.jpg 300w, https:\/\/sunsauna.fi\/wp-content\/uploads\/2025\/08\/SunSauna-pukuhuoneen-penkki-600x377.jpg 600w, https:\/\/sunsauna.fi\/wp-content\/uploads\/2025\/08\/SunSauna-pukuhuoneen-penkki-412x259.jpg 412w, https:\/\/sunsauna.fi\/wp-content\/uploads\/2025\/08\/SunSauna-pukuhuoneen-penkki-768x483.jpg 768w, https:\/\/sunsauna.fi\/wp-content\/uploads\/2025\/08\/SunSauna-pukuhuoneen-penkki-1024x643.jpg 1024w, https:\/\/sunsauna.fi\/wp-content\/uploads\/2025\/08\/SunSauna-pukuhuoneen-penkki-944x593.jpg 944w, https:\/\/sunsauna.fi\/wp-content\/uploads\/2025\/08\/SunSauna-pukuhuoneen-penkki-714x449.jpg 714w, https:\/\/sunsauna.fi\/wp-content\/uploads\/2025\/08\/SunSauna-pukuhuoneen-penkki-590x371.jpg 590w, https:\/\/sunsauna.fi\/wp-content\/uploads\/2025\/08\/SunSauna-pukuhuoneen-penkki.jpg 1200w\">                <\/div>\r\n                    <\/div>\r\n    <\/div>\r\n<\/section>\n\n<section class=\"block block-text-image image-right style-regular\">\r\n    <div class=\"container\">\r\n        <div class=\"text-image-container\">\r\n            <div class=\"text-content reveal\">\r\n                \n<div class=\"wp-block-wds-text-image\">\n<h2 class=\"wp-block-heading\">Bastukorv<\/h2>\n\n\n\n<p>Snygga och omsorgsfullt utf\u00f6rda bastupallar alltid till ett \u00f6verkomligt pris!<\/p>\n\n\n\n<ul class=\"wp-block-list\">\n<li>Pallarna \u00e4r tillverkade i samma stil som bastukollektionen<\/li>\n<\/ul>\n\n\n\n<ul class=\"wp-block-list\">\n<li>v\u00e4rmebehandlad magnolia (Relax collection)<\/li>\n\n\n\n<li>Material fr\u00e5n<\/li>\n\n\n\n<li>tj\u00e4ra placer<\/li>\n\n\n\n<li>v\u00e4rmebehandlad tj\u00e4rad al<\/li>\n\n\n\n<li>v\u00e4rmebehandlad haj<\/li>\n\n\n\n<li>j\u00e4ttelik hakrem (Relax collection)<\/li>\n<\/ul>\n\n\n\n<div class=\"wp-block-buttons is-layout-flex wp-block-buttons-is-layout-flex\">\n<div class=\"wp-block-button\"><a class=\"wp-block-button__link wp-element-button\" href=\"#yhteydenotto\">Beg\u00e4r en offert<\/a><\/div>\n<\/div>\n<\/div>\n            <\/div>\r\n\r\n                            <div class=\"image-content reveal\">\r\n                    <img loading=\"lazy\" decoding=\"async\" src=\"https:\/\/sunsauna.fi\/wp-content\/uploads\/2018\/02\/classic_jakkara-590x418.jpg\" alt=\"\" width=\"1200\" height=\"851\" srcset=\"https:\/\/sunsauna.fi\/wp-content\/uploads\/2018\/02\/classic_jakkara-300x213.jpg 300w, https:\/\/sunsauna.fi\/wp-content\/uploads\/2018\/02\/classic_jakkara-600x426.jpg 600w, https:\/\/sunsauna.fi\/wp-content\/uploads\/2018\/02\/classic_jakkara-1024x726.jpg 1024w, https:\/\/sunsauna.fi\/wp-content\/uploads\/2018\/02\/classic_jakkara-768x545.jpg 768w, https:\/\/sunsauna.fi\/wp-content\/uploads\/2018\/02\/classic_jakkara-836x593.jpg 836w, https:\/\/sunsauna.fi\/wp-content\/uploads\/2018\/02\/classic_jakkara-714x506.jpg 714w, https:\/\/sunsauna.fi\/wp-content\/uploads\/2018\/02\/classic_jakkara-590x418.jpg 590w, https:\/\/sunsauna.fi\/wp-content\/uploads\/2018\/02\/classic_jakkara.jpg 1200w\">                <\/div>\r\n                    <\/div>\r\n    <\/div>\r\n<\/section>\n\n<section class=\"block block-text-image image-left style-regular\">\r\n    <div class=\"container\">\r\n        <div class=\"text-image-container\">\r\n            <div class=\"text-content reveal\">\r\n                \n<div class=\"wp-block-wds-text-image\">\n<h2 class=\"wp-block-heading\">Bord f\u00f6r omkl\u00e4dningsrum<\/h2>\n\n\n\n<ul class=\"wp-block-list\">\n<li>Sun Sauna-borden \u00e4r robusta och noggrant bearbetade.<\/li>\n\n\n\n<li>Material:\n<ul class=\"wp-block-list\">\n<li>t\u00e4ckande sj\u00e4lvh\u00e4ftande ark<\/li>\n\n\n\n<li>tj\u00e4ra placer<\/li>\n\n\n\n<li>v\u00e4rmebehandlad haj<\/li>\n\n\n\n<li>v\u00e4rmebehandlad fan\u00e9r<\/li>\n<\/ul>\n<\/li>\n\n\n\n<li>H\u00f6jd 700 mm<\/li>\n\n\n\n<li>Bredder 600\u00d7600 eller 600\u00d7900 mm.<\/li>\n\n\n\n<li>Standard gummif\u00f6tter, kan utrustas med justerbara f\u00f6tter: gummif\u00f6tter och st\u00e5lg\u00e4nga. Justering +-20 mm. <\/li>\n<\/ul>\n\n\n\n<div class=\"wp-block-buttons is-layout-flex wp-block-buttons-is-layout-flex\">\n<div class=\"wp-block-button\"><a class=\"wp-block-button__link wp-element-button\" href=\"\">Beg\u00e4r en offert<\/a><\/div>\n<\/div>\n<\/div>\n            <\/div>\r\n\r\n                            <div class=\"image-content reveal\">\r\n                    <img loading=\"lazy\" decoding=\"async\" src=\"https:\/\/sunsauna.fi\/wp-content\/uploads\/2025\/08\/sunsauna_pukuhuoneen_penkki2-590x418.jpg\" alt=\"\" width=\"1024\" height=\"726\" srcset=\"https:\/\/sunsauna.fi\/wp-content\/uploads\/2025\/08\/sunsauna_pukuhuoneen_penkki2-300x213.jpg 300w, https:\/\/sunsauna.fi\/wp-content\/uploads\/2025\/08\/sunsauna_pukuhuoneen_penkki2-600x425.jpg 600w, https:\/\/sunsauna.fi\/wp-content\/uploads\/2025\/08\/sunsauna_pukuhuoneen_penkki2-412x292.jpg 412w, https:\/\/sunsauna.fi\/wp-content\/uploads\/2025\/08\/sunsauna_pukuhuoneen_penkki2-768x545.jpg 768w, https:\/\/sunsauna.fi\/wp-content\/uploads\/2025\/08\/sunsauna_pukuhuoneen_penkki2-836x593.jpg 836w, https:\/\/sunsauna.fi\/wp-content\/uploads\/2025\/08\/sunsauna_pukuhuoneen_penkki2-714x506.jpg 714w, https:\/\/sunsauna.fi\/wp-content\/uploads\/2025\/08\/sunsauna_pukuhuoneen_penkki2-590x418.jpg 590w, https:\/\/sunsauna.fi\/wp-content\/uploads\/2025\/08\/sunsauna_pukuhuoneen_penkki2.jpg 1024w\">                <\/div>\r\n                    <\/div>\r\n    <\/div>\r\n<\/section><\/div>\n        <\/div>\r\n    <\/div>\r\n<\/section><section class=\"block block-features items-per-row-3\">\r\n    <div class=\"container\">\r\n        <div class=\"features-grid reveal\">\r\n            \n<div class=\"wp-block-wds-features\">\n<div class=\"wp-block-group features-grid is-layout-flex wp-block-group-is-layout-flex\"><div class=\"block block-feature-item\">\r\n    <div class=\"feature-number\">\r\n        <span>1<\/span>\r\n    <\/div>\r\n    <div class=\"feature-content\">\r\n        \n<div class=\"wp-block-wds-feature-item\">\n<h3 class=\"wp-block-heading\">Tillg\u00e4nglighet<\/h3>\n\n\n\n<p>Inhemsk trall \u00e4r byggd f\u00f6r att t\u00e5la daglig anv\u00e4ndning.<\/p>\n<\/div>\n    <\/div>\r\n<\/div>\n\n<div class=\"block block-feature-item\">\r\n    <div class=\"feature-number\">\r\n        <span>2<\/span>\r\n    <\/div>\r\n    <div class=\"feature-content\">\r\n        \n<div class=\"wp-block-wds-feature-item\">\n<h3 class=\"wp-block-heading\">Reng\u00f6ring och underh\u00e5ll<\/h3>\n\n\n\n<p>Den str\u00f6mlinjeformade designen och det slitstarka d\u00e4cket g\u00f6r det enkelt att reng\u00f6ra och underh\u00e5lla.<\/p>\n<\/div>\n    <\/div>\r\n<\/div>\n\n<div class=\"block block-feature-item\">\r\n    <div class=\"feature-number\">\r\n        <span>3<\/span>\r\n    <\/div>\r\n    <div class=\"feature-content\">\r\n        \n<div class=\"wp-block-wds-feature-item\">\n<h3 class=\"wp-block-heading\">Anv\u00e4ndbar<\/h3>\n\n\n\n<p>En QR-kod \u00e4r f\u00e4st p\u00e5 tavlan, som \u00f6ppnar serviceinstruktionerna f\u00f6r varje objekt. Det g\u00f6r det ocks\u00e5 m\u00f6jligt att best\u00e4lla nya laude-element. <\/p>\n<\/div>\n    <\/div>\r\n<\/div><\/div>\n<\/div>\n        <\/div>\r\n    <\/div>\r\n<\/section><section class=\"block block-link-boxes items-per-row-4\">\r\n    <div class=\"container\">\r\n        <div class=\"link-boxes-content reveal\">\r\n            \n<div class=\"wp-block-wds-link-boxes\">\n<h2 class=\"wp-block-heading has-text-align-center\">Uppt\u00e4ck v\u00e5ra anv\u00e4ndningsomr\u00e5den f\u00f6r bastur i samh\u00e4llet<\/h2>\n\n\n\n<div class=\"wp-block-group link-boxes-container is-layout-flex wp-block-group-is-layout-flex\"><div class=\"block block-link-box reveal\">\r\n            <a href=\"https:\/\/sunsauna.fi\/yhteisosaunat\/kayttokohteet\/uimahallit-ja-kylpylat\/\" target=\"_self\"  class=\"link-box-wrapper\">\r\n        \r\n        <div class=\"link-box-image\">\r\n                            <img loading=\"lazy\" decoding=\"async\" src=\"https:\/\/sunsauna.fi\/wp-content\/uploads\/2018\/03\/Nastolan_uimahalli_allas-590x393.jpg\" alt=\"\" width=\"1623\" height=\"1080\" srcset=\"https:\/\/sunsauna.fi\/wp-content\/uploads\/2018\/03\/Nastolan_uimahalli_allas-300x200.jpg 300w, https:\/\/sunsauna.fi\/wp-content\/uploads\/2018\/03\/Nastolan_uimahalli_allas-600x399.jpg 600w, https:\/\/sunsauna.fi\/wp-content\/uploads\/2018\/03\/Nastolan_uimahalli_allas-1024x681.jpg 1024w, https:\/\/sunsauna.fi\/wp-content\/uploads\/2018\/03\/Nastolan_uimahalli_allas-768x511.jpg 768w, https:\/\/sunsauna.fi\/wp-content\/uploads\/2018\/03\/Nastolan_uimahalli_allas-1536x1022.jpg 1536w, https:\/\/sunsauna.fi\/wp-content\/uploads\/2018\/03\/Nastolan_uimahalli_allas-891x593.jpg 891w, https:\/\/sunsauna.fi\/wp-content\/uploads\/2018\/03\/Nastolan_uimahalli_allas-714x475.jpg 714w, https:\/\/sunsauna.fi\/wp-content\/uploads\/2018\/03\/Nastolan_uimahalli_allas-590x393.jpg 590w, https:\/\/sunsauna.fi\/wp-content\/uploads\/2018\/03\/Nastolan_uimahalli_allas-367x245.jpg 367w, https:\/\/sunsauna.fi\/wp-content\/uploads\/2018\/03\/Nastolan_uimahalli_allas.jpg 1623w\">                    <\/div>\r\n\r\n        <div class=\"link-box-content\">\r\n            \n<div class=\"wp-block-wds-link-box\">\n<h3 class=\"wp-block-heading link-box-title\">Simbass\u00e4nger och spaanl\u00e4ggningar<\/h3>\n\n\n\n<p>Klorerad luft och konstant luftfuktighet kr\u00e4ver noggranna materialval. Hygien och tv\u00e4ttbarhet \u00e4r avg\u00f6rande. <\/p>\n<\/div>\n        <\/div>\r\n\r\n                <\/a>\r\n    <\/div>\n\n<div class=\"block block-link-box reveal\">\r\n            <a href=\"https:\/\/sunsauna.fi\/yhteisosaunat\/kayttokohteet\/hotellit-ja-kuntosalit\/\" target=\"_self\"  class=\"link-box-wrapper\">\r\n        \r\n        <div class=\"link-box-image\">\r\n                            <img loading=\"lazy\" decoding=\"async\" src=\"https:\/\/sunsauna.fi\/wp-content\/uploads\/2018\/12\/DSC8318-590x393.jpg\" alt=\"\" width=\"1623\" height=\"1080\" srcset=\"https:\/\/sunsauna.fi\/wp-content\/uploads\/2018\/12\/DSC8318-300x200.jpg 300w, https:\/\/sunsauna.fi\/wp-content\/uploads\/2018\/12\/DSC8318-600x399.jpg 600w, https:\/\/sunsauna.fi\/wp-content\/uploads\/2018\/12\/DSC8318-1024x681.jpg 1024w, https:\/\/sunsauna.fi\/wp-content\/uploads\/2018\/12\/DSC8318-768x511.jpg 768w, https:\/\/sunsauna.fi\/wp-content\/uploads\/2018\/12\/DSC8318-1536x1022.jpg 1536w, https:\/\/sunsauna.fi\/wp-content\/uploads\/2018\/12\/DSC8318-891x593.jpg 891w, https:\/\/sunsauna.fi\/wp-content\/uploads\/2018\/12\/DSC8318-714x475.jpg 714w, https:\/\/sunsauna.fi\/wp-content\/uploads\/2018\/12\/DSC8318-590x393.jpg 590w, https:\/\/sunsauna.fi\/wp-content\/uploads\/2018\/12\/DSC8318-367x245.jpg 367w, https:\/\/sunsauna.fi\/wp-content\/uploads\/2018\/12\/DSC8318.jpg 1623w\">                    <\/div>\r\n\r\n        <div class=\"link-box-content\">\r\n            \n<div class=\"wp-block-wds-link-box\">\n<h3 class=\"wp-block-heading link-box-title\">Hotell och gym<\/h3>\n\n\n\n<p>L\u00f6sningarna betonar s\u00e4kerhet och enkel reng\u00f6ring. Det har visat sig att renlighet \u00e4r det viktigaste kriteriet f\u00f6r en trevlig bastuupplevelse. <\/p>\n<\/div>\n        <\/div>\r\n\r\n                <\/a>\r\n    <\/div>\n\n<div class=\"block block-link-box reveal\">\r\n            <a href=\"https:\/\/sunsauna.fi\/yhteisosaunat\/kayttokohteet\/talosaunat\/\" target=\"_self\"  class=\"link-box-wrapper\">\r\n        \r\n        <div class=\"link-box-image\">\r\n                            <img loading=\"lazy\" decoding=\"async\" src=\"https:\/\/sunsauna.fi\/wp-content\/uploads\/2025\/08\/Valaistu_lampomittari_saunaan_iki_kiuas_kattokuitu_valaisin-1-590x393.jpg\" alt=\"\" width=\"800\" height=\"533\" srcset=\"https:\/\/sunsauna.fi\/wp-content\/uploads\/2025\/08\/Valaistu_lampomittari_saunaan_iki_kiuas_kattokuitu_valaisin-1-300x200.jpg 300w, https:\/\/sunsauna.fi\/wp-content\/uploads\/2025\/08\/Valaistu_lampomittari_saunaan_iki_kiuas_kattokuitu_valaisin-1-600x400.jpg 600w, https:\/\/sunsauna.fi\/wp-content\/uploads\/2025\/08\/Valaistu_lampomittari_saunaan_iki_kiuas_kattokuitu_valaisin-1-412x274.jpg 412w, https:\/\/sunsauna.fi\/wp-content\/uploads\/2025\/08\/Valaistu_lampomittari_saunaan_iki_kiuas_kattokuitu_valaisin-1-768x512.jpg 768w, https:\/\/sunsauna.fi\/wp-content\/uploads\/2025\/08\/Valaistu_lampomittari_saunaan_iki_kiuas_kattokuitu_valaisin-1-714x476.jpg 714w, https:\/\/sunsauna.fi\/wp-content\/uploads\/2025\/08\/Valaistu_lampomittari_saunaan_iki_kiuas_kattokuitu_valaisin-1-590x393.jpg 590w, https:\/\/sunsauna.fi\/wp-content\/uploads\/2025\/08\/Valaistu_lampomittari_saunaan_iki_kiuas_kattokuitu_valaisin-1-367x245.jpg 367w, https:\/\/sunsauna.fi\/wp-content\/uploads\/2025\/08\/Valaistu_lampomittari_saunaan_iki_kiuas_kattokuitu_valaisin-1.jpg 800w\">                    <\/div>\r\n\r\n        <div class=\"link-box-content\">\r\n            \n<div class=\"wp-block-wds-link-box\">\n<h3 class=\"wp-block-heading link-box-title\">Husets bastur<\/h3>\n\n\n\n<p>Gemensamma bastur i bostadsr\u00e4ttsf\u00f6reningar kombinerar h\u00f6g bel\u00e4ggning med begr\u00e4nsat utrymme. Designl\u00f6sningar kan avsev\u00e4rt f\u00f6rb\u00e4ttra komfort och reng\u00f6rbarhet. <\/p>\n<\/div>\n        <\/div>\r\n\r\n                <\/a>\r\n    <\/div>\n\n<div class=\"block block-link-box reveal\">\r\n            <a href=\"https:\/\/sunsauna.fi\/yhteisosaunat\/kayttokohteet\/hoivakodit-ja-muut-erikoissaunat\/\" target=\"_self\"  class=\"link-box-wrapper\">\r\n        \r\n        <div class=\"link-box-image\">\r\n                            <img loading=\"lazy\" decoding=\"async\" src=\"https:\/\/sunsauna.fi\/wp-content\/uploads\/2018\/03\/Iso_erikois_iki_kiuas-590x393.jpg\" alt=\"\" width=\"1623\" height=\"1080\" srcset=\"https:\/\/sunsauna.fi\/wp-content\/uploads\/2018\/03\/Iso_erikois_iki_kiuas-300x200.jpg 300w, https:\/\/sunsauna.fi\/wp-content\/uploads\/2018\/03\/Iso_erikois_iki_kiuas-600x399.jpg 600w, https:\/\/sunsauna.fi\/wp-content\/uploads\/2018\/03\/Iso_erikois_iki_kiuas-1024x681.jpg 1024w, https:\/\/sunsauna.fi\/wp-content\/uploads\/2018\/03\/Iso_erikois_iki_kiuas-768x511.jpg 768w, https:\/\/sunsauna.fi\/wp-content\/uploads\/2018\/03\/Iso_erikois_iki_kiuas-1536x1022.jpg 1536w, https:\/\/sunsauna.fi\/wp-content\/uploads\/2018\/03\/Iso_erikois_iki_kiuas-891x593.jpg 891w, https:\/\/sunsauna.fi\/wp-content\/uploads\/2018\/03\/Iso_erikois_iki_kiuas-714x475.jpg 714w, https:\/\/sunsauna.fi\/wp-content\/uploads\/2018\/03\/Iso_erikois_iki_kiuas-590x393.jpg 590w, https:\/\/sunsauna.fi\/wp-content\/uploads\/2018\/03\/Iso_erikois_iki_kiuas-367x245.jpg 367w, https:\/\/sunsauna.fi\/wp-content\/uploads\/2018\/03\/Iso_erikois_iki_kiuas.jpg 1623w\">                    <\/div>\r\n\r\n        <div class=\"link-box-content\">\r\n            \n<div class=\"wp-block-wds-link-box\">\n<h3 class=\"wp-block-heading link-box-title\">V\u00e5rdhem och andra specialiserade bastur<\/h3>\n\n\n\n<p>I bastur f\u00f6r \u00e4ldreboenden \u00e4r s\u00e4kerhet och tillg\u00e4nglighet en central del av designen. Kontakta en bastuexpert n\u00e4r du ska utforma en unik specialbastu. <\/p>\n<\/div>\n        <\/div>\r\n\r\n                <\/a>\r\n    <\/div><\/div>\n\n\n\n<div class=\"wp-block-buttons is-content-justification-center is-layout-flex wp-container-core-buttons-is-layout-16018d1d wp-block-buttons-is-layout-flex\">\n<div class=\"wp-block-button is-style-outline is-style-outline--1\"><a class=\"wp-block-button__link wp-element-button\" href=\"#yhteydenotto\">Beg\u00e4r en offert<\/a><\/div>\n<\/div>\n<\/div>\n        <\/div>\r\n    <\/div>\r\n<\/section>","protected":false},"excerpt":{"rendered":"","protected":false},"author":2,"featured_media":11964,"parent":11548,"menu_order":0,"comment_status":"closed","ping_status":"closed","template":"","meta":{"_acf_changed":false,"_page_background_color":"wds-light","footnotes":""},"class_list":["post-11963","page","type-page","status-publish","has-post-thumbnail","hentry"],"acf":[],"featured_image_src":"https:\/\/sunsauna.fi\/wp-content\/uploads\/2018\/01\/sunsauna-kalusteet.jpg","_links":{"self":[{"href":"https:\/\/sunsauna.fi\/sv\/wp-json\/wp\/v2\/pages\/11963","targetHints":{"allow":["GET"]}}],"collection":[{"href":"https:\/\/sunsauna.fi\/sv\/wp-json\/wp\/v2\/pages"}],"about":[{"href":"https:\/\/sunsauna.fi\/sv\/wp-json\/wp\/v2\/types\/page"}],"author":[{"embeddable":true,"href":"https:\/\/sunsauna.fi\/sv\/wp-json\/wp\/v2\/users\/2"}],"replies":[{"embeddable":true,"href":"https:\/\/sunsauna.fi\/sv\/wp-json\/wp\/v2\/comments?post=11963"}],"version-history":[{"count":2,"href":"https:\/\/sunsauna.fi\/sv\/wp-json\/wp\/v2\/pages\/11963\/revisions"}],"predecessor-version":[{"id":14388,"href":"https:\/\/sunsauna.fi\/sv\/wp-json\/wp\/v2\/pages\/11963\/revisions\/14388"}],"up":[{"embeddable":true,"href":"https:\/\/sunsauna.fi\/sv\/wp-json\/wp\/v2\/pages\/11548"}],"wp:featuredmedia":[{"embeddable":true,"href":"https:\/\/sunsauna.fi\/sv\/wp-json\/wp\/v2\/media\/11964"}],"wp:attachment":[{"href":"https:\/\/sunsauna.fi\/sv\/wp-json\/wp\/v2\/media?parent=11963"}],"curies":[{"name":"wp","href":"https:\/\/api.w.org\/{rel}","templated":true}]}}