{"id":11941,"date":"2025-08-19T12:48:18","date_gmt":"2025-08-19T12:48:18","guid":{"rendered":"https:\/\/sunsauna.fi\/produkter\/tak-for-bastu\/swing-kollektion\/"},"modified":"2025-10-28T15:47:53","modified_gmt":"2025-10-28T15:47:53","slug":"swing-kollektion","status":"publish","type":"page","link":"https:\/\/sunsauna.fi\/sv\/produkter\/tak-for-bastu\/swing-kollektion\/","title":{"rendered":"Swing kollektion"},"content":{"rendered":"<section class=\"block block-herosub\">\r\n            <div class=\"hero-media\">\r\n            <img decoding=\"async\" src=\"https:\/\/sunsauna.fi\/wp-content\/uploads\/2025\/08\/Swing_Clean-rst-runkoinen_saunan_laude_terasrunkoinen_laude-892x593.webp\" alt=\"\" width=\"1200\" height=\"798\" srcset=\"https:\/\/sunsauna.fi\/wp-content\/uploads\/2025\/08\/Swing_Clean-rst-runkoinen_saunan_laude_terasrunkoinen_laude-300x200.webp 300w, https:\/\/sunsauna.fi\/wp-content\/uploads\/2025\/08\/Swing_Clean-rst-runkoinen_saunan_laude_terasrunkoinen_laude-600x399.webp 600w, https:\/\/sunsauna.fi\/wp-content\/uploads\/2025\/08\/Swing_Clean-rst-runkoinen_saunan_laude_terasrunkoinen_laude-412x274.webp 412w, https:\/\/sunsauna.fi\/wp-content\/uploads\/2025\/08\/Swing_Clean-rst-runkoinen_saunan_laude_terasrunkoinen_laude-768x511.webp 768w, https:\/\/sunsauna.fi\/wp-content\/uploads\/2025\/08\/Swing_Clean-rst-runkoinen_saunan_laude_terasrunkoinen_laude-1024x681.webp 1024w, https:\/\/sunsauna.fi\/wp-content\/uploads\/2025\/08\/Swing_Clean-rst-runkoinen_saunan_laude_terasrunkoinen_laude-892x593.webp 892w, https:\/\/sunsauna.fi\/wp-content\/uploads\/2025\/08\/Swing_Clean-rst-runkoinen_saunan_laude_terasrunkoinen_laude-714x475.webp 714w, https:\/\/sunsauna.fi\/wp-content\/uploads\/2025\/08\/Swing_Clean-rst-runkoinen_saunan_laude_terasrunkoinen_laude-590x392.webp 590w, https:\/\/sunsauna.fi\/wp-content\/uploads\/2025\/08\/Swing_Clean-rst-runkoinen_saunan_laude_terasrunkoinen_laude-367x245.webp 367w, https:\/\/sunsauna.fi\/wp-content\/uploads\/2025\/08\/Swing_Clean-rst-runkoinen_saunan_laude_terasrunkoinen_laude.webp 1200w\" data-no-lazy=\"1\" fetchpriority=\"high\">        <\/div>\r\n    \r\n    <div class=\"hero-content\">\r\n        <div class=\"container\">\r\n            <div class=\"content-container\">\r\n                \n<div class=\"wp-block-wds-herosub\">\n<h1 class=\"wp-block-heading has-text-align-center\">Swing kollektion<\/h1>\n<\/div>\n            <\/div>\r\n            <div class=\"breadcrumbs-container\"><ol itemscope itemtype=\"https:\/\/schema.org\/BreadcrumbList\"><li itemprop=\"itemListElement\" itemscope itemtype=\"https:\/\/schema.org\/ListItem\"><a itemprop=\"item\" href=\"https:\/\/sunsauna.fi\/sv\/\"><span itemprop=\"name\">Sun Sauna<\/span><\/a><meta itemprop=\"position\" content=\"0\" \/><\/li><\/ol><\/div>        <\/div>\r\n        <span class=\"scroll-down\"><\/span>\r\n    <\/div>\r\n<\/section>\n\n<section class=\"block block-gallery has-wds-light-background-color has-background\">\r\n    <div class=\"container\">\r\n        <div class=\"gallery-content reveal\">\r\n            \r\n            <div class=\"gallery gallery-regular\" id=\"gallery-69e814bfba585\">\r\n                \r\n                <!-- Main gallery display -->\r\n                <a href=\"https:\/\/sunsauna.fi\/wp-content\/uploads\/2018\/03\/Swing_saunan_laude_L-malli-1.jpg\" class=\"lightbox gallery-fullsize\">\r\n                    <img loading=\"lazy\" decoding=\"async\"\r\n                        src=\"https:\/\/sunsauna.fi\/wp-content\/uploads\/2018\/03\/Swing_saunan_laude_L-malli-1.jpg\"\r\n                        alt=\"\"\r\n                                                srcset=\"https:\/\/sunsauna.fi\/wp-content\/uploads\/2018\/03\/Swing_saunan_laude_L-malli-1-300x188.jpg 300w, https:\/\/sunsauna.fi\/wp-content\/uploads\/2018\/03\/Swing_saunan_laude_L-malli-1-600x375.jpg 600w, https:\/\/sunsauna.fi\/wp-content\/uploads\/2018\/03\/Swing_saunan_laude_L-malli-1-1024x640.jpg 1024w, https:\/\/sunsauna.fi\/wp-content\/uploads\/2018\/03\/Swing_saunan_laude_L-malli-1-768x480.jpg 768w, https:\/\/sunsauna.fi\/wp-content\/uploads\/2018\/03\/Swing_saunan_laude_L-malli-1-1536x960.jpg 1536w, https:\/\/sunsauna.fi\/wp-content\/uploads\/2018\/03\/Swing_saunan_laude_L-malli-1-949x593.jpg 949w, https:\/\/sunsauna.fi\/wp-content\/uploads\/2018\/03\/Swing_saunan_laude_L-malli-1-714x446.jpg 714w, https:\/\/sunsauna.fi\/wp-content\/uploads\/2018\/03\/Swing_saunan_laude_L-malli-1-590x369.jpg 590w, https:\/\/sunsauna.fi\/wp-content\/uploads\/2018\/03\/Swing_saunan_laude_L-malli-1.jpg 1728w\"\r\n                                                width=\"1728\"\r\n                        height=\"1080\">\r\n                <\/a>\r\n\r\n                <!-- Thumbnail slider -->\r\n                <div class=\"glide gallery-slider\" data-uid=\"gallery-69e814bfba585\">\r\n                    <div class=\"glide__track\" data-glide-el=\"track\">\r\n                        <div class=\"glide__slides\">\r\n                                                            <div class=\"glide__slide\">\r\n                                    <a href=\"https:\/\/sunsauna.fi\/wp-content\/uploads\/2018\/03\/Swing_saunan_laude_L-malli-1.jpg\" class=\"lightbox gallery-thumbnail\">\r\n                                        <img loading=\"lazy\" decoding=\"async\"\r\n                                            src=\"https:\/\/sunsauna.fi\/wp-content\/uploads\/2018\/03\/Swing_saunan_laude_L-malli-1.jpg\"\r\n                                            alt=\"\"\r\n                                                                                        srcset=\"https:\/\/sunsauna.fi\/wp-content\/uploads\/2018\/03\/Swing_saunan_laude_L-malli-1-300x188.jpg 300w, https:\/\/sunsauna.fi\/wp-content\/uploads\/2018\/03\/Swing_saunan_laude_L-malli-1-600x375.jpg 600w, https:\/\/sunsauna.fi\/wp-content\/uploads\/2018\/03\/Swing_saunan_laude_L-malli-1-1024x640.jpg 1024w, https:\/\/sunsauna.fi\/wp-content\/uploads\/2018\/03\/Swing_saunan_laude_L-malli-1-768x480.jpg 768w, https:\/\/sunsauna.fi\/wp-content\/uploads\/2018\/03\/Swing_saunan_laude_L-malli-1-1536x960.jpg 1536w, https:\/\/sunsauna.fi\/wp-content\/uploads\/2018\/03\/Swing_saunan_laude_L-malli-1-949x593.jpg 949w, https:\/\/sunsauna.fi\/wp-content\/uploads\/2018\/03\/Swing_saunan_laude_L-malli-1-714x446.jpg 714w, https:\/\/sunsauna.fi\/wp-content\/uploads\/2018\/03\/Swing_saunan_laude_L-malli-1-590x369.jpg 590w, https:\/\/sunsauna.fi\/wp-content\/uploads\/2018\/03\/Swing_saunan_laude_L-malli-1.jpg 1728w\"\r\n                                                                                        width=\"1728\"\r\n                                            height=\"1080\">\r\n                                    <\/a>\r\n                                <\/div>\r\n                                                            <div class=\"glide__slide\">\r\n                                    <a href=\"https:\/\/sunsauna.fi\/wp-content\/uploads\/2018\/04\/swing-clean-puurungolla.jpg\" class=\"lightbox gallery-thumbnail\">\r\n                                        <img loading=\"lazy\" decoding=\"async\"\r\n                                            src=\"https:\/\/sunsauna.fi\/wp-content\/uploads\/2018\/04\/swing-clean-puurungolla.jpg\"\r\n                                            alt=\"\"\r\n                                                                                        srcset=\"https:\/\/sunsauna.fi\/wp-content\/uploads\/2018\/04\/swing-clean-puurungolla-300x227.jpg 300w, https:\/\/sunsauna.fi\/wp-content\/uploads\/2018\/04\/swing-clean-puurungolla-600x454.jpg 600w, https:\/\/sunsauna.fi\/wp-content\/uploads\/2018\/04\/swing-clean-puurungolla-590x447.jpg 590w, https:\/\/sunsauna.fi\/wp-content\/uploads\/2018\/04\/swing-clean-puurungolla.jpg 630w\"\r\n                                                                                        width=\"630\"\r\n                                            height=\"477\">\r\n                                    <\/a>\r\n                                <\/div>\r\n                                                            <div class=\"glide__slide\">\r\n                                    <a href=\"https:\/\/sunsauna.fi\/wp-content\/uploads\/2018\/03\/Swing_mallisto_suora_karmiton_lasiovi.jpg\" class=\"lightbox gallery-thumbnail\">\r\n                                        <img loading=\"lazy\" decoding=\"async\"\r\n                                            src=\"https:\/\/sunsauna.fi\/wp-content\/uploads\/2018\/03\/Swing_mallisto_suora_karmiton_lasiovi.jpg\"\r\n                                            alt=\"\"\r\n                                                                                        srcset=\"https:\/\/sunsauna.fi\/wp-content\/uploads\/2018\/03\/Swing_mallisto_suora_karmiton_lasiovi-300x188.jpg 300w, https:\/\/sunsauna.fi\/wp-content\/uploads\/2018\/03\/Swing_mallisto_suora_karmiton_lasiovi-600x375.jpg 600w, https:\/\/sunsauna.fi\/wp-content\/uploads\/2018\/03\/Swing_mallisto_suora_karmiton_lasiovi-412x258.jpg 412w, https:\/\/sunsauna.fi\/wp-content\/uploads\/2018\/03\/Swing_mallisto_suora_karmiton_lasiovi-768x480.jpg 768w, https:\/\/sunsauna.fi\/wp-content\/uploads\/2018\/03\/Swing_mallisto_suora_karmiton_lasiovi-1024x640.jpg 1024w, https:\/\/sunsauna.fi\/wp-content\/uploads\/2018\/03\/Swing_mallisto_suora_karmiton_lasiovi-1536x960.jpg 1536w, https:\/\/sunsauna.fi\/wp-content\/uploads\/2018\/03\/Swing_mallisto_suora_karmiton_lasiovi-949x593.jpg 949w, https:\/\/sunsauna.fi\/wp-content\/uploads\/2018\/03\/Swing_mallisto_suora_karmiton_lasiovi-714x446.jpg 714w, https:\/\/sunsauna.fi\/wp-content\/uploads\/2018\/03\/Swing_mallisto_suora_karmiton_lasiovi-590x369.jpg 590w, https:\/\/sunsauna.fi\/wp-content\/uploads\/2018\/03\/Swing_mallisto_suora_karmiton_lasiovi.jpg 1728w\"\r\n                                                                                        width=\"1728\"\r\n                                            height=\"1080\">\r\n                                    <\/a>\r\n                                <\/div>\r\n                                                            <div class=\"glide__slide\">\r\n                                    <a href=\"https:\/\/sunsauna.fi\/wp-content\/uploads\/2018\/03\/Swing_laudemallisto_lampokasiteltyhaapa_suora_laude.jpg\" class=\"lightbox gallery-thumbnail\">\r\n                                        <img loading=\"lazy\" decoding=\"async\"\r\n                                            src=\"https:\/\/sunsauna.fi\/wp-content\/uploads\/2018\/03\/Swing_laudemallisto_lampokasiteltyhaapa_suora_laude.jpg\"\r\n                                            alt=\"\"\r\n                                                                                        srcset=\"https:\/\/sunsauna.fi\/wp-content\/uploads\/2018\/03\/Swing_laudemallisto_lampokasiteltyhaapa_suora_laude-300x224.jpg 300w, https:\/\/sunsauna.fi\/wp-content\/uploads\/2018\/03\/Swing_laudemallisto_lampokasiteltyhaapa_suora_laude-600x448.jpg 600w, https:\/\/sunsauna.fi\/wp-content\/uploads\/2018\/03\/Swing_laudemallisto_lampokasiteltyhaapa_suora_laude-412x308.jpg 412w, https:\/\/sunsauna.fi\/wp-content\/uploads\/2018\/03\/Swing_laudemallisto_lampokasiteltyhaapa_suora_laude-768x573.jpg 768w, https:\/\/sunsauna.fi\/wp-content\/uploads\/2018\/03\/Swing_laudemallisto_lampokasiteltyhaapa_suora_laude-1024x764.jpg 1024w, https:\/\/sunsauna.fi\/wp-content\/uploads\/2018\/03\/Swing_laudemallisto_lampokasiteltyhaapa_suora_laude-795x593.jpg 795w, https:\/\/sunsauna.fi\/wp-content\/uploads\/2018\/03\/Swing_laudemallisto_lampokasiteltyhaapa_suora_laude-711x531.jpg 711w, https:\/\/sunsauna.fi\/wp-content\/uploads\/2018\/03\/Swing_laudemallisto_lampokasiteltyhaapa_suora_laude-590x440.jpg 590w, https:\/\/sunsauna.fi\/wp-content\/uploads\/2018\/03\/Swing_laudemallisto_lampokasiteltyhaapa_suora_laude.jpg 1447w\"\r\n                                                                                        width=\"1447\"\r\n                                            height=\"1080\">\r\n                                    <\/a>\r\n                                <\/div>\r\n                                                            <div class=\"glide__slide\">\r\n                                    <a href=\"https:\/\/sunsauna.fi\/wp-content\/uploads\/2018\/02\/swing_2.jpg\" class=\"lightbox gallery-thumbnail\">\r\n                                        <img loading=\"lazy\" decoding=\"async\"\r\n                                            src=\"https:\/\/sunsauna.fi\/wp-content\/uploads\/2018\/02\/swing_2.jpg\"\r\n                                            alt=\"Swing_laudemallisto_lampokasiteltyhaapa_L_laude\"\r\n                                                                                        srcset=\"https:\/\/sunsauna.fi\/wp-content\/uploads\/2018\/02\/swing_2-300x300.jpg 300w, https:\/\/sunsauna.fi\/wp-content\/uploads\/2018\/02\/swing_2-100x100.jpg 100w, https:\/\/sunsauna.fi\/wp-content\/uploads\/2018\/02\/swing_2-150x150.jpg 150w, https:\/\/sunsauna.fi\/wp-content\/uploads\/2018\/02\/swing_2.jpg 340w\"\r\n                                                                                        width=\"340\"\r\n                                            height=\"340\">\r\n                                    <\/a>\r\n                                <\/div>\r\n                                                            <div class=\"glide__slide\">\r\n                                    <a href=\"https:\/\/sunsauna.fi\/wp-content\/uploads\/2017\/12\/sunsauna-swing-mallisto.jpg\" class=\"lightbox gallery-thumbnail\">\r\n                                        <img loading=\"lazy\" decoding=\"async\"\r\n                                            src=\"https:\/\/sunsauna.fi\/wp-content\/uploads\/2017\/12\/sunsauna-swing-mallisto.jpg\"\r\n                                            alt=\"Swing suorat lauteet, l\u00e4mp\u00f6haapa\"\r\n                                                                                        srcset=\"https:\/\/sunsauna.fi\/wp-content\/uploads\/2017\/12\/sunsauna-swing-mallisto-300x300.jpg 300w, https:\/\/sunsauna.fi\/wp-content\/uploads\/2017\/12\/sunsauna-swing-mallisto-100x100.jpg 100w, https:\/\/sunsauna.fi\/wp-content\/uploads\/2017\/12\/sunsauna-swing-mallisto-150x150.jpg 150w, https:\/\/sunsauna.fi\/wp-content\/uploads\/2017\/12\/sunsauna-swing-mallisto.jpg 465w\"\r\n                                                                                        width=\"465\"\r\n                                            height=\"465\">\r\n                                    <\/a>\r\n                                <\/div>\r\n                                                    <\/div>\r\n                    <\/div>\r\n\r\n                                            <div class=\"glide__controls\">\r\n                            <div class=\"glide__arrows\" data-glide-el=\"controls\">\r\n                                <button class=\"glide__arrow glide__arrow--left\" aria-label=\"Previous\" data-glide-dir=\"&lt;\"><\/button>\r\n                                <button class=\"glide__arrow glide__arrow--right\" aria-label=\"Next\" data-glide-dir=\"&gt;\"><\/button>\r\n                            <\/div>\r\n                        <\/div>\r\n                                    <\/div>\r\n            <\/div>\r\n        <\/div>\r\n    <\/div>\r\n<\/section>\n\n<section class=\"block block-basic has-wds-light-background-color has-background\">\r\n    <div class=\"container\">\r\n        <div class=\"content-container reveal\">\r\n            \n<div class=\"wp-block-wds-basic has-wds-light-background-color has-background\">\n<h2 class=\"wp-block-heading\">Alltid som en ny bastu, Swing t\u00e5l att anv\u00e4ndas utan att det syns<\/h2>\n\n\n\n<p>Swing har en h\u00e5llbar konstruktion som tar den traditionella bastun till en ny niv\u00e5. Laude t\u00e5l att anv\u00e4ndas utan att det syns, och br\u00e4dornas \u00e4ndar spricker inte under tung anv\u00e4ndning. De obundna lamellerna kan lyftas upp och tas bort.  <\/p>\n\n\n\n<h3 class=\"wp-block-heading\">Swing \u00e4r en f\u00f6reg\u00e5ngare n\u00e4r det g\u00e4ller renlighet och enkel v\u00e5rd<\/h3>\n\n\n\n<p>Den absoluta f\u00f6rdelen med Swing-d\u00e4cken \u00e4r att de \u00e4r l\u00e4tta att reng\u00f6ra och att de h\u00e5ller l\u00e4nge. Det finns inga r\u00e4cken i bastuhusets konstruktion, vilket g\u00f6r det \u00e4nnu enklare att reng\u00f6ra bastulavarna. Tack vare den slutna \u00e4nden p\u00e5 br\u00e4dans tr\u00e4 spricker inte br\u00e4dans \u00e4ndar ens under tung anv\u00e4ndning och br\u00e4dan f\u00f6rblir vacker under l\u00e5ng tid!  <\/p>\n\n\n\n<p>Skivorna levereras som ett installationsklart paket. De prefabricerade elementen \u00e4r snabba och enkla att installera, och de korrekt dimensionerade elementen passar perfekt i ditt basturum. <\/p>\n<\/div>\n        <\/div>\r\n    <\/div>\r\n<\/section>\n\n\n<h3 class=\"wp-block-heading has-text-align-center\">M\u00e5nga produkter finns bekv\u00e4mt tillg\u00e4ngliga i v\u00e5r bastubutik!<\/h3>\n<section class=\"block block-banner\">\r\n    <div class=\"container\">\r\n        <div class=\"banner-content reveal\">\r\n            <img loading=\"lazy\" decoding=\"async\" src=\"https:\/\/sunsauna.fi\/wp-content\/uploads\/2025\/08\/DSC0391-scaled-1-590x392.jpg\" alt=\"\" width=\"2560\" height=\"1703\" srcset=\"https:\/\/sunsauna.fi\/wp-content\/uploads\/2025\/08\/DSC0391-scaled-1-300x200.jpg 300w, https:\/\/sunsauna.fi\/wp-content\/uploads\/2025\/08\/DSC0391-scaled-1-600x399.jpg 600w, https:\/\/sunsauna.fi\/wp-content\/uploads\/2025\/08\/DSC0391-scaled-1-412x274.jpg 412w, https:\/\/sunsauna.fi\/wp-content\/uploads\/2025\/08\/DSC0391-scaled-1-768x511.jpg 768w, https:\/\/sunsauna.fi\/wp-content\/uploads\/2025\/08\/DSC0391-scaled-1-1024x681.jpg 1024w, https:\/\/sunsauna.fi\/wp-content\/uploads\/2025\/08\/DSC0391-scaled-1-1536x1022.jpg 1536w, https:\/\/sunsauna.fi\/wp-content\/uploads\/2025\/08\/DSC0391-scaled-1-2048x1362.jpg 2048w, https:\/\/sunsauna.fi\/wp-content\/uploads\/2025\/08\/DSC0391-scaled-1-1920x1277.jpg 1920w, https:\/\/sunsauna.fi\/wp-content\/uploads\/2025\/08\/DSC0391-scaled-1-891x593.jpg 891w, https:\/\/sunsauna.fi\/wp-content\/uploads\/2025\/08\/DSC0391-scaled-1-714x475.jpg 714w, https:\/\/sunsauna.fi\/wp-content\/uploads\/2025\/08\/DSC0391-scaled-1-590x392.jpg 590w, https:\/\/sunsauna.fi\/wp-content\/uploads\/2025\/08\/DSC0391-scaled-1-367x245.jpg 367w\">            <div class=\"content-container\">\r\n                \n<div class=\"wp-block-wds-banner\">\n<h2 class=\"wp-block-heading\">Kolla in Sun Sauna onlinebutik<\/h2>\n\n\n\n<div class=\"wp-block-buttons is-layout-flex wp-block-buttons-is-layout-flex\">\n<div class=\"wp-block-button\"><a class=\"wp-block-button__link wp-element-button\" href=\"https:\/\/sunsauna.fi\/verkkokauppa\/\">Handla online p\u00e5<\/a><\/div>\n<\/div>\n<\/div>\n            <\/div>\r\n        <\/div>\r\n    <\/div>\r\n<\/section>\n\n<section class=\"block block-tabs\">\r\n    <div class=\"container\">\r\n        <div class=\"tabs-wrapper\">\r\n            <!-- Tab Navigation -->\r\n            <div class=\"tabs-navigation\" role=\"tablist\">\r\n                                    <button\r\n                        class=\"tab-button active\"\r\n                        role=\"tab\"\r\n                        aria-selected=\"true\"\r\n                        aria-controls=\"tab-0\"\r\n                        id=\"tab-button-tab-0\"\r\n                        data-tab-index=\"0\">\r\n                        Information om produkten                    <\/button>\r\n                                    <button\r\n                        class=\"tab-button\"\r\n                        role=\"tab\"\r\n                        aria-selected=\"false\"\r\n                        aria-controls=\"tab-1\"\r\n                        id=\"tab-button-tab-1\"\r\n                        data-tab-index=\"1\">\r\n                        Varf\u00f6r ett f\u00e4rdigt br\u00e4de?                    <\/button>\r\n                            <\/div>\r\n\r\n            <!-- Tab Content -->\r\n            <div class=\"tabs-content\">\r\n                                    <div\r\n                        class=\"tab-panel active\"\r\n                        role=\"tabpanel\"\r\n                        aria-labelledby=\"tab-button-tab-0\"\r\n                        id=\"tab-0\"\r\n                        >\r\n                        \r\n<div class=\"block-tab\" data-tab-title=\"Tab Title\">\r\n    \n<div class=\"wp-block-wds-tab\">\n<h3 class=\"wp-block-heading tab-title\">Information om produkten<\/h3>\n\n\n\n<ul class=\"wp-block-list\">\n<li><strong>Inredningsmaterial:<\/strong>\n<ul class=\"wp-block-list\">\n<li>Svartal 28\u00d790 mm<\/li>\n\n\n\n<li>V\u00e4rmebehandlad asp 28\u00d790 mm<\/li>\n<\/ul>\n<\/li>\n\n\n\n<li><strong>Sits och fotst\u00f6d<\/strong>\n<ul class=\"wp-block-list\">\n<li>Sittplattform 500 eller 600 mm<\/li>\n\n\n\n<li>Sockel 400, 500 eller 600 mm.<\/li>\n\n\n\n<li>Materialen \u00e4r tj\u00e4rad al eller v\u00e4rmebehandlad asp.<\/li>\n\n\n\n<li>Sitth\u00f6jden \u00e4r fri, eftersom det inte finns n\u00e5gra f\u00f6tter p\u00e5 skivan. Vi rekommenderar dock att du l\u00e4mnar 1100-1200 mm mellan toppen och taket. <\/li>\n<\/ul>\n<\/li>\n\n\n\n<li><strong>Ryggst\u00f6d och avdelare:<\/strong>\n<ul class=\"wp-block-list\">\n<li>Materialet \u00e4r detsamma som f\u00f6r kaklet, 15\u00d745 mm<\/li>\n<\/ul>\n<\/li>\n\n\n\n<li><strong>Ramar och monteringstillbeh\u00f6r:<\/strong>\n<ul class=\"wp-block-list\">\n<li>Stommen \u00e4r tillverkad av barrtr\u00e4 (42\u00d766 mm) och fuktresistent plywood.<\/li>\n\n\n\n<li>Skruvarna \u00e4r elf\u00f6rzinkade eller m\u00e4ssingspl\u00e4terade och mycket motst\u00e5ndskraftiga i fuktiga milj\u00f6er.<\/li>\n<\/ul>\n<\/li>\n\n\n\n<li><strong>Pallar:<\/strong>\n<ul class=\"wp-block-list\">\n<li>Materialet \u00e4r tj\u00e4rad al eller v\u00e4rmebehandlad asp.<\/li>\n\n\n\n<li>Standardpall 500\u00d7800 mm, ing\u00e5r i kartongpaketet om inget annat anges i offerten.<\/li>\n\n\n\n<li>2-benad pall 550\u00d7700 mm och 550\u00d7800 mm (h\u00f6jd 275 + 275 mm)<\/li>\n\n\n\n<li>Om pallens h\u00f6jd \u00e4r mer \u00e4n 1150 mm eller om utrymmet rymmer en bredare pall rekommenderar vi en tv\u00e5bent pall eller en specialanpassad f\u00f6rh\u00f6jning.<\/li>\n<\/ul>\n<\/li>\n\n\n\n<li><strong>Innan du b\u00f6rjar kl\u00e4 in dig b\u00f6r du ta h\u00e4nsyn till<\/strong>\n<ul class=\"wp-block-list\">\n<li><strong>H\u00f6jd p\u00e5 f\u00f6rst\u00e4rkningarna av de \u00f6vre d\u00e4cken<\/strong>\n<ul class=\"wp-block-list\">\n<li>Br\u00e4df\u00f6rst\u00e4rkningarnas centrum monteras 990 mm (br\u00e4dh\u00f6jd 1050 mm) eller 1090 mm (br\u00e4dh\u00f6jd 1150 mm) \u00f6ver golvet.<\/li>\n<\/ul>\n<\/li>\n\n\n\n<li><strong>Inf\u00e4stning till nedre d\u00e4ck<\/strong>\n<ul class=\"wp-block-list\">\n<li>Konsolens mittpunkt monteras 570 mm (skivh\u00f6jd 1050 mm) eller 670 mm (skivh\u00f6jd 1150 mm) \u00f6ver golvet.<\/li>\n<\/ul>\n<\/li>\n\n\n\n<li><strong>Ryggst\u00f6dets monteringsh\u00f6jd<\/strong>\n<ul class=\"wp-block-list\">\n<li>Ryggst\u00f6dets underkant monteras p\u00e5 en h\u00f6jd av ca 125 mm ovanf\u00f6r \u00f6verytan. Ryggst\u00f6dets \u00f6vre kant \u00e4r 1430 mm (skivh\u00f6jd 1050 mm) eller 1530 mm (skivh\u00f6jd 1150 mm) \u00f6ver golvet. Ryggst\u00f6den kr\u00e4ver ingen f\u00f6rst\u00e4rkning under skivorna. Kom ih\u00e5g att i konstruktionsskedet kontrollera att ryggst\u00f6det passar under bastuf\u00f6nstren.    <\/li>\n<\/ul>\n<\/li>\n<\/ul>\n<\/li>\n<\/ul>\n\n\n\n<div class=\"wp-block-buttons is-layout-flex wp-block-buttons-is-layout-flex\">\n<div class=\"wp-block-button\"><a class=\"wp-block-button__link wp-element-button\" href=\"https:\/\/sunsauna.fi\/sv\/blogg\/underhalls-och-rengoringsinstruktioner-sun-sauna-swing-clean-laude-system\/\">Sk\u00f6tselr\u00e5d<\/a><\/div>\n<\/div>\n<\/div>\n<\/div>                    <\/div>\r\n                                    <div\r\n                        class=\"tab-panel\"\r\n                        role=\"tabpanel\"\r\n                        aria-labelledby=\"tab-button-tab-1\"\r\n                        id=\"tab-1\"\r\n                        hidden>\r\n                        \r\n<div class=\"block-tab\" data-tab-title=\"Tab Title\">\r\n    \n<div class=\"wp-block-wds-tab\">\n<h3 class=\"wp-block-heading tab-title\">Varf\u00f6r ett f\u00e4rdigt br\u00e4de?<\/h3>\n\n\n\n<p><strong>F\u00e4rdigmonterat kretskortspaket<\/strong><\/p>\n\n\n\n<ul class=\"wp-block-list\">\n<li><strong>F\u00e4rdigmonterat kretskortspaket<\/strong>\n<ul class=\"wp-block-list\">\n<li>Wave \u00e4r ett m\u00e5ttbest\u00e4llt bastuaggregat som tillverkas efter de exakta m\u00e5tten p\u00e5 din bastu.<\/li>\n\n\n\n<li>Laude \u00e4r f\u00f6rmonterad p\u00e5 fabriken och installationen \u00e4r snabb och enkel.<\/li>\n<\/ul>\n<\/li>\n\n\n\n<li>En professionell designtj\u00e4nst med de b\u00e4sta bastuexperterna i landet till din tj\u00e4nst.<\/li>\n\n\n\n<li>Alla lauderallar \u00e4r l\u00f6stagbara f\u00f6r reng\u00f6ring och underh\u00e5ll och skenorna p\u00e5 fotbr\u00e4dan \u00e4r l\u00f6stagbara utan verktyg. Spiken har en m\u00e4ssingsbussning f\u00f6r att f\u00f6rhindra att den fastnar <\/li>\n\n\n\n<li>Vid montering av en fiberoptisk lampa fr\u00e4ses ett fibersp\u00e5r i sitsens framkant.<\/li>\n\n\n\n<li>V\u00e5ra egna skickliga snickare som vi \u00e4r stolta \u00f6ver<\/li>\n\n\n\n<li>Kvaliteten p\u00e5 Sun Sauna&#8217;s trall \u00e4r k\u00e4nd i f\u00f6rv\u00e4g<\/li>\n\n\n\n<li>Tillverkare av inhemsk kartong<\/li>\n\n\n\n<li>Alla v\u00e5ra lutor tillverkas i v\u00e5r fabrik i Jyv\u00e4skyl\u00e4, Finland<a href=\"https:\/\/sunsauna.fi\/wp-content\/uploads\/2016\/02\/timo_tyon_laatu.jpg\"><\/a><\/li>\n<\/ul>\n\n\n\n<div class=\"wp-block-buttons is-layout-flex wp-block-buttons-is-layout-flex\">\n<div class=\"wp-block-button\"><a class=\"wp-block-button__link wp-element-button\" href=\"https:\/\/sunsauna.fi\/sv\/spa-i-hemmet\/skotselanvisningar-for-spadack-for-hemmabruk\/\">Sk\u00f6tselr\u00e5d<\/a><\/div>\n<\/div>\n<\/div>\n<\/div>                    <\/div>\r\n                            <\/div>\r\n        <\/div>\r\n    <\/div>\r\n<\/section>","protected":false},"excerpt":{"rendered":"","protected":false},"author":2,"featured_media":11932,"parent":11931,"menu_order":0,"comment_status":"closed","ping_status":"closed","template":"","meta":{"_acf_changed":false,"_page_background_color":"wds-light","footnotes":""},"class_list":["post-11941","page","type-page","status-publish","has-post-thumbnail","hentry"],"acf":[],"featured_image_src":"https:\/\/sunsauna.fi\/wp-content\/uploads\/2018\/03\/wave_saunan_laude_mallisto_L-laude_jalkakaide_kiukaan-edessa.jpg","_links":{"self":[{"href":"https:\/\/sunsauna.fi\/sv\/wp-json\/wp\/v2\/pages\/11941","targetHints":{"allow":["GET"]}}],"collection":[{"href":"https:\/\/sunsauna.fi\/sv\/wp-json\/wp\/v2\/pages"}],"about":[{"href":"https:\/\/sunsauna.fi\/sv\/wp-json\/wp\/v2\/types\/page"}],"author":[{"embeddable":true,"href":"https:\/\/sunsauna.fi\/sv\/wp-json\/wp\/v2\/users\/2"}],"replies":[{"embeddable":true,"href":"https:\/\/sunsauna.fi\/sv\/wp-json\/wp\/v2\/comments?post=11941"}],"version-history":[{"count":2,"href":"https:\/\/sunsauna.fi\/sv\/wp-json\/wp\/v2\/pages\/11941\/revisions"}],"predecessor-version":[{"id":14597,"href":"https:\/\/sunsauna.fi\/sv\/wp-json\/wp\/v2\/pages\/11941\/revisions\/14597"}],"up":[{"embeddable":true,"href":"https:\/\/sunsauna.fi\/sv\/wp-json\/wp\/v2\/pages\/11931"}],"wp:featuredmedia":[{"embeddable":true,"href":"https:\/\/sunsauna.fi\/sv\/wp-json\/wp\/v2\/media\/11932"}],"wp:attachment":[{"href":"https:\/\/sunsauna.fi\/sv\/wp-json\/wp\/v2\/media?parent=11941"}],"curies":[{"name":"wp","href":"https:\/\/api.w.org\/{rel}","templated":true}]}}