{"id":11750,"date":"2025-08-26T14:44:50","date_gmt":"2025-08-26T14:44:50","guid":{"rendered":"https:\/\/sunsauna.fi\/produkter\/bastuaggregat\/"},"modified":"2025-08-27T12:34:08","modified_gmt":"2025-08-27T12:34:08","slug":"bastuaggregat","status":"publish","type":"page","link":"https:\/\/sunsauna.fi\/sv\/produkter\/bastuaggregat\/","title":{"rendered":"Bastuaggregat"},"content":{"rendered":"<section class=\"block block-herosub\">\r\n            <div class=\"hero-media\">\r\n            <img decoding=\"async\" src=\"https:\/\/sunsauna.fi\/wp-content\/uploads\/2013\/05\/kiuas.jpg\" alt=\"kiuas\" width=\"700\" height=\"450\" srcset=\"https:\/\/sunsauna.fi\/wp-content\/uploads\/2013\/05\/kiuas-300x193.jpg 300w, https:\/\/sunsauna.fi\/wp-content\/uploads\/2013\/05\/kiuas-600x386.jpg 600w, https:\/\/sunsauna.fi\/wp-content\/uploads\/2013\/05\/kiuas-590x379.jpg 590w, https:\/\/sunsauna.fi\/wp-content\/uploads\/2013\/05\/kiuas.jpg 700w\" data-no-lazy=\"1\" fetchpriority=\"high\">        <\/div>\r\n    \r\n    <div class=\"hero-content\">\r\n        <div class=\"container\">\r\n            <div class=\"content-container\">\r\n                \n<div class=\"wp-block-wds-herosub\">\n<h1 class=\"wp-block-heading has-text-align-center\">Bastuaggregat<br\/><br\/><\/h1>\n<\/div>\n            <\/div>\r\n            <div class=\"breadcrumbs-container\"><ol itemscope itemtype=\"https:\/\/schema.org\/BreadcrumbList\"><li itemprop=\"itemListElement\" itemscope itemtype=\"https:\/\/schema.org\/ListItem\"><a itemprop=\"item\" href=\"https:\/\/sunsauna.fi\/sv\/\"><span itemprop=\"name\">Sun Sauna<\/span><\/a><meta itemprop=\"position\" content=\"0\" \/><\/li><\/ol><\/div>        <\/div>\r\n        <span class=\"scroll-down\"><\/span>\r\n    <\/div>\r\n<\/section><section class=\"block block-basic\">\r\n    <div class=\"container\">\r\n        <div class=\"content-container reveal\">\r\n            \n<div class=\"wp-block-wds-basic\">\n<h2 class=\"wp-block-heading\">Att v\u00e4lja r\u00e4tt kamin \u00e4r en viktig del av bastuinredningen.  <\/h2>\n\n\n\n<p>N\u00e4r du v\u00e4ljer kamin b\u00f6r du naturligtvis ta h\u00e4nsyn till kaminens effektivitet och anv\u00e4ndbarhet, men ocks\u00e5 till dess utseende. Du kan v\u00e4lja en braskamin utifr\u00e5n dess utseende, men ocks\u00e5 utifr\u00e5n dina egna v\u00e4rderingar och tankar. Vi levererar kaminer fr\u00e5n alla kamintillverkare, alltid till konkurrenskraftiga priser.  <\/p>\n\n\n\n<h3 class=\"wp-block-heading\">Val av spis<\/h3>\n\n\n\n<p>Vi rekommenderar att du v\u00e4ljer spis och bordskollektion samtidigt, s\u00e5 att de matchar varandra s\u00e5 bra som m\u00f6jligt. F\u00f6rutom effektivitet kan valet av kamin g\u00f6ras p\u00e5 grundval av utseende. Kaminens form och kakelplattan kan v\u00e4ljas s\u00e5 att de matchar varandra v\u00e4l, baserat p\u00e5 ytmaterialet eller formen. Runda kaminer, moderna fyrkantiga kaminer osv.   <\/p>\n\n\n\n<h3 class=\"wp-block-heading\">Kakelugnskragar och kontrollcentraler<\/h3>\n\n\n\n<p>Idag kan de flesta kaminer styras med externa kontrollpaneler, som \u00e4r enkla att anv\u00e4nda, vackra och g\u00f6r att kaminen kan integreras eller inb\u00e4ddas i taket. N\u00e4stan alla kaminer levereras ocks\u00e5 med en kaminspecifik inf\u00e4lld krage f\u00f6r ett f\u00e4rdigt utseende. V\u00e5ra bastuexperter kontrollerar vilka s\u00e4kerhetsavst\u00e5nd som kr\u00e4vs f\u00f6r aggregatet och m\u00f6jligheterna att integrera aggregatet i taket.  <\/p>\n\n\n\n<h3 class=\"wp-block-heading\">T\u00e4ndning av spisen<\/h3>\n\n\n\n<p>Det \u00e4r ocks\u00e5 v\u00e4rt att uppm\u00e4rksamma belysningen av kaminen. Med r\u00e4tt belysning kan kaminen sticka ut fr\u00e5n sin omgivning och f\u00e5 den synlighet den f\u00f6rtj\u00e4nar. Det popul\u00e4raste och enklaste s\u00e4ttet att belysa en kamin \u00e4r med takfiber fr\u00e5n ovanf\u00f6r kaminen.  <\/p>\n\n\n\n<p>Vi levererar kaminer fr\u00e5n Harvias omfattande sortiment, IKI-kaminer, Mondex-, Helo- och Tulikivi-kaminer samt Star Saunas Magnum-kaminmodeller. V\u00e5rt sortiment av kaminer omfattar allt fr\u00e5n narrotalsaunas till representativa kaminer. <\/p>\n\n\n\n<p>Fr\u00e5ga v\u00e5r bastuexpert om tips f\u00f6r att v\u00e4lja r\u00e4tt bastuaggregat f\u00f6r dig!<\/p>\n\n\n\n<div class=\"wp-block-buttons is-layout-flex wp-block-buttons-is-layout-flex\">\n<div class=\"wp-block-button\"><a class=\"wp-block-button__link wp-element-button\" href=\"\">Beg\u00e4r en offert<\/a><\/div>\n<\/div>\n<\/div>\n        <\/div>\r\n    <\/div>\r\n<\/section><section class=\"block block-tabs\">\r\n    <div class=\"container\">\r\n        <div class=\"tabs-wrapper\">\r\n            <!-- Tab Navigation -->\r\n            <div class=\"tabs-navigation\" role=\"tablist\">\r\n                                    <button\r\n                        class=\"tab-button active\"\r\n                        role=\"tab\"\r\n                        aria-selected=\"true\"\r\n                        aria-controls=\"tab-0\"\r\n                        id=\"tab-button-tab-0\"\r\n                        data-tab-index=\"0\">\r\n                        Information om produkten                    <\/button>\r\n                                    <button\r\n                        class=\"tab-button\"\r\n                        role=\"tab\"\r\n                        aria-selected=\"false\"\r\n                        aria-controls=\"tab-1\"\r\n                        id=\"tab-button-tab-1\"\r\n                        data-tab-index=\"1\">\r\n                        F\u00f6rdelar f\u00f6r kunderna                    <\/button>\r\n                            <\/div>\r\n\r\n            <!-- Tab Content -->\r\n            <div class=\"tabs-content\">\r\n                                    <div\r\n                        class=\"tab-panel active\"\r\n                        role=\"tabpanel\"\r\n                        aria-labelledby=\"tab-button-tab-0\"\r\n                        id=\"tab-0\"\r\n                        >\r\n                        \r\n<div class=\"block-tab\" data-tab-title=\"Tab Title\">\r\n    \n<div class=\"wp-block-wds-tab\">\n<h3 class=\"wp-block-heading tab-title\">Information om produkten<\/h3>\n\n\n\n<ul class=\"wp-block-list\">\n<li>Leveransen av v\u00e4rmaren omfattar v\u00e4rmare, styrenhet och termostat med kablar enligt offert eller specifikation.<\/li>\n\n\n\n<li>V\u00e4rmarens matningskabel ing\u00e5r inte i leveransen av v\u00e4rmaren.<\/li>\n<\/ul>\n<\/div>\n<\/div>                    <\/div>\r\n                                    <div\r\n                        class=\"tab-panel\"\r\n                        role=\"tabpanel\"\r\n                        aria-labelledby=\"tab-button-tab-1\"\r\n                        id=\"tab-1\"\r\n                        hidden>\r\n                        \r\n<div class=\"block-tab\" data-tab-title=\"Tab Title\">\r\n    \n<div class=\"wp-block-wds-tab\">\n<h3 class=\"wp-block-heading tab-title\">F\u00f6rdelar f\u00f6r kunderna<\/h3>\n\n\n\n<ul class=\"wp-block-list\">\n<li>V\u00e5r bastuexpert kontrollerar att bastuugnen \u00e4r l\u00e4mplig f\u00f6r din bastu\n<ul class=\"wp-block-list\">\n<li>v\u00e4rmaren ryms i det avsedda utrymmet (s\u00e4kerhetsavst\u00e5nd)<\/li>\n\n\n\n<li>\u00f6ppningen av kaminen till taket g\u00f6rs i fabriken<\/li>\n<\/ul>\n<\/li>\n\n\n\n<li><a href=\"https:\/\/sunsauna.fi\/tuotteet-ja-palvelut\/saunan-kiukaat\/\"><\/a>Spisens utseende matchar den valda bordskollektionen<\/li>\n\n\n\n<li><a href=\"https:\/\/sunsauna.fi\/tuotteet-ja-palvelut\/saunan-kiukaat\/\"><\/a>Den m\u00f6jliga belysningen av kaminen beaktas samtidigt, s\u00e5 kaminen &#8221;h\u00f6js\" till sin v\u00e4rdiga synlighet!<\/li>\n<\/ul>\n<\/div>\n<\/div>                    <\/div>\r\n                            <\/div>\r\n        <\/div>\r\n    <\/div>\r\n<\/section><section class=\"block block-link-boxes items-per-row-4\">\r\n    <div class=\"container\">\r\n        <div class=\"link-boxes-content reveal\">\r\n            \n<div class=\"wp-block-wds-link-boxes\">\n<h2 class=\"wp-block-heading has-text-align-center\">Vi levererar allt du beh\u00f6ver f\u00f6r ditt Home Spa<\/h2>\n\n\n\n<p class=\"has-text-align-center\">Vi har sammanst\u00e4llt en katalog med kvalitetsalternativ f\u00f6r att skapa det Home Spa du dr\u00f6mmer om. Du kan ocks\u00e5 best\u00e4lla produkter bekv\u00e4mt <a href=\"https:\/\/sunsauna.fi\/kauppa\/\" data-type=\"page\" data-id=\"1316\">fr\u00e5n v\u00e5r onlinebutik<\/a>. <\/p>\n\n\n\n<div class=\"wp-block-group link-boxes-container is-content-justification-center is-layout-flex wp-container-core-group-is-layout-64b26803 wp-block-group-is-layout-flex\"><div class=\"block block-link-box reveal\">\r\n            <a href=\"https:\/\/sunsauna.fi\/tuotteet\/saunan-lauteet\/\" target=\"_self\"  class=\"link-box-wrapper\">\r\n        \r\n        <div class=\"link-box-image\">\r\n                            <img loading=\"lazy\" decoding=\"async\" src=\"https:\/\/sunsauna.fi\/wp-content\/uploads\/2018\/03\/Relax_laude_tulikivi_kiuas_laudekuituvalaisin_saunassa-1-590x392.jpg\" alt=\"\" width=\"1280\" height=\"851\" srcset=\"https:\/\/sunsauna.fi\/wp-content\/uploads\/2018\/03\/Relax_laude_tulikivi_kiuas_laudekuituvalaisin_saunassa-1-300x199.jpg 300w, https:\/\/sunsauna.fi\/wp-content\/uploads\/2018\/03\/Relax_laude_tulikivi_kiuas_laudekuituvalaisin_saunassa-1-600x399.jpg 600w, https:\/\/sunsauna.fi\/wp-content\/uploads\/2018\/03\/Relax_laude_tulikivi_kiuas_laudekuituvalaisin_saunassa-1-412x274.jpg 412w, https:\/\/sunsauna.fi\/wp-content\/uploads\/2018\/03\/Relax_laude_tulikivi_kiuas_laudekuituvalaisin_saunassa-1-768x511.jpg 768w, https:\/\/sunsauna.fi\/wp-content\/uploads\/2018\/03\/Relax_laude_tulikivi_kiuas_laudekuituvalaisin_saunassa-1-1024x681.jpg 1024w, https:\/\/sunsauna.fi\/wp-content\/uploads\/2018\/03\/Relax_laude_tulikivi_kiuas_laudekuituvalaisin_saunassa-1-892x593.jpg 892w, https:\/\/sunsauna.fi\/wp-content\/uploads\/2018\/03\/Relax_laude_tulikivi_kiuas_laudekuituvalaisin_saunassa-1-714x475.jpg 714w, https:\/\/sunsauna.fi\/wp-content\/uploads\/2018\/03\/Relax_laude_tulikivi_kiuas_laudekuituvalaisin_saunassa-1-590x392.jpg 590w, https:\/\/sunsauna.fi\/wp-content\/uploads\/2018\/03\/Relax_laude_tulikivi_kiuas_laudekuituvalaisin_saunassa-1-367x245.jpg 367w, https:\/\/sunsauna.fi\/wp-content\/uploads\/2018\/03\/Relax_laude_tulikivi_kiuas_laudekuituvalaisin_saunassa-1.jpg 1280w\">                    <\/div>\r\n\r\n        <div class=\"link-box-content\">\r\n            \n<div class=\"wp-block-wds-link-box\">\n<h3 class=\"wp-block-heading link-box-title\">Tak f\u00f6r bastu<\/h3>\n\n\n\n<p>Ta en titt p\u00e5 v\u00e5ra bordskollektioner!<br\/>Varje bord har sitt eget unika formspr\u00e5k, kolla in kollektionerna och hitta den b\u00e4sta l\u00f6sningen f\u00f6r dig!<\/p>\n<\/div>\n        <\/div>\r\n\r\n                <\/a>\r\n    <\/div>\n\n<div class=\"block block-link-box reveal\">\r\n            <a href=\"https:\/\/sunsauna.fi\/tuotteet\/saunan-lasiseinat-ja-saunan-ovet\/\" target=\"_self\"  class=\"link-box-wrapper\">\r\n        \r\n        <div class=\"link-box-image\">\r\n                            <img loading=\"lazy\" decoding=\"async\" src=\"https:\/\/sunsauna.fi\/wp-content\/uploads\/2023\/08\/IMG-20230515-WA0002-443x590.jpg\" alt=\"saunan lasisein\u00e4\" width=\"1200\" height=\"1600\" srcset=\"https:\/\/sunsauna.fi\/wp-content\/uploads\/2023\/08\/IMG-20230515-WA0002-225x300.jpg 225w, https:\/\/sunsauna.fi\/wp-content\/uploads\/2023\/08\/IMG-20230515-WA0002-600x800.jpg 600w, https:\/\/sunsauna.fi\/wp-content\/uploads\/2023\/08\/IMG-20230515-WA0002-768x1024.jpg 768w, https:\/\/sunsauna.fi\/wp-content\/uploads\/2023\/08\/IMG-20230515-WA0002-1152x1536.jpg 1152w, https:\/\/sunsauna.fi\/wp-content\/uploads\/2023\/08\/IMG-20230515-WA0002-445x593.jpg 445w, https:\/\/sunsauna.fi\/wp-content\/uploads\/2023\/08\/IMG-20230515-WA0002-398x531.jpg 398w, https:\/\/sunsauna.fi\/wp-content\/uploads\/2023\/08\/IMG-20230515-WA0002-443x590.jpg 443w, https:\/\/sunsauna.fi\/wp-content\/uploads\/2023\/08\/IMG-20230515-WA0002.jpg 1200w\">                    <\/div>\r\n\r\n        <div class=\"link-box-content\">\r\n            \n<div class=\"wp-block-wds-link-box target=&quot;_blank&quot;\">\n<h3 class=\"wp-block-heading link-box-title\">Glasv\u00e4ggar och bastud\u00f6rrar f\u00f6r bastu<\/h3>\n\n\n\n<p>V\u00e5ra glasv\u00e4ggar \u00e4r m\u00e5ttbest\u00e4llda och tillverkas med de b\u00e4sta komponenterna!  <\/p>\n<\/div>\n        <\/div>\r\n\r\n                <\/a>\r\n    <\/div>\n\n<div class=\"block block-link-box reveal\">\r\n            <a href=\"https:\/\/sunsauna.fi\/tuote-osasto\/valaistus\/\" target=\"_self\"  class=\"link-box-wrapper\">\r\n        \r\n        <div class=\"link-box-image\">\r\n                            <img loading=\"lazy\" decoding=\"async\" src=\"https:\/\/sunsauna.fi\/wp-content\/uploads\/2018\/03\/Saunan_katto-590x393.jpg\" alt=\"saunan valaistus\" width=\"1623\" height=\"1080\" srcset=\"https:\/\/sunsauna.fi\/wp-content\/uploads\/2018\/03\/Saunan_katto-300x200.jpg 300w, https:\/\/sunsauna.fi\/wp-content\/uploads\/2018\/03\/Saunan_katto-600x399.jpg 600w, https:\/\/sunsauna.fi\/wp-content\/uploads\/2018\/03\/Saunan_katto-1024x681.jpg 1024w, https:\/\/sunsauna.fi\/wp-content\/uploads\/2018\/03\/Saunan_katto-768x511.jpg 768w, https:\/\/sunsauna.fi\/wp-content\/uploads\/2018\/03\/Saunan_katto-1536x1022.jpg 1536w, https:\/\/sunsauna.fi\/wp-content\/uploads\/2018\/03\/Saunan_katto-891x593.jpg 891w, https:\/\/sunsauna.fi\/wp-content\/uploads\/2018\/03\/Saunan_katto-714x475.jpg 714w, https:\/\/sunsauna.fi\/wp-content\/uploads\/2018\/03\/Saunan_katto-590x393.jpg 590w, https:\/\/sunsauna.fi\/wp-content\/uploads\/2018\/03\/Saunan_katto-367x245.jpg 367w, https:\/\/sunsauna.fi\/wp-content\/uploads\/2018\/03\/Saunan_katto.jpg 1623w\">                    <\/div>\r\n\r\n        <div class=\"link-box-content\">\r\n            \n<div class=\"wp-block-wds-link-box\">\n<h3 class=\"wp-block-heading link-box-title\">Belysning f\u00f6r bastu<\/h3>\n\n\n\n<p>Bastubelysning av h\u00f6g kvalitet skapar en bastuatmosf\u00e4r!  <\/p>\n<\/div>\n        <\/div>\r\n\r\n                <\/a>\r\n    <\/div>\n\n<div class=\"block block-link-box reveal\">\r\n            <a href=\"https:\/\/sunsauna.fi\/tuote-osasto\/paneeli\/\" target=\"_self\"  class=\"link-box-wrapper\">\r\n        \r\n        <div class=\"link-box-image\">\r\n                            <img loading=\"lazy\" decoding=\"async\" src=\"https:\/\/sunsauna.fi\/wp-content\/uploads\/2025\/08\/Panelointi-590x578.png\" alt=\"\" width=\"1024\" height=\"1003\" srcset=\"https:\/\/sunsauna.fi\/wp-content\/uploads\/2025\/08\/Panelointi-300x294.png 300w, https:\/\/sunsauna.fi\/wp-content\/uploads\/2025\/08\/Panelointi-600x588.png 600w, https:\/\/sunsauna.fi\/wp-content\/uploads\/2025\/08\/Panelointi-412x404.png 412w, https:\/\/sunsauna.fi\/wp-content\/uploads\/2025\/08\/Panelointi-768x752.png 768w, https:\/\/sunsauna.fi\/wp-content\/uploads\/2025\/08\/Panelointi-605x593.png 605w, https:\/\/sunsauna.fi\/wp-content\/uploads\/2025\/08\/Panelointi-542x531.png 542w, https:\/\/sunsauna.fi\/wp-content\/uploads\/2025\/08\/Panelointi-590x578.png 590w, https:\/\/sunsauna.fi\/wp-content\/uploads\/2025\/08\/Panelointi.png 1024w\">                    <\/div>\r\n\r\n        <div class=\"link-box-content\">\r\n            \n<div class=\"wp-block-wds-link-box\">\n<h3 class=\"wp-block-heading link-box-title\">Paneler och lister f\u00f6r bastu<\/h3>\n\n\n\n<p>M\u00e5ttbest\u00e4llda interi\u00f6rpaneler av A-kvalitet direkt fr\u00e5n lager.  <\/p>\n<\/div>\n        <\/div>\r\n\r\n                <\/a>\r\n    <\/div>\n\n<div class=\"block block-link-box reveal\">\r\n            <a href=\"https:\/\/sunsauna.fi\/kauppa\/\" target=\"_self\"  class=\"link-box-wrapper\">\r\n        \r\n        <div class=\"link-box-image\">\r\n                            <img loading=\"lazy\" decoding=\"async\" src=\"https:\/\/sunsauna.fi\/wp-content\/uploads\/2025\/08\/Kiuaskaide_pyorea_2_rengasta.jpg\" alt=\"\" width=\"357\" height=\"326\" srcset=\"https:\/\/sunsauna.fi\/wp-content\/uploads\/2025\/08\/Kiuaskaide_pyorea_2_rengasta-300x274.jpg 300w, https:\/\/sunsauna.fi\/wp-content\/uploads\/2025\/08\/Kiuaskaide_pyorea_2_rengasta.jpg 357w\">                    <\/div>\r\n\r\n        <div class=\"link-box-content\">\r\n            \n<div class=\"wp-block-wds-link-box\">\n<h3 class=\"wp-block-heading link-box-title\">Spisar<\/h3>\n\n\n\n<p>Kvalitetskaminer fr\u00e5n alla kamintillverkare finns tillg\u00e4ngliga fr\u00e5n oss.  <\/p>\n<\/div>\n        <\/div>\r\n\r\n                <\/a>\r\n    <\/div>\n\n<div class=\"block block-link-box reveal\">\r\n            <a href=\"https:\/\/sunsauna.fi\/tuote-osasto\/kalusteet-ja-kaiteet\/\" target=\"_self\"  class=\"link-box-wrapper\">\r\n        \r\n        <div class=\"link-box-image\">\r\n                            <img loading=\"lazy\" decoding=\"async\" src=\"https:\/\/sunsauna.fi\/wp-content\/uploads\/2017\/12\/sunsauna-turvallisuustuotteet-thumb.jpg\" alt=\"\" width=\"466\" height=\"465\" srcset=\"https:\/\/sunsauna.fi\/wp-content\/uploads\/2017\/12\/sunsauna-turvallisuustuotteet-thumb-300x300.jpg 300w, https:\/\/sunsauna.fi\/wp-content\/uploads\/2017\/12\/sunsauna-turvallisuustuotteet-thumb-100x100.jpg 100w, https:\/\/sunsauna.fi\/wp-content\/uploads\/2017\/12\/sunsauna-turvallisuustuotteet-thumb-150x150.jpg 150w, https:\/\/sunsauna.fi\/wp-content\/uploads\/2017\/12\/sunsauna-turvallisuustuotteet-thumb.jpg 466w\">                    <\/div>\r\n\r\n        <div class=\"link-box-content\">\r\n            \n<div class=\"wp-block-wds-link-box\">\n<h3 class=\"wp-block-heading link-box-title\">S\u00e4kerhetsprodukter f\u00f6r bastu<\/h3>\n\n\n\n<p>V\u00e4lj r\u00e4tt aggregatskenor och stigarr\u00f6r till din bastu.  <\/p>\n<\/div>\n        <\/div>\r\n\r\n                <\/a>\r\n    <\/div>\n\n<div class=\"block block-link-box reveal\">\r\n            <a href=\"https:\/\/sunsauna.fi\/tuote-osasto\/saunanhoitotuotteet\/\" target=\"_self\"  class=\"link-box-wrapper\">\r\n        \r\n        <div class=\"link-box-image\">\r\n                            <img loading=\"lazy\" decoding=\"async\" src=\"https:\/\/sunsauna.fi\/wp-content\/uploads\/2025\/08\/sunsauna-saunonhoitotuotteet-thumb.jpg\" alt=\"\" width=\"465\" height=\"465\" srcset=\"https:\/\/sunsauna.fi\/wp-content\/uploads\/2025\/08\/sunsauna-saunonhoitotuotteet-thumb-300x300.jpg 300w, https:\/\/sunsauna.fi\/wp-content\/uploads\/2025\/08\/sunsauna-saunonhoitotuotteet-thumb-100x100.jpg 100w, https:\/\/sunsauna.fi\/wp-content\/uploads\/2025\/08\/sunsauna-saunonhoitotuotteet-thumb-412x412.jpg 412w, https:\/\/sunsauna.fi\/wp-content\/uploads\/2025\/08\/sunsauna-saunonhoitotuotteet-thumb-150x150.jpg 150w, https:\/\/sunsauna.fi\/wp-content\/uploads\/2025\/08\/sunsauna-saunonhoitotuotteet-thumb.jpg 465w\">                    <\/div>\r\n\r\n        <div class=\"link-box-content\">\r\n            \n<div class=\"wp-block-wds-link-box\">\n<h3 class=\"wp-block-heading link-box-title\">Bastuprodukter<\/h3>\n\n\n\n<p>Sk\u00f6tselprodukter hj\u00e4lper din bastu att h\u00e5lla sig vacker under l\u00e5ng tid.  <\/p>\n<\/div>\n        <\/div>\r\n\r\n                <\/a>\r\n    <\/div>\n\n<div class=\"block block-link-box reveal\">\r\n            <a href=\"https:\/\/sunsauna.fi\/tuote-osasto\/kalusteet-ja-kaiteet\/\" target=\"_self\"  class=\"link-box-wrapper\">\r\n        \r\n        <div class=\"link-box-image\">\r\n                            <img loading=\"lazy\" decoding=\"async\" src=\"https:\/\/sunsauna.fi\/wp-content\/uploads\/2018\/03\/Pukeutumistilan_kalusteet_taloyhtio_Sun_Sauna-590x371.jpg\" alt=\"\" width=\"1717\" height=\"1080\" srcset=\"https:\/\/sunsauna.fi\/wp-content\/uploads\/2018\/03\/Pukeutumistilan_kalusteet_taloyhtio_Sun_Sauna-300x189.jpg 300w, https:\/\/sunsauna.fi\/wp-content\/uploads\/2018\/03\/Pukeutumistilan_kalusteet_taloyhtio_Sun_Sauna-600x377.jpg 600w, https:\/\/sunsauna.fi\/wp-content\/uploads\/2018\/03\/Pukeutumistilan_kalusteet_taloyhtio_Sun_Sauna-412x259.jpg 412w, https:\/\/sunsauna.fi\/wp-content\/uploads\/2018\/03\/Pukeutumistilan_kalusteet_taloyhtio_Sun_Sauna-768x483.jpg 768w, https:\/\/sunsauna.fi\/wp-content\/uploads\/2018\/03\/Pukeutumistilan_kalusteet_taloyhtio_Sun_Sauna-1024x644.jpg 1024w, https:\/\/sunsauna.fi\/wp-content\/uploads\/2018\/03\/Pukeutumistilan_kalusteet_taloyhtio_Sun_Sauna-1536x966.jpg 1536w, https:\/\/sunsauna.fi\/wp-content\/uploads\/2018\/03\/Pukeutumistilan_kalusteet_taloyhtio_Sun_Sauna-943x593.jpg 943w, https:\/\/sunsauna.fi\/wp-content\/uploads\/2018\/03\/Pukeutumistilan_kalusteet_taloyhtio_Sun_Sauna-714x449.jpg 714w, https:\/\/sunsauna.fi\/wp-content\/uploads\/2018\/03\/Pukeutumistilan_kalusteet_taloyhtio_Sun_Sauna-590x371.jpg 590w, https:\/\/sunsauna.fi\/wp-content\/uploads\/2018\/03\/Pukeutumistilan_kalusteet_taloyhtio_Sun_Sauna.jpg 1717w\">                    <\/div>\r\n\r\n        <div class=\"link-box-content\">\r\n            \n<div class=\"wp-block-wds-link-box\">\n<h3 class=\"wp-block-heading link-box-title\">\u00d6vriga bastuprodukter<\/h3>\n\n\n\n<p>Omkl\u00e4dningsrumsm\u00f6bler av h\u00f6g kvalitet, \u00e4ven m\u00e5ttbest\u00e4llda!  <\/p>\n<\/div>\n        <\/div>\r\n\r\n                <\/a>\r\n    <\/div><\/div>\n<\/div>\n        <\/div>\r\n    <\/div>\r\n<\/section><link rel=\"stylesheet\" href=\"https:\/\/cdnjs.cloudflare.com\/ajax\/libs\/slick-carousel\/1.6.0\/slick.min.css\"\/>\n<link rel=\"stylesheet\" href=\"https:\/\/cdnjs.cloudflare.com\/ajax\/libs\/slick-carousel\/1.6.0\/slick-theme.min.css\"\/>\n<link rel=\"stylesheet\" href=\"\/valintaohjelma\/style.css\"\/>\n<img decoding=\"async\" src=\"\/valintaohjelma\/img\/classic\/0007.webp\" style=\"display:none\"\/><img decoding=\"async\" src=\"\/valintaohjelma\/img\/classic\/0000.webp\" style=\"display:none\"\/>\n<div id=\"root\" class=\"container valintaohjelma-container\" style=\"max-width:768px\" data-lang=\"sv\">\n<h1>Ladda programmet<\/h1>\n<img decoding=\"async\" src=\"\/valintaohjelma\/img\/Loading_icon.gif\"\/><img\/><\/div>\n<script type=\"text\/javascript\" src=\"https:\/\/sunsauna.fi\/valintaohjelma\/lib\/benchrenderer.js\"><\/script>\n<script type=\"text\/javascript\">\n        document.benchRendererLib = saunaRenderLib;\n<\/script>\n<script type=\"text\/javascript\" src=\"\/valintaohjelma\/static\/js\/main.6d1b32bb.js\"><\/script>\n<style>.page-id-211 .block-image-form {display:none;}.page-id-211 .block-contact-form {margin-top:4rem;}<\/style>","protected":false},"excerpt":{"rendered":"","protected":false},"author":2,"featured_media":11751,"parent":11599,"menu_order":0,"comment_status":"closed","ping_status":"closed","template":"","meta":{"_acf_changed":false,"_page_background_color":"","footnotes":""},"class_list":["post-11750","page","type-page","status-publish","has-post-thumbnail","hentry"],"acf":[],"featured_image_src":"https:\/\/sunsauna.fi\/wp-content\/uploads\/2013\/05\/kiuas.jpg","_links":{"self":[{"href":"https:\/\/sunsauna.fi\/sv\/wp-json\/wp\/v2\/pages\/11750","targetHints":{"allow":["GET"]}}],"collection":[{"href":"https:\/\/sunsauna.fi\/sv\/wp-json\/wp\/v2\/pages"}],"about":[{"href":"https:\/\/sunsauna.fi\/sv\/wp-json\/wp\/v2\/types\/page"}],"author":[{"embeddable":true,"href":"https:\/\/sunsauna.fi\/sv\/wp-json\/wp\/v2\/users\/2"}],"replies":[{"embeddable":true,"href":"https:\/\/sunsauna.fi\/sv\/wp-json\/wp\/v2\/comments?post=11750"}],"version-history":[{"count":2,"href":"https:\/\/sunsauna.fi\/sv\/wp-json\/wp\/v2\/pages\/11750\/revisions"}],"predecessor-version":[{"id":13434,"href":"https:\/\/sunsauna.fi\/sv\/wp-json\/wp\/v2\/pages\/11750\/revisions\/13434"}],"up":[{"embeddable":true,"href":"https:\/\/sunsauna.fi\/sv\/wp-json\/wp\/v2\/pages\/11599"}],"wp:featuredmedia":[{"embeddable":true,"href":"https:\/\/sunsauna.fi\/sv\/wp-json\/wp\/v2\/media\/11751"}],"wp:attachment":[{"href":"https:\/\/sunsauna.fi\/sv\/wp-json\/wp\/v2\/media?parent=11750"}],"curies":[{"name":"wp","href":"https:\/\/api.w.org\/{rel}","templated":true}]}}