{"id":11705,"date":"2025-08-25T13:09:34","date_gmt":"2025-08-25T13:09:34","guid":{"rendered":"https:\/\/sunsauna.fi\/tjanster\/design\/"},"modified":"2025-08-27T10:25:24","modified_gmt":"2025-08-27T10:25:24","slug":"design","status":"publish","type":"page","link":"https:\/\/sunsauna.fi\/sv\/tjanster\/design\/","title":{"rendered":"Design"},"content":{"rendered":"<section class=\"block block-herosub\">\r\n    \r\n    <div class=\"hero-content\">\r\n        <div class=\"container\">\r\n            <div class=\"content-container\">\r\n                \n<div class=\"wp-block-wds-herosub\">\n<h1 class=\"wp-block-heading has-text-align-center\">Design<\/h1>\n\n\n\n<p class=\"has-text-align-center\"><\/p>\n<\/div>\n            <\/div>\r\n            <div class=\"breadcrumbs-container\"><ol itemscope itemtype=\"https:\/\/schema.org\/BreadcrumbList\"><li itemprop=\"itemListElement\" itemscope itemtype=\"https:\/\/schema.org\/ListItem\"><a itemprop=\"item\" href=\"https:\/\/sunsauna.fi\/sv\/\"><span itemprop=\"name\">Sun Sauna<\/span><\/a><meta itemprop=\"position\" content=\"0\" \/><\/li><\/ol><\/div>        <\/div>\r\n        <span class=\"scroll-down\"><\/span>\r\n    <\/div>\r\n<\/section><section class=\"block block-basic\">\r\n    <div class=\"container\">\r\n        <div class=\"content-container reveal\">\r\n            \n<div class=\"wp-block-wds-basic\">\n<h2 class=\"wp-block-heading\">Design<\/h2>\n\n\n\n<p><strong>Sun Sauna erbjuder en gratis bastudesigntj\u00e4nst:<\/strong><\/p>\n\n\n\n<ul class=\"wp-block-list\">\n<li>design av basturum, design av bastutak, CAD-planritning av bastun och 3D-bild av bastun<\/li>\n\n\n\n<li>design av bastubelysning, val och placering av armaturer<\/li>\n\n\n\n<li>plan f\u00f6r bastupanel, ber\u00e4kning av panelkostnad och avkapningslistor<\/li>\n<\/ul>\n\n\n\n<p>Det l\u00f6nar sig att planera sin bastu noga. R\u00e4tt bordsmodell, en i\u00f6gonfallande design, val av material och f\u00e4rger, belysning och r\u00e4tt aggregat f\u00f6r utrymmet. Det finns ocks\u00e5 m\u00e5nga saker att t\u00e4nka p\u00e5 och besluta om n\u00e4r man planerar en bastu. B\u00f6rja planera i god tid s\u00e5 att du hinner fundera p\u00e5 bastul\u00f6sningar som h\u00e5ller f\u00f6r b\u00e5de tid och anv\u00e4ndning.   <\/p>\n\n\n\n<p>Du kan designa din bastu med hj\u00e4lp av v\u00e5r programvara f\u00f6r bastudesign online eller genom att skicka oss en planritning eller m\u00e5tt. V\u00e5ra bastuexperter utformar det l\u00e4mpligaste taket f\u00f6r ditt basturum. Vid behov kan vi genomf\u00f6ra dina bastuplaner p\u00e5 nyckelf\u00e4rdig basis.  <\/p>\n\n\n\n<h3 class=\"wp-block-heading\">F\u00e5 en offert p\u00e5 din bastuinredning med v\u00e5r programvara f\u00f6r bastudesign och bli positivt \u00f6verraskad. F\u00e4rdig p\u00e5 en g\u00e5ng, med h\u00f6g kvalitet och till ett rimligt pris. <\/h3>\n\n\n\n<div class=\"wp-block-buttons is-layout-flex wp-block-buttons-is-layout-flex\">\n<div class=\"wp-block-button\"><a class=\"wp-block-button__link wp-element-button\" href=\"https:\/\/sunsauna.fi\/sv\/designa-din-bastu\/\">Uppt\u00e4ck planeringsverktyget<\/a><\/div>\n<\/div>\n\n\n\n<p><\/p>\n\n\n\n<p>Vi g\u00f6r ocks\u00e5 upp bastuplaner i Sun Sauna:s butiker i Jyv\u00e4skyl\u00e4 och Vanda. I butikerna betj\u00e4nas du av kunniga bastuexperter och samtidigt kan du bekanta dig med Sun Saunas Home Spa-modellbastur och v\u00e5ra andra produkter. I butiken kan du g\u00f6ra ett bra val av bastumaterial genom att j\u00e4mf\u00f6ra tr\u00e4material och deras nyansskillnader.  <\/p>\n\n\n\n<div class=\"wp-block-buttons is-layout-flex wp-block-buttons-is-layout-flex\">\n<div class=\"wp-block-button\"><a class=\"wp-block-button__link wp-element-button\" href=\"\">Beg\u00e4r en offert<\/a><\/div>\n<\/div>\n<\/div>\n        <\/div>\r\n    <\/div>\r\n<\/section>\n<p><\/p>\n","protected":false},"excerpt":{"rendered":"","protected":false},"author":4,"featured_media":0,"parent":11618,"menu_order":0,"comment_status":"closed","ping_status":"closed","template":"","meta":{"_acf_changed":false,"_page_background_color":"","footnotes":""},"class_list":["post-11705","page","type-page","status-publish","hentry"],"acf":[],"featured_image_src":null,"_links":{"self":[{"href":"https:\/\/sunsauna.fi\/sv\/wp-json\/wp\/v2\/pages\/11705","targetHints":{"allow":["GET"]}}],"collection":[{"href":"https:\/\/sunsauna.fi\/sv\/wp-json\/wp\/v2\/pages"}],"about":[{"href":"https:\/\/sunsauna.fi\/sv\/wp-json\/wp\/v2\/types\/page"}],"author":[{"embeddable":true,"href":"https:\/\/sunsauna.fi\/sv\/wp-json\/wp\/v2\/users\/4"}],"replies":[{"embeddable":true,"href":"https:\/\/sunsauna.fi\/sv\/wp-json\/wp\/v2\/comments?post=11705"}],"version-history":[{"count":1,"href":"https:\/\/sunsauna.fi\/sv\/wp-json\/wp\/v2\/pages\/11705\/revisions"}],"predecessor-version":[{"id":11706,"href":"https:\/\/sunsauna.fi\/sv\/wp-json\/wp\/v2\/pages\/11705\/revisions\/11706"}],"up":[{"embeddable":true,"href":"https:\/\/sunsauna.fi\/sv\/wp-json\/wp\/v2\/pages\/11618"}],"wp:attachment":[{"href":"https:\/\/sunsauna.fi\/sv\/wp-json\/wp\/v2\/media?parent=11705"}],"curies":[{"name":"wp","href":"https:\/\/api.w.org\/{rel}","templated":true}]}}