{"id":11678,"date":"2025-08-05T08:02:29","date_gmt":"2025-08-05T08:02:29","guid":{"rendered":"https:\/\/sunsauna.fi\/integritetspolicy\/"},"modified":"2025-08-27T08:58:15","modified_gmt":"2025-08-27T08:58:15","slug":"integritetspolicy","status":"publish","type":"page","link":"https:\/\/sunsauna.fi\/sv\/integritetspolicy\/","title":{"rendered":"Integritetspolicy"},"content":{"rendered":"\n<p><strong>1. STYRENHETEN<\/strong><\/p>\n\n<ul class=\"wp-block-list\">\n<li>Namn: Sun Sauna Oy<\/li>\n\n\n\n<li>Baserat i Jyv\u00e4skyl\u00e4, Finland<\/li>\n<\/ul>\n\n<ul class=\"wp-block-list\">\n<li>Adress: Kuormaajantie 40, 40320 Jyv\u00e4skyl\u00e4<\/li>\n\n\n\n<li>F\u00f6retags-ID: 1099539-8<\/li>\n<\/ul>\n\n<p><strong>2. DEN PERSON SOM ANSVARAR F\u00d6R DATASKYDDET<\/strong><\/p>\n\n<p>Namn: Jarkko Nieminen<\/p>\n\n<p>Kontaktuppgifter: Kuormaajantie 40, 40320 Jyv\u00e4skyl\u00e4, jarkko.nieminen@sunsauna.fi<\/p>\n\n<p><strong>3. REGISTRETS NAMN<\/strong><\/p>\n\n<p>Sun Sauna kundregister<\/p>\n\n<p><strong>4. R\u00c4TTSLIG GRUND OCH SYFTE MED BEHANDLINGEN AV PERSONUPPGIFTER<\/strong><\/p>\n\n<p>Register f\u00f6r direktmarknadsf\u00f6ring enligt 19 \u00a7 i personuppgiftslagen (523\/1999).<\/p>\n\n<p>Personen har registrerat sig som kund hos Sun Sauna, prenumererat p\u00e5 Sun Saunas nyhetsbrev, k\u00f6pt Sun Saunas produkter eller deltagit i ett evenemang, en t\u00e4vling eller utlottning som Sun Sauna ordnat.<\/p>\n\n<p>\u00c4ndam\u00e5let med registret \u00e4r att uppr\u00e4tth\u00e5lla Sun Sauna:s kundregister och att arkivera och behandla best\u00e4llningar och e-handelsbest\u00e4llningar samt att sk\u00f6ta kundrelationen. Uppgifterna kan anv\u00e4ndas f\u00f6r att utveckla Sun Saunas verksamhet, f\u00f6r statistiska \u00e4ndam\u00e5l och f\u00f6r riktad marknadsf\u00f6ring. Personuppgifterna behandlas inom de gr\u00e4nser som personuppgiftslagen till\u00e5ter och f\u00f6ruts\u00e4tter.  <\/p>\n\n<p>Uppgifterna i registret kan anv\u00e4ndas i Sun Sauna:s egna register f\u00f6r att rikta reklam utan att personuppgifter l\u00e4mnas ut till tredje part. Om du inte vill ta emot kommunikation eller marknadsf\u00f6ring via tj\u00e4nsten, v\u00e4nligen kontakta tj\u00e4nsteleverant\u00f6ren via e-post p\u00e5 info@sunsauna.fi. <\/p>\n\n<p>Sun Sauna kan anv\u00e4nda partners f\u00f6r att uppr\u00e4tth\u00e5lla kund- och servicerelationer och f\u00f6r marknadsf\u00f6ring efter f\u00f6rs\u00e4ljning. En del av registeruppgifterna kan p\u00e5 grund av tekniska krav \u00f6verf\u00f6ras till partnerns servrar. Uppgifterna behandlas endast via tekniska gr\u00e4nssnitt f\u00f6r att uppr\u00e4tth\u00e5lla Sun Saunas kundrelation.  <\/p>\n\n<p><strong>5. REGISTRETS INNEH\u00c5LL<\/strong><\/p>\n\n<ul class=\"wp-block-list\">\n<li>Personens f\u00f6r- och efternamn<\/li>\n\n\n\n<li>Identifieringsuppgifter eller personnummer (vid best\u00e4llning)<\/li>\n\n\n\n<li>E-postadress<\/li>\n\n\n\n<li>Postadress<\/li>\n\n\n\n<li>Telefonnummer<\/li>\n\n\n\n<li>Information om erbjudanden och order som behandlas<\/li>\n\n\n\n<li>Information om kundens produkter, registreringar och kontakt med Sun Sauna kundtj\u00e4nst<\/li>\n<\/ul>\n\n<p><strong>6. REGELBUNDNA INFORMATIONSK\u00c4LLOR<\/strong><\/p>\n\n<p>Personuppgifter samlas in fr\u00e5n kunden och med kundens samtycke.<\/p>\n\n<p><strong>7. REGELBUNDNA UPPLYSNINGAR OM UPPGIFTER<\/strong><\/p>\n\n<p>Vi kan komma att l\u00e4mna ut personuppgifter till tredje part i f\u00f6ljande fall:<\/p>\n\n<ul class=\"wp-block-list\">\n<li>N\u00e4r s\u00e5 kr\u00e4vs enligt lag<\/li>\n\n\n\n<li>Till Tj\u00e4nsteleverant\u00f6ren f\u00f6r teknisk implementering och utveckling av Tj\u00e4nsten.<\/li>\n\n\n\n<li>N\u00e4r vi i god tro anser att utl\u00e4mnande \u00e4r n\u00f6dv\u00e4ndigt f\u00f6r att skydda v\u00e5ra r\u00e4ttigheter, f\u00f6r att skydda den registrerade och andra, f\u00f6r att utreda bedr\u00e4geri eller f\u00f6r att svara p\u00e5 en beg\u00e4ran fr\u00e5n offentliga myndigheter.<\/li>\n<\/ul>\n\n<p><strong>8. \u00d6VERF\u00d6RING AV UPPGIFTER UTANF\u00d6R EU ELLER ETA<\/strong><\/p>\n\n<p>Uppgifterna kommer inte att \u00f6verf\u00f6ras utanf\u00f6r Europeiska unionen eller Europeiska ekonomiska samarbetsomr\u00e5det.<\/p>\n\n<p><strong>9. LAGRING AV UPPGIFTER<\/strong><\/p>\n\n<p>Den registrerades personuppgifter kommer att f\u00f6rst\u00f6ras p\u00e5 beg\u00e4ran av anv\u00e4ndaren, s\u00e5vida vi inte \u00e4r skyldiga att beh\u00e5lla uppgifterna enligt lag eller enligt parternas avtalsenliga r\u00e4ttigheter och skyldigheter. I annat fall \u00e4r lagringsperioden 10 \u00e5r fr\u00e5n den senaste kontakten med kunden. <strong> <\/strong><\/p>\n\n<p><strong>10. SKYDD AV REGISTRET<\/strong><\/p>\n\n<p>Personuppgifter skyddas mot obeh\u00f6rig \u00e5tkomst, oavsiktlig eller olaglig behandling genom l\u00e4mpliga tekniska och organisatoriska \u00e5tg\u00e4rder.<\/p>\n\n<p><strong>11. DEN REGISTRERADES R\u00c4TTIGHETER<\/strong><\/p>\n\n<p>Den registrerade har r\u00e4tt att f\u00e5 tillg\u00e5ng till sina uppgifter samt r\u00e4tt att granska, r\u00e4tta och uppdatera sina personuppgifter. Om den registrerade inte vill att hans eller hennes uppgifter ska ing\u00e5 i Sun Sauna-kundregistret, kan han eller hon beg\u00e4ra att uppgifterna tas bort fr\u00e5n registret. <\/p>\n\n<p>Den registrerade har enligt till\u00e4mplig dataskyddslagstiftning r\u00e4tt att f\u00e5 sina personuppgifter \u00f6verf\u00f6rda fr\u00e5n ett system till ett annat, dvs. att f\u00e5 sina personuppgifter i ett strukturerat och allm\u00e4nt anv\u00e4nt format och att \u00f6verf\u00f6ra dem till en annan personuppgiftsansvarig.<\/p>\n\n<p>Ovanst\u00e5ende f\u00f6rfr\u00e5gningar kan riktas till den person som \u00e4r ansvarig f\u00f6r dataskydd p\u00e5 Sun Sauna.<\/p>\n\n<p>Om den registrerade anser att hans eller hennes lagliga r\u00e4ttigheter har kr\u00e4nkts har han eller hon r\u00e4tt att l\u00e4mna in ett klagom\u00e5l till den nationella dataskyddsmyndigheten eller en annan dataskyddsmyndighet i Europeiska unionen eller Europeiska ekonomiska samarbetsomr\u00e5det.<\/p>\n\n<p>I Finland \u00e4r dataombudsmannen tillsynsmyndighet. Du hittar dataombudsmannens kontaktuppgifter via <a href=\"http:\/\/www.tietosuoja.fi\/\">l\u00e4nken<\/a> nedan. <\/p>\n","protected":false},"excerpt":{"rendered":"<p>1. STYRENHETEN 2. DEN PERSON SOM ANSVARAR F\u00d6R DATASKYDDET Namn: Jarkko Nieminen Kontaktuppgifter: Kuormaajantie&#8230;<\/p>\n","protected":false},"author":1,"featured_media":0,"parent":0,"menu_order":0,"comment_status":"closed","ping_status":"closed","template":"","meta":{"_acf_changed":false,"_page_background_color":"","footnotes":""},"class_list":["post-11678","page","type-page","status-publish","hentry"],"acf":[],"featured_image_src":null,"_links":{"self":[{"href":"https:\/\/sunsauna.fi\/sv\/wp-json\/wp\/v2\/pages\/11678","targetHints":{"allow":["GET"]}}],"collection":[{"href":"https:\/\/sunsauna.fi\/sv\/wp-json\/wp\/v2\/pages"}],"about":[{"href":"https:\/\/sunsauna.fi\/sv\/wp-json\/wp\/v2\/types\/page"}],"author":[{"embeddable":true,"href":"https:\/\/sunsauna.fi\/sv\/wp-json\/wp\/v2\/users\/1"}],"replies":[{"embeddable":true,"href":"https:\/\/sunsauna.fi\/sv\/wp-json\/wp\/v2\/comments?post=11678"}],"version-history":[{"count":1,"href":"https:\/\/sunsauna.fi\/sv\/wp-json\/wp\/v2\/pages\/11678\/revisions"}],"predecessor-version":[{"id":11680,"href":"https:\/\/sunsauna.fi\/sv\/wp-json\/wp\/v2\/pages\/11678\/revisions\/11680"}],"wp:attachment":[{"href":"https:\/\/sunsauna.fi\/sv\/wp-json\/wp\/v2\/media?parent=11678"}],"curies":[{"name":"wp","href":"https:\/\/api.w.org\/{rel}","templated":true}]}}