{"id":11571,"date":"2025-08-04T07:50:16","date_gmt":"2025-08-04T07:50:16","guid":{"rendered":"https:\/\/sunsauna.fi\/bastur-i-gemenskapen\/varfor-swing-clean\/"},"modified":"2025-08-27T08:18:30","modified_gmt":"2025-08-27T08:18:30","slug":"varfor-swing-clean","status":"publish","type":"page","link":"https:\/\/sunsauna.fi\/sv\/bastur-i-gemenskapen\/varfor-swing-clean\/","title":{"rendered":"Varf\u00f6r Swing Clean?"},"content":{"rendered":"<section class=\"block block-herosub\">\r\n            <div class=\"hero-media\">\r\n            <img decoding=\"async\" src=\"https:\/\/sunsauna.fi\/wp-content\/uploads\/2018\/03\/Swing_vastakkain_istuttava_suora_laude-949x593.jpg\" alt=\"\" width=\"1728\" height=\"1080\" srcset=\"https:\/\/sunsauna.fi\/wp-content\/uploads\/2018\/03\/Swing_vastakkain_istuttava_suora_laude-300x188.jpg 300w, https:\/\/sunsauna.fi\/wp-content\/uploads\/2018\/03\/Swing_vastakkain_istuttava_suora_laude-600x375.jpg 600w, https:\/\/sunsauna.fi\/wp-content\/uploads\/2018\/03\/Swing_vastakkain_istuttava_suora_laude-1024x640.jpg 1024w, https:\/\/sunsauna.fi\/wp-content\/uploads\/2018\/03\/Swing_vastakkain_istuttava_suora_laude-768x480.jpg 768w, https:\/\/sunsauna.fi\/wp-content\/uploads\/2018\/03\/Swing_vastakkain_istuttava_suora_laude-1536x960.jpg 1536w, https:\/\/sunsauna.fi\/wp-content\/uploads\/2018\/03\/Swing_vastakkain_istuttava_suora_laude-949x593.jpg 949w, https:\/\/sunsauna.fi\/wp-content\/uploads\/2018\/03\/Swing_vastakkain_istuttava_suora_laude-714x446.jpg 714w, https:\/\/sunsauna.fi\/wp-content\/uploads\/2018\/03\/Swing_vastakkain_istuttava_suora_laude-590x369.jpg 590w, https:\/\/sunsauna.fi\/wp-content\/uploads\/2018\/03\/Swing_vastakkain_istuttava_suora_laude.jpg 1728w\" data-no-lazy=\"1\" fetchpriority=\"high\">        <\/div>\r\n    \r\n    <div class=\"hero-content\">\r\n        <div class=\"container\">\r\n            <div class=\"content-container\">\r\n                \n<div class=\"wp-block-wds-herosub\">\n<h1 class=\"wp-block-heading has-text-align-center\">Varf\u00f6r Swing Clean?<\/h1>\n<\/div>\n            <\/div>\r\n            <div class=\"breadcrumbs-container\"><ol itemscope itemtype=\"https:\/\/schema.org\/BreadcrumbList\"><li itemprop=\"itemListElement\" itemscope itemtype=\"https:\/\/schema.org\/ListItem\"><a itemprop=\"item\" href=\"https:\/\/sunsauna.fi\/sv\/\"><span itemprop=\"name\">Sun Sauna<\/span><\/a><meta itemprop=\"position\" content=\"0\" \/><\/li><\/ol><\/div>        <\/div>\r\n        <span class=\"scroll-down\"><\/span>\r\n    <\/div>\r\n<\/section><section class=\"block block-features items-per-row-3\">\r\n    <div class=\"container\">\r\n        <div class=\"features-grid reveal\">\r\n            \n<div class=\"wp-block-wds-features\">\n<div class=\"wp-block-group features-grid is-layout-flex wp-block-group-is-layout-flex\"><div class=\"block block-feature-item\">\r\n    <div class=\"feature-number\">\r\n        <span>1<\/span>\r\n    <\/div>\r\n    <div class=\"feature-content\">\r\n        \n<div class=\"wp-block-wds-feature-item\">\n<h3 class=\"wp-block-heading\">Tillg\u00e4nglighet<\/h3>\n\n\n\n<p>Inhemsk trall \u00e4r byggd f\u00f6r att t\u00e5la daglig anv\u00e4ndning.<\/p>\n<\/div>\n    <\/div>\r\n<\/div>\n\n<div class=\"block block-feature-item\">\r\n    <div class=\"feature-number\">\r\n        <span>2<\/span>\r\n    <\/div>\r\n    <div class=\"feature-content\">\r\n        \n<div class=\"wp-block-wds-feature-item\">\n<h3 class=\"wp-block-heading\">Reng\u00f6ring och underh\u00e5ll<\/h3>\n\n\n\n<p>Den str\u00f6mlinjeformade designen och det slitstarka d\u00e4cket g\u00f6r det enkelt att reng\u00f6ra och underh\u00e5lla.<\/p>\n<\/div>\n    <\/div>\r\n<\/div>\n\n<div class=\"block block-feature-item\">\r\n    <div class=\"feature-number\">\r\n        <span>3<\/span>\r\n    <\/div>\r\n    <div class=\"feature-content\">\r\n        \n<div class=\"wp-block-wds-feature-item\">\n<h3 class=\"wp-block-heading\">Anv\u00e4ndbar<\/h3>\n\n\n\n<p>En QR-kod \u00e4r f\u00e4st p\u00e5 tavlan, som \u00f6ppnar serviceinstruktionerna f\u00f6r varje objekt. Det g\u00f6r det ocks\u00e5 m\u00f6jligt att best\u00e4lla nya laude-element. <\/p>\n<\/div>\n    <\/div>\r\n<\/div><\/div>\n<\/div>\n        <\/div>\r\n    <\/div>\r\n<\/section><section class=\"block block-content-section has-wds-light-background-color has-background\">\r\n    <div class=\"container\">\r\n        <div class=\"content-section-content reveal\">\r\n            \n<div class=\"wp-block-wds-content-section has-wds-light-background-color has-background\">\n<h2 class=\"wp-block-heading has-text-align-center\">Varf\u00f6r ska du v\u00e4lja Sun Sauna Community Saunas som din bastuleverant\u00f6r?<\/h2>\n\n\n<section class=\"block block-text-image image-left style-regular\">\r\n    <div class=\"container\">\r\n        <div class=\"text-image-container\">\r\n            <div class=\"text-content reveal\">\r\n                \n<div class=\"wp-block-wds-text-image\">\n<ul class=\"wp-block-list\">\n<li><strong>Swing Clean laude-tekniken \u00e4r f\u00e4lttestad i de tuffaste applikationerna och garanterar att den fungerar<\/strong><\/li>\n\n\n\n<li><strong>Rst- och hst-ramar (rostfria eller syrafasta, beroende p\u00e5 anv\u00e4ndningsomr\u00e5de)<\/strong><\/li>\n\n\n\n<li><strong>Demonterbar st\u00e5lram (m\u00f6jligg\u00f6r byte av panel)<\/strong><\/li>\n\n\n\n<li><strong>Swing laude-element (obundet)  <\/strong>\n<ul class=\"wp-block-list\">\n<li>B\u00e4sta h\u00e5llbarheten och reng\u00f6rbarheten p\u00e5 marknaden<\/li>\n<\/ul>\n<\/li>\n\n\n\n<li><strong>\u00d6ppning av serviced\u00f6rrar f\u00f6r v\u00e4rmare<\/strong><\/li>\n\n\n\n<li><strong>L\u00e4tt utbytbara tr\u00e4delar (billig och snabb f\u00f6rnyelse)<br\/><\/strong><\/li>\n<\/ul>\n\n\n\n<div class=\"wp-block-buttons is-layout-flex wp-block-buttons-is-layout-flex\">\n<div class=\"wp-block-button\"><a class=\"wp-block-button__link has-white-color has-wds-orange-background-color has-text-color has-background has-link-color wp-element-button\" href=\"#yhteydenotto\">Beg\u00e4r en offert<\/a><\/div>\n<\/div>\n<\/div>\n            <\/div>\r\n\r\n                            <div class=\"image-content reveal\">\r\n                    <img loading=\"lazy\" decoding=\"async\" src=\"https:\/\/sunsauna.fi\/wp-content\/uploads\/2025\/08\/Swing_Clean-rst-runkoinen_saunan_laude_terasrunkoinen_laude-590x392.webp\" alt=\"\" width=\"1200\" height=\"798\" srcset=\"https:\/\/sunsauna.fi\/wp-content\/uploads\/2025\/08\/Swing_Clean-rst-runkoinen_saunan_laude_terasrunkoinen_laude-300x200.webp 300w, https:\/\/sunsauna.fi\/wp-content\/uploads\/2025\/08\/Swing_Clean-rst-runkoinen_saunan_laude_terasrunkoinen_laude-600x399.webp 600w, https:\/\/sunsauna.fi\/wp-content\/uploads\/2025\/08\/Swing_Clean-rst-runkoinen_saunan_laude_terasrunkoinen_laude-412x274.webp 412w, https:\/\/sunsauna.fi\/wp-content\/uploads\/2025\/08\/Swing_Clean-rst-runkoinen_saunan_laude_terasrunkoinen_laude-768x511.webp 768w, https:\/\/sunsauna.fi\/wp-content\/uploads\/2025\/08\/Swing_Clean-rst-runkoinen_saunan_laude_terasrunkoinen_laude-1024x681.webp 1024w, https:\/\/sunsauna.fi\/wp-content\/uploads\/2025\/08\/Swing_Clean-rst-runkoinen_saunan_laude_terasrunkoinen_laude-892x593.webp 892w, https:\/\/sunsauna.fi\/wp-content\/uploads\/2025\/08\/Swing_Clean-rst-runkoinen_saunan_laude_terasrunkoinen_laude-714x475.webp 714w, https:\/\/sunsauna.fi\/wp-content\/uploads\/2025\/08\/Swing_Clean-rst-runkoinen_saunan_laude_terasrunkoinen_laude-590x392.webp 590w, https:\/\/sunsauna.fi\/wp-content\/uploads\/2025\/08\/Swing_Clean-rst-runkoinen_saunan_laude_terasrunkoinen_laude-367x245.webp 367w, https:\/\/sunsauna.fi\/wp-content\/uploads\/2025\/08\/Swing_Clean-rst-runkoinen_saunan_laude_terasrunkoinen_laude.webp 1200w\">                <\/div>\r\n                    <\/div>\r\n    <\/div>\r\n<\/section>\n\n<section class=\"block block-text-image image-right style-regular\">\r\n    <div class=\"container\">\r\n        <div class=\"text-image-container\">\r\n            <div class=\"text-content reveal\">\r\n                \n<div class=\"wp-block-wds-text-image\">\n<ul class=\"wp-block-list\">\n<li><strong>De billigaste produkterna p\u00e5 marknaden, till ett p\u00e5 f\u00f6rhand \u00f6verenskommet pris<\/strong>\n<ul class=\"wp-block-list\">\n<li>Sun Sauna&#8217;s Swing Clean laude-system har visat sig spara tid och pengar.<\/li>\n<\/ul>\n<\/li>\n\n\n\n<li><strong>Snabb leveranstid<\/strong>\n<ul class=\"wp-block-list\">\n<li>Leveranstiden f\u00f6r bastur \u00e4r 2-3 veckor. Installation av bastun tar 1-3 dagar beroende p\u00e5 storlek. Vi prefabricerar v\u00e5ra d\u00e4ck p\u00e5 fabriken s\u00e5 att renoveringen kan g\u00f6ras under ett snabbt underh\u00e5llsuppeh\u00e5ll.  <\/li>\n<\/ul>\n<\/li>\n\n\n\n<li><strong>Nyckelf\u00e4rdig installationstj\u00e4nst<\/strong>\n<ul class=\"wp-block-list\">\n<li>Vi bygger din bastu med professionalism och garanterad Sun Sauna-kvalitet.<\/li>\n<\/ul>\n<\/li>\n\n\n\n<li><strong>Den mest professionella kompetensen inom sektorn, fr\u00e5n design till genomf\u00f6rande<\/strong><\/li>\n<\/ul>\n\n\n\n<div class=\"wp-block-buttons is-layout-flex wp-block-buttons-is-layout-flex\">\n<div class=\"wp-block-button\"><a class=\"wp-block-button__link has-white-color has-wds-orange-background-color has-text-color has-background has-link-color wp-element-button\" href=\"#yhteydenotto\">Be om en offert fr\u00e5n v\u00e5r bastuexpert<\/a><\/div>\n<\/div>\n<\/div>\n            <\/div>\r\n\r\n                            <div class=\"image-content reveal\">\r\n                    <img loading=\"lazy\" decoding=\"async\" src=\"https:\/\/sunsauna.fi\/wp-content\/uploads\/2018\/03\/Kiuas_kaide_avautuva-590x393.jpg\" alt=\"\" width=\"1623\" height=\"1080\" srcset=\"https:\/\/sunsauna.fi\/wp-content\/uploads\/2018\/03\/Kiuas_kaide_avautuva-300x200.jpg 300w, https:\/\/sunsauna.fi\/wp-content\/uploads\/2018\/03\/Kiuas_kaide_avautuva-600x399.jpg 600w, https:\/\/sunsauna.fi\/wp-content\/uploads\/2018\/03\/Kiuas_kaide_avautuva-1024x681.jpg 1024w, https:\/\/sunsauna.fi\/wp-content\/uploads\/2018\/03\/Kiuas_kaide_avautuva-768x511.jpg 768w, https:\/\/sunsauna.fi\/wp-content\/uploads\/2018\/03\/Kiuas_kaide_avautuva-1536x1022.jpg 1536w, https:\/\/sunsauna.fi\/wp-content\/uploads\/2018\/03\/Kiuas_kaide_avautuva-891x593.jpg 891w, https:\/\/sunsauna.fi\/wp-content\/uploads\/2018\/03\/Kiuas_kaide_avautuva-714x475.jpg 714w, https:\/\/sunsauna.fi\/wp-content\/uploads\/2018\/03\/Kiuas_kaide_avautuva-590x393.jpg 590w, https:\/\/sunsauna.fi\/wp-content\/uploads\/2018\/03\/Kiuas_kaide_avautuva-367x245.jpg 367w, https:\/\/sunsauna.fi\/wp-content\/uploads\/2018\/03\/Kiuas_kaide_avautuva.jpg 1623w\">                <\/div>\r\n                    <\/div>\r\n    <\/div>\r\n<\/section><\/div>\n        <\/div>\r\n    <\/div>\r\n<\/section>\n<p><\/p>\n","protected":false},"excerpt":{"rendered":"","protected":false},"author":1,"featured_media":0,"parent":11561,"menu_order":0,"comment_status":"closed","ping_status":"closed","template":"","meta":{"_acf_changed":false,"_page_background_color":"","footnotes":""},"class_list":["post-11571","page","type-page","status-publish","hentry"],"acf":[],"featured_image_src":null,"_links":{"self":[{"href":"https:\/\/sunsauna.fi\/sv\/wp-json\/wp\/v2\/pages\/11571","targetHints":{"allow":["GET"]}}],"collection":[{"href":"https:\/\/sunsauna.fi\/sv\/wp-json\/wp\/v2\/pages"}],"about":[{"href":"https:\/\/sunsauna.fi\/sv\/wp-json\/wp\/v2\/types\/page"}],"author":[{"embeddable":true,"href":"https:\/\/sunsauna.fi\/sv\/wp-json\/wp\/v2\/users\/1"}],"replies":[{"embeddable":true,"href":"https:\/\/sunsauna.fi\/sv\/wp-json\/wp\/v2\/comments?post=11571"}],"version-history":[{"count":1,"href":"https:\/\/sunsauna.fi\/sv\/wp-json\/wp\/v2\/pages\/11571\/revisions"}],"predecessor-version":[{"id":11573,"href":"https:\/\/sunsauna.fi\/sv\/wp-json\/wp\/v2\/pages\/11571\/revisions\/11573"}],"up":[{"embeddable":true,"href":"https:\/\/sunsauna.fi\/sv\/wp-json\/wp\/v2\/pages\/11561"}],"wp:attachment":[{"href":"https:\/\/sunsauna.fi\/sv\/wp-json\/wp\/v2\/media?parent=11571"}],"curies":[{"name":"wp","href":"https:\/\/api.w.org\/{rel}","templated":true}]}}