{"id":11564,"date":"2025-08-04T07:48:44","date_gmt":"2025-08-04T07:48:44","guid":{"rendered":"https:\/\/sunsauna.fi\/bastur-i-gemenskapen\/platser-for-anvandning\/"},"modified":"2025-08-27T08:18:30","modified_gmt":"2025-08-27T08:18:30","slug":"platser-for-anvandning","status":"publish","type":"page","link":"https:\/\/sunsauna.fi\/sv\/bastur-i-gemenskapen\/platser-for-anvandning\/","title":{"rendered":"Platser f\u00f6r anv\u00e4ndning"},"content":{"rendered":"<section class=\"block block-link-boxes items-per-row-4\">\r\n    <div class=\"container\">\r\n        <div class=\"link-boxes-content reveal\">\r\n            \n<div class=\"wp-block-wds-link-boxes\">\n<h2 class=\"wp-block-heading has-text-align-center\">Uppt\u00e4ck v\u00e5ra anv\u00e4ndningsomr\u00e5den f\u00f6r bastur i samh\u00e4llet<\/h2>\n\n\n\n<div class=\"wp-block-group link-boxes-container is-layout-flex wp-block-group-is-layout-flex\"><div class=\"block block-link-box reveal\">\r\n            <a href=\"https:\/\/sunsauna.fi\/yhteisosaunat\/kayttokohteet\/uimahallit-ja-kylpylat\/\" target=\"_self\"  class=\"link-box-wrapper\">\r\n        \r\n        <div class=\"link-box-image\">\r\n                            <img loading=\"lazy\" decoding=\"async\" src=\"https:\/\/sunsauna.fi\/wp-content\/uploads\/2018\/03\/Nastolan_uimahalli_allas-590x393.jpg\" alt=\"\" width=\"1623\" height=\"1080\" srcset=\"https:\/\/sunsauna.fi\/wp-content\/uploads\/2018\/03\/Nastolan_uimahalli_allas-300x200.jpg 300w, https:\/\/sunsauna.fi\/wp-content\/uploads\/2018\/03\/Nastolan_uimahalli_allas-600x399.jpg 600w, https:\/\/sunsauna.fi\/wp-content\/uploads\/2018\/03\/Nastolan_uimahalli_allas-1024x681.jpg 1024w, https:\/\/sunsauna.fi\/wp-content\/uploads\/2018\/03\/Nastolan_uimahalli_allas-768x511.jpg 768w, https:\/\/sunsauna.fi\/wp-content\/uploads\/2018\/03\/Nastolan_uimahalli_allas-1536x1022.jpg 1536w, https:\/\/sunsauna.fi\/wp-content\/uploads\/2018\/03\/Nastolan_uimahalli_allas-891x593.jpg 891w, https:\/\/sunsauna.fi\/wp-content\/uploads\/2018\/03\/Nastolan_uimahalli_allas-714x475.jpg 714w, https:\/\/sunsauna.fi\/wp-content\/uploads\/2018\/03\/Nastolan_uimahalli_allas-590x393.jpg 590w, https:\/\/sunsauna.fi\/wp-content\/uploads\/2018\/03\/Nastolan_uimahalli_allas-367x245.jpg 367w, https:\/\/sunsauna.fi\/wp-content\/uploads\/2018\/03\/Nastolan_uimahalli_allas.jpg 1623w\">                    <\/div>\r\n\r\n        <div class=\"link-box-content\">\r\n            \n<div class=\"wp-block-wds-link-box\">\n<h3 class=\"wp-block-heading link-box-title\">Simbass\u00e4nger och spaanl\u00e4ggningar<\/h3>\n\n\n\n<p>Klorerad luft och konstant luftfuktighet kr\u00e4ver noggranna materialval. Hygien och tv\u00e4ttbarhet \u00e4r avg\u00f6rande. <\/p>\n<\/div>\n        <\/div>\r\n\r\n                <\/a>\r\n    <\/div>\n\n<div class=\"block block-link-box reveal\">\r\n            <a href=\"https:\/\/sunsauna.fi\/yhteisosaunat\/kayttokohteet\/hotellit-ja-kuntosalit\/\" target=\"_self\"  class=\"link-box-wrapper\">\r\n        \r\n        <div class=\"link-box-image\">\r\n                            <img loading=\"lazy\" decoding=\"async\" src=\"https:\/\/sunsauna.fi\/wp-content\/uploads\/2018\/12\/DSC8318-590x393.jpg\" alt=\"\" width=\"1623\" height=\"1080\" srcset=\"https:\/\/sunsauna.fi\/wp-content\/uploads\/2018\/12\/DSC8318-300x200.jpg 300w, https:\/\/sunsauna.fi\/wp-content\/uploads\/2018\/12\/DSC8318-600x399.jpg 600w, https:\/\/sunsauna.fi\/wp-content\/uploads\/2018\/12\/DSC8318-1024x681.jpg 1024w, https:\/\/sunsauna.fi\/wp-content\/uploads\/2018\/12\/DSC8318-768x511.jpg 768w, https:\/\/sunsauna.fi\/wp-content\/uploads\/2018\/12\/DSC8318-1536x1022.jpg 1536w, https:\/\/sunsauna.fi\/wp-content\/uploads\/2018\/12\/DSC8318-891x593.jpg 891w, https:\/\/sunsauna.fi\/wp-content\/uploads\/2018\/12\/DSC8318-714x475.jpg 714w, https:\/\/sunsauna.fi\/wp-content\/uploads\/2018\/12\/DSC8318-590x393.jpg 590w, https:\/\/sunsauna.fi\/wp-content\/uploads\/2018\/12\/DSC8318-367x245.jpg 367w, https:\/\/sunsauna.fi\/wp-content\/uploads\/2018\/12\/DSC8318.jpg 1623w\">                    <\/div>\r\n\r\n        <div class=\"link-box-content\">\r\n            \n<div class=\"wp-block-wds-link-box\">\n<h3 class=\"wp-block-heading link-box-title\">Hotell och gym<\/h3>\n\n\n\n<p>L\u00f6sningarna betonar s\u00e4kerhet och enkel reng\u00f6ring. Det har visat sig att renlighet \u00e4r det viktigaste kriteriet f\u00f6r en trevlig bastuupplevelse. <\/p>\n<\/div>\n        <\/div>\r\n\r\n                <\/a>\r\n    <\/div>\n\n<div class=\"block block-link-box reveal\">\r\n            <a href=\"https:\/\/sunsauna.fi\/yhteisosaunat\/kayttokohteet\/talosaunat\/\" target=\"_self\"  class=\"link-box-wrapper\">\r\n        \r\n        <div class=\"link-box-image\">\r\n                            <img loading=\"lazy\" decoding=\"async\" src=\"https:\/\/sunsauna.fi\/wp-content\/uploads\/2025\/08\/Valaistu_lampomittari_saunaan_iki_kiuas_kattokuitu_valaisin-1-590x393.jpg\" alt=\"\" width=\"800\" height=\"533\" srcset=\"https:\/\/sunsauna.fi\/wp-content\/uploads\/2025\/08\/Valaistu_lampomittari_saunaan_iki_kiuas_kattokuitu_valaisin-1-300x200.jpg 300w, https:\/\/sunsauna.fi\/wp-content\/uploads\/2025\/08\/Valaistu_lampomittari_saunaan_iki_kiuas_kattokuitu_valaisin-1-600x400.jpg 600w, https:\/\/sunsauna.fi\/wp-content\/uploads\/2025\/08\/Valaistu_lampomittari_saunaan_iki_kiuas_kattokuitu_valaisin-1-412x274.jpg 412w, https:\/\/sunsauna.fi\/wp-content\/uploads\/2025\/08\/Valaistu_lampomittari_saunaan_iki_kiuas_kattokuitu_valaisin-1-768x512.jpg 768w, https:\/\/sunsauna.fi\/wp-content\/uploads\/2025\/08\/Valaistu_lampomittari_saunaan_iki_kiuas_kattokuitu_valaisin-1-714x476.jpg 714w, https:\/\/sunsauna.fi\/wp-content\/uploads\/2025\/08\/Valaistu_lampomittari_saunaan_iki_kiuas_kattokuitu_valaisin-1-590x393.jpg 590w, https:\/\/sunsauna.fi\/wp-content\/uploads\/2025\/08\/Valaistu_lampomittari_saunaan_iki_kiuas_kattokuitu_valaisin-1-367x245.jpg 367w, https:\/\/sunsauna.fi\/wp-content\/uploads\/2025\/08\/Valaistu_lampomittari_saunaan_iki_kiuas_kattokuitu_valaisin-1.jpg 800w\">                    <\/div>\r\n\r\n        <div class=\"link-box-content\">\r\n            \n<div class=\"wp-block-wds-link-box\">\n<h3 class=\"wp-block-heading link-box-title\">Husets bastur<\/h3>\n\n\n\n<p>Gemensamma bastur i bostadsr\u00e4ttsf\u00f6reningar kombinerar h\u00f6g bel\u00e4ggning med begr\u00e4nsat utrymme. Designl\u00f6sningar kan avsev\u00e4rt f\u00f6rb\u00e4ttra komfort och reng\u00f6rbarhet. <\/p>\n<\/div>\n        <\/div>\r\n\r\n                <\/a>\r\n    <\/div>\n\n<div class=\"block block-link-box reveal\">\r\n            <a href=\"https:\/\/sunsauna.fi\/yhteisosaunat\/kayttokohteet\/hoivakodit-ja-muut-erikoissaunat\/\" target=\"_self\"  class=\"link-box-wrapper\">\r\n        \r\n        <div class=\"link-box-image\">\r\n                            <img loading=\"lazy\" decoding=\"async\" src=\"https:\/\/sunsauna.fi\/wp-content\/uploads\/2018\/03\/Iso_erikois_iki_kiuas-590x393.jpg\" alt=\"\" width=\"1623\" height=\"1080\" srcset=\"https:\/\/sunsauna.fi\/wp-content\/uploads\/2018\/03\/Iso_erikois_iki_kiuas-300x200.jpg 300w, https:\/\/sunsauna.fi\/wp-content\/uploads\/2018\/03\/Iso_erikois_iki_kiuas-600x399.jpg 600w, https:\/\/sunsauna.fi\/wp-content\/uploads\/2018\/03\/Iso_erikois_iki_kiuas-1024x681.jpg 1024w, https:\/\/sunsauna.fi\/wp-content\/uploads\/2018\/03\/Iso_erikois_iki_kiuas-768x511.jpg 768w, https:\/\/sunsauna.fi\/wp-content\/uploads\/2018\/03\/Iso_erikois_iki_kiuas-1536x1022.jpg 1536w, https:\/\/sunsauna.fi\/wp-content\/uploads\/2018\/03\/Iso_erikois_iki_kiuas-891x593.jpg 891w, https:\/\/sunsauna.fi\/wp-content\/uploads\/2018\/03\/Iso_erikois_iki_kiuas-714x475.jpg 714w, https:\/\/sunsauna.fi\/wp-content\/uploads\/2018\/03\/Iso_erikois_iki_kiuas-590x393.jpg 590w, https:\/\/sunsauna.fi\/wp-content\/uploads\/2018\/03\/Iso_erikois_iki_kiuas-367x245.jpg 367w, https:\/\/sunsauna.fi\/wp-content\/uploads\/2018\/03\/Iso_erikois_iki_kiuas.jpg 1623w\">                    <\/div>\r\n\r\n        <div class=\"link-box-content\">\r\n            \n<div class=\"wp-block-wds-link-box\">\n<h3 class=\"wp-block-heading link-box-title\">V\u00e5rdhem och andra specialiserade bastur<\/h3>\n\n\n\n<p>I bastur f\u00f6r \u00e4ldreboenden \u00e4r s\u00e4kerhet och tillg\u00e4nglighet en central del av designen. Kontakta en bastuexpert n\u00e4r du ska utforma en unik specialbastu. <\/p>\n<\/div>\n        <\/div>\r\n\r\n                <\/a>\r\n    <\/div><\/div>\n\n\n\n<div class=\"wp-block-buttons is-content-justification-center is-layout-flex wp-container-core-buttons-is-layout-16018d1d wp-block-buttons-is-layout-flex\">\n<div class=\"wp-block-button is-style-outline is-style-outline--1\"><a class=\"wp-block-button__link wp-element-button\" href=\"#yhteydenotto\">Beg\u00e4r en offert<\/a><\/div>\n<\/div>\n<\/div>\n        <\/div>\r\n    <\/div>\r\n<\/section>\n\n<section class=\"block block-articles-row has-wds-light-background-color has-background\">\r\n    <div class=\"container\">\r\n        <div class=\"content-container reveal\">\r\n            \n<div class=\"wp-block-wds-articles-row has-wds-light-background-color has-background\">\n<h2 class=\"wp-block-heading has-text-align-center\">V\u00e5r referens<\/h2>\n\n\n<section class=\"block block-articles\">\r\n            <div class=\"articles\">\r\n            <article class=\"article reveal\"><div class=\"image-container\"><a href=\"https:\/\/sunsauna.fi\/sv\/bastur-i-gemenskapen\/referenser-2\/ovriga-referenser\/\"><img decoding=\"async\" src=\"https:\/\/sunsauna.fi\/wp-content\/uploads\/2017\/05\/swing_clean_laude_copy-590x394.jpg\" srcset=\"https:\/\/sunsauna.fi\/wp-content\/uploads\/2017\/05\/swing_clean_laude_copy-300x200.jpg 300w, https:\/\/sunsauna.fi\/wp-content\/uploads\/2017\/05\/swing_clean_laude_copy-600x400.jpg 600w, https:\/\/sunsauna.fi\/wp-content\/uploads\/2017\/05\/swing_clean_laude_copy-590x394.jpg 590w, https:\/\/sunsauna.fi\/wp-content\/uploads\/2017\/05\/swing_clean_laude_copy-367x245.jpg 367w, https:\/\/sunsauna.fi\/wp-content\/uploads\/2017\/05\/swing_clean_laude_copy.jpg 700w\" alt=\"\"><\/a><\/div><div class=\"content-container\"><h3><a href=\"https:\/\/sunsauna.fi\/sv\/bastur-i-gemenskapen\/referenser-2\/ovriga-referenser\/\">\u00d6vriga referenser<\/a><\/h3><p class=\"post-excerpt\">Se en lista \u00f6ver v\u00e5ra andra referenssajter och be om mer information!<\/p><a href=\"https:\/\/sunsauna.fi\/sv\/bastur-i-gemenskapen\/referenser-2\/ovriga-referenser\/\" class=\"read-more\">Read more<\/a><\/div><\/article><article class=\"article reveal\"><div class=\"image-container\"><a href=\"https:\/\/sunsauna.fi\/sv\/bastur-i-gemenskapen\/referenser-2\/viitasaari-simbassang-bastur\/\"><img decoding=\"async\" src=\"https:\/\/sunsauna.fi\/wp-content\/uploads\/2018\/03\/Simmari_Viitasaari-590x332.jpg\" srcset=\"https:\/\/sunsauna.fi\/wp-content\/uploads\/2018\/03\/Simmari_Viitasaari-300x169.jpg 300w, https:\/\/sunsauna.fi\/wp-content\/uploads\/2018\/03\/Simmari_Viitasaari-600x338.jpg 600w, https:\/\/sunsauna.fi\/wp-content\/uploads\/2018\/03\/Simmari_Viitasaari-1024x576.jpg 1024w, https:\/\/sunsauna.fi\/wp-content\/uploads\/2018\/03\/Simmari_Viitasaari-768x432.jpg 768w, https:\/\/sunsauna.fi\/wp-content\/uploads\/2018\/03\/Simmari_Viitasaari-1536x864.jpg 1536w, https:\/\/sunsauna.fi\/wp-content\/uploads\/2018\/03\/Simmari_Viitasaari-1054x593.jpg 1054w, https:\/\/sunsauna.fi\/wp-content\/uploads\/2018\/03\/Simmari_Viitasaari-714x402.jpg 714w, https:\/\/sunsauna.fi\/wp-content\/uploads\/2018\/03\/Simmari_Viitasaari-590x332.jpg 590w, https:\/\/sunsauna.fi\/wp-content\/uploads\/2018\/03\/Simmari_Viitasaari-846x476.jpg 846w, https:\/\/sunsauna.fi\/wp-content\/uploads\/2018\/03\/Simmari_Viitasaari.jpg 1920w\" alt=\"\"><\/a><\/div><div class=\"content-container\"><h3><a href=\"https:\/\/sunsauna.fi\/sv\/bastur-i-gemenskapen\/referenser-2\/viitasaari-simbassang-bastur\/\">Viitasaari simbass\u00e4ng bastur<\/a><\/h3><p class=\"post-excerpt\">Simhallen i Viitasaari var en av Sun Sauna:s f\u00f6rsta anl\u00e4ggningar som utrustades med Swing&#8230;<\/p><a href=\"https:\/\/sunsauna.fi\/sv\/bastur-i-gemenskapen\/referenser-2\/viitasaari-simbassang-bastur\/\" class=\"read-more\">Read more<\/a><\/div><\/article><article class=\"article reveal\"><div class=\"image-container\"><a href=\"https:\/\/sunsauna.fi\/sv\/bastur-i-gemenskapen\/referenser-2\/pool-sea-pool-helsingfors-bastur\/\"><img decoding=\"async\" src=\"https:\/\/sunsauna.fi\/wp-content\/uploads\/2018\/03\/Allas_Sea_Pool_sauna-590x393.jpg\" srcset=\"https:\/\/sunsauna.fi\/wp-content\/uploads\/2018\/03\/Allas_Sea_Pool_sauna-300x200.jpg 300w, https:\/\/sunsauna.fi\/wp-content\/uploads\/2018\/03\/Allas_Sea_Pool_sauna-600x400.jpg 600w, https:\/\/sunsauna.fi\/wp-content\/uploads\/2018\/03\/Allas_Sea_Pool_sauna-1024x683.jpg 1024w, https:\/\/sunsauna.fi\/wp-content\/uploads\/2018\/03\/Allas_Sea_Pool_sauna-768x512.jpg 768w, https:\/\/sunsauna.fi\/wp-content\/uploads\/2018\/03\/Allas_Sea_Pool_sauna-1536x1024.jpg 1536w, https:\/\/sunsauna.fi\/wp-content\/uploads\/2018\/03\/Allas_Sea_Pool_sauna-890x593.jpg 890w, https:\/\/sunsauna.fi\/wp-content\/uploads\/2018\/03\/Allas_Sea_Pool_sauna-714x476.jpg 714w, https:\/\/sunsauna.fi\/wp-content\/uploads\/2018\/03\/Allas_Sea_Pool_sauna-590x393.jpg 590w, https:\/\/sunsauna.fi\/wp-content\/uploads\/2018\/03\/Allas_Sea_Pool_sauna-367x245.jpg 367w, https:\/\/sunsauna.fi\/wp-content\/uploads\/2018\/03\/Allas_Sea_Pool_sauna.jpg 1620w\" alt=\"\"><\/a><\/div><div class=\"content-container\"><h3><a href=\"https:\/\/sunsauna.fi\/sv\/bastur-i-gemenskapen\/referenser-2\/pool-sea-pool-helsingfors-bastur\/\">Pool Sea Pool Helsingfors bastur<\/a><\/h3><p class=\"post-excerpt\">Bastun p\u00e5 Allas Sea Pool \u00e4r av m\u00e4rket Sun Sauna. Bass\u00e4ngerna har en ram&#8230;<\/p><a href=\"https:\/\/sunsauna.fi\/sv\/bastur-i-gemenskapen\/referenser-2\/pool-sea-pool-helsingfors-bastur\/\" class=\"read-more\">Read more<\/a><\/div><\/article>        <\/div>\r\n    <\/section>\n\n\n<div class=\"wp-block-buttons is-content-justification-center is-layout-flex wp-container-core-buttons-is-layout-16018d1d wp-block-buttons-is-layout-flex\">\n<div class=\"wp-block-button\"><a class=\"wp-block-button__link wp-element-button\" href=\"https:\/\/sunsauna.fi\/sv\/bastur-i-gemenskapen\/referenser\/\">Se alla v\u00e5ra referenser och l\u00e5t dig inspireras i v\u00e5rt bastugalleri<\/a><\/div>\n<\/div>\n<\/div>\n        <\/div>\r\n    <\/div>\r\n<\/section>\n\n<section class=\"block block-features items-per-row-3\">\r\n    <div class=\"container\">\r\n        <div class=\"features-grid reveal\">\r\n            \n<div class=\"wp-block-wds-features\">\n<div class=\"wp-block-group features-grid is-layout-flex wp-block-group-is-layout-flex\"><div class=\"block block-feature-item\">\r\n    <div class=\"feature-number\">\r\n        <span>1<\/span>\r\n    <\/div>\r\n    <div class=\"feature-content\">\r\n        \n<div class=\"wp-block-wds-feature-item\">\n<h3 class=\"wp-block-heading\">Tillg\u00e4nglighet<\/h3>\n\n\n\n<p>Inhemsk trall \u00e4r byggd f\u00f6r att t\u00e5la daglig anv\u00e4ndning.<\/p>\n<\/div>\n    <\/div>\r\n<\/div>\n\n<div class=\"block block-feature-item\">\r\n    <div class=\"feature-number\">\r\n        <span>2<\/span>\r\n    <\/div>\r\n    <div class=\"feature-content\">\r\n        \n<div class=\"wp-block-wds-feature-item\">\n<h3 class=\"wp-block-heading\">Reng\u00f6ring och underh\u00e5ll<\/h3>\n\n\n\n<p>Den str\u00f6mlinjeformade designen och det slitstarka d\u00e4cket g\u00f6r det enkelt att reng\u00f6ra och underh\u00e5lla.<\/p>\n<\/div>\n    <\/div>\r\n<\/div>\n\n<div class=\"block block-feature-item\">\r\n    <div class=\"feature-number\">\r\n        <span>3<\/span>\r\n    <\/div>\r\n    <div class=\"feature-content\">\r\n        \n<div class=\"wp-block-wds-feature-item\">\n<h3 class=\"wp-block-heading\">Anv\u00e4ndbar<\/h3>\n\n\n\n<p>En QR-kod \u00e4r f\u00e4st p\u00e5 tavlan, som \u00f6ppnar serviceinstruktionerna f\u00f6r varje objekt. Det g\u00f6r det ocks\u00e5 m\u00f6jligt att best\u00e4lla nya laude-element. <\/p>\n<\/div>\n    <\/div>\r\n<\/div><\/div>\n<\/div>\n        <\/div>\r\n    <\/div>\r\n<\/section>","protected":false},"excerpt":{"rendered":"","protected":false},"author":1,"featured_media":0,"parent":11561,"menu_order":0,"comment_status":"closed","ping_status":"closed","template":"","meta":{"_acf_changed":false,"_page_background_color":"","footnotes":""},"class_list":["post-11564","page","type-page","status-publish","hentry"],"acf":[],"featured_image_src":null,"_links":{"self":[{"href":"https:\/\/sunsauna.fi\/sv\/wp-json\/wp\/v2\/pages\/11564","targetHints":{"allow":["GET"]}}],"collection":[{"href":"https:\/\/sunsauna.fi\/sv\/wp-json\/wp\/v2\/pages"}],"about":[{"href":"https:\/\/sunsauna.fi\/sv\/wp-json\/wp\/v2\/types\/page"}],"author":[{"embeddable":true,"href":"https:\/\/sunsauna.fi\/sv\/wp-json\/wp\/v2\/users\/1"}],"replies":[{"embeddable":true,"href":"https:\/\/sunsauna.fi\/sv\/wp-json\/wp\/v2\/comments?post=11564"}],"version-history":[{"count":1,"href":"https:\/\/sunsauna.fi\/sv\/wp-json\/wp\/v2\/pages\/11564\/revisions"}],"predecessor-version":[{"id":11569,"href":"https:\/\/sunsauna.fi\/sv\/wp-json\/wp\/v2\/pages\/11564\/revisions\/11569"}],"up":[{"embeddable":true,"href":"https:\/\/sunsauna.fi\/sv\/wp-json\/wp\/v2\/pages\/11561"}],"wp:attachment":[{"href":"https:\/\/sunsauna.fi\/sv\/wp-json\/wp\/v2\/media?parent=11564"}],"curies":[{"name":"wp","href":"https:\/\/api.w.org\/{rel}","templated":true}]}}