{"id":11561,"date":"2025-08-04T07:48:28","date_gmt":"2025-08-04T07:48:28","guid":{"rendered":"https:\/\/sunsauna.fi\/bastur-i-gemenskapen\/"},"modified":"2025-08-27T08:18:28","modified_gmt":"2025-08-27T08:18:28","slug":"bastur-i-gemenskapen","status":"publish","type":"page","link":"https:\/\/sunsauna.fi\/sv\/bastur-i-gemenskapen\/","title":{"rendered":"Bastur i gemenskapen"},"content":{"rendered":"<section class=\"block block-hero\">\r\n            <div class=\"hero-media\">\r\n            <img decoding=\"async\" src=\"https:\/\/sunsauna.fi\/wp-content\/uploads\/2025\/08\/DSC0391-scaled-1-891x593.jpg\" alt=\"\" width=\"2560\" height=\"1703\" srcset=\"https:\/\/sunsauna.fi\/wp-content\/uploads\/2025\/08\/DSC0391-scaled-1-300x200.jpg 300w, https:\/\/sunsauna.fi\/wp-content\/uploads\/2025\/08\/DSC0391-scaled-1-600x399.jpg 600w, https:\/\/sunsauna.fi\/wp-content\/uploads\/2025\/08\/DSC0391-scaled-1-412x274.jpg 412w, https:\/\/sunsauna.fi\/wp-content\/uploads\/2025\/08\/DSC0391-scaled-1-768x511.jpg 768w, https:\/\/sunsauna.fi\/wp-content\/uploads\/2025\/08\/DSC0391-scaled-1-1024x681.jpg 1024w, https:\/\/sunsauna.fi\/wp-content\/uploads\/2025\/08\/DSC0391-scaled-1-1536x1022.jpg 1536w, https:\/\/sunsauna.fi\/wp-content\/uploads\/2025\/08\/DSC0391-scaled-1-2048x1362.jpg 2048w, https:\/\/sunsauna.fi\/wp-content\/uploads\/2025\/08\/DSC0391-scaled-1-1920x1277.jpg 1920w, https:\/\/sunsauna.fi\/wp-content\/uploads\/2025\/08\/DSC0391-scaled-1-891x593.jpg 891w, https:\/\/sunsauna.fi\/wp-content\/uploads\/2025\/08\/DSC0391-scaled-1-714x475.jpg 714w, https:\/\/sunsauna.fi\/wp-content\/uploads\/2025\/08\/DSC0391-scaled-1-590x392.jpg 590w, https:\/\/sunsauna.fi\/wp-content\/uploads\/2025\/08\/DSC0391-scaled-1-367x245.jpg 367w\" data-no-lazy=\"1\" fetchpriority=\"high\">        <\/div>\r\n    \r\n    <div class=\"hero-content\">\r\n        <div class=\"container\">\r\n            <div class=\"content-container reveal\">\r\n                \n<div class=\"wp-block-wds-hero\">\n<h1 class=\"wp-block-heading\">Bastur i gemenskapen<\/h1>\n\n\n\n<p>En gemensam bastu \u00e4r v\u00e5rt namn p\u00e5 ett basturum med skiftande anv\u00e4ndare. Det \u00e4r en plats d\u00e4r man kan koppla av, tr\u00e4ffa m\u00e4nniskor, prata historier och tv\u00e4tta sig.<\/p>\n\n\n\n<p>\u00a0<\/p>\n\n\n\n<div class=\"wp-block-buttons is-layout-flex wp-block-buttons-is-layout-flex\">\n<div class=\"wp-block-button\"><a class=\"wp-block-button__link wp-element-button\" href=\"#yhteydenotto\">Beg\u00e4r en offert f\u00f6r en gemensam bastu<\/a><\/div>\n<\/div>\n<\/div>\n            <\/div>\r\n        <\/div>\r\n    <\/div>\r\n<\/section><section class=\"block block-ingress\">\r\n    <div class=\"container\">\r\n        <div class=\"content-container reveal\">\r\n            \n<div class=\"wp-block-wds-ingress\">\n<p>Sun Sauna har utvecklat ett laudesystem f\u00f6r anv\u00e4ndning av bastu i samh\u00e4llet.<br\/>V\u00e5rt m\u00e5l har varit att hitta en l\u00f6sning d\u00e4r anv\u00e4ndbarhet, reng\u00f6rbarhet och driftskostnader under produktens livscykel \u00e4r b\u00e4ttre \u00e4n de l\u00f6sningar som anv\u00e4nds idag. Vi designar och tillverkar trall f\u00f6r den milj\u00f6 d\u00e4r den ska anv\u00e4ndas. Varje webbplats har sina egna specifika behov.<\/p>\n<\/div>\n        <\/div>\r\n    <\/div>\r\n<\/section><section class=\"block block-link-boxes items-per-row-4\">\r\n    <div class=\"container\">\r\n        <div class=\"link-boxes-content reveal\">\r\n            \n<div class=\"wp-block-wds-link-boxes\">\n<h2 class=\"wp-block-heading has-text-align-center\">Uppt\u00e4ck v\u00e5ra anv\u00e4ndningsomr\u00e5den f\u00f6r bastur i samh\u00e4llet<\/h2>\n\n\n\n<div class=\"wp-block-group link-boxes-container is-layout-flex wp-block-group-is-layout-flex\"><div class=\"block block-link-box reveal\">\r\n            <a href=\"https:\/\/sunsauna.fi\/yhteisosaunat\/kayttokohteet\/uimahallit-ja-kylpylat\/\" target=\"_self\"  class=\"link-box-wrapper\">\r\n        \r\n        <div class=\"link-box-image\">\r\n                            <img loading=\"lazy\" decoding=\"async\" src=\"https:\/\/sunsauna.fi\/wp-content\/uploads\/2018\/03\/Nastolan_uimahalli_allas-590x393.jpg\" alt=\"\" width=\"1623\" height=\"1080\" srcset=\"https:\/\/sunsauna.fi\/wp-content\/uploads\/2018\/03\/Nastolan_uimahalli_allas-300x200.jpg 300w, https:\/\/sunsauna.fi\/wp-content\/uploads\/2018\/03\/Nastolan_uimahalli_allas-600x399.jpg 600w, https:\/\/sunsauna.fi\/wp-content\/uploads\/2018\/03\/Nastolan_uimahalli_allas-1024x681.jpg 1024w, https:\/\/sunsauna.fi\/wp-content\/uploads\/2018\/03\/Nastolan_uimahalli_allas-768x511.jpg 768w, https:\/\/sunsauna.fi\/wp-content\/uploads\/2018\/03\/Nastolan_uimahalli_allas-1536x1022.jpg 1536w, https:\/\/sunsauna.fi\/wp-content\/uploads\/2018\/03\/Nastolan_uimahalli_allas-891x593.jpg 891w, https:\/\/sunsauna.fi\/wp-content\/uploads\/2018\/03\/Nastolan_uimahalli_allas-714x475.jpg 714w, https:\/\/sunsauna.fi\/wp-content\/uploads\/2018\/03\/Nastolan_uimahalli_allas-590x393.jpg 590w, https:\/\/sunsauna.fi\/wp-content\/uploads\/2018\/03\/Nastolan_uimahalli_allas-367x245.jpg 367w, https:\/\/sunsauna.fi\/wp-content\/uploads\/2018\/03\/Nastolan_uimahalli_allas.jpg 1623w\">                    <\/div>\r\n\r\n        <div class=\"link-box-content\">\r\n            \n<div class=\"wp-block-wds-link-box\">\n<h3 class=\"wp-block-heading link-box-title\">Simbass\u00e4nger och spaanl\u00e4ggningar<\/h3>\n\n\n\n<p>Klorerad luft och konstant luftfuktighet kr\u00e4ver noggranna materialval. Hygien och tv\u00e4ttbarhet \u00e4r avg\u00f6rande. <\/p>\n<\/div>\n        <\/div>\r\n\r\n                <\/a>\r\n    <\/div>\n\n<div class=\"block block-link-box reveal\">\r\n            <a href=\"https:\/\/sunsauna.fi\/yhteisosaunat\/kayttokohteet\/hotellit-ja-kuntosalit\/\" target=\"_self\"  class=\"link-box-wrapper\">\r\n        \r\n        <div class=\"link-box-image\">\r\n                            <img loading=\"lazy\" decoding=\"async\" src=\"https:\/\/sunsauna.fi\/wp-content\/uploads\/2018\/12\/DSC8318-590x393.jpg\" alt=\"\" width=\"1623\" height=\"1080\" srcset=\"https:\/\/sunsauna.fi\/wp-content\/uploads\/2018\/12\/DSC8318-300x200.jpg 300w, https:\/\/sunsauna.fi\/wp-content\/uploads\/2018\/12\/DSC8318-600x399.jpg 600w, https:\/\/sunsauna.fi\/wp-content\/uploads\/2018\/12\/DSC8318-1024x681.jpg 1024w, https:\/\/sunsauna.fi\/wp-content\/uploads\/2018\/12\/DSC8318-768x511.jpg 768w, https:\/\/sunsauna.fi\/wp-content\/uploads\/2018\/12\/DSC8318-1536x1022.jpg 1536w, https:\/\/sunsauna.fi\/wp-content\/uploads\/2018\/12\/DSC8318-891x593.jpg 891w, https:\/\/sunsauna.fi\/wp-content\/uploads\/2018\/12\/DSC8318-714x475.jpg 714w, https:\/\/sunsauna.fi\/wp-content\/uploads\/2018\/12\/DSC8318-590x393.jpg 590w, https:\/\/sunsauna.fi\/wp-content\/uploads\/2018\/12\/DSC8318-367x245.jpg 367w, https:\/\/sunsauna.fi\/wp-content\/uploads\/2018\/12\/DSC8318.jpg 1623w\">                    <\/div>\r\n\r\n        <div class=\"link-box-content\">\r\n            \n<div class=\"wp-block-wds-link-box\">\n<h3 class=\"wp-block-heading link-box-title\">Hotell och gym<\/h3>\n\n\n\n<p>L\u00f6sningarna betonar s\u00e4kerhet och enkel reng\u00f6ring. Det har visat sig att renlighet \u00e4r det viktigaste kriteriet f\u00f6r en trevlig bastuupplevelse. <\/p>\n<\/div>\n        <\/div>\r\n\r\n                <\/a>\r\n    <\/div>\n\n<div class=\"block block-link-box reveal\">\r\n            <a href=\"https:\/\/sunsauna.fi\/yhteisosaunat\/kayttokohteet\/talosaunat\/\" target=\"_self\"  class=\"link-box-wrapper\">\r\n        \r\n        <div class=\"link-box-image\">\r\n                            <img loading=\"lazy\" decoding=\"async\" src=\"https:\/\/sunsauna.fi\/wp-content\/uploads\/2025\/08\/Valaistu_lampomittari_saunaan_iki_kiuas_kattokuitu_valaisin-1-590x393.jpg\" alt=\"\" width=\"800\" height=\"533\" srcset=\"https:\/\/sunsauna.fi\/wp-content\/uploads\/2025\/08\/Valaistu_lampomittari_saunaan_iki_kiuas_kattokuitu_valaisin-1-300x200.jpg 300w, https:\/\/sunsauna.fi\/wp-content\/uploads\/2025\/08\/Valaistu_lampomittari_saunaan_iki_kiuas_kattokuitu_valaisin-1-600x400.jpg 600w, https:\/\/sunsauna.fi\/wp-content\/uploads\/2025\/08\/Valaistu_lampomittari_saunaan_iki_kiuas_kattokuitu_valaisin-1-412x274.jpg 412w, https:\/\/sunsauna.fi\/wp-content\/uploads\/2025\/08\/Valaistu_lampomittari_saunaan_iki_kiuas_kattokuitu_valaisin-1-768x512.jpg 768w, https:\/\/sunsauna.fi\/wp-content\/uploads\/2025\/08\/Valaistu_lampomittari_saunaan_iki_kiuas_kattokuitu_valaisin-1-714x476.jpg 714w, https:\/\/sunsauna.fi\/wp-content\/uploads\/2025\/08\/Valaistu_lampomittari_saunaan_iki_kiuas_kattokuitu_valaisin-1-590x393.jpg 590w, https:\/\/sunsauna.fi\/wp-content\/uploads\/2025\/08\/Valaistu_lampomittari_saunaan_iki_kiuas_kattokuitu_valaisin-1-367x245.jpg 367w, https:\/\/sunsauna.fi\/wp-content\/uploads\/2025\/08\/Valaistu_lampomittari_saunaan_iki_kiuas_kattokuitu_valaisin-1.jpg 800w\">                    <\/div>\r\n\r\n        <div class=\"link-box-content\">\r\n            \n<div class=\"wp-block-wds-link-box\">\n<h3 class=\"wp-block-heading link-box-title\">Husets bastur<\/h3>\n\n\n\n<p>Gemensamma bastur i bostadsr\u00e4ttsf\u00f6reningar kombinerar h\u00f6g bel\u00e4ggning med begr\u00e4nsat utrymme. Designl\u00f6sningar kan avsev\u00e4rt f\u00f6rb\u00e4ttra komfort och reng\u00f6rbarhet. <\/p>\n<\/div>\n        <\/div>\r\n\r\n                <\/a>\r\n    <\/div>\n\n<div class=\"block block-link-box reveal\">\r\n            <a href=\"https:\/\/sunsauna.fi\/yhteisosaunat\/kayttokohteet\/hoivakodit-ja-muut-erikoissaunat\/\" target=\"_self\"  class=\"link-box-wrapper\">\r\n        \r\n        <div class=\"link-box-image\">\r\n                            <img loading=\"lazy\" decoding=\"async\" src=\"https:\/\/sunsauna.fi\/wp-content\/uploads\/2018\/03\/Iso_erikois_iki_kiuas-590x393.jpg\" alt=\"\" width=\"1623\" height=\"1080\" srcset=\"https:\/\/sunsauna.fi\/wp-content\/uploads\/2018\/03\/Iso_erikois_iki_kiuas-300x200.jpg 300w, https:\/\/sunsauna.fi\/wp-content\/uploads\/2018\/03\/Iso_erikois_iki_kiuas-600x399.jpg 600w, https:\/\/sunsauna.fi\/wp-content\/uploads\/2018\/03\/Iso_erikois_iki_kiuas-1024x681.jpg 1024w, https:\/\/sunsauna.fi\/wp-content\/uploads\/2018\/03\/Iso_erikois_iki_kiuas-768x511.jpg 768w, https:\/\/sunsauna.fi\/wp-content\/uploads\/2018\/03\/Iso_erikois_iki_kiuas-1536x1022.jpg 1536w, https:\/\/sunsauna.fi\/wp-content\/uploads\/2018\/03\/Iso_erikois_iki_kiuas-891x593.jpg 891w, https:\/\/sunsauna.fi\/wp-content\/uploads\/2018\/03\/Iso_erikois_iki_kiuas-714x475.jpg 714w, https:\/\/sunsauna.fi\/wp-content\/uploads\/2018\/03\/Iso_erikois_iki_kiuas-590x393.jpg 590w, https:\/\/sunsauna.fi\/wp-content\/uploads\/2018\/03\/Iso_erikois_iki_kiuas-367x245.jpg 367w, https:\/\/sunsauna.fi\/wp-content\/uploads\/2018\/03\/Iso_erikois_iki_kiuas.jpg 1623w\">                    <\/div>\r\n\r\n        <div class=\"link-box-content\">\r\n            \n<div class=\"wp-block-wds-link-box\">\n<h3 class=\"wp-block-heading link-box-title\">V\u00e5rdhem och andra specialiserade bastur<\/h3>\n\n\n\n<p>I bastur f\u00f6r \u00e4ldreboenden \u00e4r s\u00e4kerhet och tillg\u00e4nglighet en central del av designen. Kontakta en bastuexpert n\u00e4r du ska utforma en unik specialbastu. <\/p>\n<\/div>\n        <\/div>\r\n\r\n                <\/a>\r\n    <\/div><\/div>\n\n\n\n<div class=\"wp-block-buttons is-content-justification-center is-layout-flex wp-container-core-buttons-is-layout-16018d1d wp-block-buttons-is-layout-flex\">\n<div class=\"wp-block-button is-style-outline is-style-outline--1\"><a class=\"wp-block-button__link wp-element-button\" href=\"#yhteydenotto\">Beg\u00e4r en offert<\/a><\/div>\n<\/div>\n<\/div>\n        <\/div>\r\n    <\/div>\r\n<\/section>","protected":false},"excerpt":{"rendered":"","protected":false},"author":1,"featured_media":0,"parent":0,"menu_order":0,"comment_status":"closed","ping_status":"closed","template":"","meta":{"_acf_changed":false,"_page_background_color":"","footnotes":""},"class_list":["post-11561","page","type-page","status-publish","hentry"],"acf":[],"featured_image_src":null,"_links":{"self":[{"href":"https:\/\/sunsauna.fi\/sv\/wp-json\/wp\/v2\/pages\/11561","targetHints":{"allow":["GET"]}}],"collection":[{"href":"https:\/\/sunsauna.fi\/sv\/wp-json\/wp\/v2\/pages"}],"about":[{"href":"https:\/\/sunsauna.fi\/sv\/wp-json\/wp\/v2\/types\/page"}],"author":[{"embeddable":true,"href":"https:\/\/sunsauna.fi\/sv\/wp-json\/wp\/v2\/users\/1"}],"replies":[{"embeddable":true,"href":"https:\/\/sunsauna.fi\/sv\/wp-json\/wp\/v2\/comments?post=11561"}],"version-history":[{"count":1,"href":"https:\/\/sunsauna.fi\/sv\/wp-json\/wp\/v2\/pages\/11561\/revisions"}],"predecessor-version":[{"id":11563,"href":"https:\/\/sunsauna.fi\/sv\/wp-json\/wp\/v2\/pages\/11561\/revisions\/11563"}],"wp:attachment":[{"href":"https:\/\/sunsauna.fi\/sv\/wp-json\/wp\/v2\/media?parent=11561"}],"curies":[{"name":"wp","href":"https:\/\/api.w.org\/{rel}","templated":true}]}}