{"id":11559,"date":"2025-08-04T07:50:00","date_gmt":"2025-08-04T07:50:00","guid":{"rendered":"https:\/\/sunsauna.fi\/kontakta-oss\/"},"modified":"2025-08-27T11:26:19","modified_gmt":"2025-08-27T11:26:19","slug":"kontakta-oss","status":"publish","type":"page","link":"https:\/\/sunsauna.fi\/sv\/bastur-i-gemenskapen\/kontakta-oss\/","title":{"rendered":"Kontakt"},"content":{"rendered":"<section class=\"block block-herosub\">\r\n            <div class=\"hero-media\">\r\n            <img decoding=\"async\" src=\"https:\/\/sunsauna.fi\/wp-content\/uploads\/2025\/08\/dbc61efb48ce0342ca93208e7bdca3f53460838a-490x593.jpg\" alt=\"\" width=\"540\" height=\"653\" srcset=\"https:\/\/sunsauna.fi\/wp-content\/uploads\/2025\/08\/dbc61efb48ce0342ca93208e7bdca3f53460838a-248x300.jpg 248w, https:\/\/sunsauna.fi\/wp-content\/uploads\/2025\/08\/dbc61efb48ce0342ca93208e7bdca3f53460838a-412x498.jpg 412w, https:\/\/sunsauna.fi\/wp-content\/uploads\/2025\/08\/dbc61efb48ce0342ca93208e7bdca3f53460838a-490x593.jpg 490w, https:\/\/sunsauna.fi\/wp-content\/uploads\/2025\/08\/dbc61efb48ce0342ca93208e7bdca3f53460838a-439x531.jpg 439w, https:\/\/sunsauna.fi\/wp-content\/uploads\/2025\/08\/dbc61efb48ce0342ca93208e7bdca3f53460838a-488x590.jpg 488w, https:\/\/sunsauna.fi\/wp-content\/uploads\/2025\/08\/dbc61efb48ce0342ca93208e7bdca3f53460838a.jpg 540w\" data-no-lazy=\"1\" fetchpriority=\"high\">        <\/div>\r\n    \r\n    <div class=\"hero-content\">\r\n        <div class=\"container\">\r\n            <div class=\"content-container\">\r\n                \n<div class=\"wp-block-wds-herosub\">\n<h1 class=\"wp-block-heading has-text-align-center\">Kontakta en bastuexpert<\/h1>\n\n\n\n<p class=\"has-text-align-center\">Sun Sauna har utvecklat laude-systemet f\u00f6r anv\u00e4ndning av bastu i offentliga milj\u00f6er. V\u00e5rt m\u00e5l har varit att hitta en metod d\u00e4r anv\u00e4ndbarhet, reng\u00f6rbarhet och \u00e4gandekostnad under produktens livscykel \u00e4r b\u00e4ttre \u00e4n de l\u00f6sningar som anv\u00e4nds f\u00f6r n\u00e4rvarande. H\u00e4r har vi n\u00e5tt v\u00e5rt m\u00e5l.<\/p>\n<\/div>\n            <\/div>\r\n            <div class=\"breadcrumbs-container\"><ol itemscope itemtype=\"https:\/\/schema.org\/BreadcrumbList\"><li itemprop=\"itemListElement\" itemscope itemtype=\"https:\/\/schema.org\/ListItem\"><a itemprop=\"item\" href=\"https:\/\/sunsauna.fi\/sv\/\"><span itemprop=\"name\">Sun Sauna<\/span><\/a><meta itemprop=\"position\" content=\"0\" \/><\/li><\/ol><\/div>        <\/div>\r\n        <span class=\"scroll-down\"><\/span>\r\n    <\/div>\r\n<\/section><section class=\"block block-contact-persons\">\r\n    <div class=\"container\">\r\n        \n<div class=\"wp-block-wds-contact-persons\">\n<h2 class=\"wp-block-heading has-text-align-center\">V\u00e5ra bastuexperter<\/h2>\n\n\n\n<p class=\"has-text-align-center\">Tommi har designat de flesta Swing-Clean-d\u00e4cken i finska simhallar och spaanl\u00e4ggningar. De b\u00e4sta yrkesm\u00e4nnen i branschen till din tj\u00e4nst.<\/p>\n\n\n\n<div class=\"wp-block-group contact-persons-grid is-horizontal is-content-justification-center is-layout-flex wp-container-core-group-is-layout-d8420af4 wp-block-group-is-layout-flex\"><div class=\"block block-contact-person contact-person-card\">\r\n            <div class=\"contact-person-image\">\r\n            <img loading=\"lazy\" decoding=\"async\" src=\"https:\/\/sunsauna.fi\/wp-content\/uploads\/2018\/03\/Ikonen-Tommi-7998-1-393x590.jpg\" alt=\"\" width=\"1080\" height=\"1620\" srcset=\"https:\/\/sunsauna.fi\/wp-content\/uploads\/2018\/03\/Ikonen-Tommi-7998-1-200x300.jpg 200w, https:\/\/sunsauna.fi\/wp-content\/uploads\/2018\/03\/Ikonen-Tommi-7998-1-600x900.jpg 600w, https:\/\/sunsauna.fi\/wp-content\/uploads\/2018\/03\/Ikonen-Tommi-7998-1-384x576.jpg 384w, https:\/\/sunsauna.fi\/wp-content\/uploads\/2018\/03\/Ikonen-Tommi-7998-1-768x1152.jpg 768w, https:\/\/sunsauna.fi\/wp-content\/uploads\/2018\/03\/Ikonen-Tommi-7998-1-683x1024.jpg 683w, https:\/\/sunsauna.fi\/wp-content\/uploads\/2018\/03\/Ikonen-Tommi-7998-1-1024x1536.jpg 1024w, https:\/\/sunsauna.fi\/wp-content\/uploads\/2018\/03\/Ikonen-Tommi-7998-1-395x593.jpg 395w, https:\/\/sunsauna.fi\/wp-content\/uploads\/2018\/03\/Ikonen-Tommi-7998-1-354x531.jpg 354w, https:\/\/sunsauna.fi\/wp-content\/uploads\/2018\/03\/Ikonen-Tommi-7998-1-393x590.jpg 393w, https:\/\/sunsauna.fi\/wp-content\/uploads\/2018\/03\/Ikonen-Tommi-7998-1.jpg 1080w\" class=\"contact-image\">        <\/div>\r\n    \r\n    <div class=\"contact-person-content\">\r\n                    <h3 class=\"contact-person-name\"><strong>Tommi Ikonen<\/strong><\/h3>\r\n        \r\n        \r\n                    <div class=\"contact-person-phone\">\r\n                <a href=\"tel:0403470237\">040 3470 237<\/a>\r\n            <\/div>\r\n        \r\n                    <div class=\"contact-person-email\">\r\n                <a href=\"mailto:tommi.ikonen@sunsauna.fi\">tommi.ikonen@sunsauna.fi<\/a>\r\n            <\/div>\r\n        \r\n    <\/div>\r\n<\/div><\/div>\n<\/div>\n    <\/div>\r\n<\/section><section class=\"block block-contact-form\" id=\"yhteydenotto\" style=\"\">\r\n    <div class=\"contact-form-overlay\">\r\n        <div class=\"container\">\r\n            <div class=\"contact-form-content reveal\">\r\n                <div class=\"form-container\">\r\n                    \n<div id=\"yhteydenotto\" class=\"wp-block-wds-contact-form\"><\/div>\n                                            \n<div class=\"wpcf7 no-js\" id=\"wpcf7-f13363-o1\" lang=\"sv-SE\" dir=\"ltr\" data-wpcf7-id=\"13363\">\n<div class=\"screen-reader-response\"><p role=\"status\" aria-live=\"polite\" aria-atomic=\"true\"><\/p> <ul><\/ul><\/div>\n<form action=\"\/sv\/wp-json\/wp\/v2\/pages\/11559#wpcf7-f13363-o1\" method=\"post\" class=\"wpcf7-form init\" aria-label=\"Kontaktformul\u00e4r\" novalidate=\"novalidate\" data-status=\"init\">\n<fieldset class=\"hidden-fields-container\"><input type=\"hidden\" name=\"_wpcf7\" value=\"13363\" \/><input type=\"hidden\" name=\"_wpcf7_version\" value=\"6.1.5\" \/><input type=\"hidden\" name=\"_wpcf7_locale\" value=\"sv_SE\" \/><input type=\"hidden\" name=\"_wpcf7_unit_tag\" value=\"wpcf7-f13363-o1\" \/><input type=\"hidden\" name=\"_wpcf7_container_post\" value=\"0\" \/><input type=\"hidden\" name=\"_wpcf7_posted_data_hash\" value=\"\" \/>\n<\/fieldset>\n<div class=\"wpcf7-turnstile cf-turnstile\" data-sitekey=\"0x4AAAAAAB1hHNr0vK1IGra3\" data-response-field-name=\"_wpcf7_turnstile_response\"><\/div>\n\n<div class=\"form-row\">\n<div class=\"form-col\">\n<span class=\"checkbox-group-label\">Kontaktformul\u00e4r<\/span>\n<span class=\"wpcf7-form-control-wrap\" data-name=\"subject\"><span class=\"wpcf7-form-control wpcf7-radio\"><div class=\"form-check\"><input id=\"cf7_radio_1\" class=\"form-check-input\" type=\"radio\" name=\"subject\" value=\"Jag vill ha mer information\" \/><label class=\"form-check-label\" for=\"cf7_radio_1\"><span class=\"wpcf7-list-item-label\">Jag vill ha mer information<\/span><\/label><\/div><div class=\"form-check\"><input id=\"cf7_radio_2\" class=\"form-check-input\" type=\"radio\" name=\"subject\" value=\"Jag vill ha en offert\" \/><label class=\"form-check-label\" for=\"cf7_radio_2\"><span class=\"wpcf7-list-item-label\">Jag vill ha en offert<\/span><\/label><\/div><\/span><\/span>\n<\/div>\n<\/div>\n\n<div class=\"form-row\">\n<div class=\"form-col\">\n<label for=\"firstname\">F\u00f6rnamn *<\/label>\n<span class=\"wpcf7-form-control-wrap\" data-name=\"firstname\"><input size=\"40\" maxlength=\"400\" class=\"wpcf7-form-control wpcf7-text form-control form-control-gray  wpcf7-validates-as-required\" id=\"firstname\" aria-required=\"true\" aria-invalid=\"false\" placeholder=\"fornamn\" value=\"\" type=\"text\" name=\"firstname\" \/><\/span>\n<\/div>\n<div class=\"form-col\">\n<label for=\"lastname\">Efternamn *<\/label>\n<span class=\"wpcf7-form-control-wrap\" data-name=\"lastname\"><input size=\"40\" maxlength=\"400\" class=\"wpcf7-form-control wpcf7-text form-control form-control-gray  wpcf7-validates-as-required\" id=\"lastname\" aria-required=\"true\" aria-invalid=\"false\" placeholder=\"Efternamn\" value=\"\" type=\"text\" name=\"lastname\" \/><\/span>\n<\/div>\n<\/div>\n\n<div class=\"form-row\">\n<div class=\"form-col\">\n<label for=\"phone\">Telefon<\/label>\n<span class=\"wpcf7-form-control-wrap\" data-name=\"phone\"><input size=\"40\" maxlength=\"400\" class=\"wpcf7-form-control wpcf7-text form-control form-control-gray  wpcf7-validates-as-required\" id=\"phone\" aria-required=\"true\" aria-invalid=\"false\" placeholder=\"Telefon\" value=\"\" type=\"text\" name=\"phone\" \/><\/span>\n<\/div>\n<div class=\"form-col\">\n<label for=\"email\">E-post *<\/label>\n<span class=\"wpcf7-form-control-wrap\" data-name=\"email\"><input size=\"40\" maxlength=\"400\" class=\"wpcf7-form-control wpcf7-email wpcf7-validates-as-required wpcf7-text form-control form-control-gray  wpcf7-validates-as-email\" id=\"email\" aria-required=\"true\" aria-invalid=\"false\" placeholder=\"E-postadress\" value=\"\" type=\"email\" name=\"email\" \/><\/span>\n<\/div>\n<\/div>\n\n<div class=\"form-row\">\n<div class=\"form-col\">\n<label for=\"message\">Meddelande eller ytterligare information&#8230;<\/label>\n<span class=\"wpcf7-form-control-wrap\" data-name=\"message\"><textarea cols=\"40\" rows=\"10\" maxlength=\"2000\" class=\"wpcf7-form-control wpcf7-text form-control form-control-gray area wpcf7-validates-as-required\" id=\"message\" aria-required=\"true\" aria-invalid=\"false\" placeholder=\"Meddelande eller ytterligare information...\" name=\"message\"><\/textarea><\/span>\n<\/div>\n<\/div>\n\n<div class=\"form-row\">\n<div class=\"form-col\">\n<span class=\"wpcf7-form-control-wrap\" data-name=\"attachments\"><input size=\"40\" class=\"wpcf7-form-control wpcf7-drag-n-drop-file d-none\" aria-invalid=\"false\" type=\"file\" multiple=\"multiple\" data-name=\"attachments\" data-type=\"jpeg|jpg|png|pdf|xls|xlsx|webp|doc|txt|docx\" data-limit=\"20000000\" data-max=\"10\" data-id=\"13363\" data-version=\"free version 1.3.9.6\" accept=\".jpeg, .jpg, .png, .pdf, .xls, .xlsx, .webp, .doc, .txt, .docx\" \/><\/span>\n<\/div>\n<\/div>\n\n<div class=\"buttons\">\n<button type=\"submit\" class=\"btn\">Beg\u00e4r en offert<\/button>\n<\/div>\n\n<div class=\"form-row form-row-privacy\">\n<div class=\"form-col\">Genom att skicka ett meddelande till oss samtycker du till att dina personuppgifter behandlas i enlighet med <a href=\"https:\/\/sunsauna.fi\/rekisteriseloste\/\" target=\"_blank\">v\u00e5r integritetspolicy<\/a>.<\/div>\n<\/div><div class=\"wpcf7-response-output\" aria-hidden=\"true\"><\/div>\n<\/form>\n<\/div>\n                                    <\/div>\r\n            <\/div>\r\n        <\/div>\r\n    <\/div>\r\n<\/section>","protected":false},"excerpt":{"rendered":"","protected":false},"author":1,"featured_media":0,"parent":11561,"menu_order":0,"comment_status":"closed","ping_status":"closed","template":"","meta":{"_acf_changed":false,"_page_background_color":"","footnotes":""},"class_list":["post-11559","page","type-page","status-publish","hentry"],"acf":[],"featured_image_src":null,"_links":{"self":[{"href":"https:\/\/sunsauna.fi\/sv\/wp-json\/wp\/v2\/pages\/11559","targetHints":{"allow":["GET"]}}],"collection":[{"href":"https:\/\/sunsauna.fi\/sv\/wp-json\/wp\/v2\/pages"}],"about":[{"href":"https:\/\/sunsauna.fi\/sv\/wp-json\/wp\/v2\/types\/page"}],"author":[{"embeddable":true,"href":"https:\/\/sunsauna.fi\/sv\/wp-json\/wp\/v2\/users\/1"}],"replies":[{"embeddable":true,"href":"https:\/\/sunsauna.fi\/sv\/wp-json\/wp\/v2\/comments?post=11559"}],"version-history":[{"count":3,"href":"https:\/\/sunsauna.fi\/sv\/wp-json\/wp\/v2\/pages\/11559\/revisions"}],"predecessor-version":[{"id":13378,"href":"https:\/\/sunsauna.fi\/sv\/wp-json\/wp\/v2\/pages\/11559\/revisions\/13378"}],"up":[{"embeddable":true,"href":"https:\/\/sunsauna.fi\/sv\/wp-json\/wp\/v2\/pages\/11561"}],"wp:attachment":[{"href":"https:\/\/sunsauna.fi\/sv\/wp-json\/wp\/v2\/media?parent=11559"}],"curies":[{"name":"wp","href":"https:\/\/api.w.org\/{rel}","templated":true}]}}