{"id":12052,"date":"2025-08-05T16:34:04","date_gmt":"2025-08-05T16:34:04","guid":{"rendered":"https:\/\/sunsauna.fi\/sauna-renovation\/sauna-renovation-jarvenpaa\/"},"modified":"2025-08-27T09:02:19","modified_gmt":"2025-08-27T09:02:19","slug":"sauna-renovation-jarvenpaa","status":"publish","type":"page","link":"https:\/\/sunsauna.fi\/en\/sauna-renovation\/sauna-renovation-jarvenpaa\/","title":{"rendered":"Sauna renovation J\u00e4rvenp\u00e4\u00e4"},"content":{"rendered":"<section class=\"block block-hero\">\r\n            <div class=\"hero-media\">\r\n            <img decoding=\"async\" src=\"https:\/\/sunsauna.fi\/wp-content\/uploads\/2025\/08\/hero-1039x593.jpg\" alt=\"\" width=\"1496\" height=\"854\" srcset=\"https:\/\/sunsauna.fi\/wp-content\/uploads\/2025\/08\/hero-300x171.jpg 300w, https:\/\/sunsauna.fi\/wp-content\/uploads\/2025\/08\/hero-600x343.jpg 600w, https:\/\/sunsauna.fi\/wp-content\/uploads\/2025\/08\/hero-412x235.jpg 412w, https:\/\/sunsauna.fi\/wp-content\/uploads\/2025\/08\/hero-768x438.jpg 768w, https:\/\/sunsauna.fi\/wp-content\/uploads\/2025\/08\/hero-1024x585.jpg 1024w, https:\/\/sunsauna.fi\/wp-content\/uploads\/2025\/08\/hero-1039x593.jpg 1039w, https:\/\/sunsauna.fi\/wp-content\/uploads\/2025\/08\/hero-714x408.jpg 714w, https:\/\/sunsauna.fi\/wp-content\/uploads\/2025\/08\/hero-590x337.jpg 590w, https:\/\/sunsauna.fi\/wp-content\/uploads\/2025\/08\/hero.jpg 1496w\" data-no-lazy=\"1\" fetchpriority=\"high\">        <\/div>\r\n    \r\n    <div class=\"hero-content\">\r\n        <div class=\"container\">\r\n            <div class=\"content-container reveal\">\r\n                \n<div class=\"wp-block-wds-hero\">\n<h1 class=\"wp-block-heading\">Sauna renovation J\u00e4rvenp\u00e4\u00e4<\/h1>\n\n\n\n<p>Sauna renovations in J\u00e4rvenp\u00e4\u00e4 area with professionalism and competitive prices!<\/p>\n\n\n\n<div class=\"wp-block-buttons is-layout-flex wp-block-buttons-is-layout-flex\">\n<div class=\"wp-block-button\"><a class=\"wp-block-button__link wp-element-button\" href=\"#yhteydenotto\">Contact us<\/a><\/div>\n<\/div>\n<\/div>\n            <\/div>\r\n        <\/div>\r\n    <\/div>\r\n<\/section><section class=\"block block-basic\">\r\n    <div class=\"container\">\r\n        <div class=\"content-container reveal\">\r\n            \n<div class=\"wp-block-wds-basic\">\n<h2 class=\"wp-block-heading\">Have you been looking for a sauna renovator in J\u00e4rvenp\u00e4\u00e4? How much does it cost to renovate a sauna? <\/h2>\n\n\n\n<p><strong>From the heart, renovating your sauna is easy!<\/strong><\/p>\n\n\n\n<p>Sun Sauna is a sauna professional with over 25 years of experience. We carry out sauna renovations either by supplying a package of materials to be installed by the customer or his carpenter, or by carrying out the entire renovation on a turnkey basis.  We have a stock of selected, high-quality sauna building materials that can be delivered to the site with a short delivery time. The sauna package will be delivered from our factory in Jyv\u00e4skyl\u00e4, for example to a sauna renovation in J\u00e4rvenp\u00e4\u00e4, within a couple of days. <\/p>\n\n\n\n<p>The sauna renovation is carried out by our local installer in the J\u00e4rvenp\u00e4\u00e4 area, so the end result is guaranteed Sun Sauna quality and affordable price.<\/p>\n\n\n\n<p>We design each sauna together with the customer according to their needs and wishes and the space available. High-quality materials combined with professional design and careful execution guarantee a high-quality end result that will be enjoyed for years to come. <\/p>\n\n\n\n<h3 class=\"wp-block-heading\">Our sauna exhibition in Varisto (Kalustetie 1) in Vantaa features six model saunas with different panel and tile materials and tile designs.<\/h3>\n\n\n\n<p><strong>Welcome to see what the sauna materials look like and agree on the content of your sauna renovation with the help of our sauna experts!<\/strong><\/p>\n\n\n\n<p>Budgeting for a sauna renovation is easy with our design tool, just select the desired sauna collection and enter the sauna dimensions and the location of the stove and door. The program will give you options for a suitable sauna design for your space. By sending your design to us, you will receive a quote for your sauna by email.  <\/p>\n\n\n\n<p>Our renovation website also has good advice on how to do it yourself.<br\/>You&#8217;ll be surprised how easy it is to renovate your sauna, whether you do it yourself or have it done by a professional.<\/p>\n\n\n\n<p><strong>Welcome to visit our products!<\/strong><\/p>\n\n\n\n<div class=\"wp-block-buttons is-layout-flex wp-block-buttons-is-layout-flex\">\n<div class=\"wp-block-button\"><a class=\"wp-block-button__link wp-element-button\" href=\"https:\/\/sunsauna.fi\/en\/sauna-renovation\/\">Read more about sauna renovation<\/a><\/div>\n<\/div>\n<\/div>\n        <\/div>\r\n    <\/div>\r\n<\/section>\n<p><\/p>\n","protected":false},"excerpt":{"rendered":"","protected":false},"author":2,"featured_media":11647,"parent":11614,"menu_order":0,"comment_status":"closed","ping_status":"closed","template":"","meta":{"_acf_changed":false,"_page_background_color":"","footnotes":""},"class_list":["post-12052","page","type-page","status-publish","has-post-thumbnail","hentry"],"acf":[],"featured_image_src":"https:\/\/sunsauna.fi\/wp-content\/uploads\/2025\/08\/hero.jpg","_links":{"self":[{"href":"https:\/\/sunsauna.fi\/en\/wp-json\/wp\/v2\/pages\/12052","targetHints":{"allow":["GET"]}}],"collection":[{"href":"https:\/\/sunsauna.fi\/en\/wp-json\/wp\/v2\/pages"}],"about":[{"href":"https:\/\/sunsauna.fi\/en\/wp-json\/wp\/v2\/types\/page"}],"author":[{"embeddable":true,"href":"https:\/\/sunsauna.fi\/en\/wp-json\/wp\/v2\/users\/2"}],"replies":[{"embeddable":true,"href":"https:\/\/sunsauna.fi\/en\/wp-json\/wp\/v2\/comments?post=12052"}],"version-history":[{"count":1,"href":"https:\/\/sunsauna.fi\/en\/wp-json\/wp\/v2\/pages\/12052\/revisions"}],"predecessor-version":[{"id":12054,"href":"https:\/\/sunsauna.fi\/en\/wp-json\/wp\/v2\/pages\/12052\/revisions\/12054"}],"up":[{"embeddable":true,"href":"https:\/\/sunsauna.fi\/en\/wp-json\/wp\/v2\/pages\/11614"}],"wp:featuredmedia":[{"embeddable":true,"href":"https:\/\/sunsauna.fi\/en\/wp-json\/wp\/v2\/media\/11647"}],"wp:attachment":[{"href":"https:\/\/sunsauna.fi\/en\/wp-json\/wp\/v2\/media?parent=12052"}],"curies":[{"name":"wp","href":"https:\/\/api.w.org\/{rel}","templated":true}]}}