{"id":11616,"date":"2025-08-04T08:18:58","date_gmt":"2025-08-04T08:18:58","guid":{"rendered":"https:\/\/sunsauna.fi\/contact\/"},"modified":"2025-08-27T11:10:12","modified_gmt":"2025-08-27T11:10:12","slug":"contact","status":"publish","type":"page","link":"https:\/\/sunsauna.fi\/en\/contact\/","title":{"rendered":"Contact"},"content":{"rendered":"<section class=\"block block-herosub\">\r\n            <div class=\"hero-media\">\r\n            <img decoding=\"async\" src=\"https:\/\/sunsauna.fi\/wp-content\/uploads\/2018\/03\/Raikas_Kylpyhuone_lasiseina-1-790x593.jpg\" alt=\"\" width=\"1024\" height=\"769\" srcset=\"https:\/\/sunsauna.fi\/wp-content\/uploads\/2018\/03\/Raikas_Kylpyhuone_lasiseina-1-300x225.jpg 300w, https:\/\/sunsauna.fi\/wp-content\/uploads\/2018\/03\/Raikas_Kylpyhuone_lasiseina-1-600x451.jpg 600w, https:\/\/sunsauna.fi\/wp-content\/uploads\/2018\/03\/Raikas_Kylpyhuone_lasiseina-1-412x309.jpg 412w, https:\/\/sunsauna.fi\/wp-content\/uploads\/2018\/03\/Raikas_Kylpyhuone_lasiseina-1-768x577.jpg 768w, https:\/\/sunsauna.fi\/wp-content\/uploads\/2018\/03\/Raikas_Kylpyhuone_lasiseina-1-790x593.jpg 790w, https:\/\/sunsauna.fi\/wp-content\/uploads\/2018\/03\/Raikas_Kylpyhuone_lasiseina-1-707x531.jpg 707w, https:\/\/sunsauna.fi\/wp-content\/uploads\/2018\/03\/Raikas_Kylpyhuone_lasiseina-1-590x443.jpg 590w, https:\/\/sunsauna.fi\/wp-content\/uploads\/2018\/03\/Raikas_Kylpyhuone_lasiseina-1.jpg 1024w\" data-no-lazy=\"1\" fetchpriority=\"high\">        <\/div>\r\n    \r\n    <div class=\"hero-content\">\r\n        <div class=\"container\">\r\n            <div class=\"content-container\">\r\n                \n<div class=\"wp-block-wds-herosub\">\n<h1 class=\"wp-block-heading has-text-align-center\">Contact us<\/h1>\n<\/div>\n            <\/div>\r\n            <div class=\"breadcrumbs-container\"><ol itemscope itemtype=\"https:\/\/schema.org\/BreadcrumbList\"><li itemprop=\"itemListElement\" itemscope itemtype=\"https:\/\/schema.org\/ListItem\"><a itemprop=\"item\" href=\"https:\/\/sunsauna.fi\/en\/\"><span itemprop=\"name\">Sun Sauna<\/span><\/a><meta itemprop=\"position\" content=\"0\" \/><\/li><\/ol><\/div>        <\/div>\r\n        <span class=\"scroll-down\"><\/span>\r\n    <\/div>\r\n<\/section>\n\n\n<div class=\"wp-block-buttons is-content-justification-center is-layout-flex wp-container-core-buttons-is-layout-16018d1d wp-block-buttons-is-layout-flex\">\n<div class=\"wp-block-button is-style-secondary\"><a class=\"wp-block-button__link wp-element-button\" href=\"#myymalat\">Shops<\/a><\/div>\n\n\n\n<div class=\"wp-block-button is-style-primary\"><a class=\"wp-block-button__link wp-element-button\" href=\"#yhteydenotto\">Contact us or request a quote<\/a><\/div>\n<\/div>\n\n\n<section class=\"block block-contact-details image-left\">\r\n    <div class=\"container\">\r\n        <div class=\"text-image-container\">\r\n            <div class=\"text-content reveal\">\r\n                \n<div id=\"myymalat\" class=\"wp-block-wds-contact-details\">\n<h2 class=\"wp-block-heading\">Sun Sauna Oy, Jyv\u00e4skyl\u00e4<\/h2>\n\n\n\n<p>  Kuormaajantie 40, 40320 Jyv\u00e4skyl\u00e4, Finland<\/p>\n\n\n\n<p><a href=\"tel:0403470220\">040 3470 220<\/a><\/p>\n\n\n\n<p><a href=\"mailto:info@sunsauna.fi\">info@sunsauna.fi<\/a><\/p>\n\n\n\n<p>  Open weekdays 9-16 or by appointment. Pick-up of goods on weekdays from 7 am to 3 pm or by agreement.<\/p>\n\n\n\n<p><strong>Calls for tenders<\/strong><br><a href=\"mailto:info@sunsauna.fi\">info@sunsauna.fi<\/a><\/p>\n\n\n\n<p>The shop has 7 model saunas on display. To book an appointment, call <a href=\"tel:0403470227\">040 3470 220<\/a> or visit <a href=\"mailto:info@sunsauna.fi\">info@sunsauna.fi<\/a><\/p>\n<\/div>\n            <\/div>\r\n            <div class=\"image-content reveal\">\r\n                                                    <div class=\"map-container\">\r\n                        <div class=\"map google-map\" id=\"map-69e72c80b58fe\"><\/div>\r\n                        <script type=\"text\/javascript\">\r\n                            window.mapData = window.mapData || {};\r\n                            window.mapData['map-69e72c80b58fe'] = {\"map_id\":\"map-69e72c80b58fe\",\"markers\":[{\"address\":\"Kuormaajantie 40, 40320 Jyv\\u00e4skyl\\u00e4\",\"label\":\"Sun Sauna Oy, Jyv\\u00e4skyl\\u00e4\"}]};\r\n                        <\/script>\r\n                    <\/div>\r\n                            <\/div>\r\n        <\/div>\r\n    <\/div>\r\n<\/section>\n\n<section class=\"block block-contact-persons\">\r\n    <div class=\"container\">\r\n        \n<div class=\"wp-block-wds-contact-persons\">\n<h2 class=\"wp-block-heading has-text-align-center\">In the Jyv\u00e4skyl\u00e4 store you will be served by sauna experts:<br><\/h2>\n\n\n\n<div class=\"wp-block-group contact-persons-grid is-horizontal is-content-justification-flex-start is-layout-flex wp-container-core-group-is-layout-f36ef575 wp-block-group-is-layout-flex\"><div class=\"block block-contact-person contact-person-card\">\r\n    \r\n    <div class=\"contact-person-content\">\r\n                    <h3 class=\"contact-person-name\">Marko Harju<\/h3>\r\n        \r\n                    <div class=\"contact-person-position\">\r\n                Myynti                            <\/div>\r\n        \r\n                    <div class=\"contact-person-phone\">\r\n                <a href=\"tel:0403470231\">040 3470 231<\/a>\r\n            <\/div>\r\n        \r\n                    <div class=\"contact-person-email\">\r\n                <a href=\"mailto:marko.harju@sunsauna.fi\">marko.harju@sunsauna.fi<\/a>\r\n            <\/div>\r\n        \r\n    <\/div>\r\n<\/div>\n\n<div class=\"block block-contact-person contact-person-card\">\r\n    \r\n    <div class=\"contact-person-content\">\r\n                    <h3 class=\"contact-person-name\"><strong>Tommi Ikonen<\/strong><\/h3>\r\n        \r\n                    <div class=\"contact-person-position\">\r\n                Myynti (yhteis\u00f6saunat \/projektimyynti)                            <\/div>\r\n        \r\n                    <div class=\"contact-person-phone\">\r\n                <a href=\"tel:0403470237\">040 3470 237<\/a>\r\n            <\/div>\r\n        \r\n                    <div class=\"contact-person-email\">\r\n                <a href=\"mailto:tommi.ikonen@sunsauna.fi\">tommi.ikonen@sunsauna.fi<\/a>\r\n            <\/div>\r\n        \r\n    <\/div>\r\n<\/div>\n\n<div class=\"block block-contact-person contact-person-card\">\r\n    \r\n    <div class=\"contact-person-content\">\r\n                    <h3 class=\"contact-person-name\"><strong>Jarkko Salmi<\/strong><\/h3>\r\n        \r\n                    <div class=\"contact-person-position\">\r\n                Myynti, talotehtaat                            <\/div>\r\n        \r\n                    <div class=\"contact-person-phone\">\r\n                <a href=\"tel:0403470245\">040 3470245<\/a>\r\n            <\/div>\r\n        \r\n                    <div class=\"contact-person-email\">\r\n                <a href=\"mailto:jarkko.salmi@sunsauna.fi\">jarkko.salmi@sunsauna.fi<\/a>\r\n            <\/div>\r\n        \r\n    <\/div>\r\n<\/div>\n\n<div class=\"block block-contact-person contact-person-card\">\r\n    \r\n    <div class=\"contact-person-content\">\r\n                    <h3 class=\"contact-person-name\"><strong>Konsta Kuparinen<\/strong><\/h3>\r\n        \r\n                    <div class=\"contact-person-position\">\r\n                Myynti                                    <div class=\"contact-person-languages\">\r\n                                                                                    <img loading=\"lazy\" decoding=\"async\" src=\"https:\/\/sunsauna.fi\/wp-content\/uploads\/2025\/08\/uk.svg\" alt=\"\" width=\"60\" height=\"30\" class=\"flag-icon\">                                                                                                                <img loading=\"lazy\" decoding=\"async\" src=\"https:\/\/sunsauna.fi\/wp-content\/uploads\/2025\/08\/ru.svg\" alt=\"\" width=\"9\" height=\"6\" class=\"flag-icon\">                                                                        <\/div>\r\n                            <\/div>\r\n        \r\n                    <div class=\"contact-person-phone\">\r\n                <a href=\"tel:0403470227\">040 3470 227<\/a>\r\n            <\/div>\r\n        \r\n                    <div class=\"contact-person-email\">\r\n                <a href=\"mailto:konsta.kuparinen@sunsauna.fi\">konsta.kuparinen@sunsauna.fi<\/a>\r\n            <\/div>\r\n        \r\n    <\/div>\r\n<\/div><\/div>\n<\/div>\n    <\/div>\r\n<\/section>\n\n<section class=\"block block-contact-details image-left\">\r\n    <div class=\"container\">\r\n        <div class=\"text-image-container\">\r\n            <div class=\"text-content reveal\">\r\n                \n<div class=\"wp-block-wds-contact-details\">\n<h2 class=\"wp-block-heading\">Sun Sauna Oy, Vantaa, Pakkala<\/h2>\n\n\n\n<p>Muuntotie 3, 01510 VANTAA (in connection with Kannus-Talon)<\/p>\n\n\n\n<p><a href=\"tel:0403470230\">0403 470 230<\/a><\/p>\n\n\n\n<p><a href=\"mailto:info@sunsauna.fi\">info@sunsauna.fi<\/a><\/p>\n\n\n\n<p>  Opening hours: mon-fri 10 &#8211; 16. Other times by appointment.<\/p>\n\n\n\n<p>The sauna shop will feature four models of the Home Spa. To book an appointment, call <a href=\"tel:+358403470230\">040 3470 230<\/a> or email <a href=\"mailto:info@sunsauna.fi\">info@sunsauna.fi<\/a><\/p>\n<\/div>\n            <\/div>\r\n            <div class=\"image-content reveal\">\r\n                                                    <div class=\"map-container\">\r\n                        <div class=\"map google-map\" id=\"map-69e72c80b69d0\"><\/div>\r\n                        <script type=\"text\/javascript\">\r\n                            window.mapData = window.mapData || {};\r\n                            window.mapData['map-69e72c80b69d0'] = {\"map_id\":\"map-69e72c80b69d0\",\"markers\":[{\"address\":\"Muuntotie 3, 01510 VANTAA\",\"label\":\"Sun Sauna Oy, Vantaa, Pakkala\"}]};\r\n                        <\/script>\r\n                    <\/div>\r\n                            <\/div>\r\n        <\/div>\r\n    <\/div>\r\n<\/section>\n\n<section class=\"block block-contact-persons\">\r\n    <div class=\"container\">\r\n        \n<div class=\"wp-block-wds-contact-persons\">\n<h2 class=\"wp-block-heading has-text-align-center\">In the Vantaa store you will be served by sauna experts:<br><\/h2>\n\n\n\n<div class=\"wp-block-group contact-persons-grid is-horizontal is-content-justification-flex-start is-layout-flex wp-container-core-group-is-layout-f36ef575 wp-block-group-is-layout-flex\"><div class=\"block block-contact-person contact-person-card\">\r\n    \r\n    <div class=\"contact-person-content\">\r\n                    <h3 class=\"contact-person-name\"><strong>Johanna Niinikosk<\/strong>i<\/h3>\r\n        \r\n                    <div class=\"contact-person-position\">\r\n                <em>Myynti \/ talotehtaat<\/em>                            <\/div>\r\n        \r\n                    <div class=\"contact-person-phone\">\r\n                <a href=\"tel:0403470233\"> 040 3470 233<\/a>\r\n            <\/div>\r\n        \r\n                    <div class=\"contact-person-email\">\r\n                <a href=\"mailto:johanna.niinikoski@sunsauna.fi\">johanna.niinikoski@sunsauna.fi<\/a>\r\n            <\/div>\r\n        \r\n    <\/div>\r\n<\/div>\n\n<div class=\"block block-contact-person contact-person-card\">\r\n    \r\n    <div class=\"contact-person-content\">\r\n                    <h3 class=\"contact-person-name\"><strong>Kristiina Sir\u00e9n<\/strong><\/h3>\r\n        \r\n                    <div class=\"contact-person-position\">\r\n                Myynti                            <\/div>\r\n        \r\n                    <div class=\"contact-person-phone\">\r\n                <a href=\"tel:0403470228\">040 3470 228<\/a>\r\n            <\/div>\r\n        \r\n                    <div class=\"contact-person-email\">\r\n                <a href=\"mailto:kristiina.siren@sunsauna.fi\">kristiina.siren@sunsauna.fi<\/a>\r\n            <\/div>\r\n        \r\n    <\/div>\r\n<\/div>\n\n<div class=\"block block-contact-person contact-person-card\">\r\n    \r\n    <div class=\"contact-person-content\">\r\n                    <h3 class=\"contact-person-name\"><strong>Kalle Saarinen<\/strong><\/h3>\r\n        \r\n                    <div class=\"contact-person-position\">\r\n                Myynti \/ vienti                            <\/div>\r\n        \r\n                    <div class=\"contact-person-phone\">\r\n                <a href=\"tel:0403470238\">040 3470 238<\/a>\r\n            <\/div>\r\n        \r\n                    <div class=\"contact-person-email\">\r\n                <a href=\"mailto:kalle.saarinen@sunsauna.fi\">kalle.saarinen@sunsauna.fi<\/a>\r\n            <\/div>\r\n        \r\n    <\/div>\r\n<\/div><\/div>\n<\/div>\n    <\/div>\r\n<\/section>\n\n<section class=\"block block-ingress\">\r\n    <div class=\"container\">\r\n        <div class=\"content-container reveal\">\r\n            \n<div class=\"wp-block-wds-ingress\">\n<h2 class=\"wp-block-heading\">Sauna abroad<\/h2>\n\n\n\n<p>We also deliver saunas abroad. We pack the saunas for export and arrange forwarding if necessary. Ask for a quote for your own Home Spa and exporting it abroad.<\/p>\n\n\n\n<div class=\"wp-block-buttons is-content-justification-center is-layout-flex wp-container-core-buttons-is-layout-16018d1d wp-block-buttons-is-layout-flex\">\n<div class=\"wp-block-button\"><a class=\"wp-block-button__link wp-element-button\" href=\"\">Request a quote<\/a><\/div>\n<\/div>\n<\/div>\n        <\/div>\r\n    <\/div>\r\n<\/section>\n\n<section class=\"block block-contact-persons\">\r\n    <div class=\"container\">\r\n        \n<div class=\"wp-block-wds-contact-persons\">\n<h2 class=\"wp-block-heading has-text-align-center\">Administration and Production, Jyv\u00e4skyl\u00e4<\/h2>\n\n\n\n<p class=\"has-text-align-center\"><strong>Billing: <\/strong><a href=\"mailto:laskutus@sunsauna.fi\">laskutus@sunsauna.fi<\/a><\/p>\n\n\n\n<div class=\"wp-block-group contact-persons-grid is-horizontal is-content-justification-flex-start is-layout-flex wp-container-core-group-is-layout-f36ef575 wp-block-group-is-layout-flex\"><div class=\"block block-contact-person contact-person-card\">\r\n    \r\n    <div class=\"contact-person-content\">\r\n                    <h3 class=\"contact-person-name\">Harri Huusko<\/h3>\r\n        \r\n                    <div class=\"contact-person-position\">\r\n                Toimitusjohtaja                            <\/div>\r\n        \r\n                    <div class=\"contact-person-phone\">\r\n                <a href=\"tel:0403470221\">040 3470 221<\/a>\r\n            <\/div>\r\n        \r\n                    <div class=\"contact-person-email\">\r\n                <a href=\"mailto:harri.huusko@sunsauna.fi\">harri.huusko@sunsauna.fi<\/a>\r\n            <\/div>\r\n        \r\n    <\/div>\r\n<\/div>\n\n<div class=\"block block-contact-person contact-person-card\">\r\n    \r\n    <div class=\"contact-person-content\">\r\n                    <h3 class=\"contact-person-name\">Juha-Pekka Huusko<\/h3>\r\n        \r\n                    <div class=\"contact-person-position\">\r\n                Markkinointi ja yritysmyynti                            <\/div>\r\n        \r\n                    <div class=\"contact-person-phone\">\r\n                <a href=\"tel:0403470225\">040 3470 225<\/a>\r\n            <\/div>\r\n        \r\n                    <div class=\"contact-person-email\">\r\n                <a href=\"mailto:jp.huusko@sunsauna.fi\">jp.huusko@sunsauna.fi<\/a>\r\n            <\/div>\r\n        \r\n    <\/div>\r\n<\/div>\n\n<div class=\"block block-contact-person contact-person-card\">\r\n    \r\n    <div class=\"contact-person-content\">\r\n                    <h3 class=\"contact-person-name\">Sanna Mielonen<\/h3>\r\n        \r\n                    <div class=\"contact-person-position\">\r\n                Taloushallinto, laskutus                            <\/div>\r\n        \r\n                    <div class=\"contact-person-phone\">\r\n                <a href=\"tel:0403470243\">040 3470 243<\/a>\r\n            <\/div>\r\n        \r\n                    <div class=\"contact-person-email\">\r\n                <a href=\"mailto:sanna.mielonen@sunsauna.fi\">sanna.mielonen@sunsauna.fi<\/a>\r\n            <\/div>\r\n        \r\n    <\/div>\r\n<\/div>\n\n<div class=\"block block-contact-person contact-person-card\">\r\n    \r\n    <div class=\"contact-person-content\">\r\n                    <h3 class=\"contact-person-name\">Tommi Ikonen<\/h3>\r\n        \r\n                    <div class=\"contact-person-position\">\r\n                Yhteis\u00f6saunat, projektimyynti                            <\/div>\r\n        \r\n                    <div class=\"contact-person-phone\">\r\n                <a href=\"tel:0403470237\">040 3470 237<\/a>\r\n            <\/div>\r\n        \r\n                    <div class=\"contact-person-email\">\r\n                <a href=\"mailto:tommi.ikonen@sunsauna.fi\">tommi.ikonen@sunsauna.fi<\/a>\r\n            <\/div>\r\n        \r\n    <\/div>\r\n<\/div><\/div>\n\n\n\n<div style=\"height:48px\" aria-hidden=\"true\" class=\"wp-block-spacer\"><\/div>\n\n\n\n<div class=\"wp-block-group contact-persons-grid is-horizontal is-content-justification-flex-start is-layout-flex wp-container-core-group-is-layout-f36ef575 wp-block-group-is-layout-flex\"><div class=\"block block-contact-person contact-person-card\">\r\n    \r\n    <div class=\"contact-person-content\">\r\n                    <h3 class=\"contact-person-name\"><strong>Jarkko Salmi<\/strong><\/h3>\r\n        \r\n                    <div class=\"contact-person-position\">\r\n                Materiaalip\u00e4\u00e4llikk\u00f6, talotehtaat                            <\/div>\r\n        \r\n                    <div class=\"contact-person-phone\">\r\n                <a href=\"tel:0403470245\"> 040 3470 245<\/a>\r\n            <\/div>\r\n        \r\n                    <div class=\"contact-person-email\">\r\n                <a href=\"mailto:jarkko.salmi@sunsauna.fi\">jarkko.salmi@sunsauna.fi<\/a>\r\n            <\/div>\r\n        \r\n    <\/div>\r\n<\/div><\/div>\n<\/div>\n    <\/div>\r\n<\/section>","protected":false},"excerpt":{"rendered":"","protected":false},"author":1,"featured_media":11617,"parent":0,"menu_order":0,"comment_status":"closed","ping_status":"closed","template":"","meta":{"_acf_changed":false,"_page_background_color":"","footnotes":""},"class_list":["post-11616","page","type-page","status-publish","has-post-thumbnail","hentry"],"acf":[],"featured_image_src":"https:\/\/sunsauna.fi\/wp-content\/uploads\/2018\/03\/Raikas_Kylpyhuone_lasiseina.jpg","_links":{"self":[{"href":"https:\/\/sunsauna.fi\/en\/wp-json\/wp\/v2\/pages\/11616","targetHints":{"allow":["GET"]}}],"collection":[{"href":"https:\/\/sunsauna.fi\/en\/wp-json\/wp\/v2\/pages"}],"about":[{"href":"https:\/\/sunsauna.fi\/en\/wp-json\/wp\/v2\/types\/page"}],"author":[{"embeddable":true,"href":"https:\/\/sunsauna.fi\/en\/wp-json\/wp\/v2\/users\/1"}],"replies":[{"embeddable":true,"href":"https:\/\/sunsauna.fi\/en\/wp-json\/wp\/v2\/comments?post=11616"}],"version-history":[{"count":2,"href":"https:\/\/sunsauna.fi\/en\/wp-json\/wp\/v2\/pages\/11616\/revisions"}],"predecessor-version":[{"id":13342,"href":"https:\/\/sunsauna.fi\/en\/wp-json\/wp\/v2\/pages\/11616\/revisions\/13342"}],"wp:featuredmedia":[{"embeddable":true,"href":"https:\/\/sunsauna.fi\/en\/wp-json\/wp\/v2\/media\/11617"}],"wp:attachment":[{"href":"https:\/\/sunsauna.fi\/en\/wp-json\/wp\/v2\/media?parent=11616"}],"curies":[{"name":"wp","href":"https:\/\/api.w.org\/{rel}","templated":true}]}}